{"id":9657,"date":"2025-01-17T10:13:33","date_gmt":"2025-01-17T09:13:33","guid":{"rendered":"https:\/\/visitradgona.si\/?page_id=9657"},"modified":"2025-03-02T15:23:28","modified_gmt":"2025-03-02T14:23:28","slug":"studio-za-nego-telesa-in-duha-aura-rosa","status":"publish","type":"page","link":"https:\/\/visitradgona.si\/en\/local-offer\/studio-za-nego-telesa-in-duha-aura-rosa\/","title":{"rendered":"Studio za nego telesa in duha AURA ROSA"},"content":{"rendered":"<style>.kb-row-layout-id9655_725a7d-03 > .kt-row-column-wrap{align-content:start;}:where(.kb-row-layout-id9655_725a7d-03 > .kt-row-column-wrap) > .wp-block-kadence-column{justify-content:start;}.kb-row-layout-id9655_725a7d-03 > .kt-row-column-wrap{column-gap:var(--global-kb-gap-md, 2rem);row-gap:var(--global-kb-gap-md, 2rem);max-width:var( --global-content-width, 1290px );padding-left:var(--global-content-edge-padding);padding-right:var(--global-content-edge-padding);padding-right:20px;padding-bottom:120px;padding-left:20px;min-height:50vh;grid-template-columns:minmax(0, calc(52% - ((var(--global-kb-gap-md, 2rem) * 1 )\/2)))minmax(0, calc(48% - ((var(--global-kb-gap-md, 2rem) * 1 )\/2)));}.kb-row-layout-id9655_725a7d-03{background-image:url('https:\/\/visitradgona.si\/wp-content\/uploads\/2025\/01\/1737051953_b5MV6dRnbigBcKnW.jpg');background-size:cover;background-position:60% 45%;background-attachment:scroll;background-repeat:no-repeat;}.kb-row-layout-id9655_725a7d-03 > .kt-row-layout-overlay{opacity:0.30;}@media all and (max-width: 1024px){.kb-row-layout-id9655_725a7d-03 > .kt-row-column-wrap{padding-top:60px;padding-right:90px;padding-bottom:60px;padding-left:90px;grid-template-columns:minmax(0, 1fr);}}@media all and (max-width: 767px){.kb-row-layout-id9655_725a7d-03 > .kt-row-column-wrap{padding-top:60px;padding-right:20px;padding-bottom:40px;padding-left:20px;grid-template-columns:minmax(0, 1fr);}}<\/style><div class=\"kb-row-layout-wrap kb-row-layout-id9655_725a7d-03 alignnone kt-row-has-bg wp-block-kadence-rowlayout\"><div class=\"kt-row-column-wrap kt-has-2-columns kt-row-layout-left-golden kt-tab-layout-row kt-mobile-layout-row kt-row-valign-top kb-theme-content-width\">\n<style>.kadence-column9655_dbf6d1-98 > .kt-inside-inner-col{padding-right:0px;padding-left:0px;}.kadence-column9655_dbf6d1-98 > .kt-inside-inner-col,.kadence-column9655_dbf6d1-98 > .kt-inside-inner-col:before{border-top-left-radius:0px;border-top-right-radius:0px;border-bottom-right-radius:0px;border-bottom-left-radius:0px;}.kadence-column9655_dbf6d1-98 > .kt-inside-inner-col{column-gap:var(--global-kb-gap-sm, 1rem);}.kadence-column9655_dbf6d1-98 > .kt-inside-inner-col{flex-direction:column;}.kadence-column9655_dbf6d1-98 > .kt-inside-inner-col > .aligncenter{width:100%;}.kadence-column9655_dbf6d1-98 > .kt-inside-inner-col:before{opacity:0.3;}.kadence-column9655_dbf6d1-98{position:relative;}.kadence-column9655_dbf6d1-98, .kt-inside-inner-col > .kadence-column9655_dbf6d1-98:not(.specificity){margin-right:90px;margin-left:10px;}@media all and (max-width: 1024px){.kadence-column9655_dbf6d1-98 > .kt-inside-inner-col{padding-top:0px;padding-right:60px;padding-bottom:0px;padding-left:60px;flex-direction:column;justify-content:center;}}@media all and (max-width: 1024px){.kadence-column9655_dbf6d1-98, .kt-inside-inner-col > .kadence-column9655_dbf6d1-98:not(.specificity){margin-top:0px;margin-right:0px;margin-bottom:0px;margin-left:0px;}}@media all and (max-width: 767px){.kadence-column9655_dbf6d1-98 > .kt-inside-inner-col{padding-right:0px;padding-left:0px;flex-direction:column;justify-content:center;}.kadence-column9655_dbf6d1-98, .kt-inside-inner-col > .kadence-column9655_dbf6d1-98:not(.specificity){margin-right:0px;margin-left:0px;}}<\/style>\n<div class=\"wp-block-kadence-column kadence-column9655_dbf6d1-98 inner-column-1\"><div class=\"kt-inside-inner-col\"><\/div><\/div>\n\n\n<style>.kadence-column9655_d8dcb6-9d > .kt-inside-inner-col,.kadence-column9655_d8dcb6-9d > .kt-inside-inner-col:before{border-top-left-radius:0px;border-top-right-radius:0px;border-bottom-right-radius:0px;border-bottom-left-radius:0px;}.kadence-column9655_d8dcb6-9d > .kt-inside-inner-col{column-gap:var(--global-kb-gap-sm, 1rem);}.kadence-column9655_d8dcb6-9d > .kt-inside-inner-col{flex-direction:column;}.kadence-column9655_d8dcb6-9d > .kt-inside-inner-col > .aligncenter{width:100%;}.kadence-column9655_d8dcb6-9d > .kt-inside-inner-col:before{opacity:0.3;}.kadence-column9655_d8dcb6-9d{position:relative;}@media all and (max-width: 1024px){.kadence-column9655_d8dcb6-9d > .kt-inside-inner-col{flex-direction:column;justify-content:center;}}@media all and (max-width: 767px){.kadence-column9655_d8dcb6-9d > .kt-inside-inner-col{flex-direction:column;justify-content:center;}}<\/style>\n<div class=\"wp-block-kadence-column kadence-column9655_d8dcb6-9d kvs-md-false kvs-sm-false inner-column-2\"><div class=\"kt-inside-inner-col\"><\/div><\/div>\n\n<\/div><\/div><style>.kb-row-layout-id9655_5f52c7-98 > .kt-row-column-wrap{align-content:start;}:where(.kb-row-layout-id9655_5f52c7-98 > .kt-row-column-wrap) > .wp-block-kadence-column{justify-content:start;}.kb-row-layout-id9655_5f52c7-98 > .kt-row-column-wrap{column-gap:var(--global-kb-gap-md, 2rem);row-gap:var(--global-kb-gap-md, 2rem);max-width:var( --global-content-width, 1290px );padding-left:var(--global-content-edge-padding);padding-right:var(--global-content-edge-padding);padding-top:60px;padding-right:20px;padding-bottom:80px;padding-left:20px;grid-template-columns:minmax(0, 1fr);}.kb-row-layout-id9655_5f52c7-98 > .kt-row-layout-overlay{opacity:0.30;}@media all and (max-width: 1024px){.kb-row-layout-id9655_5f52c7-98 > .kt-row-column-wrap{grid-template-columns:minmax(0, 1fr);}}@media all and (max-width: 767px){.kb-row-layout-id9655_5f52c7-98 > .kt-row-column-wrap{grid-template-columns:minmax(0, 1fr);}}<\/style><div class=\"kb-row-layout-wrap kb-row-layout-id9655_5f52c7-98 alignfull wp-block-kadence-rowlayout\"><div class=\"kt-row-column-wrap kt-has-1-columns kt-row-layout-equal kt-tab-layout-inherit kt-mobile-layout-row kt-row-valign-top kb-theme-content-width\">\n<style>.kadence-column9655_881d29-df > .kt-inside-inner-col,.kadence-column9655_881d29-df > .kt-inside-inner-col:before{border-top-left-radius:0px;border-top-right-radius:0px;border-bottom-right-radius:0px;border-bottom-left-radius:0px;}.kadence-column9655_881d29-df > .kt-inside-inner-col{column-gap:var(--global-kb-gap-sm, 1rem);}.kadence-column9655_881d29-df > .kt-inside-inner-col{flex-direction:column;}.kadence-column9655_881d29-df > .kt-inside-inner-col > .aligncenter{width:100%;}.kadence-column9655_881d29-df > .kt-inside-inner-col:before{opacity:0.3;}.kadence-column9655_881d29-df{position:relative;}@media all and (max-width: 1024px){.kadence-column9655_881d29-df > .kt-inside-inner-col{flex-direction:column;justify-content:center;}}@media all and (max-width: 767px){.kadence-column9655_881d29-df > .kt-inside-inner-col{flex-direction:column;justify-content:center;}}<\/style>\n<div class=\"wp-block-kadence-column kadence-column9655_881d29-df\"><div class=\"kt-inside-inner-col\"><style>.wp-block-kadence-advancedheading.kt-adv-heading9655_db223e-d7, .wp-block-kadence-advancedheading.kt-adv-heading9655_db223e-d7[data-kb-block=\"kb-adv-heading9655_db223e-d7\"]{font-style:normal;}.wp-block-kadence-advancedheading.kt-adv-heading9655_db223e-d7 mark.kt-highlight, .wp-block-kadence-advancedheading.kt-adv-heading9655_db223e-d7[data-kb-block=\"kb-adv-heading9655_db223e-d7\"] mark.kt-highlight{font-style:normal;color:#f76a0c;-webkit-box-decoration-break:clone;box-decoration-break:clone;padding-top:0px;padding-right:0px;padding-bottom:0px;padding-left:0px;}.wp-block-kadence-advancedheading.kt-adv-heading9655_db223e-d7 img.kb-inline-image, .wp-block-kadence-advancedheading.kt-adv-heading9655_db223e-d7[data-kb-block=\"kb-adv-heading9655_db223e-d7\"] img.kb-inline-image{width:150px;vertical-align:baseline;}@media all and (max-width: 1024px){.wp-block-kadence-advancedheading.kt-adv-heading9655_db223e-d7, .wp-block-kadence-advancedheading.kt-adv-heading9655_db223e-d7[data-kb-block=\"kb-adv-heading9655_db223e-d7\"]{text-align:left!important;}}<\/style>\n<h6 class=\"kt-adv-heading9655_db223e-d7 wp-block-kadence-advancedheading\" data-kb-block=\"kb-adv-heading9655_db223e-d7\">Local offer<\/h6>\n\n\n<style>.wp-block-kadence-advancedheading.kt-adv-heading9655_bade18-f3, .wp-block-kadence-advancedheading.kt-adv-heading9655_bade18-f3[data-kb-block=\"kb-adv-heading9655_bade18-f3\"]{margin-bottom:30px;font-style:normal;}.wp-block-kadence-advancedheading.kt-adv-heading9655_bade18-f3 mark.kt-highlight, .wp-block-kadence-advancedheading.kt-adv-heading9655_bade18-f3[data-kb-block=\"kb-adv-heading9655_bade18-f3\"] mark.kt-highlight{font-style:normal;color:#f76a0c;-webkit-box-decoration-break:clone;box-decoration-break:clone;padding-top:0px;padding-right:0px;padding-bottom:0px;padding-left:0px;}.wp-block-kadence-advancedheading.kt-adv-heading9655_bade18-f3 img.kb-inline-image, .wp-block-kadence-advancedheading.kt-adv-heading9655_bade18-f3[data-kb-block=\"kb-adv-heading9655_bade18-f3\"] img.kb-inline-image{width:150px;vertical-align:baseline;}@media all and (max-width: 1024px){.wp-block-kadence-advancedheading.kt-adv-heading9655_bade18-f3, .wp-block-kadence-advancedheading.kt-adv-heading9655_bade18-f3[data-kb-block=\"kb-adv-heading9655_bade18-f3\"]{text-align:left!important;}}@media all and (max-width: 767px){.wp-block-kadence-advancedheading.kt-adv-heading9655_bade18-f3, .wp-block-kadence-advancedheading.kt-adv-heading9655_bade18-f3[data-kb-block=\"kb-adv-heading9655_bade18-f3\"]{padding-top:0px;padding-right:0px;padding-bottom:0px;padding-left:0px;}}<\/style>\n<h1 class=\"kt-adv-heading9655_bade18-f3 wp-block-kadence-advancedheading\" data-kb-block=\"kb-adv-heading9655_bade18-f3\">Studio za nego telesa in duha AURA ROSA<\/h1>\n\n\n\n<p>V Gornji Radgoni na Partizanski cesti 42 se za vas med restavracijo M \u0160mid in Veterinarsko postajo nahaja izjemni Studio za nego telesa in duha AURA ROSA, kjer za vas profesionalno in celostno poskrbijo s svojimi magi\u010dnimi rokami. Ponujajo vam klasi\u010dne, relaksacijske in protibole\u010dinske masa\u017ee celotnega telesa ali pa le delne (npr. hrbet, noge), refleksne masa\u017ee stopal in energijske tretmaje Access Consciousnessa. Delajo po predhodnem naro\u010dilu na telefonsko \u0161tevilko 041 744 460. Vabljeni!<\/p>\n\n\n<style>.kb-gallery-wrap-id-9655_ce7d54-79.wp-block-kadence-advancedgallery{overflow:visible;}.kb-gallery-wrap-id-9655_ce7d54-79.wp-block-kadence-advancedgallery .kt-blocks-carousel{overflow:visible;max-width:100%;}<\/style><div class=\"kb-gallery-wrap-id-9655_ce7d54-79 alignnone wp-block-kadence-advancedgallery\"><div class=\"kb-gallery-ul kb-gallery-non-static kb-gallery-type-fluidcarousel kb-gallery-id-9655_ce7d54-79 kb-gallery-caption-style-bottom-hover kb-gallery-filter-none kb-gallery-magnific-init\" data-image-filter=\"none\" data-lightbox-caption=\"false\"><div class=\"kt-blocks-carousel splide kt-carousel-container-dotstyle-none kt-carousel-arrowstyle-blackonlight kt-carousel-dotstyle-none kb-slider-group-arrow kb-slider-arrow-position-center\" data-slider-anim-speed=\"400\" data-slider-scroll=\"1\" data-slider-arrows=\"true\" data-slider-dots=\"false\" data-slider-hover-pause=\"false\" data-slider-auto=\"\" data-slider-speed=\"7000\" data-slider-type=\"fluidcarousel\" data-slider-center-mode=\"true\" data-slider-gap=\"10px\" data-slider-gap-tablet=\"10px\" data-slider-gap-mobile=\"10px\" data-show-pause-button=\"false\"><div class=\"splide__track\"><ul class=\"kt-blocks-carousel-init kb-blocks-fluid-carousel splide__list\"><li class=\"kb-slide-item kb-gallery-carousel-item splide__slide\"><div class=\"kadence-blocks-gallery-item\"><div class=\"kadence-blocks-gallery-item-inner\"><figure class=\"kb-gallery-figure kb-gallery-item-has-link kadence-blocks-gallery-item-hide-caption\"><a href=\"https:\/\/visitradgona.si\/wp-content\/uploads\/2025\/01\/1737051953_8x1z8ka3Lhhg4H5d.jpg\" class=\"kb-gallery-item-link\"   role=\"button\" aria-haspopup=\"dialog\"><div class=\"kb-gal-image-radius\"><div class=\"kb-gallery-image-contain\" ><img loading=\"lazy\" decoding=\"async\" src=\"https:\/\/visitradgona.si\/wp-content\/uploads\/2025\/01\/1737051953_8x1z8ka3Lhhg4H5d.jpg\" width=\"1000\" height=\"1000\" alt=\"\" data-full-image=\"https:\/\/visitradgona.si\/wp-content\/uploads\/2025\/01\/1737051953_8x1z8ka3Lhhg4H5d.jpg\" data-light-image=\"https:\/\/visitradgona.si\/wp-content\/uploads\/2025\/01\/1737051953_8x1z8ka3Lhhg4H5d.jpg\" data-id=\"9659\" class=\"wp-image-9659 skip-lazy\" srcset=\"https:\/\/visitradgona.si\/wp-content\/uploads\/2025\/01\/1737051953_8x1z8ka3Lhhg4H5d.jpg 1000w, https:\/\/visitradgona.si\/wp-content\/uploads\/2025\/01\/1737051953_8x1z8ka3Lhhg4H5d-300x300.jpg 300w, https:\/\/visitradgona.si\/wp-content\/uploads\/2025\/01\/1737051953_8x1z8ka3Lhhg4H5d-150x150.jpg 150w, https:\/\/visitradgona.si\/wp-content\/uploads\/2025\/01\/1737051953_8x1z8ka3Lhhg4H5d-768x768.jpg 768w\" sizes=\"auto, (max-width: 1000px) 100vw, 1000px\" \/><\/div><\/div><\/a><\/figure><\/div><\/div><\/li><li class=\"kb-slide-item kb-gallery-carousel-item splide__slide\"><div class=\"kadence-blocks-gallery-item\"><div class=\"kadence-blocks-gallery-item-inner\"><figure class=\"kb-gallery-figure kb-gallery-item-has-link kadence-blocks-gallery-item-hide-caption\"><a href=\"https:\/\/visitradgona.si\/wp-content\/uploads\/2025\/01\/1737051953_b5MV6dRnbigBcKnW.jpg\" class=\"kb-gallery-item-link\"   role=\"button\" aria-haspopup=\"dialog\"><div class=\"kb-gal-image-radius\"><div class=\"kb-gallery-image-contain\" ><img loading=\"lazy\" decoding=\"async\" src=\"https:\/\/visitradgona.si\/wp-content\/uploads\/2025\/01\/1737051953_b5MV6dRnbigBcKnW.jpg\" width=\"1051\" height=\"501\" alt=\"\" data-full-image=\"https:\/\/visitradgona.si\/wp-content\/uploads\/2025\/01\/1737051953_b5MV6dRnbigBcKnW.jpg\" data-light-image=\"https:\/\/visitradgona.si\/wp-content\/uploads\/2025\/01\/1737051953_b5MV6dRnbigBcKnW.jpg\" data-id=\"9662\" class=\"wp-image-9662 skip-lazy\" srcset=\"https:\/\/visitradgona.si\/wp-content\/uploads\/2025\/01\/1737051953_b5MV6dRnbigBcKnW.jpg 1051w, https:\/\/visitradgona.si\/wp-content\/uploads\/2025\/01\/1737051953_b5MV6dRnbigBcKnW-300x143.jpg 300w, https:\/\/visitradgona.si\/wp-content\/uploads\/2025\/01\/1737051953_b5MV6dRnbigBcKnW-1024x488.jpg 1024w, https:\/\/visitradgona.si\/wp-content\/uploads\/2025\/01\/1737051953_b5MV6dRnbigBcKnW-768x366.jpg 768w\" sizes=\"auto, (max-width: 1051px) 100vw, 1051px\" \/><\/div><\/div><\/a><\/figure><\/div><\/div><\/li><li class=\"kb-slide-item kb-gallery-carousel-item splide__slide\"><div class=\"kadence-blocks-gallery-item\"><div class=\"kadence-blocks-gallery-item-inner\"><figure class=\"kb-gallery-figure kb-gallery-item-has-link kadence-blocks-gallery-item-hide-caption\"><a href=\"https:\/\/visitradgona.si\/wp-content\/uploads\/2025\/01\/1737051953_ae3zIin8HXW4A2Nn.jpg\" class=\"kb-gallery-item-link\"   role=\"button\" aria-haspopup=\"dialog\"><div class=\"kb-gal-image-radius\"><div class=\"kb-gallery-image-contain\" ><img loading=\"lazy\" decoding=\"async\" src=\"https:\/\/visitradgona.si\/wp-content\/uploads\/2025\/01\/1737051953_ae3zIin8HXW4A2Nn.jpg\" width=\"1000\" height=\"1333\" alt=\"\" data-full-image=\"https:\/\/visitradgona.si\/wp-content\/uploads\/2025\/01\/1737051953_ae3zIin8HXW4A2Nn.jpg\" data-light-image=\"https:\/\/visitradgona.si\/wp-content\/uploads\/2025\/01\/1737051953_ae3zIin8HXW4A2Nn.jpg\" data-id=\"9665\" class=\"wp-image-9665 skip-lazy\" srcset=\"https:\/\/visitradgona.si\/wp-content\/uploads\/2025\/01\/1737051953_ae3zIin8HXW4A2Nn.jpg 1000w, https:\/\/visitradgona.si\/wp-content\/uploads\/2025\/01\/1737051953_ae3zIin8HXW4A2Nn-225x300.jpg 225w, https:\/\/visitradgona.si\/wp-content\/uploads\/2025\/01\/1737051953_ae3zIin8HXW4A2Nn-768x1024.jpg 768w\" sizes=\"auto, (max-width: 1000px) 100vw, 1000px\" \/><\/div><\/div><\/a><\/figure><\/div><\/div><\/li><\/ul><\/div><\/div><\/div><\/div><\/div><\/div>\n\n<\/div><\/div>","protected":false},"excerpt":{"rendered":"<p>Local offer Studio za nego telesa in duha AURA ROSA V Gornji Radgoni na Partizanski cesti 42 se za vas med restavracijo M \u0160mid in Veterinarsko postajo nahaja izjemni Studio za nego telesa in duha AURA ROSA, kjer za vas profesionalno in celostno poskrbijo s svojimi magi\u010dnimi rokami. Ponujajo vam klasi\u010dne, relaksacijske in protibole\u010dinske masa\u017ee&#8230;<\/p>\n","protected":false},"author":1,"featured_media":0,"parent":8873,"menu_order":0,"comment_status":"closed","ping_status":"closed","template":"","meta":{"_acf_changed":false,"_kad_blocks_custom_css":"","_kad_blocks_head_custom_js":"","_kad_blocks_body_custom_js":"","_kad_blocks_footer_custom_js":"","_kadence_starter_templates_imported_post":true,"_kad_post_transparent":"","_kad_post_title":"hide","_kad_post_layout":"fullwidth","_kad_post_sidebar_id":"","_kad_post_content_style":"unboxed","_kad_post_vertical_padding":"hide","_kad_post_feature":"hide","_kad_post_feature_position":"","_kad_post_header":false,"_kad_post_footer":false,"_kad_post_classname":"","footnotes":""},"class_list":["post-9657","page","type-page","status-publish","hentry"],"acf":[],"aioseo_notices":[],"taxonomy_info":[],"featured_image_src_large":false,"author_info":{"display_name":"Miha Borec","author_link":"https:\/\/visitradgona.si\/en\/author\/miha-borec\/"},"comment_info":0,"_links":{"self":[{"href":"https:\/\/visitradgona.si\/en\/wp-json\/wp\/v2\/pages\/9657","targetHints":{"allow":["GET"]}}],"collection":[{"href":"https:\/\/visitradgona.si\/en\/wp-json\/wp\/v2\/pages"}],"about":[{"href":"https:\/\/visitradgona.si\/en\/wp-json\/wp\/v2\/types\/page"}],"author":[{"embeddable":true,"href":"https:\/\/visitradgona.si\/en\/wp-json\/wp\/v2\/users\/1"}],"replies":[{"embeddable":true,"href":"https:\/\/visitradgona.si\/en\/wp-json\/wp\/v2\/comments?post=9657"}],"version-history":[{"count":0,"href":"https:\/\/visitradgona.si\/en\/wp-json\/wp\/v2\/pages\/9657\/revisions"}],"up":[{"embeddable":true,"href":"https:\/\/visitradgona.si\/en\/wp-json\/wp\/v2\/pages\/8873"}],"wp:attachment":[{"href":"https:\/\/visitradgona.si\/en\/wp-json\/wp\/v2\/media?parent=9657"}],"curies":[{"name":"wp","href":"https:\/\/api.w.org\/{rel}","templated":true}]}}