{"id":8942,"date":"2024-12-04T12:53:51","date_gmt":"2024-12-04T11:53:51","guid":{"rendered":"https:\/\/visitradgona.si\/lokalna-ponudba\/turisticna-kmetija-hari\/"},"modified":"2025-03-02T00:05:28","modified_gmt":"2025-03-01T23:05:28","slug":"turisticna-kmetija-hari","status":"publish","type":"page","link":"https:\/\/visitradgona.si\/en\/local-offer\/turisticna-kmetija-hari\/","title":{"rendered":"Turisti\u010dna kmetija Hari"},"content":{"rendered":"<style>.kb-row-layout-id8942_39e625-10 > .kt-row-column-wrap{align-content:start;}:where(.kb-row-layout-id8942_39e625-10 > .kt-row-column-wrap) > .wp-block-kadence-column{justify-content:start;}.kb-row-layout-id8942_39e625-10 > .kt-row-column-wrap{column-gap:var(--global-kb-gap-md, 2rem);row-gap:var(--global-kb-gap-md, 2rem);max-width:var( --global-content-width, 1290px );padding-left:var(--global-content-edge-padding);padding-right:var(--global-content-edge-padding);padding-right:20px;padding-bottom:120px;padding-left:20px;min-height:50vh;grid-template-columns:minmax(0, calc(52% - ((var(--global-kb-gap-md, 2rem) * 1 )\/2)))minmax(0, calc(48% - ((var(--global-kb-gap-md, 2rem) * 1 )\/2)));}.kb-row-layout-id8942_39e625-10{background-image:url('https:\/\/visitradgona.si\/wp-content\/uploads\/2024\/12\/VisitRadgona-cover-photo_0002_terasa.jpg');background-size:cover;background-position:50% 35%;background-attachment:scroll;background-repeat:no-repeat;}.kb-row-layout-id8942_39e625-10 > .kt-row-layout-overlay{opacity:0.30;}@media all and (max-width: 1024px){.kb-row-layout-id8942_39e625-10 > .kt-row-column-wrap{padding-top:60px;padding-right:90px;padding-bottom:60px;padding-left:90px;grid-template-columns:minmax(0, 1fr);}}@media all and (max-width: 767px){.kb-row-layout-id8942_39e625-10 > .kt-row-column-wrap{padding-top:60px;padding-right:20px;padding-bottom:40px;padding-left:20px;grid-template-columns:minmax(0, 1fr);}}<\/style><div class=\"kb-row-layout-wrap kb-row-layout-id8942_39e625-10 alignnone kt-row-has-bg wp-block-kadence-rowlayout\"><div class=\"kt-row-column-wrap kt-has-2-columns kt-row-layout-left-golden kt-tab-layout-row kt-mobile-layout-row kt-row-valign-top kb-theme-content-width\">\n<style>.kadence-column8942_256803-36 > .kt-inside-inner-col{padding-right:0px;padding-left:0px;}.kadence-column8942_256803-36 > .kt-inside-inner-col,.kadence-column8942_256803-36 > .kt-inside-inner-col:before{border-top-left-radius:0px;border-top-right-radius:0px;border-bottom-right-radius:0px;border-bottom-left-radius:0px;}.kadence-column8942_256803-36 > .kt-inside-inner-col{column-gap:var(--global-kb-gap-sm, 1rem);}.kadence-column8942_256803-36 > .kt-inside-inner-col{flex-direction:column;}.kadence-column8942_256803-36 > .kt-inside-inner-col > .aligncenter{width:100%;}.kadence-column8942_256803-36 > .kt-inside-inner-col:before{opacity:0.3;}.kadence-column8942_256803-36{position:relative;}.kadence-column8942_256803-36, .kt-inside-inner-col > .kadence-column8942_256803-36:not(.specificity){margin-right:90px;margin-left:10px;}@media all and (max-width: 1024px){.kadence-column8942_256803-36 > .kt-inside-inner-col{padding-top:0px;padding-right:60px;padding-bottom:0px;padding-left:60px;flex-direction:column;justify-content:center;}}@media all and (max-width: 1024px){.kadence-column8942_256803-36, .kt-inside-inner-col > .kadence-column8942_256803-36:not(.specificity){margin-top:0px;margin-right:0px;margin-bottom:0px;margin-left:0px;}}@media all and (max-width: 767px){.kadence-column8942_256803-36 > .kt-inside-inner-col{padding-right:0px;padding-left:0px;flex-direction:column;justify-content:center;}.kadence-column8942_256803-36, .kt-inside-inner-col > .kadence-column8942_256803-36:not(.specificity){margin-right:0px;margin-left:0px;}}<\/style>\n<div class=\"wp-block-kadence-column kadence-column8942_256803-36 inner-column-1\"><div class=\"kt-inside-inner-col\"><\/div><\/div>\n\n\n<style>.kadence-column8942_725bf1-f1 > .kt-inside-inner-col,.kadence-column8942_725bf1-f1 > .kt-inside-inner-col:before{border-top-left-radius:0px;border-top-right-radius:0px;border-bottom-right-radius:0px;border-bottom-left-radius:0px;}.kadence-column8942_725bf1-f1 > .kt-inside-inner-col{column-gap:var(--global-kb-gap-sm, 1rem);}.kadence-column8942_725bf1-f1 > .kt-inside-inner-col{flex-direction:column;}.kadence-column8942_725bf1-f1 > .kt-inside-inner-col > .aligncenter{width:100%;}.kadence-column8942_725bf1-f1 > .kt-inside-inner-col:before{opacity:0.3;}.kadence-column8942_725bf1-f1{position:relative;}@media all and (max-width: 1024px){.kadence-column8942_725bf1-f1 > .kt-inside-inner-col{flex-direction:column;justify-content:center;}}@media all and (max-width: 767px){.kadence-column8942_725bf1-f1 > .kt-inside-inner-col{flex-direction:column;justify-content:center;}}<\/style>\n<div class=\"wp-block-kadence-column kadence-column8942_725bf1-f1 kvs-md-false kvs-sm-false inner-column-2\"><div class=\"kt-inside-inner-col\"><\/div><\/div>\n\n<\/div><\/div>\n\n<style>.kb-row-layout-id8942_eea758-3c > .kt-row-column-wrap{align-content:start;}:where(.kb-row-layout-id8942_eea758-3c > .kt-row-column-wrap) > .wp-block-kadence-column{justify-content:start;}.kb-row-layout-id8942_eea758-3c > .kt-row-column-wrap{column-gap:var(--global-kb-gap-md, 2rem);row-gap:var(--global-kb-gap-md, 2rem);max-width:var( --global-content-width, 1290px );padding-left:var(--global-content-edge-padding);padding-right:var(--global-content-edge-padding);padding-top:60px;padding-right:20px;padding-bottom:80px;padding-left:20px;grid-template-columns:minmax(0, 1fr);}.kb-row-layout-id8942_eea758-3c > .kt-row-layout-overlay{opacity:0.30;}@media all and (max-width: 1024px){.kb-row-layout-id8942_eea758-3c > .kt-row-column-wrap{grid-template-columns:minmax(0, 1fr);}}@media all and (max-width: 767px){.kb-row-layout-id8942_eea758-3c > .kt-row-column-wrap{grid-template-columns:minmax(0, 1fr);}}<\/style><div class=\"kb-row-layout-wrap kb-row-layout-id8942_eea758-3c alignfull wp-block-kadence-rowlayout\"><div class=\"kt-row-column-wrap kt-has-1-columns kt-row-layout-equal kt-tab-layout-inherit kt-mobile-layout-row kt-row-valign-top kb-theme-content-width\">\n<style>.kadence-column8942_519d39-61 > .kt-inside-inner-col,.kadence-column8942_519d39-61 > .kt-inside-inner-col:before{border-top-left-radius:0px;border-top-right-radius:0px;border-bottom-right-radius:0px;border-bottom-left-radius:0px;}.kadence-column8942_519d39-61 > .kt-inside-inner-col{column-gap:var(--global-kb-gap-sm, 1rem);}.kadence-column8942_519d39-61 > .kt-inside-inner-col{flex-direction:column;}.kadence-column8942_519d39-61 > .kt-inside-inner-col > .aligncenter{width:100%;}.kadence-column8942_519d39-61 > .kt-inside-inner-col:before{opacity:0.3;}.kadence-column8942_519d39-61{position:relative;}@media all and (max-width: 1024px){.kadence-column8942_519d39-61 > .kt-inside-inner-col{flex-direction:column;justify-content:center;}}@media all and (max-width: 767px){.kadence-column8942_519d39-61 > .kt-inside-inner-col{flex-direction:column;justify-content:center;}}<\/style>\n<div class=\"wp-block-kadence-column kadence-column8942_519d39-61\"><div class=\"kt-inside-inner-col\"><style>.wp-block-kadence-advancedheading.kt-adv-heading8942_e2ff91-74, .wp-block-kadence-advancedheading.kt-adv-heading8942_e2ff91-74[data-kb-block=\"kb-adv-heading8942_e2ff91-74\"]{font-style:normal;}.wp-block-kadence-advancedheading.kt-adv-heading8942_e2ff91-74 mark.kt-highlight, .wp-block-kadence-advancedheading.kt-adv-heading8942_e2ff91-74[data-kb-block=\"kb-adv-heading8942_e2ff91-74\"] mark.kt-highlight{font-style:normal;color:#f76a0c;-webkit-box-decoration-break:clone;box-decoration-break:clone;padding-top:0px;padding-right:0px;padding-bottom:0px;padding-left:0px;}.wp-block-kadence-advancedheading.kt-adv-heading8942_e2ff91-74 img.kb-inline-image, .wp-block-kadence-advancedheading.kt-adv-heading8942_e2ff91-74[data-kb-block=\"kb-adv-heading8942_e2ff91-74\"] img.kb-inline-image{width:150px;vertical-align:baseline;}@media all and (max-width: 1024px){.wp-block-kadence-advancedheading.kt-adv-heading8942_e2ff91-74, .wp-block-kadence-advancedheading.kt-adv-heading8942_e2ff91-74[data-kb-block=\"kb-adv-heading8942_e2ff91-74\"]{text-align:left!important;}}<\/style>\n<h6 class=\"kt-adv-heading8942_e2ff91-74 wp-block-kadence-advancedheading\" data-kb-block=\"kb-adv-heading8942_e2ff91-74\">Local offer<\/h6>\n\n\n<style>.wp-block-kadence-advancedheading.kt-adv-heading8942_7c5a6e-8f, .wp-block-kadence-advancedheading.kt-adv-heading8942_7c5a6e-8f[data-kb-block=\"kb-adv-heading8942_7c5a6e-8f\"]{margin-bottom:30px;font-style:normal;}.wp-block-kadence-advancedheading.kt-adv-heading8942_7c5a6e-8f mark.kt-highlight, .wp-block-kadence-advancedheading.kt-adv-heading8942_7c5a6e-8f[data-kb-block=\"kb-adv-heading8942_7c5a6e-8f\"] mark.kt-highlight{font-style:normal;color:#f76a0c;-webkit-box-decoration-break:clone;box-decoration-break:clone;padding-top:0px;padding-right:0px;padding-bottom:0px;padding-left:0px;}.wp-block-kadence-advancedheading.kt-adv-heading8942_7c5a6e-8f img.kb-inline-image, .wp-block-kadence-advancedheading.kt-adv-heading8942_7c5a6e-8f[data-kb-block=\"kb-adv-heading8942_7c5a6e-8f\"] img.kb-inline-image{width:150px;vertical-align:baseline;}@media all and (max-width: 1024px){.wp-block-kadence-advancedheading.kt-adv-heading8942_7c5a6e-8f, .wp-block-kadence-advancedheading.kt-adv-heading8942_7c5a6e-8f[data-kb-block=\"kb-adv-heading8942_7c5a6e-8f\"]{text-align:left!important;}}@media all and (max-width: 767px){.wp-block-kadence-advancedheading.kt-adv-heading8942_7c5a6e-8f, .wp-block-kadence-advancedheading.kt-adv-heading8942_7c5a6e-8f[data-kb-block=\"kb-adv-heading8942_7c5a6e-8f\"]{padding-top:0px;padding-right:0px;padding-bottom:0px;padding-left:0px;}}<\/style>\n<h1 class=\"kt-adv-heading8942_7c5a6e-8f wp-block-kadence-advancedheading\" data-kb-block=\"kb-adv-heading8942_7c5a6e-8f\">Turisti\u010dna kmetija Hari<\/h1>\n\n\n\n<p>Turisti\u010dna kmetija Hari le\u017ei na mirnem hrib\u010dku, kjer pogled sega vse do Pohorja in Avstrijskih planin. Na pre\u010dudoviti terasi ali v prostorih si lahko privo\u0161\u010dite doma\u010de narezke, kruh iz kru\u0161ne pe\u010di in prle\u0161ko gibanico. Znani so tudi po doma\u010dih kolinah in gobovi juhi z ajdovimi \u017eganci. K njim lahko pridete na kosila ali praznovanja, kjer boste zagotovo jedli doma\u010do hrano, ponudili pa vam bodo tudi vino iz doma\u010dega vinograda. Tudi za najmlaj\u0161e je poskrbljeno z igrali in u\u017eivanjem v neokrnjeni naravi.<\/p>\n\n\n<style>.kb-gallery-wrap-id-8942_00c8d2-7d.wp-block-kadence-advancedgallery{overflow:visible;}.kb-gallery-wrap-id-8942_00c8d2-7d.wp-block-kadence-advancedgallery .kt-blocks-carousel{overflow:visible;max-width:100%;}<\/style><div class=\"kb-gallery-wrap-id-8942_00c8d2-7d alignnone wp-block-kadence-advancedgallery\"><div class=\"kb-gallery-ul kb-gallery-non-static kb-gallery-type-fluidcarousel kb-gallery-id-8942_00c8d2-7d kb-gallery-caption-style-bottom-hover kb-gallery-filter-none kb-gallery-magnific-init\" data-image-filter=\"none\" data-lightbox-caption=\"false\"><div class=\"kt-blocks-carousel splide kt-carousel-container-dotstyle-none kt-carousel-arrowstyle-blackonlight kt-carousel-dotstyle-none kb-slider-group-arrow kb-slider-arrow-position-center\" data-slider-anim-speed=\"400\" data-slider-scroll=\"1\" data-slider-arrows=\"true\" data-slider-dots=\"false\" data-slider-hover-pause=\"false\" data-slider-auto=\"\" data-slider-speed=\"7000\" data-slider-type=\"fluidcarousel\" data-slider-center-mode=\"true\" data-slider-gap=\"10px\" data-slider-gap-tablet=\"10px\" data-slider-gap-mobile=\"10px\" data-show-pause-button=\"false\"><div class=\"splide__track\"><ul class=\"kt-blocks-carousel-init kb-blocks-fluid-carousel splide__list\"><li class=\"kb-slide-item kb-gallery-carousel-item splide__slide\"><div class=\"kadence-blocks-gallery-item\"><div class=\"kadence-blocks-gallery-item-inner\"><figure class=\"kb-gallery-figure kb-gallery-item-has-link kadence-blocks-gallery-item-hide-caption\"><a href=\"https:\/\/visitradgona.si\/wp-content\/uploads\/2024\/12\/Turisticna-kmetija-Hari-4.jpg\" class=\"kb-gallery-item-link\"   role=\"button\" aria-haspopup=\"dialog\"><div class=\"kb-gal-image-radius\"><div class=\"kb-gallery-image-contain\" ><img loading=\"lazy\" decoding=\"async\" src=\"https:\/\/visitradgona.si\/wp-content\/uploads\/2024\/12\/Turisticna-kmetija-Hari-4.jpg\" width=\"795\" height=\"1413\" alt=\"\" data-full-image=\"https:\/\/visitradgona.si\/wp-content\/uploads\/2024\/12\/Turisticna-kmetija-Hari-4.jpg\" data-light-image=\"https:\/\/visitradgona.si\/wp-content\/uploads\/2024\/12\/Turisticna-kmetija-Hari-4.jpg\" data-id=\"4242\" class=\"wp-image-4242 skip-lazy\" srcset=\"https:\/\/visitradgona.si\/wp-content\/uploads\/2024\/12\/Turisticna-kmetija-Hari-4.jpg 795w, https:\/\/visitradgona.si\/wp-content\/uploads\/2024\/12\/Turisticna-kmetija-Hari-4-169x300.jpg 169w, https:\/\/visitradgona.si\/wp-content\/uploads\/2024\/12\/Turisticna-kmetija-Hari-4-576x1024.jpg 576w, https:\/\/visitradgona.si\/wp-content\/uploads\/2024\/12\/Turisticna-kmetija-Hari-4-768x1365.jpg 768w\" sizes=\"auto, (max-width: 795px) 100vw, 795px\" \/><\/div><\/div><\/a><\/figure><\/div><\/div><\/li><li class=\"kb-slide-item kb-gallery-carousel-item splide__slide\"><div class=\"kadence-blocks-gallery-item\"><div class=\"kadence-blocks-gallery-item-inner\"><figure class=\"kb-gallery-figure kb-gallery-item-has-link kadence-blocks-gallery-item-hide-caption\"><a href=\"https:\/\/visitradgona.si\/wp-content\/uploads\/2024\/12\/Turisticna-kmetija-Hari-3.jpg\" class=\"kb-gallery-item-link\"   role=\"button\" aria-haspopup=\"dialog\"><div class=\"kb-gal-image-radius\"><div class=\"kb-gallery-image-contain\" ><img loading=\"lazy\" decoding=\"async\" src=\"https:\/\/visitradgona.si\/wp-content\/uploads\/2024\/12\/Turisticna-kmetija-Hari-3.jpg\" width=\"1156\" height=\"867\" alt=\"\" data-full-image=\"https:\/\/visitradgona.si\/wp-content\/uploads\/2024\/12\/Turisticna-kmetija-Hari-3.jpg\" data-light-image=\"https:\/\/visitradgona.si\/wp-content\/uploads\/2024\/12\/Turisticna-kmetija-Hari-3.jpg\" data-id=\"4239\" class=\"wp-image-4239 skip-lazy\" srcset=\"https:\/\/visitradgona.si\/wp-content\/uploads\/2024\/12\/Turisticna-kmetija-Hari-3.jpg 1156w, https:\/\/visitradgona.si\/wp-content\/uploads\/2024\/12\/Turisticna-kmetija-Hari-3-300x225.jpg 300w, https:\/\/visitradgona.si\/wp-content\/uploads\/2024\/12\/Turisticna-kmetija-Hari-3-1024x768.jpg 1024w, https:\/\/visitradgona.si\/wp-content\/uploads\/2024\/12\/Turisticna-kmetija-Hari-3-768x576.jpg 768w\" sizes=\"auto, (max-width: 1156px) 100vw, 1156px\" \/><\/div><\/div><\/a><\/figure><\/div><\/div><\/li><li class=\"kb-slide-item kb-gallery-carousel-item splide__slide\"><div class=\"kadence-blocks-gallery-item\"><div class=\"kadence-blocks-gallery-item-inner\"><figure class=\"kb-gallery-figure kb-gallery-item-has-link kadence-blocks-gallery-item-hide-caption\"><a href=\"https:\/\/visitradgona.si\/wp-content\/uploads\/2024\/12\/Turisticna-kmetija-Hari-2.jpg\" class=\"kb-gallery-item-link\"   role=\"button\" aria-haspopup=\"dialog\"><div class=\"kb-gal-image-radius\"><div class=\"kb-gallery-image-contain\" ><img loading=\"lazy\" decoding=\"async\" src=\"https:\/\/visitradgona.si\/wp-content\/uploads\/2024\/12\/Turisticna-kmetija-Hari-2.jpg\" width=\"949\" height=\"711\" alt=\"\" data-full-image=\"https:\/\/visitradgona.si\/wp-content\/uploads\/2024\/12\/Turisticna-kmetija-Hari-2.jpg\" data-light-image=\"https:\/\/visitradgona.si\/wp-content\/uploads\/2024\/12\/Turisticna-kmetija-Hari-2.jpg\" data-id=\"4236\" class=\"wp-image-4236 skip-lazy\" srcset=\"https:\/\/visitradgona.si\/wp-content\/uploads\/2024\/12\/Turisticna-kmetija-Hari-2.jpg 949w, https:\/\/visitradgona.si\/wp-content\/uploads\/2024\/12\/Turisticna-kmetija-Hari-2-300x225.jpg 300w, https:\/\/visitradgona.si\/wp-content\/uploads\/2024\/12\/Turisticna-kmetija-Hari-2-768x575.jpg 768w\" sizes=\"auto, (max-width: 949px) 100vw, 949px\" \/><\/div><\/div><\/a><\/figure><\/div><\/div><\/li><li class=\"kb-slide-item kb-gallery-carousel-item splide__slide\"><div class=\"kadence-blocks-gallery-item\"><div class=\"kadence-blocks-gallery-item-inner\"><figure class=\"kb-gallery-figure kb-gallery-item-has-link kadence-blocks-gallery-item-hide-caption\"><a href=\"https:\/\/visitradgona.si\/wp-content\/uploads\/2024\/12\/Turisticna-kmetija-Hari-1.jpg\" class=\"kb-gallery-item-link\"   role=\"button\" aria-haspopup=\"dialog\"><div class=\"kb-gal-image-radius\"><div class=\"kb-gallery-image-contain\" ><img loading=\"lazy\" decoding=\"async\" src=\"https:\/\/visitradgona.si\/wp-content\/uploads\/2024\/12\/Turisticna-kmetija-Hari-1.jpg\" width=\"867\" height=\"1156\" alt=\"\" data-full-image=\"https:\/\/visitradgona.si\/wp-content\/uploads\/2024\/12\/Turisticna-kmetija-Hari-1.jpg\" data-light-image=\"https:\/\/visitradgona.si\/wp-content\/uploads\/2024\/12\/Turisticna-kmetija-Hari-1.jpg\" data-id=\"4233\" class=\"wp-image-4233 skip-lazy\" srcset=\"https:\/\/visitradgona.si\/wp-content\/uploads\/2024\/12\/Turisticna-kmetija-Hari-1.jpg 867w, https:\/\/visitradgona.si\/wp-content\/uploads\/2024\/12\/Turisticna-kmetija-Hari-1-225x300.jpg 225w, https:\/\/visitradgona.si\/wp-content\/uploads\/2024\/12\/Turisticna-kmetija-Hari-1-768x1024.jpg 768w\" sizes=\"auto, (max-width: 867px) 100vw, 867px\" \/><\/div><\/div><\/a><\/figure><\/div><\/div><\/li><\/ul><\/div><\/div><\/div><\/div><\/div><\/div>\n\n<\/div><\/div>","protected":false},"excerpt":{"rendered":"<p>Local offer Turisti\u010dna kmetija Hari Turisti\u010dna kmetija Hari le\u017ei na mirnem hrib\u010dku, kjer pogled sega vse do Pohorja in Avstrijskih planin. Na pre\u010dudoviti terasi ali v prostorih si lahko privo\u0161\u010dite doma\u010de narezke, kruh iz kru\u0161ne pe\u010di in prle\u0161ko gibanico. Znani so tudi po doma\u010dih kolinah in gobovi juhi z ajdovimi \u017eganci. K njim lahko pridete&#8230;<\/p>\n","protected":false},"author":1,"featured_media":0,"parent":8873,"menu_order":0,"comment_status":"closed","ping_status":"closed","template":"","meta":{"_acf_changed":false,"_kad_blocks_custom_css":"","_kad_blocks_head_custom_js":"","_kad_blocks_body_custom_js":"","_kad_blocks_footer_custom_js":"","_kadence_starter_templates_imported_post":true,"_kad_post_transparent":"","_kad_post_title":"hide","_kad_post_layout":"fullwidth","_kad_post_sidebar_id":"","_kad_post_content_style":"unboxed","_kad_post_vertical_padding":"hide","_kad_post_feature":"hide","_kad_post_feature_position":"","_kad_post_header":false,"_kad_post_footer":false,"_kad_post_classname":"","footnotes":""},"class_list":["post-8942","page","type-page","status-publish","hentry"],"acf":[],"aioseo_notices":[],"taxonomy_info":[],"featured_image_src_large":false,"author_info":{"display_name":"Miha Borec","author_link":"https:\/\/visitradgona.si\/en\/author\/miha-borec\/"},"comment_info":0,"_links":{"self":[{"href":"https:\/\/visitradgona.si\/en\/wp-json\/wp\/v2\/pages\/8942","targetHints":{"allow":["GET"]}}],"collection":[{"href":"https:\/\/visitradgona.si\/en\/wp-json\/wp\/v2\/pages"}],"about":[{"href":"https:\/\/visitradgona.si\/en\/wp-json\/wp\/v2\/types\/page"}],"author":[{"embeddable":true,"href":"https:\/\/visitradgona.si\/en\/wp-json\/wp\/v2\/users\/1"}],"replies":[{"embeddable":true,"href":"https:\/\/visitradgona.si\/en\/wp-json\/wp\/v2\/comments?post=8942"}],"version-history":[{"count":0,"href":"https:\/\/visitradgona.si\/en\/wp-json\/wp\/v2\/pages\/8942\/revisions"}],"up":[{"embeddable":true,"href":"https:\/\/visitradgona.si\/en\/wp-json\/wp\/v2\/pages\/8873"}],"wp:attachment":[{"href":"https:\/\/visitradgona.si\/en\/wp-json\/wp\/v2\/media?parent=8942"}],"curies":[{"name":"wp","href":"https:\/\/api.w.org\/{rel}","templated":true}]}}