{"id":8912,"date":"2024-12-04T12:41:23","date_gmt":"2024-12-04T11:41:23","guid":{"rendered":"https:\/\/visitradgona.si\/lokalna-ponudba\/likovno-drustvo-gornja-radgona\/"},"modified":"2025-03-02T00:01:49","modified_gmt":"2025-03-01T23:01:49","slug":"likovno-drustvo-gornja-radgona","status":"publish","type":"page","link":"https:\/\/visitradgona.si\/en\/local-offer\/likovno-drustvo-gornja-radgona\/","title":{"rendered":"Likovno dru\u0161tvo Gornja Radgona"},"content":{"rendered":"<style>.kb-row-layout-id8912_bec173-a1 > .kt-row-column-wrap{align-content:start;}:where(.kb-row-layout-id8912_bec173-a1 > .kt-row-column-wrap) > .wp-block-kadence-column{justify-content:start;}.kb-row-layout-id8912_bec173-a1 > .kt-row-column-wrap{column-gap:var(--global-kb-gap-md, 2rem);row-gap:var(--global-kb-gap-md, 2rem);max-width:var( --global-content-width, 1290px );padding-left:var(--global-content-edge-padding);padding-right:var(--global-content-edge-padding);padding-right:20px;padding-bottom:120px;padding-left:20px;min-height:50vh;grid-template-columns:minmax(0, calc(52% - ((var(--global-kb-gap-md, 2rem) * 1 )\/2)))minmax(0, calc(48% - ((var(--global-kb-gap-md, 2rem) * 1 )\/2)));}.kb-row-layout-id8912_bec173-a1{background-image:url('https:\/\/visitradgona.si\/wp-content\/uploads\/2024\/12\/VisitRadgona-cover-photo_0013_20240222_150001-vert.jpg');background-size:cover;background-position:50% 55.00000000000001%;background-attachment:scroll;background-repeat:no-repeat;}.kb-row-layout-id8912_bec173-a1 > .kt-row-layout-overlay{opacity:0.30;}@media all and (max-width: 1024px){.kb-row-layout-id8912_bec173-a1 > .kt-row-column-wrap{padding-top:60px;padding-right:90px;padding-bottom:60px;padding-left:90px;grid-template-columns:minmax(0, 1fr);}}@media all and (max-width: 767px){.kb-row-layout-id8912_bec173-a1 > .kt-row-column-wrap{padding-top:60px;padding-right:20px;padding-bottom:40px;padding-left:20px;grid-template-columns:minmax(0, 1fr);}}<\/style><div class=\"kb-row-layout-wrap kb-row-layout-id8912_bec173-a1 alignnone kt-row-has-bg wp-block-kadence-rowlayout\"><div class=\"kt-row-column-wrap kt-has-2-columns kt-row-layout-left-golden kt-tab-layout-row kt-mobile-layout-row kt-row-valign-top kb-theme-content-width\">\n<style>.kadence-column8912_fe774d-15 > .kt-inside-inner-col{padding-right:0px;padding-left:0px;}.kadence-column8912_fe774d-15 > .kt-inside-inner-col,.kadence-column8912_fe774d-15 > .kt-inside-inner-col:before{border-top-left-radius:0px;border-top-right-radius:0px;border-bottom-right-radius:0px;border-bottom-left-radius:0px;}.kadence-column8912_fe774d-15 > .kt-inside-inner-col{column-gap:var(--global-kb-gap-sm, 1rem);}.kadence-column8912_fe774d-15 > .kt-inside-inner-col{flex-direction:column;}.kadence-column8912_fe774d-15 > .kt-inside-inner-col > .aligncenter{width:100%;}.kadence-column8912_fe774d-15 > .kt-inside-inner-col:before{opacity:0.3;}.kadence-column8912_fe774d-15{position:relative;}.kadence-column8912_fe774d-15, .kt-inside-inner-col > .kadence-column8912_fe774d-15:not(.specificity){margin-right:90px;margin-left:10px;}@media all and (max-width: 1024px){.kadence-column8912_fe774d-15 > .kt-inside-inner-col{padding-top:0px;padding-right:60px;padding-bottom:0px;padding-left:60px;flex-direction:column;justify-content:center;}}@media all and (max-width: 1024px){.kadence-column8912_fe774d-15, .kt-inside-inner-col > .kadence-column8912_fe774d-15:not(.specificity){margin-top:0px;margin-right:0px;margin-bottom:0px;margin-left:0px;}}@media all and (max-width: 767px){.kadence-column8912_fe774d-15 > .kt-inside-inner-col{padding-right:0px;padding-left:0px;flex-direction:column;justify-content:center;}.kadence-column8912_fe774d-15, .kt-inside-inner-col > .kadence-column8912_fe774d-15:not(.specificity){margin-right:0px;margin-left:0px;}}<\/style>\n<div class=\"wp-block-kadence-column kadence-column8912_fe774d-15 inner-column-1\"><div class=\"kt-inside-inner-col\"><\/div><\/div>\n\n\n<style>.kadence-column8912_8b97d1-6d > .kt-inside-inner-col,.kadence-column8912_8b97d1-6d > .kt-inside-inner-col:before{border-top-left-radius:0px;border-top-right-radius:0px;border-bottom-right-radius:0px;border-bottom-left-radius:0px;}.kadence-column8912_8b97d1-6d > .kt-inside-inner-col{column-gap:var(--global-kb-gap-sm, 1rem);}.kadence-column8912_8b97d1-6d > .kt-inside-inner-col{flex-direction:column;}.kadence-column8912_8b97d1-6d > .kt-inside-inner-col > .aligncenter{width:100%;}.kadence-column8912_8b97d1-6d > .kt-inside-inner-col:before{opacity:0.3;}.kadence-column8912_8b97d1-6d{position:relative;}@media all and (max-width: 1024px){.kadence-column8912_8b97d1-6d > .kt-inside-inner-col{flex-direction:column;justify-content:center;}}@media all and (max-width: 767px){.kadence-column8912_8b97d1-6d > .kt-inside-inner-col{flex-direction:column;justify-content:center;}}<\/style>\n<div class=\"wp-block-kadence-column kadence-column8912_8b97d1-6d kvs-md-false kvs-sm-false inner-column-2\"><div class=\"kt-inside-inner-col\"><\/div><\/div>\n\n<\/div><\/div>\n\n<style>.kb-row-layout-id8912_388af1-d6 > .kt-row-column-wrap{align-content:start;}:where(.kb-row-layout-id8912_388af1-d6 > .kt-row-column-wrap) > .wp-block-kadence-column{justify-content:start;}.kb-row-layout-id8912_388af1-d6 > .kt-row-column-wrap{column-gap:var(--global-kb-gap-md, 2rem);row-gap:var(--global-kb-gap-md, 2rem);max-width:var( --global-content-width, 1290px );padding-left:var(--global-content-edge-padding);padding-right:var(--global-content-edge-padding);padding-top:60px;padding-right:20px;padding-bottom:80px;padding-left:20px;grid-template-columns:minmax(0, 1fr);}.kb-row-layout-id8912_388af1-d6 > .kt-row-layout-overlay{opacity:0.30;}@media all and (max-width: 1024px){.kb-row-layout-id8912_388af1-d6 > .kt-row-column-wrap{grid-template-columns:minmax(0, 1fr);}}@media all and (max-width: 767px){.kb-row-layout-id8912_388af1-d6 > .kt-row-column-wrap{grid-template-columns:minmax(0, 1fr);}}<\/style><div class=\"kb-row-layout-wrap kb-row-layout-id8912_388af1-d6 alignfull wp-block-kadence-rowlayout\"><div class=\"kt-row-column-wrap kt-has-1-columns kt-row-layout-equal kt-tab-layout-inherit kt-mobile-layout-row kt-row-valign-top kb-theme-content-width\">\n<style>.kadence-column8912_dd5919-5e > .kt-inside-inner-col,.kadence-column8912_dd5919-5e > .kt-inside-inner-col:before{border-top-left-radius:0px;border-top-right-radius:0px;border-bottom-right-radius:0px;border-bottom-left-radius:0px;}.kadence-column8912_dd5919-5e > .kt-inside-inner-col{column-gap:var(--global-kb-gap-sm, 1rem);}.kadence-column8912_dd5919-5e > .kt-inside-inner-col{flex-direction:column;}.kadence-column8912_dd5919-5e > .kt-inside-inner-col > .aligncenter{width:100%;}.kadence-column8912_dd5919-5e > .kt-inside-inner-col:before{opacity:0.3;}.kadence-column8912_dd5919-5e{position:relative;}@media all and (max-width: 1024px){.kadence-column8912_dd5919-5e > .kt-inside-inner-col{flex-direction:column;justify-content:center;}}@media all and (max-width: 767px){.kadence-column8912_dd5919-5e > .kt-inside-inner-col{flex-direction:column;justify-content:center;}}<\/style>\n<div class=\"wp-block-kadence-column kadence-column8912_dd5919-5e\"><div class=\"kt-inside-inner-col\"><style>.wp-block-kadence-advancedheading.kt-adv-heading8912_5da99b-91, .wp-block-kadence-advancedheading.kt-adv-heading8912_5da99b-91[data-kb-block=\"kb-adv-heading8912_5da99b-91\"]{font-style:normal;}.wp-block-kadence-advancedheading.kt-adv-heading8912_5da99b-91 mark.kt-highlight, .wp-block-kadence-advancedheading.kt-adv-heading8912_5da99b-91[data-kb-block=\"kb-adv-heading8912_5da99b-91\"] mark.kt-highlight{font-style:normal;color:#f76a0c;-webkit-box-decoration-break:clone;box-decoration-break:clone;padding-top:0px;padding-right:0px;padding-bottom:0px;padding-left:0px;}.wp-block-kadence-advancedheading.kt-adv-heading8912_5da99b-91 img.kb-inline-image, .wp-block-kadence-advancedheading.kt-adv-heading8912_5da99b-91[data-kb-block=\"kb-adv-heading8912_5da99b-91\"] img.kb-inline-image{width:150px;vertical-align:baseline;}@media all and (max-width: 1024px){.wp-block-kadence-advancedheading.kt-adv-heading8912_5da99b-91, .wp-block-kadence-advancedheading.kt-adv-heading8912_5da99b-91[data-kb-block=\"kb-adv-heading8912_5da99b-91\"]{text-align:left!important;}}<\/style>\n<h6 class=\"kt-adv-heading8912_5da99b-91 wp-block-kadence-advancedheading\" data-kb-block=\"kb-adv-heading8912_5da99b-91\">Local offer<\/h6>\n\n\n<style>.wp-block-kadence-advancedheading.kt-adv-heading8912_18b6a9-44, .wp-block-kadence-advancedheading.kt-adv-heading8912_18b6a9-44[data-kb-block=\"kb-adv-heading8912_18b6a9-44\"]{margin-bottom:30px;font-style:normal;}.wp-block-kadence-advancedheading.kt-adv-heading8912_18b6a9-44 mark.kt-highlight, .wp-block-kadence-advancedheading.kt-adv-heading8912_18b6a9-44[data-kb-block=\"kb-adv-heading8912_18b6a9-44\"] mark.kt-highlight{font-style:normal;color:#f76a0c;-webkit-box-decoration-break:clone;box-decoration-break:clone;padding-top:0px;padding-right:0px;padding-bottom:0px;padding-left:0px;}.wp-block-kadence-advancedheading.kt-adv-heading8912_18b6a9-44 img.kb-inline-image, .wp-block-kadence-advancedheading.kt-adv-heading8912_18b6a9-44[data-kb-block=\"kb-adv-heading8912_18b6a9-44\"] img.kb-inline-image{width:150px;vertical-align:baseline;}@media all and (max-width: 1024px){.wp-block-kadence-advancedheading.kt-adv-heading8912_18b6a9-44, .wp-block-kadence-advancedheading.kt-adv-heading8912_18b6a9-44[data-kb-block=\"kb-adv-heading8912_18b6a9-44\"]{text-align:left!important;}}@media all and (max-width: 767px){.wp-block-kadence-advancedheading.kt-adv-heading8912_18b6a9-44, .wp-block-kadence-advancedheading.kt-adv-heading8912_18b6a9-44[data-kb-block=\"kb-adv-heading8912_18b6a9-44\"]{padding-top:0px;padding-right:0px;padding-bottom:0px;padding-left:0px;}}<\/style>\n<h1 class=\"kt-adv-heading8912_18b6a9-44 wp-block-kadence-advancedheading\" data-kb-block=\"kb-adv-heading8912_18b6a9-44\">Likovno dru\u0161tvo Gornja Radgona<\/h1>\n\n\n\n<p style=\"margin-bottom:10px\">Likovno dru\u0161tvo Gornja Radgona ima \u017ee dolgo, ve\u010dletno tradicijo v likovni umetnosti na vseh podro\u010djih. So medgeneracijska skupina, ki vklju\u010duje dijake, \u0161tudente, aktivne v delovnih razmerjih in upokojence. Danes jih \u0161teje 40 \u010dlanov.<br>Dru\u0161tvo je mo\u010dno vpeto v lokalno okolje in sodelujejo z drugimi zavodi in dru\u0161tvi, niti jim niso tuje sosednje ob\u010dine in tujina. Znanje bogatijo z delavnicami, tako da povabijo strokovne mentorje.<br><br>Prirejajo, ustvarjajo in udele\u017eujejo se:<\/p>\n\n\n\n<ul class=\"wp-block-list\">\n<li>razstav,<\/li>\n\n\n\n<li>strokovnih ekskurzij,<\/li>\n\n\n\n<li>snemanja kratkih filmov,<\/li>\n\n\n\n<li>simpozijev,<\/li>\n\n\n\n<li>konceptualne umetnosti in instalacij.<\/li>\n<\/ul>\n\n\n\n<p>Njihov cilj je ozave\u0161\u010danje ljudi o pomembnosti trajnostnega razvoja in spodbujanje k bolj trajnostni prihodnosti.<br>So delavni, ustvarjalni, veseli in sprejmejo vsakogar, ki ga zanima umetnost, saj so odprtega duha.<\/p>\n\n\n<style>.kb-gallery-wrap-id-8912_81e85f-89.wp-block-kadence-advancedgallery{overflow:visible;}.kb-gallery-wrap-id-8912_81e85f-89.wp-block-kadence-advancedgallery .kt-blocks-carousel{overflow:visible;max-width:100%;}<\/style><div class=\"kb-gallery-wrap-id-8912_81e85f-89 alignnone wp-block-kadence-advancedgallery\"><div class=\"kb-gallery-ul kb-gallery-non-static kb-gallery-type-fluidcarousel kb-gallery-id-8912_81e85f-89 kb-gallery-caption-style-bottom-hover kb-gallery-filter-none kb-gallery-magnific-init\" data-image-filter=\"none\" data-lightbox-caption=\"false\"><div class=\"kt-blocks-carousel splide kt-carousel-container-dotstyle-none kt-carousel-arrowstyle-blackonlight kt-carousel-dotstyle-none kb-slider-group-arrow kb-slider-arrow-position-center\" data-slider-anim-speed=\"400\" data-slider-scroll=\"1\" data-slider-arrows=\"true\" data-slider-dots=\"false\" data-slider-hover-pause=\"false\" data-slider-auto=\"\" data-slider-speed=\"7000\" data-slider-type=\"fluidcarousel\" data-slider-center-mode=\"true\" data-slider-gap=\"10px\" data-slider-gap-tablet=\"10px\" data-slider-gap-mobile=\"10px\" data-show-pause-button=\"false\"><div class=\"splide__track\"><ul class=\"kt-blocks-carousel-init kb-blocks-fluid-carousel splide__list\"><li class=\"kb-slide-item kb-gallery-carousel-item splide__slide\"><div class=\"kadence-blocks-gallery-item\"><div class=\"kadence-blocks-gallery-item-inner\"><figure class=\"kb-gallery-figure kb-gallery-item-has-link kadence-blocks-gallery-item-hide-caption\"><a href=\"https:\/\/visitradgona.si\/wp-content\/uploads\/2024\/12\/Likovno-drustvo-Gornja-Radgona-1.jpeg\" class=\"kb-gallery-item-link\"   role=\"button\" aria-haspopup=\"dialog\"><div class=\"kb-gal-image-radius\"><div class=\"kb-gallery-image-contain\" ><img loading=\"lazy\" decoding=\"async\" src=\"https:\/\/visitradgona.si\/wp-content\/uploads\/2024\/12\/Likovno-drustvo-Gornja-Radgona-1.jpeg\" width=\"2048\" height=\"1366\" alt=\"\" data-full-image=\"https:\/\/visitradgona.si\/wp-content\/uploads\/2024\/12\/Likovno-drustvo-Gornja-Radgona-1.jpeg\" data-light-image=\"https:\/\/visitradgona.si\/wp-content\/uploads\/2024\/12\/Likovno-drustvo-Gornja-Radgona-1.jpeg\" data-id=\"4367\" class=\"wp-image-4367 skip-lazy\" srcset=\"https:\/\/visitradgona.si\/wp-content\/uploads\/2024\/12\/Likovno-drustvo-Gornja-Radgona-1.jpeg 2048w, https:\/\/visitradgona.si\/wp-content\/uploads\/2024\/12\/Likovno-drustvo-Gornja-Radgona-1-300x200.jpeg 300w, https:\/\/visitradgona.si\/wp-content\/uploads\/2024\/12\/Likovno-drustvo-Gornja-Radgona-1-1024x683.jpeg 1024w, https:\/\/visitradgona.si\/wp-content\/uploads\/2024\/12\/Likovno-drustvo-Gornja-Radgona-1-768x512.jpeg 768w, https:\/\/visitradgona.si\/wp-content\/uploads\/2024\/12\/Likovno-drustvo-Gornja-Radgona-1-1536x1025.jpeg 1536w\" sizes=\"auto, (max-width: 2048px) 100vw, 2048px\" \/><\/div><\/div><\/a><\/figure><\/div><\/div><\/li><li class=\"kb-slide-item kb-gallery-carousel-item splide__slide\"><div class=\"kadence-blocks-gallery-item\"><div class=\"kadence-blocks-gallery-item-inner\"><figure class=\"kb-gallery-figure kb-gallery-item-has-link kadence-blocks-gallery-item-hide-caption\"><a href=\"https:\/\/visitradgona.si\/wp-content\/uploads\/2024\/12\/Likovno-drustvo-Gornja-Radgona-2.jpg\" class=\"kb-gallery-item-link\"   role=\"button\" aria-haspopup=\"dialog\"><div class=\"kb-gal-image-radius\"><div class=\"kb-gallery-image-contain\" ><img loading=\"lazy\" decoding=\"async\" src=\"https:\/\/visitradgona.si\/wp-content\/uploads\/2024\/12\/Likovno-drustvo-Gornja-Radgona-2.jpg\" width=\"1684\" height=\"1120\" alt=\"\" data-full-image=\"https:\/\/visitradgona.si\/wp-content\/uploads\/2024\/12\/Likovno-drustvo-Gornja-Radgona-2.jpg\" data-light-image=\"https:\/\/visitradgona.si\/wp-content\/uploads\/2024\/12\/Likovno-drustvo-Gornja-Radgona-2.jpg\" data-id=\"4373\" class=\"wp-image-4373 skip-lazy\" srcset=\"https:\/\/visitradgona.si\/wp-content\/uploads\/2024\/12\/Likovno-drustvo-Gornja-Radgona-2.jpg 1684w, https:\/\/visitradgona.si\/wp-content\/uploads\/2024\/12\/Likovno-drustvo-Gornja-Radgona-2-300x200.jpg 300w, https:\/\/visitradgona.si\/wp-content\/uploads\/2024\/12\/Likovno-drustvo-Gornja-Radgona-2-1024x681.jpg 1024w, https:\/\/visitradgona.si\/wp-content\/uploads\/2024\/12\/Likovno-drustvo-Gornja-Radgona-2-768x511.jpg 768w, https:\/\/visitradgona.si\/wp-content\/uploads\/2024\/12\/Likovno-drustvo-Gornja-Radgona-2-1536x1022.jpg 1536w\" sizes=\"auto, (max-width: 1684px) 100vw, 1684px\" \/><\/div><\/div><\/a><\/figure><\/div><\/div><\/li><li class=\"kb-slide-item kb-gallery-carousel-item splide__slide\"><div class=\"kadence-blocks-gallery-item\"><div class=\"kadence-blocks-gallery-item-inner\"><figure class=\"kb-gallery-figure kb-gallery-item-has-link kadence-blocks-gallery-item-hide-caption\"><a href=\"https:\/\/visitradgona.si\/wp-content\/uploads\/2024\/12\/Likovno-drustvo-Gornja-Radgona-1.jpg\" class=\"kb-gallery-item-link\"   role=\"button\" aria-haspopup=\"dialog\"><div class=\"kb-gal-image-radius\"><div class=\"kb-gallery-image-contain\" ><img loading=\"lazy\" decoding=\"async\" src=\"https:\/\/visitradgona.si\/wp-content\/uploads\/2024\/12\/Likovno-drustvo-Gornja-Radgona-1.jpg\" width=\"1047\" height=\"2326\" alt=\"\" data-full-image=\"https:\/\/visitradgona.si\/wp-content\/uploads\/2024\/12\/Likovno-drustvo-Gornja-Radgona-1.jpg\" data-light-image=\"https:\/\/visitradgona.si\/wp-content\/uploads\/2024\/12\/Likovno-drustvo-Gornja-Radgona-1.jpg\" data-id=\"4370\" class=\"wp-image-4370 skip-lazy\" srcset=\"https:\/\/visitradgona.si\/wp-content\/uploads\/2024\/12\/Likovno-drustvo-Gornja-Radgona-1.jpg 1047w, https:\/\/visitradgona.si\/wp-content\/uploads\/2024\/12\/Likovno-drustvo-Gornja-Radgona-1-135x300.jpg 135w, https:\/\/visitradgona.si\/wp-content\/uploads\/2024\/12\/Likovno-drustvo-Gornja-Radgona-1-461x1024.jpg 461w, https:\/\/visitradgona.si\/wp-content\/uploads\/2024\/12\/Likovno-drustvo-Gornja-Radgona-1-768x1706.jpg 768w, https:\/\/visitradgona.si\/wp-content\/uploads\/2024\/12\/Likovno-drustvo-Gornja-Radgona-1-691x1536.jpg 691w, https:\/\/visitradgona.si\/wp-content\/uploads\/2024\/12\/Likovno-drustvo-Gornja-Radgona-1-922x2048.jpg 922w\" sizes=\"auto, (max-width: 1047px) 100vw, 1047px\" \/><\/div><\/div><\/a><\/figure><\/div><\/div><\/li><\/ul><\/div><\/div><\/div><\/div><\/div><\/div>\n\n<\/div><\/div>","protected":false},"excerpt":{"rendered":"<p>Local offer Likovno dru\u0161tvo Gornja Radgona Likovno dru\u0161tvo Gornja Radgona ima \u017ee dolgo, ve\u010dletno tradicijo v likovni umetnosti na vseh podro\u010djih. So medgeneracijska skupina, ki vklju\u010duje dijake, \u0161tudente, aktivne v delovnih razmerjih in upokojence. Danes jih \u0161teje 40 \u010dlanov.Dru\u0161tvo je mo\u010dno vpeto v lokalno okolje in sodelujejo z drugimi zavodi in dru\u0161tvi, niti jim niso&#8230;<\/p>\n","protected":false},"author":1,"featured_media":0,"parent":8873,"menu_order":0,"comment_status":"closed","ping_status":"closed","template":"","meta":{"_acf_changed":false,"_kad_blocks_custom_css":"","_kad_blocks_head_custom_js":"","_kad_blocks_body_custom_js":"","_kad_blocks_footer_custom_js":"","_kadence_starter_templates_imported_post":true,"_kad_post_transparent":"","_kad_post_title":"hide","_kad_post_layout":"fullwidth","_kad_post_sidebar_id":"","_kad_post_content_style":"unboxed","_kad_post_vertical_padding":"hide","_kad_post_feature":"hide","_kad_post_feature_position":"","_kad_post_header":false,"_kad_post_footer":false,"_kad_post_classname":"","footnotes":""},"class_list":["post-8912","page","type-page","status-publish","hentry"],"acf":[],"aioseo_notices":[],"taxonomy_info":[],"featured_image_src_large":false,"author_info":{"display_name":"Miha Borec","author_link":"https:\/\/visitradgona.si\/en\/author\/miha-borec\/"},"comment_info":0,"_links":{"self":[{"href":"https:\/\/visitradgona.si\/en\/wp-json\/wp\/v2\/pages\/8912","targetHints":{"allow":["GET"]}}],"collection":[{"href":"https:\/\/visitradgona.si\/en\/wp-json\/wp\/v2\/pages"}],"about":[{"href":"https:\/\/visitradgona.si\/en\/wp-json\/wp\/v2\/types\/page"}],"author":[{"embeddable":true,"href":"https:\/\/visitradgona.si\/en\/wp-json\/wp\/v2\/users\/1"}],"replies":[{"embeddable":true,"href":"https:\/\/visitradgona.si\/en\/wp-json\/wp\/v2\/comments?post=8912"}],"version-history":[{"count":0,"href":"https:\/\/visitradgona.si\/en\/wp-json\/wp\/v2\/pages\/8912\/revisions"}],"up":[{"embeddable":true,"href":"https:\/\/visitradgona.si\/en\/wp-json\/wp\/v2\/pages\/8873"}],"wp:attachment":[{"href":"https:\/\/visitradgona.si\/en\/wp-json\/wp\/v2\/media?parent=8912"}],"curies":[{"name":"wp","href":"https:\/\/api.w.org\/{rel}","templated":true}]}}