{"id":8900,"date":"2024-12-04T12:36:23","date_gmt":"2024-12-04T11:36:23","guid":{"rendered":"https:\/\/visitradgona.si\/lokalna-ponudba\/gostilna-picerija-in-pivnica-kostanj\/"},"modified":"2025-03-02T00:01:11","modified_gmt":"2025-03-01T23:01:11","slug":"gostilna-picerija-in-pivnica-kostanj","status":"publish","type":"page","link":"https:\/\/visitradgona.si\/en\/local-offer\/gostilna-picerija-in-pivnica-kostanj\/","title":{"rendered":"Gostilna, picerija in pivnica Kostanj"},"content":{"rendered":"<style>.kb-row-layout-id8900_e9e0d0-aa > .kt-row-column-wrap{align-content:start;}:where(.kb-row-layout-id8900_e9e0d0-aa > .kt-row-column-wrap) > .wp-block-kadence-column{justify-content:start;}.kb-row-layout-id8900_e9e0d0-aa > .kt-row-column-wrap{column-gap:var(--global-kb-gap-md, 2rem);row-gap:var(--global-kb-gap-md, 2rem);max-width:var( --global-content-width, 1290px );padding-left:var(--global-content-edge-padding);padding-right:var(--global-content-edge-padding);padding-right:20px;padding-bottom:120px;padding-left:20px;min-height:50vh;grid-template-columns:minmax(0, calc(52% - ((var(--global-kb-gap-md, 2rem) * 1 )\/2)))minmax(0, calc(48% - ((var(--global-kb-gap-md, 2rem) * 1 )\/2)));}.kb-row-layout-id8900_e9e0d0-aa{background-image:url('https:\/\/visitradgona.si\/wp-content\/uploads\/2024\/12\/VisitRadgona-cover-photo_0018_Kostanj-3.jpg');background-size:cover;background-position:50% 70%;background-attachment:scroll;background-repeat:no-repeat;}.kb-row-layout-id8900_e9e0d0-aa > .kt-row-layout-overlay{opacity:0.30;}@media all and (max-width: 1024px){.kb-row-layout-id8900_e9e0d0-aa > .kt-row-column-wrap{padding-top:60px;padding-right:90px;padding-bottom:60px;padding-left:90px;grid-template-columns:minmax(0, 1fr);}}@media all and (max-width: 767px){.kb-row-layout-id8900_e9e0d0-aa > .kt-row-column-wrap{padding-top:60px;padding-right:20px;padding-bottom:40px;padding-left:20px;grid-template-columns:minmax(0, 1fr);}}<\/style><div class=\"kb-row-layout-wrap kb-row-layout-id8900_e9e0d0-aa alignnone kt-row-has-bg wp-block-kadence-rowlayout\"><div class=\"kt-row-column-wrap kt-has-2-columns kt-row-layout-left-golden kt-tab-layout-row kt-mobile-layout-row kt-row-valign-top kb-theme-content-width\">\n<style>.kadence-column8900_3743c6-92 > .kt-inside-inner-col{padding-right:0px;padding-left:0px;}.kadence-column8900_3743c6-92 > .kt-inside-inner-col,.kadence-column8900_3743c6-92 > .kt-inside-inner-col:before{border-top-left-radius:0px;border-top-right-radius:0px;border-bottom-right-radius:0px;border-bottom-left-radius:0px;}.kadence-column8900_3743c6-92 > .kt-inside-inner-col{column-gap:var(--global-kb-gap-sm, 1rem);}.kadence-column8900_3743c6-92 > .kt-inside-inner-col{flex-direction:column;}.kadence-column8900_3743c6-92 > .kt-inside-inner-col > .aligncenter{width:100%;}.kadence-column8900_3743c6-92 > .kt-inside-inner-col:before{opacity:0.3;}.kadence-column8900_3743c6-92{position:relative;}.kadence-column8900_3743c6-92, .kt-inside-inner-col > .kadence-column8900_3743c6-92:not(.specificity){margin-right:90px;margin-left:10px;}@media all and (max-width: 1024px){.kadence-column8900_3743c6-92 > .kt-inside-inner-col{padding-top:0px;padding-right:60px;padding-bottom:0px;padding-left:60px;flex-direction:column;justify-content:center;}}@media all and (max-width: 1024px){.kadence-column8900_3743c6-92, .kt-inside-inner-col > .kadence-column8900_3743c6-92:not(.specificity){margin-top:0px;margin-right:0px;margin-bottom:0px;margin-left:0px;}}@media all and (max-width: 767px){.kadence-column8900_3743c6-92 > .kt-inside-inner-col{padding-right:0px;padding-left:0px;flex-direction:column;justify-content:center;}.kadence-column8900_3743c6-92, .kt-inside-inner-col > .kadence-column8900_3743c6-92:not(.specificity){margin-right:0px;margin-left:0px;}}<\/style>\n<div class=\"wp-block-kadence-column kadence-column8900_3743c6-92 inner-column-1\"><div class=\"kt-inside-inner-col\"><\/div><\/div>\n\n\n<style>.kadence-column8900_3c837b-63 > .kt-inside-inner-col,.kadence-column8900_3c837b-63 > .kt-inside-inner-col:before{border-top-left-radius:0px;border-top-right-radius:0px;border-bottom-right-radius:0px;border-bottom-left-radius:0px;}.kadence-column8900_3c837b-63 > .kt-inside-inner-col{column-gap:var(--global-kb-gap-sm, 1rem);}.kadence-column8900_3c837b-63 > .kt-inside-inner-col{flex-direction:column;}.kadence-column8900_3c837b-63 > .kt-inside-inner-col > .aligncenter{width:100%;}.kadence-column8900_3c837b-63 > .kt-inside-inner-col:before{opacity:0.3;}.kadence-column8900_3c837b-63{position:relative;}@media all and (max-width: 1024px){.kadence-column8900_3c837b-63 > .kt-inside-inner-col{flex-direction:column;justify-content:center;}}@media all and (max-width: 767px){.kadence-column8900_3c837b-63 > .kt-inside-inner-col{flex-direction:column;justify-content:center;}}<\/style>\n<div class=\"wp-block-kadence-column kadence-column8900_3c837b-63 kvs-md-false kvs-sm-false inner-column-2\"><div class=\"kt-inside-inner-col\"><\/div><\/div>\n\n<\/div><\/div>\n\n<style>.kb-row-layout-id8900_c2eea2-7e > .kt-row-column-wrap{align-content:start;}:where(.kb-row-layout-id8900_c2eea2-7e > .kt-row-column-wrap) > .wp-block-kadence-column{justify-content:start;}.kb-row-layout-id8900_c2eea2-7e > .kt-row-column-wrap{column-gap:var(--global-kb-gap-md, 2rem);row-gap:var(--global-kb-gap-md, 2rem);max-width:var( --global-content-width, 1290px );padding-left:var(--global-content-edge-padding);padding-right:var(--global-content-edge-padding);padding-top:60px;padding-right:20px;padding-bottom:80px;padding-left:20px;grid-template-columns:minmax(0, 1fr);}.kb-row-layout-id8900_c2eea2-7e > .kt-row-layout-overlay{opacity:0.30;}@media all and (max-width: 1024px){.kb-row-layout-id8900_c2eea2-7e > .kt-row-column-wrap{grid-template-columns:minmax(0, 1fr);}}@media all and (max-width: 767px){.kb-row-layout-id8900_c2eea2-7e > .kt-row-column-wrap{grid-template-columns:minmax(0, 1fr);}}<\/style><div class=\"kb-row-layout-wrap kb-row-layout-id8900_c2eea2-7e alignfull wp-block-kadence-rowlayout\"><div class=\"kt-row-column-wrap kt-has-1-columns kt-row-layout-equal kt-tab-layout-inherit kt-mobile-layout-row kt-row-valign-top kb-theme-content-width\">\n<style>.kadence-column8900_3b52e5-08 > .kt-inside-inner-col,.kadence-column8900_3b52e5-08 > .kt-inside-inner-col:before{border-top-left-radius:0px;border-top-right-radius:0px;border-bottom-right-radius:0px;border-bottom-left-radius:0px;}.kadence-column8900_3b52e5-08 > .kt-inside-inner-col{column-gap:var(--global-kb-gap-sm, 1rem);}.kadence-column8900_3b52e5-08 > .kt-inside-inner-col{flex-direction:column;}.kadence-column8900_3b52e5-08 > .kt-inside-inner-col > .aligncenter{width:100%;}.kadence-column8900_3b52e5-08 > .kt-inside-inner-col:before{opacity:0.3;}.kadence-column8900_3b52e5-08{position:relative;}@media all and (max-width: 1024px){.kadence-column8900_3b52e5-08 > .kt-inside-inner-col{flex-direction:column;justify-content:center;}}@media all and (max-width: 767px){.kadence-column8900_3b52e5-08 > .kt-inside-inner-col{flex-direction:column;justify-content:center;}}<\/style>\n<div class=\"wp-block-kadence-column kadence-column8900_3b52e5-08\"><div class=\"kt-inside-inner-col\"><style>.wp-block-kadence-advancedheading.kt-adv-heading8900_179372-c8, .wp-block-kadence-advancedheading.kt-adv-heading8900_179372-c8[data-kb-block=\"kb-adv-heading8900_179372-c8\"]{font-style:normal;}.wp-block-kadence-advancedheading.kt-adv-heading8900_179372-c8 mark.kt-highlight, .wp-block-kadence-advancedheading.kt-adv-heading8900_179372-c8[data-kb-block=\"kb-adv-heading8900_179372-c8\"] mark.kt-highlight{font-style:normal;color:#f76a0c;-webkit-box-decoration-break:clone;box-decoration-break:clone;padding-top:0px;padding-right:0px;padding-bottom:0px;padding-left:0px;}.wp-block-kadence-advancedheading.kt-adv-heading8900_179372-c8 img.kb-inline-image, .wp-block-kadence-advancedheading.kt-adv-heading8900_179372-c8[data-kb-block=\"kb-adv-heading8900_179372-c8\"] img.kb-inline-image{width:150px;vertical-align:baseline;}@media all and (max-width: 1024px){.wp-block-kadence-advancedheading.kt-adv-heading8900_179372-c8, .wp-block-kadence-advancedheading.kt-adv-heading8900_179372-c8[data-kb-block=\"kb-adv-heading8900_179372-c8\"]{text-align:left!important;}}<\/style>\n<h6 class=\"kt-adv-heading8900_179372-c8 wp-block-kadence-advancedheading\" data-kb-block=\"kb-adv-heading8900_179372-c8\">Local offer<\/h6>\n\n\n<style>.wp-block-kadence-advancedheading.kt-adv-heading8900_ab8518-a8, .wp-block-kadence-advancedheading.kt-adv-heading8900_ab8518-a8[data-kb-block=\"kb-adv-heading8900_ab8518-a8\"]{margin-bottom:30px;font-style:normal;}.wp-block-kadence-advancedheading.kt-adv-heading8900_ab8518-a8 mark.kt-highlight, .wp-block-kadence-advancedheading.kt-adv-heading8900_ab8518-a8[data-kb-block=\"kb-adv-heading8900_ab8518-a8\"] mark.kt-highlight{font-style:normal;color:#f76a0c;-webkit-box-decoration-break:clone;box-decoration-break:clone;padding-top:0px;padding-right:0px;padding-bottom:0px;padding-left:0px;}.wp-block-kadence-advancedheading.kt-adv-heading8900_ab8518-a8 img.kb-inline-image, .wp-block-kadence-advancedheading.kt-adv-heading8900_ab8518-a8[data-kb-block=\"kb-adv-heading8900_ab8518-a8\"] img.kb-inline-image{width:150px;vertical-align:baseline;}@media all and (max-width: 1024px){.wp-block-kadence-advancedheading.kt-adv-heading8900_ab8518-a8, .wp-block-kadence-advancedheading.kt-adv-heading8900_ab8518-a8[data-kb-block=\"kb-adv-heading8900_ab8518-a8\"]{text-align:left!important;}}@media all and (max-width: 767px){.wp-block-kadence-advancedheading.kt-adv-heading8900_ab8518-a8, .wp-block-kadence-advancedheading.kt-adv-heading8900_ab8518-a8[data-kb-block=\"kb-adv-heading8900_ab8518-a8\"]{padding-top:0px;padding-right:0px;padding-bottom:0px;padding-left:0px;}}<\/style>\n<h1 class=\"kt-adv-heading8900_ab8518-a8 wp-block-kadence-advancedheading\" data-kb-block=\"kb-adv-heading8900_ab8518-a8\">Gostilna, picerija in pivnica Kostanj<\/h1>\n\n\n\n<p>Okusne jedi iz doma\u010de kuhinje Gostilne in picerije Kostanj \u017ee od leta 1997 zadovoljujejo razli\u010dne okuse. Pestri izbiri hrane se je leta 1999 pridru\u017eila tudi doma\u010da PIVOVARNA, ki vari vrhunsko svetlo in temno pivo. Skupaj tvorita kulinari\u010dno do\u017eivetje v osr\u010dju Radgonsko-Kapelskih vinogradov. Veselijo se va\u0161ega obiska ter vam \u017eelijo obilo dobrega po\u010dutja v njihovem lokalu. Kolektiv picerije Kostanj.<\/p>\n\n\n<style>.kb-gallery-wrap-id-8900_7117e9-34.wp-block-kadence-advancedgallery{overflow:visible;}.kb-gallery-wrap-id-8900_7117e9-34.wp-block-kadence-advancedgallery .kt-blocks-carousel{overflow:visible;max-width:100%;}<\/style><div class=\"kb-gallery-wrap-id-8900_7117e9-34 alignnone wp-block-kadence-advancedgallery\"><div class=\"kb-gallery-ul kb-gallery-non-static kb-gallery-type-fluidcarousel kb-gallery-id-8900_7117e9-34 kb-gallery-caption-style-bottom-hover kb-gallery-filter-none kb-gallery-magnific-init\" data-image-filter=\"none\" data-lightbox-caption=\"false\"><div class=\"kt-blocks-carousel splide kt-carousel-container-dotstyle-none kt-carousel-arrowstyle-blackonlight kt-carousel-dotstyle-none kb-slider-group-arrow kb-slider-arrow-position-center\" data-slider-anim-speed=\"400\" data-slider-scroll=\"1\" data-slider-arrows=\"true\" data-slider-dots=\"false\" data-slider-hover-pause=\"false\" data-slider-auto=\"\" data-slider-speed=\"7000\" data-slider-type=\"fluidcarousel\" data-slider-center-mode=\"true\" data-slider-gap=\"10px\" data-slider-gap-tablet=\"10px\" data-slider-gap-mobile=\"10px\" data-show-pause-button=\"false\"><div class=\"splide__track\"><ul class=\"kt-blocks-carousel-init kb-blocks-fluid-carousel splide__list\"><li class=\"kb-slide-item kb-gallery-carousel-item splide__slide\"><div class=\"kadence-blocks-gallery-item\"><div class=\"kadence-blocks-gallery-item-inner\"><figure class=\"kb-gallery-figure kb-gallery-item-has-link kadence-blocks-gallery-item-hide-caption\"><a href=\"https:\/\/visitradgona.si\/wp-content\/uploads\/2024\/12\/Gostilna-picerija-in-pivnica-Kostanj-4.jpg\" class=\"kb-gallery-item-link\"   role=\"button\" aria-haspopup=\"dialog\"><div class=\"kb-gal-image-radius\"><div class=\"kb-gallery-image-contain\" ><img loading=\"lazy\" decoding=\"async\" src=\"https:\/\/visitradgona.si\/wp-content\/uploads\/2024\/12\/Gostilna-picerija-in-pivnica-Kostanj-4.jpg\" width=\"1421\" height=\"1021\" alt=\"\" data-full-image=\"https:\/\/visitradgona.si\/wp-content\/uploads\/2024\/12\/Gostilna-picerija-in-pivnica-Kostanj-4.jpg\" data-light-image=\"https:\/\/visitradgona.si\/wp-content\/uploads\/2024\/12\/Gostilna-picerija-in-pivnica-Kostanj-4.jpg\" data-id=\"4434\" class=\"wp-image-4434 skip-lazy\" srcset=\"https:\/\/visitradgona.si\/wp-content\/uploads\/2024\/12\/Gostilna-picerija-in-pivnica-Kostanj-4.jpg 1421w, https:\/\/visitradgona.si\/wp-content\/uploads\/2024\/12\/Gostilna-picerija-in-pivnica-Kostanj-4-300x216.jpg 300w, https:\/\/visitradgona.si\/wp-content\/uploads\/2024\/12\/Gostilna-picerija-in-pivnica-Kostanj-4-1024x736.jpg 1024w, https:\/\/visitradgona.si\/wp-content\/uploads\/2024\/12\/Gostilna-picerija-in-pivnica-Kostanj-4-768x552.jpg 768w\" sizes=\"auto, (max-width: 1421px) 100vw, 1421px\" \/><\/div><\/div><\/a><\/figure><\/div><\/div><\/li><li class=\"kb-slide-item kb-gallery-carousel-item splide__slide\"><div class=\"kadence-blocks-gallery-item\"><div class=\"kadence-blocks-gallery-item-inner\"><figure class=\"kb-gallery-figure kb-gallery-item-has-link kadence-blocks-gallery-item-hide-caption\"><a href=\"https:\/\/visitradgona.si\/wp-content\/uploads\/2024\/12\/Gostilna-picerija-in-pivnica-Kostanj-1.jpg\" class=\"kb-gallery-item-link\"   role=\"button\" aria-haspopup=\"dialog\"><div class=\"kb-gal-image-radius\"><div class=\"kb-gallery-image-contain\" ><img loading=\"lazy\" decoding=\"async\" src=\"https:\/\/visitradgona.si\/wp-content\/uploads\/2024\/12\/Gostilna-picerija-in-pivnica-Kostanj-1.jpg\" width=\"1000\" height=\"641\" alt=\"\" data-full-image=\"https:\/\/visitradgona.si\/wp-content\/uploads\/2024\/12\/Gostilna-picerija-in-pivnica-Kostanj-1.jpg\" data-light-image=\"https:\/\/visitradgona.si\/wp-content\/uploads\/2024\/12\/Gostilna-picerija-in-pivnica-Kostanj-1.jpg\" data-id=\"4425\" class=\"wp-image-4425 skip-lazy\" srcset=\"https:\/\/visitradgona.si\/wp-content\/uploads\/2024\/12\/Gostilna-picerija-in-pivnica-Kostanj-1.jpg 1000w, https:\/\/visitradgona.si\/wp-content\/uploads\/2024\/12\/Gostilna-picerija-in-pivnica-Kostanj-1-300x192.jpg 300w, https:\/\/visitradgona.si\/wp-content\/uploads\/2024\/12\/Gostilna-picerija-in-pivnica-Kostanj-1-768x492.jpg 768w\" sizes=\"auto, (max-width: 1000px) 100vw, 1000px\" \/><\/div><\/div><\/a><\/figure><\/div><\/div><\/li><li class=\"kb-slide-item kb-gallery-carousel-item splide__slide\"><div class=\"kadence-blocks-gallery-item\"><div class=\"kadence-blocks-gallery-item-inner\"><figure class=\"kb-gallery-figure kb-gallery-item-has-link kadence-blocks-gallery-item-hide-caption\"><a href=\"https:\/\/visitradgona.si\/wp-content\/uploads\/2024\/12\/Gostilna-picerija-in-pivnica-Kostanj-3.jpg\" class=\"kb-gallery-item-link\"   role=\"button\" aria-haspopup=\"dialog\"><div class=\"kb-gal-image-radius\"><div class=\"kb-gallery-image-contain\" ><img loading=\"lazy\" decoding=\"async\" src=\"https:\/\/visitradgona.si\/wp-content\/uploads\/2024\/12\/Gostilna-picerija-in-pivnica-Kostanj-3.jpg\" width=\"1536\" height=\"2048\" alt=\"\" data-full-image=\"https:\/\/visitradgona.si\/wp-content\/uploads\/2024\/12\/Gostilna-picerija-in-pivnica-Kostanj-3.jpg\" data-light-image=\"https:\/\/visitradgona.si\/wp-content\/uploads\/2024\/12\/Gostilna-picerija-in-pivnica-Kostanj-3.jpg\" data-id=\"4431\" class=\"wp-image-4431 skip-lazy\" srcset=\"https:\/\/visitradgona.si\/wp-content\/uploads\/2024\/12\/Gostilna-picerija-in-pivnica-Kostanj-3.jpg 1536w, https:\/\/visitradgona.si\/wp-content\/uploads\/2024\/12\/Gostilna-picerija-in-pivnica-Kostanj-3-225x300.jpg 225w, https:\/\/visitradgona.si\/wp-content\/uploads\/2024\/12\/Gostilna-picerija-in-pivnica-Kostanj-3-768x1024.jpg 768w, https:\/\/visitradgona.si\/wp-content\/uploads\/2024\/12\/Gostilna-picerija-in-pivnica-Kostanj-3-1152x1536.jpg 1152w\" sizes=\"auto, (max-width: 1536px) 100vw, 1536px\" \/><\/div><\/div><\/a><\/figure><\/div><\/div><\/li><li class=\"kb-slide-item kb-gallery-carousel-item splide__slide\"><div class=\"kadence-blocks-gallery-item\"><div class=\"kadence-blocks-gallery-item-inner\"><figure class=\"kb-gallery-figure kb-gallery-item-has-link kadence-blocks-gallery-item-hide-caption\"><a href=\"https:\/\/visitradgona.si\/wp-content\/uploads\/2024\/12\/Gostilna-picerija-in-pivnica-Kostanj-2.jpg\" class=\"kb-gallery-item-link\"   role=\"button\" aria-haspopup=\"dialog\"><div class=\"kb-gal-image-radius\"><div class=\"kb-gallery-image-contain\" ><img loading=\"lazy\" decoding=\"async\" src=\"https:\/\/visitradgona.si\/wp-content\/uploads\/2024\/12\/Gostilna-picerija-in-pivnica-Kostanj-2.jpg\" width=\"2048\" height=\"1536\" alt=\"\" data-full-image=\"https:\/\/visitradgona.si\/wp-content\/uploads\/2024\/12\/Gostilna-picerija-in-pivnica-Kostanj-2.jpg\" data-light-image=\"https:\/\/visitradgona.si\/wp-content\/uploads\/2024\/12\/Gostilna-picerija-in-pivnica-Kostanj-2.jpg\" data-id=\"4428\" class=\"wp-image-4428 skip-lazy\" srcset=\"https:\/\/visitradgona.si\/wp-content\/uploads\/2024\/12\/Gostilna-picerija-in-pivnica-Kostanj-2.jpg 2048w, https:\/\/visitradgona.si\/wp-content\/uploads\/2024\/12\/Gostilna-picerija-in-pivnica-Kostanj-2-300x225.jpg 300w, https:\/\/visitradgona.si\/wp-content\/uploads\/2024\/12\/Gostilna-picerija-in-pivnica-Kostanj-2-1024x768.jpg 1024w, https:\/\/visitradgona.si\/wp-content\/uploads\/2024\/12\/Gostilna-picerija-in-pivnica-Kostanj-2-768x576.jpg 768w, https:\/\/visitradgona.si\/wp-content\/uploads\/2024\/12\/Gostilna-picerija-in-pivnica-Kostanj-2-1536x1152.jpg 1536w\" sizes=\"auto, (max-width: 2048px) 100vw, 2048px\" \/><\/div><\/div><\/a><\/figure><\/div><\/div><\/li><\/ul><\/div><\/div><\/div><\/div><\/div><\/div>\n\n<\/div><\/div>","protected":false},"excerpt":{"rendered":"<p>Local offer Gostilna, picerija in pivnica Kostanj Okusne jedi iz doma\u010de kuhinje Gostilne in picerije Kostanj \u017ee od leta 1997 zadovoljujejo razli\u010dne okuse. Pestri izbiri hrane se je leta 1999 pridru\u017eila tudi doma\u010da PIVOVARNA, ki vari vrhunsko svetlo in temno pivo. Skupaj tvorita kulinari\u010dno do\u017eivetje v osr\u010dju Radgonsko-Kapelskih vinogradov. Veselijo se va\u0161ega obiska ter vam&#8230;<\/p>\n","protected":false},"author":1,"featured_media":0,"parent":8873,"menu_order":0,"comment_status":"closed","ping_status":"closed","template":"","meta":{"_acf_changed":false,"_kad_blocks_custom_css":"","_kad_blocks_head_custom_js":"","_kad_blocks_body_custom_js":"","_kad_blocks_footer_custom_js":"","_kadence_starter_templates_imported_post":true,"_kad_post_transparent":"","_kad_post_title":"hide","_kad_post_layout":"fullwidth","_kad_post_sidebar_id":"","_kad_post_content_style":"unboxed","_kad_post_vertical_padding":"hide","_kad_post_feature":"hide","_kad_post_feature_position":"","_kad_post_header":false,"_kad_post_footer":false,"_kad_post_classname":"","footnotes":""},"class_list":["post-8900","page","type-page","status-publish","hentry"],"acf":[],"aioseo_notices":[],"taxonomy_info":[],"featured_image_src_large":false,"author_info":{"display_name":"Miha Borec","author_link":"https:\/\/visitradgona.si\/en\/author\/miha-borec\/"},"comment_info":0,"_links":{"self":[{"href":"https:\/\/visitradgona.si\/en\/wp-json\/wp\/v2\/pages\/8900","targetHints":{"allow":["GET"]}}],"collection":[{"href":"https:\/\/visitradgona.si\/en\/wp-json\/wp\/v2\/pages"}],"about":[{"href":"https:\/\/visitradgona.si\/en\/wp-json\/wp\/v2\/types\/page"}],"author":[{"embeddable":true,"href":"https:\/\/visitradgona.si\/en\/wp-json\/wp\/v2\/users\/1"}],"replies":[{"embeddable":true,"href":"https:\/\/visitradgona.si\/en\/wp-json\/wp\/v2\/comments?post=8900"}],"version-history":[{"count":0,"href":"https:\/\/visitradgona.si\/en\/wp-json\/wp\/v2\/pages\/8900\/revisions"}],"up":[{"embeddable":true,"href":"https:\/\/visitradgona.si\/en\/wp-json\/wp\/v2\/pages\/8873"}],"wp:attachment":[{"href":"https:\/\/visitradgona.si\/en\/wp-json\/wp\/v2\/media?parent=8900"}],"curies":[{"name":"wp","href":"https:\/\/api.w.org\/{rel}","templated":true}]}}