{"id":8892,"date":"2024-12-04T12:29:52","date_gmt":"2024-12-04T11:29:52","guid":{"rendered":"https:\/\/visitradgona.si\/lokalna-ponudba\/ekoloska-kmetija-persa\/"},"modified":"2025-03-02T00:04:16","modified_gmt":"2025-03-01T23:04:16","slug":"ekoloska-kmetija-persa","status":"publish","type":"page","link":"https:\/\/visitradgona.si\/en\/local-offer\/ekoloska-kmetija-persa\/","title":{"rendered":"Ekolo\u0161ka kmetija Per\u0161a"},"content":{"rendered":"<style>.kb-row-layout-id8892_864f48-8a > .kt-row-column-wrap{align-content:start;}:where(.kb-row-layout-id8892_864f48-8a > .kt-row-column-wrap) > .wp-block-kadence-column{justify-content:start;}.kb-row-layout-id8892_864f48-8a > .kt-row-column-wrap{column-gap:var(--global-kb-gap-md, 2rem);row-gap:var(--global-kb-gap-md, 2rem);max-width:var( --global-content-width, 1290px );padding-left:var(--global-content-edge-padding);padding-right:var(--global-content-edge-padding);padding-right:20px;padding-bottom:120px;padding-left:20px;min-height:50vh;grid-template-columns:minmax(0, calc(52% - ((var(--global-kb-gap-md, 2rem) * 1 )\/2)))minmax(0, calc(48% - ((var(--global-kb-gap-md, 2rem) * 1 )\/2)));}.kb-row-layout-id8892_864f48-8a{background-image:url('https:\/\/visitradgona.si\/wp-content\/uploads\/2024\/12\/VisitRadgona-cover-photo_0022_Persa-3.jpg');background-size:cover;background-position:50% 45%;background-attachment:scroll;background-repeat:no-repeat;}.kb-row-layout-id8892_864f48-8a > .kt-row-layout-overlay{opacity:0.30;}@media all and (max-width: 1024px){.kb-row-layout-id8892_864f48-8a > .kt-row-column-wrap{padding-top:60px;padding-right:90px;padding-bottom:60px;padding-left:90px;grid-template-columns:minmax(0, 1fr);}}@media all and (max-width: 767px){.kb-row-layout-id8892_864f48-8a > .kt-row-column-wrap{padding-top:60px;padding-right:20px;padding-bottom:40px;padding-left:20px;grid-template-columns:minmax(0, 1fr);}}<\/style><div class=\"kb-row-layout-wrap kb-row-layout-id8892_864f48-8a alignnone kt-row-has-bg wp-block-kadence-rowlayout\"><div class=\"kt-row-column-wrap kt-has-2-columns kt-row-layout-left-golden kt-tab-layout-row kt-mobile-layout-row kt-row-valign-top kb-theme-content-width\">\n<style>.kadence-column8892_975d5a-27 > .kt-inside-inner-col{padding-right:0px;padding-left:0px;}.kadence-column8892_975d5a-27 > .kt-inside-inner-col,.kadence-column8892_975d5a-27 > .kt-inside-inner-col:before{border-top-left-radius:0px;border-top-right-radius:0px;border-bottom-right-radius:0px;border-bottom-left-radius:0px;}.kadence-column8892_975d5a-27 > .kt-inside-inner-col{column-gap:var(--global-kb-gap-sm, 1rem);}.kadence-column8892_975d5a-27 > .kt-inside-inner-col{flex-direction:column;}.kadence-column8892_975d5a-27 > .kt-inside-inner-col > .aligncenter{width:100%;}.kadence-column8892_975d5a-27 > .kt-inside-inner-col:before{opacity:0.3;}.kadence-column8892_975d5a-27{position:relative;}.kadence-column8892_975d5a-27, .kt-inside-inner-col > .kadence-column8892_975d5a-27:not(.specificity){margin-right:90px;margin-left:10px;}@media all and (max-width: 1024px){.kadence-column8892_975d5a-27 > .kt-inside-inner-col{padding-top:0px;padding-right:60px;padding-bottom:0px;padding-left:60px;flex-direction:column;justify-content:center;}}@media all and (max-width: 1024px){.kadence-column8892_975d5a-27, .kt-inside-inner-col > .kadence-column8892_975d5a-27:not(.specificity){margin-top:0px;margin-right:0px;margin-bottom:0px;margin-left:0px;}}@media all and (max-width: 767px){.kadence-column8892_975d5a-27 > .kt-inside-inner-col{padding-right:0px;padding-left:0px;flex-direction:column;justify-content:center;}.kadence-column8892_975d5a-27, .kt-inside-inner-col > .kadence-column8892_975d5a-27:not(.specificity){margin-right:0px;margin-left:0px;}}<\/style>\n<div class=\"wp-block-kadence-column kadence-column8892_975d5a-27 inner-column-1\"><div class=\"kt-inside-inner-col\"><\/div><\/div>\n\n\n<style>.kadence-column8892_64d193-a0 > .kt-inside-inner-col,.kadence-column8892_64d193-a0 > .kt-inside-inner-col:before{border-top-left-radius:0px;border-top-right-radius:0px;border-bottom-right-radius:0px;border-bottom-left-radius:0px;}.kadence-column8892_64d193-a0 > .kt-inside-inner-col{column-gap:var(--global-kb-gap-sm, 1rem);}.kadence-column8892_64d193-a0 > .kt-inside-inner-col{flex-direction:column;}.kadence-column8892_64d193-a0 > .kt-inside-inner-col > .aligncenter{width:100%;}.kadence-column8892_64d193-a0 > .kt-inside-inner-col:before{opacity:0.3;}.kadence-column8892_64d193-a0{position:relative;}@media all and (max-width: 1024px){.kadence-column8892_64d193-a0 > .kt-inside-inner-col{flex-direction:column;justify-content:center;}}@media all and (max-width: 767px){.kadence-column8892_64d193-a0 > .kt-inside-inner-col{flex-direction:column;justify-content:center;}}<\/style>\n<div class=\"wp-block-kadence-column kadence-column8892_64d193-a0 kvs-md-false kvs-sm-false inner-column-2\"><div class=\"kt-inside-inner-col\"><\/div><\/div>\n\n<\/div><\/div>\n\n<style>.kb-row-layout-id8892_67309b-55 > .kt-row-column-wrap{align-content:start;}:where(.kb-row-layout-id8892_67309b-55 > .kt-row-column-wrap) > .wp-block-kadence-column{justify-content:start;}.kb-row-layout-id8892_67309b-55 > .kt-row-column-wrap{column-gap:var(--global-kb-gap-md, 2rem);row-gap:var(--global-kb-gap-md, 2rem);max-width:var( --global-content-width, 1290px );padding-left:var(--global-content-edge-padding);padding-right:var(--global-content-edge-padding);padding-top:60px;padding-right:20px;padding-bottom:80px;padding-left:20px;grid-template-columns:minmax(0, 1fr);}.kb-row-layout-id8892_67309b-55 > .kt-row-layout-overlay{opacity:0.30;}@media all and (max-width: 1024px){.kb-row-layout-id8892_67309b-55 > .kt-row-column-wrap{grid-template-columns:minmax(0, 1fr);}}@media all and (max-width: 767px){.kb-row-layout-id8892_67309b-55 > .kt-row-column-wrap{grid-template-columns:minmax(0, 1fr);}}<\/style><div class=\"kb-row-layout-wrap kb-row-layout-id8892_67309b-55 alignfull wp-block-kadence-rowlayout\"><div class=\"kt-row-column-wrap kt-has-1-columns kt-row-layout-equal kt-tab-layout-inherit kt-mobile-layout-row kt-row-valign-top kb-theme-content-width\">\n<style>.kadence-column8892_a49cfc-f1 > .kt-inside-inner-col,.kadence-column8892_a49cfc-f1 > .kt-inside-inner-col:before{border-top-left-radius:0px;border-top-right-radius:0px;border-bottom-right-radius:0px;border-bottom-left-radius:0px;}.kadence-column8892_a49cfc-f1 > .kt-inside-inner-col{column-gap:var(--global-kb-gap-sm, 1rem);}.kadence-column8892_a49cfc-f1 > .kt-inside-inner-col{flex-direction:column;}.kadence-column8892_a49cfc-f1 > .kt-inside-inner-col > .aligncenter{width:100%;}.kadence-column8892_a49cfc-f1 > .kt-inside-inner-col:before{opacity:0.3;}.kadence-column8892_a49cfc-f1{position:relative;}@media all and (max-width: 1024px){.kadence-column8892_a49cfc-f1 > .kt-inside-inner-col{flex-direction:column;justify-content:center;}}@media all and (max-width: 767px){.kadence-column8892_a49cfc-f1 > .kt-inside-inner-col{flex-direction:column;justify-content:center;}}<\/style>\n<div class=\"wp-block-kadence-column kadence-column8892_a49cfc-f1\"><div class=\"kt-inside-inner-col\"><style>.wp-block-kadence-advancedheading.kt-adv-heading8892_115b59-5e, .wp-block-kadence-advancedheading.kt-adv-heading8892_115b59-5e[data-kb-block=\"kb-adv-heading8892_115b59-5e\"]{font-style:normal;}.wp-block-kadence-advancedheading.kt-adv-heading8892_115b59-5e mark.kt-highlight, .wp-block-kadence-advancedheading.kt-adv-heading8892_115b59-5e[data-kb-block=\"kb-adv-heading8892_115b59-5e\"] mark.kt-highlight{font-style:normal;color:#f76a0c;-webkit-box-decoration-break:clone;box-decoration-break:clone;padding-top:0px;padding-right:0px;padding-bottom:0px;padding-left:0px;}.wp-block-kadence-advancedheading.kt-adv-heading8892_115b59-5e img.kb-inline-image, .wp-block-kadence-advancedheading.kt-adv-heading8892_115b59-5e[data-kb-block=\"kb-adv-heading8892_115b59-5e\"] img.kb-inline-image{width:150px;vertical-align:baseline;}@media all and (max-width: 1024px){.wp-block-kadence-advancedheading.kt-adv-heading8892_115b59-5e, .wp-block-kadence-advancedheading.kt-adv-heading8892_115b59-5e[data-kb-block=\"kb-adv-heading8892_115b59-5e\"]{text-align:left!important;}}<\/style>\n<h6 class=\"kt-adv-heading8892_115b59-5e wp-block-kadence-advancedheading\" data-kb-block=\"kb-adv-heading8892_115b59-5e\">Local offer<\/h6>\n\n\n<style>.wp-block-kadence-advancedheading.kt-adv-heading8892_e3023a-97, .wp-block-kadence-advancedheading.kt-adv-heading8892_e3023a-97[data-kb-block=\"kb-adv-heading8892_e3023a-97\"]{margin-bottom:30px;font-style:normal;}.wp-block-kadence-advancedheading.kt-adv-heading8892_e3023a-97 mark.kt-highlight, .wp-block-kadence-advancedheading.kt-adv-heading8892_e3023a-97[data-kb-block=\"kb-adv-heading8892_e3023a-97\"] mark.kt-highlight{font-style:normal;color:#f76a0c;-webkit-box-decoration-break:clone;box-decoration-break:clone;padding-top:0px;padding-right:0px;padding-bottom:0px;padding-left:0px;}.wp-block-kadence-advancedheading.kt-adv-heading8892_e3023a-97 img.kb-inline-image, .wp-block-kadence-advancedheading.kt-adv-heading8892_e3023a-97[data-kb-block=\"kb-adv-heading8892_e3023a-97\"] img.kb-inline-image{width:150px;vertical-align:baseline;}@media all and (max-width: 1024px){.wp-block-kadence-advancedheading.kt-adv-heading8892_e3023a-97, .wp-block-kadence-advancedheading.kt-adv-heading8892_e3023a-97[data-kb-block=\"kb-adv-heading8892_e3023a-97\"]{text-align:left!important;}}@media all and (max-width: 767px){.wp-block-kadence-advancedheading.kt-adv-heading8892_e3023a-97, .wp-block-kadence-advancedheading.kt-adv-heading8892_e3023a-97[data-kb-block=\"kb-adv-heading8892_e3023a-97\"]{padding-top:0px;padding-right:0px;padding-bottom:0px;padding-left:0px;}}<\/style>\n<h1 class=\"kt-adv-heading8892_e3023a-97 wp-block-kadence-advancedheading\" data-kb-block=\"kb-adv-heading8892_e3023a-97\">Ekolo\u0161ka kmetija Per\u0161a<\/h1>\n\n\n\n<p>Ekolo\u0161ka kmetija Per\u0161a je majhna kmetija, ki v dveh lastnih nasadih skrbi za 218 orehovih dreves. Starej\u0161i nasad, ki \u017ee lepo rodi, sega v leto 2009, v mlaj\u0161em iz leta 2016 pa Eva Perko in Mitja Per\u0161a letos pri\u010dakujeta prvo obilnej\u0161o letino. \u010ce bo le vreme sodelovalo. Zavezani visoki kakovosti in odlo\u010deni delovati skrbno, odgovorno in naravi prijazno, so pridobili ekolo\u0161ki certifikat in lani postali ekolo\u0161ka kmetija. Njihovi orehi so ro\u010dno lu\u0161\u010deni in skrbno prebrani ter masleni in izredno okusni.<\/p>\n\n\n\n<p>Z mislijo na prihodnost planeta in ohranjanje narave sta pred \u0161estimi leti poskusno zasadila bu\u010de lufa, tiste hecne bu\u010de, ki ob dozorevanju v sebi tvorijo trpe\u017eno vlaknasto tkivo. Gobice, ki jih izdelujejo iz teh bu\u010d, krasno nadomestijo plasti\u010dne gobice tako v kuhinji kot tudi v kopalnici, tako za \u010di\u0161\u010denje in pomivanje posode kot tudi za osebno nego in razvajanje. Tudi za pridelavo bu\u010d luf sta pridobila ekolo\u0161ki certifikat.&nbsp;<\/p>\n\n\n\n<p>Na njunem &#8216;agrarnem&#8217;, kot rada v \u0161ali re\u010deta, v Podgradu poleti gojita in ob cesti ponudita tudi razli\u010dno zelenjavo, nasvete o gojenju orehov in luf ter \u017eivljenju na splo\u0161no.<\/p>\n\n\n<style>.kb-gallery-wrap-id-8892_604bda-13.wp-block-kadence-advancedgallery{overflow:visible;}.kb-gallery-wrap-id-8892_604bda-13.wp-block-kadence-advancedgallery .kt-blocks-carousel{overflow:visible;max-width:100%;}<\/style><div class=\"kb-gallery-wrap-id-8892_604bda-13 alignnone wp-block-kadence-advancedgallery\"><div class=\"kb-gallery-ul kb-gallery-non-static kb-gallery-type-fluidcarousel kb-gallery-id-8892_604bda-13 kb-gallery-caption-style-bottom-hover kb-gallery-filter-none kb-gallery-magnific-init\" data-image-filter=\"none\" data-lightbox-caption=\"false\"><div class=\"kt-blocks-carousel splide kt-carousel-container-dotstyle-none kt-carousel-arrowstyle-blackonlight kt-carousel-dotstyle-none kb-slider-group-arrow kb-slider-arrow-position-center\" data-slider-anim-speed=\"400\" data-slider-scroll=\"1\" data-slider-arrows=\"true\" data-slider-dots=\"false\" data-slider-hover-pause=\"false\" data-slider-auto=\"\" data-slider-speed=\"7000\" data-slider-type=\"fluidcarousel\" data-slider-center-mode=\"true\" data-slider-gap=\"10px\" data-slider-gap-tablet=\"10px\" data-slider-gap-mobile=\"10px\" data-show-pause-button=\"false\"><div class=\"splide__track\"><ul class=\"kt-blocks-carousel-init kb-blocks-fluid-carousel splide__list\"><li class=\"kb-slide-item kb-gallery-carousel-item splide__slide\"><div class=\"kadence-blocks-gallery-item\"><div class=\"kadence-blocks-gallery-item-inner\"><figure class=\"kb-gallery-figure kb-gallery-item-has-link kadence-blocks-gallery-item-hide-caption\"><a href=\"https:\/\/visitradgona.si\/wp-content\/uploads\/2024\/12\/Ekoloska-kmetija-Persa-3.jpg\" class=\"kb-gallery-item-link\"   role=\"button\" aria-haspopup=\"dialog\"><div class=\"kb-gal-image-radius\"><div class=\"kb-gallery-image-contain\" ><img loading=\"lazy\" decoding=\"async\" src=\"https:\/\/visitradgona.si\/wp-content\/uploads\/2024\/12\/Ekoloska-kmetija-Persa-3.jpg\" width=\"1600\" height=\"1803\" alt=\"\" data-full-image=\"https:\/\/visitradgona.si\/wp-content\/uploads\/2024\/12\/Ekoloska-kmetija-Persa-3.jpg\" data-light-image=\"https:\/\/visitradgona.si\/wp-content\/uploads\/2024\/12\/Ekoloska-kmetija-Persa-3.jpg\" data-id=\"4191\" class=\"wp-image-4191 skip-lazy\" srcset=\"https:\/\/visitradgona.si\/wp-content\/uploads\/2024\/12\/Ekoloska-kmetija-Persa-3.jpg 1600w, https:\/\/visitradgona.si\/wp-content\/uploads\/2024\/12\/Ekoloska-kmetija-Persa-3-266x300.jpg 266w, https:\/\/visitradgona.si\/wp-content\/uploads\/2024\/12\/Ekoloska-kmetija-Persa-3-909x1024.jpg 909w, https:\/\/visitradgona.si\/wp-content\/uploads\/2024\/12\/Ekoloska-kmetija-Persa-3-768x865.jpg 768w, https:\/\/visitradgona.si\/wp-content\/uploads\/2024\/12\/Ekoloska-kmetija-Persa-3-1363x1536.jpg 1363w\" sizes=\"auto, (max-width: 1600px) 100vw, 1600px\" \/><\/div><\/div><\/a><\/figure><\/div><\/div><\/li><li class=\"kb-slide-item kb-gallery-carousel-item splide__slide\"><div class=\"kadence-blocks-gallery-item\"><div class=\"kadence-blocks-gallery-item-inner\"><figure class=\"kb-gallery-figure kb-gallery-item-has-link kadence-blocks-gallery-item-hide-caption\"><a href=\"https:\/\/visitradgona.si\/wp-content\/uploads\/2024\/12\/Ekoloska-kmetija-Persa-2.jpg\" class=\"kb-gallery-item-link\"   role=\"button\" aria-haspopup=\"dialog\"><div class=\"kb-gal-image-radius\"><div class=\"kb-gallery-image-contain\" ><img loading=\"lazy\" decoding=\"async\" src=\"https:\/\/visitradgona.si\/wp-content\/uploads\/2024\/12\/Ekoloska-kmetija-Persa-2.jpg\" width=\"1900\" height=\"836\" alt=\"\" data-full-image=\"https:\/\/visitradgona.si\/wp-content\/uploads\/2024\/12\/Ekoloska-kmetija-Persa-2.jpg\" data-light-image=\"https:\/\/visitradgona.si\/wp-content\/uploads\/2024\/12\/Ekoloska-kmetija-Persa-2.jpg\" data-id=\"4188\" class=\"wp-image-4188 skip-lazy\" srcset=\"https:\/\/visitradgona.si\/wp-content\/uploads\/2024\/12\/Ekoloska-kmetija-Persa-2.jpg 1900w, https:\/\/visitradgona.si\/wp-content\/uploads\/2024\/12\/Ekoloska-kmetija-Persa-2-300x132.jpg 300w, https:\/\/visitradgona.si\/wp-content\/uploads\/2024\/12\/Ekoloska-kmetija-Persa-2-1024x451.jpg 1024w, https:\/\/visitradgona.si\/wp-content\/uploads\/2024\/12\/Ekoloska-kmetija-Persa-2-768x338.jpg 768w, https:\/\/visitradgona.si\/wp-content\/uploads\/2024\/12\/Ekoloska-kmetija-Persa-2-1536x676.jpg 1536w\" sizes=\"auto, (max-width: 1900px) 100vw, 1900px\" \/><\/div><\/div><\/a><\/figure><\/div><\/div><\/li><li class=\"kb-slide-item kb-gallery-carousel-item splide__slide\"><div class=\"kadence-blocks-gallery-item\"><div class=\"kadence-blocks-gallery-item-inner\"><figure class=\"kb-gallery-figure kb-gallery-item-has-link kadence-blocks-gallery-item-hide-caption\"><a href=\"https:\/\/visitradgona.si\/wp-content\/uploads\/2024\/12\/Ekoloska-kmetija-Persa-4-scaled.jpg\" class=\"kb-gallery-item-link\"   role=\"button\" aria-haspopup=\"dialog\"><div class=\"kb-gal-image-radius\"><div class=\"kb-gallery-image-contain\" ><img loading=\"lazy\" decoding=\"async\" src=\"https:\/\/visitradgona.si\/wp-content\/uploads\/2024\/12\/Ekoloska-kmetija-Persa-4-scaled.jpg\" width=\"1531\" height=\"2560\" alt=\"\" data-full-image=\"https:\/\/visitradgona.si\/wp-content\/uploads\/2024\/12\/Ekoloska-kmetija-Persa-4-scaled.jpg\" data-light-image=\"https:\/\/visitradgona.si\/wp-content\/uploads\/2024\/12\/Ekoloska-kmetija-Persa-4-scaled.jpg\" data-id=\"4194\" class=\"wp-image-4194 skip-lazy\" srcset=\"https:\/\/visitradgona.si\/wp-content\/uploads\/2024\/12\/Ekoloska-kmetija-Persa-4-scaled.jpg 1531w, https:\/\/visitradgona.si\/wp-content\/uploads\/2024\/12\/Ekoloska-kmetija-Persa-4-179x300.jpg 179w, https:\/\/visitradgona.si\/wp-content\/uploads\/2024\/12\/Ekoloska-kmetija-Persa-4-612x1024.jpg 612w, https:\/\/visitradgona.si\/wp-content\/uploads\/2024\/12\/Ekoloska-kmetija-Persa-4-768x1284.jpg 768w, https:\/\/visitradgona.si\/wp-content\/uploads\/2024\/12\/Ekoloska-kmetija-Persa-4-918x1536.jpg 918w, https:\/\/visitradgona.si\/wp-content\/uploads\/2024\/12\/Ekoloska-kmetija-Persa-4-1225x2048.jpg 1225w\" sizes=\"auto, (max-width: 1531px) 100vw, 1531px\" \/><\/div><\/div><\/a><\/figure><\/div><\/div><\/li><li class=\"kb-slide-item kb-gallery-carousel-item splide__slide\"><div class=\"kadence-blocks-gallery-item\"><div class=\"kadence-blocks-gallery-item-inner\"><figure class=\"kb-gallery-figure kb-gallery-item-has-link kadence-blocks-gallery-item-hide-caption\"><a href=\"https:\/\/visitradgona.si\/wp-content\/uploads\/2024\/12\/Ekoloska-kmetija-Persa-1.jpg\" class=\"kb-gallery-item-link\"   role=\"button\" aria-haspopup=\"dialog\"><div class=\"kb-gal-image-radius\"><div class=\"kb-gallery-image-contain\" ><img loading=\"lazy\" decoding=\"async\" src=\"https:\/\/visitradgona.si\/wp-content\/uploads\/2024\/12\/Ekoloska-kmetija-Persa-1.jpg\" width=\"1500\" height=\"2508\" alt=\"\" data-full-image=\"https:\/\/visitradgona.si\/wp-content\/uploads\/2024\/12\/Ekoloska-kmetija-Persa-1.jpg\" data-light-image=\"https:\/\/visitradgona.si\/wp-content\/uploads\/2024\/12\/Ekoloska-kmetija-Persa-1.jpg\" data-id=\"4185\" class=\"wp-image-4185 skip-lazy\" srcset=\"https:\/\/visitradgona.si\/wp-content\/uploads\/2024\/12\/Ekoloska-kmetija-Persa-1.jpg 1500w, https:\/\/visitradgona.si\/wp-content\/uploads\/2024\/12\/Ekoloska-kmetija-Persa-1-179x300.jpg 179w, https:\/\/visitradgona.si\/wp-content\/uploads\/2024\/12\/Ekoloska-kmetija-Persa-1-612x1024.jpg 612w, https:\/\/visitradgona.si\/wp-content\/uploads\/2024\/12\/Ekoloska-kmetija-Persa-1-768x1284.jpg 768w, https:\/\/visitradgona.si\/wp-content\/uploads\/2024\/12\/Ekoloska-kmetija-Persa-1-919x1536.jpg 919w, https:\/\/visitradgona.si\/wp-content\/uploads\/2024\/12\/Ekoloska-kmetija-Persa-1-1225x2048.jpg 1225w\" sizes=\"auto, (max-width: 1500px) 100vw, 1500px\" \/><\/div><\/div><\/a><\/figure><\/div><\/div><\/li><\/ul><\/div><\/div><\/div><\/div><\/div><\/div>\n\n<\/div><\/div>","protected":false},"excerpt":{"rendered":"<p>Local offer Ekolo\u0161ka kmetija Per\u0161a Ekolo\u0161ka kmetija Per\u0161a je majhna kmetija, ki v dveh lastnih nasadih skrbi za 218 orehovih dreves. Starej\u0161i nasad, ki \u017ee lepo rodi, sega v leto 2009, v mlaj\u0161em iz leta 2016 pa Eva Perko in Mitja Per\u0161a letos pri\u010dakujeta prvo obilnej\u0161o letino. \u010ce bo le vreme sodelovalo. Zavezani visoki kakovosti&#8230;<\/p>\n","protected":false},"author":1,"featured_media":0,"parent":8873,"menu_order":0,"comment_status":"closed","ping_status":"closed","template":"","meta":{"_acf_changed":false,"_kad_blocks_custom_css":"","_kad_blocks_head_custom_js":"","_kad_blocks_body_custom_js":"","_kad_blocks_footer_custom_js":"","_kadence_starter_templates_imported_post":true,"_kad_post_transparent":"","_kad_post_title":"hide","_kad_post_layout":"fullwidth","_kad_post_sidebar_id":"","_kad_post_content_style":"unboxed","_kad_post_vertical_padding":"hide","_kad_post_feature":"hide","_kad_post_feature_position":"","_kad_post_header":false,"_kad_post_footer":false,"_kad_post_classname":"","footnotes":""},"class_list":["post-8892","page","type-page","status-publish","hentry"],"acf":[],"aioseo_notices":[],"taxonomy_info":[],"featured_image_src_large":false,"author_info":{"display_name":"Miha Borec","author_link":"https:\/\/visitradgona.si\/en\/author\/miha-borec\/"},"comment_info":0,"_links":{"self":[{"href":"https:\/\/visitradgona.si\/en\/wp-json\/wp\/v2\/pages\/8892","targetHints":{"allow":["GET"]}}],"collection":[{"href":"https:\/\/visitradgona.si\/en\/wp-json\/wp\/v2\/pages"}],"about":[{"href":"https:\/\/visitradgona.si\/en\/wp-json\/wp\/v2\/types\/page"}],"author":[{"embeddable":true,"href":"https:\/\/visitradgona.si\/en\/wp-json\/wp\/v2\/users\/1"}],"replies":[{"embeddable":true,"href":"https:\/\/visitradgona.si\/en\/wp-json\/wp\/v2\/comments?post=8892"}],"version-history":[{"count":0,"href":"https:\/\/visitradgona.si\/en\/wp-json\/wp\/v2\/pages\/8892\/revisions"}],"up":[{"embeddable":true,"href":"https:\/\/visitradgona.si\/en\/wp-json\/wp\/v2\/pages\/8873"}],"wp:attachment":[{"href":"https:\/\/visitradgona.si\/en\/wp-json\/wp\/v2\/media?parent=8892"}],"curies":[{"name":"wp","href":"https:\/\/api.w.org\/{rel}","templated":true}]}}