{"id":8886,"date":"2024-12-04T12:14:14","date_gmt":"2024-12-04T11:14:14","guid":{"rendered":"https:\/\/visitradgona.si\/lokalna-ponudba\/casa-del-nonno\/"},"modified":"2025-03-02T00:03:57","modified_gmt":"2025-03-01T23:03:57","slug":"casa-del-nonno","status":"publish","type":"page","link":"https:\/\/visitradgona.si\/en\/local-offer\/casa-del-nonno\/","title":{"rendered":"Casa del Nonno"},"content":{"rendered":"<style>.kb-row-layout-id8886_21b75b-70 > .kt-row-column-wrap{align-content:start;}:where(.kb-row-layout-id8886_21b75b-70 > .kt-row-column-wrap) > .wp-block-kadence-column{justify-content:start;}.kb-row-layout-id8886_21b75b-70 > .kt-row-column-wrap{column-gap:var(--global-kb-gap-md, 2rem);row-gap:var(--global-kb-gap-md, 2rem);max-width:var( --global-content-width, 1290px );padding-left:var(--global-content-edge-padding);padding-right:var(--global-content-edge-padding);padding-right:20px;padding-bottom:120px;padding-left:20px;min-height:50vh;grid-template-columns:minmax(0, calc(52% - ((var(--global-kb-gap-md, 2rem) * 1 )\/2)))minmax(0, calc(48% - ((var(--global-kb-gap-md, 2rem) * 1 )\/2)));}.kb-row-layout-id8886_21b75b-70{background-image:url('https:\/\/visitradgona.si\/wp-content\/uploads\/2024\/12\/VisitRadgona-cover-photo_0025_Casa-del-Non-4.jpg');background-size:cover;background-position:35% 65%;background-attachment:scroll;background-repeat:no-repeat;}.kb-row-layout-id8886_21b75b-70 > .kt-row-layout-overlay{opacity:0.30;}@media all and (max-width: 1024px){.kb-row-layout-id8886_21b75b-70 > .kt-row-column-wrap{padding-top:60px;padding-right:90px;padding-bottom:60px;padding-left:90px;grid-template-columns:minmax(0, 1fr);}}@media all and (max-width: 767px){.kb-row-layout-id8886_21b75b-70 > .kt-row-column-wrap{padding-top:60px;padding-right:20px;padding-bottom:40px;padding-left:20px;grid-template-columns:minmax(0, 1fr);}}<\/style><div class=\"kb-row-layout-wrap kb-row-layout-id8886_21b75b-70 alignnone kt-row-has-bg wp-block-kadence-rowlayout\"><div class=\"kt-row-column-wrap kt-has-2-columns kt-row-layout-left-golden kt-tab-layout-row kt-mobile-layout-row kt-row-valign-top kb-theme-content-width\">\n<style>.kadence-column8886_416f47-38 > .kt-inside-inner-col{padding-right:0px;padding-left:0px;}.kadence-column8886_416f47-38 > .kt-inside-inner-col,.kadence-column8886_416f47-38 > .kt-inside-inner-col:before{border-top-left-radius:0px;border-top-right-radius:0px;border-bottom-right-radius:0px;border-bottom-left-radius:0px;}.kadence-column8886_416f47-38 > .kt-inside-inner-col{column-gap:var(--global-kb-gap-sm, 1rem);}.kadence-column8886_416f47-38 > .kt-inside-inner-col{flex-direction:column;}.kadence-column8886_416f47-38 > .kt-inside-inner-col > .aligncenter{width:100%;}.kadence-column8886_416f47-38 > .kt-inside-inner-col:before{opacity:0.3;}.kadence-column8886_416f47-38{position:relative;}.kadence-column8886_416f47-38, .kt-inside-inner-col > .kadence-column8886_416f47-38:not(.specificity){margin-right:90px;margin-left:10px;}@media all and (max-width: 1024px){.kadence-column8886_416f47-38 > .kt-inside-inner-col{padding-top:0px;padding-right:60px;padding-bottom:0px;padding-left:60px;flex-direction:column;justify-content:center;}}@media all and (max-width: 1024px){.kadence-column8886_416f47-38, .kt-inside-inner-col > .kadence-column8886_416f47-38:not(.specificity){margin-top:0px;margin-right:0px;margin-bottom:0px;margin-left:0px;}}@media all and (max-width: 767px){.kadence-column8886_416f47-38 > .kt-inside-inner-col{padding-right:0px;padding-left:0px;flex-direction:column;justify-content:center;}.kadence-column8886_416f47-38, .kt-inside-inner-col > .kadence-column8886_416f47-38:not(.specificity){margin-right:0px;margin-left:0px;}}<\/style>\n<div class=\"wp-block-kadence-column kadence-column8886_416f47-38 inner-column-1\"><div class=\"kt-inside-inner-col\"><\/div><\/div>\n\n\n<style>.kadence-column8886_903067-29 > .kt-inside-inner-col,.kadence-column8886_903067-29 > .kt-inside-inner-col:before{border-top-left-radius:0px;border-top-right-radius:0px;border-bottom-right-radius:0px;border-bottom-left-radius:0px;}.kadence-column8886_903067-29 > .kt-inside-inner-col{column-gap:var(--global-kb-gap-sm, 1rem);}.kadence-column8886_903067-29 > .kt-inside-inner-col{flex-direction:column;}.kadence-column8886_903067-29 > .kt-inside-inner-col > .aligncenter{width:100%;}.kadence-column8886_903067-29 > .kt-inside-inner-col:before{opacity:0.3;}.kadence-column8886_903067-29{position:relative;}@media all and (max-width: 1024px){.kadence-column8886_903067-29 > .kt-inside-inner-col{flex-direction:column;justify-content:center;}}@media all and (max-width: 767px){.kadence-column8886_903067-29 > .kt-inside-inner-col{flex-direction:column;justify-content:center;}}<\/style>\n<div class=\"wp-block-kadence-column kadence-column8886_903067-29 kvs-md-false kvs-sm-false inner-column-2\"><div class=\"kt-inside-inner-col\"><\/div><\/div>\n\n<\/div><\/div>\n\n<style>.kb-row-layout-id8886_99b941-68 > .kt-row-column-wrap{align-content:start;}:where(.kb-row-layout-id8886_99b941-68 > .kt-row-column-wrap) > .wp-block-kadence-column{justify-content:start;}.kb-row-layout-id8886_99b941-68 > .kt-row-column-wrap{column-gap:var(--global-kb-gap-md, 2rem);row-gap:var(--global-kb-gap-md, 2rem);max-width:var( --global-content-width, 1290px );padding-left:var(--global-content-edge-padding);padding-right:var(--global-content-edge-padding);padding-top:60px;padding-right:20px;padding-bottom:80px;padding-left:20px;grid-template-columns:minmax(0, 1fr);}.kb-row-layout-id8886_99b941-68 > .kt-row-layout-overlay{opacity:0.30;}@media all and (max-width: 1024px){.kb-row-layout-id8886_99b941-68 > .kt-row-column-wrap{grid-template-columns:minmax(0, 1fr);}}@media all and (max-width: 767px){.kb-row-layout-id8886_99b941-68 > .kt-row-column-wrap{grid-template-columns:minmax(0, 1fr);}}<\/style><div class=\"kb-row-layout-wrap kb-row-layout-id8886_99b941-68 alignfull wp-block-kadence-rowlayout\"><div class=\"kt-row-column-wrap kt-has-1-columns kt-row-layout-equal kt-tab-layout-inherit kt-mobile-layout-row kt-row-valign-top kb-theme-content-width\">\n<style>.kadence-column8886_289d5c-18 > .kt-inside-inner-col,.kadence-column8886_289d5c-18 > .kt-inside-inner-col:before{border-top-left-radius:0px;border-top-right-radius:0px;border-bottom-right-radius:0px;border-bottom-left-radius:0px;}.kadence-column8886_289d5c-18 > .kt-inside-inner-col{column-gap:var(--global-kb-gap-sm, 1rem);}.kadence-column8886_289d5c-18 > .kt-inside-inner-col{flex-direction:column;}.kadence-column8886_289d5c-18 > .kt-inside-inner-col > .aligncenter{width:100%;}.kadence-column8886_289d5c-18 > .kt-inside-inner-col:before{opacity:0.3;}.kadence-column8886_289d5c-18{position:relative;}@media all and (max-width: 1024px){.kadence-column8886_289d5c-18 > .kt-inside-inner-col{flex-direction:column;justify-content:center;}}@media all and (max-width: 767px){.kadence-column8886_289d5c-18 > .kt-inside-inner-col{flex-direction:column;justify-content:center;}}<\/style>\n<div class=\"wp-block-kadence-column kadence-column8886_289d5c-18\"><div class=\"kt-inside-inner-col\"><style>.wp-block-kadence-advancedheading.kt-adv-heading8886_34a28c-44, .wp-block-kadence-advancedheading.kt-adv-heading8886_34a28c-44[data-kb-block=\"kb-adv-heading8886_34a28c-44\"]{font-style:normal;}.wp-block-kadence-advancedheading.kt-adv-heading8886_34a28c-44 mark.kt-highlight, .wp-block-kadence-advancedheading.kt-adv-heading8886_34a28c-44[data-kb-block=\"kb-adv-heading8886_34a28c-44\"] mark.kt-highlight{font-style:normal;color:#f76a0c;-webkit-box-decoration-break:clone;box-decoration-break:clone;padding-top:0px;padding-right:0px;padding-bottom:0px;padding-left:0px;}.wp-block-kadence-advancedheading.kt-adv-heading8886_34a28c-44 img.kb-inline-image, .wp-block-kadence-advancedheading.kt-adv-heading8886_34a28c-44[data-kb-block=\"kb-adv-heading8886_34a28c-44\"] img.kb-inline-image{width:150px;vertical-align:baseline;}@media all and (max-width: 1024px){.wp-block-kadence-advancedheading.kt-adv-heading8886_34a28c-44, .wp-block-kadence-advancedheading.kt-adv-heading8886_34a28c-44[data-kb-block=\"kb-adv-heading8886_34a28c-44\"]{text-align:left!important;}}<\/style>\n<h6 class=\"kt-adv-heading8886_34a28c-44 wp-block-kadence-advancedheading\" data-kb-block=\"kb-adv-heading8886_34a28c-44\">Local offer<\/h6>\n\n\n<style>.wp-block-kadence-advancedheading.kt-adv-heading8886_96a566-97, .wp-block-kadence-advancedheading.kt-adv-heading8886_96a566-97[data-kb-block=\"kb-adv-heading8886_96a566-97\"]{margin-bottom:30px;font-style:normal;}.wp-block-kadence-advancedheading.kt-adv-heading8886_96a566-97 mark.kt-highlight, .wp-block-kadence-advancedheading.kt-adv-heading8886_96a566-97[data-kb-block=\"kb-adv-heading8886_96a566-97\"] mark.kt-highlight{font-style:normal;color:#f76a0c;-webkit-box-decoration-break:clone;box-decoration-break:clone;padding-top:0px;padding-right:0px;padding-bottom:0px;padding-left:0px;}.wp-block-kadence-advancedheading.kt-adv-heading8886_96a566-97 img.kb-inline-image, .wp-block-kadence-advancedheading.kt-adv-heading8886_96a566-97[data-kb-block=\"kb-adv-heading8886_96a566-97\"] img.kb-inline-image{width:150px;vertical-align:baseline;}@media all and (max-width: 1024px){.wp-block-kadence-advancedheading.kt-adv-heading8886_96a566-97, .wp-block-kadence-advancedheading.kt-adv-heading8886_96a566-97[data-kb-block=\"kb-adv-heading8886_96a566-97\"]{text-align:left!important;}}@media all and (max-width: 767px){.wp-block-kadence-advancedheading.kt-adv-heading8886_96a566-97, .wp-block-kadence-advancedheading.kt-adv-heading8886_96a566-97[data-kb-block=\"kb-adv-heading8886_96a566-97\"]{padding-top:0px;padding-right:0px;padding-bottom:0px;padding-left:0px;}}<\/style>\n<h1 class=\"kt-adv-heading8886_96a566-97 wp-block-kadence-advancedheading\" data-kb-block=\"kb-adv-heading8886_96a566-97\">Casa del Nonno<\/h1>\n\n\n\n<p>Casa del Nonno bogati kulinari\u010dno ponudbo Gornje Radgone \u017ee od leta 2009.<br>Za\u010den\u0161i s picami in testeninami, danes z odli\u010dno kulinariko za razvajanje brbon\u010dic gurmanov, do katerih so jih v letu 2022 popeljali z novimi jedmi in nadgradnjo obstoje\u010dih jedi pod vodstvom chefa Uro\u0161a \u0160tefelina, prejemnika Michellinove zvezdice.<br>Pri Casa del Nonno so prepri\u010dani, da je uspeh mo\u010d najti tudi v u\u010dinkovitem povezovanju z lokalnimi dobavitelji, ki dajejo poseben pe\u010dat vsem njihovim jedem v ponudbi.<br>Nikakor seveda ni mo\u010d spregledati njihovih sladic in vinske karte.<br>Torej, po pridih Mediterana stopite v svet Casa del Nonno in si pri\u010darajte \u010dudovito gastrokulinari\u010dno do\u017eivetje.<\/p>\n\n\n<style>.kb-gallery-wrap-id-8886_e5a54a-5e.wp-block-kadence-advancedgallery{overflow:visible;}.kb-gallery-wrap-id-8886_e5a54a-5e.wp-block-kadence-advancedgallery .kt-blocks-carousel{overflow:visible;max-width:100%;}<\/style><div class=\"kb-gallery-wrap-id-8886_e5a54a-5e alignnone wp-block-kadence-advancedgallery\"><div class=\"kb-gallery-ul kb-gallery-non-static kb-gallery-type-fluidcarousel kb-gallery-id-8886_e5a54a-5e kb-gallery-caption-style-bottom-hover kb-gallery-filter-none kb-gallery-magnific-init\" data-image-filter=\"none\" data-lightbox-caption=\"false\"><div class=\"kt-blocks-carousel splide kt-carousel-container-dotstyle-none kt-carousel-arrowstyle-blackonlight kt-carousel-dotstyle-none kb-slider-group-arrow kb-slider-arrow-position-center\" data-slider-anim-speed=\"400\" data-slider-scroll=\"1\" data-slider-arrows=\"true\" data-slider-dots=\"false\" data-slider-hover-pause=\"false\" data-slider-auto=\"\" data-slider-speed=\"7000\" data-slider-type=\"fluidcarousel\" data-slider-center-mode=\"true\" data-slider-gap=\"10px\" data-slider-gap-tablet=\"10px\" data-slider-gap-mobile=\"10px\" data-show-pause-button=\"false\"><div class=\"splide__track\"><ul class=\"kt-blocks-carousel-init kb-blocks-fluid-carousel splide__list\"><li class=\"kb-slide-item kb-gallery-carousel-item splide__slide\"><div class=\"kadence-blocks-gallery-item\"><div class=\"kadence-blocks-gallery-item-inner\"><figure class=\"kb-gallery-figure kb-gallery-item-has-link kadence-blocks-gallery-item-hide-caption\"><a href=\"https:\/\/visitradgona.si\/wp-content\/uploads\/2024\/12\/Casa-del-Nonno-1.jpeg\" class=\"kb-gallery-item-link\"   role=\"button\" aria-haspopup=\"dialog\"><div class=\"kb-gal-image-radius\"><div class=\"kb-gallery-image-contain\" ><img loading=\"lazy\" decoding=\"async\" src=\"https:\/\/visitradgona.si\/wp-content\/uploads\/2024\/12\/Casa-del-Nonno-1.jpeg\" width=\"1587\" height=\"1983\" alt=\"\" data-full-image=\"https:\/\/visitradgona.si\/wp-content\/uploads\/2024\/12\/Casa-del-Nonno-1.jpeg\" data-light-image=\"https:\/\/visitradgona.si\/wp-content\/uploads\/2024\/12\/Casa-del-Nonno-1.jpeg\" data-id=\"4150\" class=\"wp-image-4150 skip-lazy\" srcset=\"https:\/\/visitradgona.si\/wp-content\/uploads\/2024\/12\/Casa-del-Nonno-1.jpeg 1587w, https:\/\/visitradgona.si\/wp-content\/uploads\/2024\/12\/Casa-del-Nonno-1-240x300.jpeg 240w, https:\/\/visitradgona.si\/wp-content\/uploads\/2024\/12\/Casa-del-Nonno-1-820x1024.jpeg 820w, https:\/\/visitradgona.si\/wp-content\/uploads\/2024\/12\/Casa-del-Nonno-1-768x960.jpeg 768w, https:\/\/visitradgona.si\/wp-content\/uploads\/2024\/12\/Casa-del-Nonno-1-1229x1536.jpeg 1229w\" sizes=\"auto, (max-width: 1587px) 100vw, 1587px\" \/><\/div><\/div><\/a><\/figure><\/div><\/div><\/li><li class=\"kb-slide-item kb-gallery-carousel-item splide__slide\"><div class=\"kadence-blocks-gallery-item\"><div class=\"kadence-blocks-gallery-item-inner\"><figure class=\"kb-gallery-figure kb-gallery-item-has-link kadence-blocks-gallery-item-hide-caption\"><a href=\"https:\/\/visitradgona.si\/wp-content\/uploads\/2024\/12\/Casa-del-Nonno-1-scaled.jpg\" class=\"kb-gallery-item-link\"   role=\"button\" aria-haspopup=\"dialog\"><div class=\"kb-gal-image-radius\"><div class=\"kb-gallery-image-contain\" ><img loading=\"lazy\" decoding=\"async\" src=\"https:\/\/visitradgona.si\/wp-content\/uploads\/2024\/12\/Casa-del-Nonno-1-scaled.jpg\" width=\"2560\" height=\"1990\" alt=\"\" data-full-image=\"https:\/\/visitradgona.si\/wp-content\/uploads\/2024\/12\/Casa-del-Nonno-1-scaled.jpg\" data-light-image=\"https:\/\/visitradgona.si\/wp-content\/uploads\/2024\/12\/Casa-del-Nonno-1-scaled.jpg\" data-id=\"4153\" class=\"wp-image-4153 skip-lazy\" srcset=\"https:\/\/visitradgona.si\/wp-content\/uploads\/2024\/12\/Casa-del-Nonno-1-scaled.jpg 2560w, https:\/\/visitradgona.si\/wp-content\/uploads\/2024\/12\/Casa-del-Nonno-1-300x233.jpg 300w, https:\/\/visitradgona.si\/wp-content\/uploads\/2024\/12\/Casa-del-Nonno-1-1024x796.jpg 1024w, https:\/\/visitradgona.si\/wp-content\/uploads\/2024\/12\/Casa-del-Nonno-1-768x597.jpg 768w, https:\/\/visitradgona.si\/wp-content\/uploads\/2024\/12\/Casa-del-Nonno-1-1536x1194.jpg 1536w, https:\/\/visitradgona.si\/wp-content\/uploads\/2024\/12\/Casa-del-Nonno-1-2048x1592.jpg 2048w\" sizes=\"auto, (max-width: 2560px) 100vw, 2560px\" \/><\/div><\/div><\/a><\/figure><\/div><\/div><\/li><li class=\"kb-slide-item kb-gallery-carousel-item splide__slide\"><div class=\"kadence-blocks-gallery-item\"><div class=\"kadence-blocks-gallery-item-inner\"><figure class=\"kb-gallery-figure kb-gallery-item-has-link kadence-blocks-gallery-item-hide-caption\"><a href=\"https:\/\/visitradgona.si\/wp-content\/uploads\/2024\/12\/Casa-del-Nonno-2.jpeg\" class=\"kb-gallery-item-link\"   role=\"button\" aria-haspopup=\"dialog\"><div class=\"kb-gal-image-radius\"><div class=\"kb-gallery-image-contain\" ><img loading=\"lazy\" decoding=\"async\" src=\"https:\/\/visitradgona.si\/wp-content\/uploads\/2024\/12\/Casa-del-Nonno-2.jpeg\" width=\"1586\" height=\"1983\" alt=\"\" data-full-image=\"https:\/\/visitradgona.si\/wp-content\/uploads\/2024\/12\/Casa-del-Nonno-2.jpeg\" data-light-image=\"https:\/\/visitradgona.si\/wp-content\/uploads\/2024\/12\/Casa-del-Nonno-2.jpeg\" data-id=\"4156\" class=\"wp-image-4156 skip-lazy\" srcset=\"https:\/\/visitradgona.si\/wp-content\/uploads\/2024\/12\/Casa-del-Nonno-2.jpeg 1586w, https:\/\/visitradgona.si\/wp-content\/uploads\/2024\/12\/Casa-del-Nonno-2-240x300.jpeg 240w, https:\/\/visitradgona.si\/wp-content\/uploads\/2024\/12\/Casa-del-Nonno-2-819x1024.jpeg 819w, https:\/\/visitradgona.si\/wp-content\/uploads\/2024\/12\/Casa-del-Nonno-2-768x960.jpeg 768w, https:\/\/visitradgona.si\/wp-content\/uploads\/2024\/12\/Casa-del-Nonno-2-1228x1536.jpeg 1228w\" sizes=\"auto, (max-width: 1586px) 100vw, 1586px\" \/><\/div><\/div><\/a><\/figure><\/div><\/div><\/li><li class=\"kb-slide-item kb-gallery-carousel-item splide__slide\"><div class=\"kadence-blocks-gallery-item\"><div class=\"kadence-blocks-gallery-item-inner\"><figure class=\"kb-gallery-figure kb-gallery-item-has-link kadence-blocks-gallery-item-hide-caption\"><a href=\"https:\/\/visitradgona.si\/wp-content\/uploads\/2024\/12\/Casa-del-Nonno-3.jpeg\" class=\"kb-gallery-item-link\"   role=\"button\" aria-haspopup=\"dialog\"><div class=\"kb-gal-image-radius\"><div class=\"kb-gallery-image-contain\" ><img loading=\"lazy\" decoding=\"async\" src=\"https:\/\/visitradgona.si\/wp-content\/uploads\/2024\/12\/Casa-del-Nonno-3.jpeg\" width=\"1586\" height=\"1983\" alt=\"\" data-full-image=\"https:\/\/visitradgona.si\/wp-content\/uploads\/2024\/12\/Casa-del-Nonno-3.jpeg\" data-light-image=\"https:\/\/visitradgona.si\/wp-content\/uploads\/2024\/12\/Casa-del-Nonno-3.jpeg\" data-id=\"4159\" class=\"wp-image-4159 skip-lazy\" srcset=\"https:\/\/visitradgona.si\/wp-content\/uploads\/2024\/12\/Casa-del-Nonno-3.jpeg 1586w, https:\/\/visitradgona.si\/wp-content\/uploads\/2024\/12\/Casa-del-Nonno-3-240x300.jpeg 240w, https:\/\/visitradgona.si\/wp-content\/uploads\/2024\/12\/Casa-del-Nonno-3-819x1024.jpeg 819w, https:\/\/visitradgona.si\/wp-content\/uploads\/2024\/12\/Casa-del-Nonno-3-768x960.jpeg 768w, https:\/\/visitradgona.si\/wp-content\/uploads\/2024\/12\/Casa-del-Nonno-3-1228x1536.jpeg 1228w\" sizes=\"auto, (max-width: 1586px) 100vw, 1586px\" \/><\/div><\/div><\/a><\/figure><\/div><\/div><\/li><\/ul><\/div><\/div><\/div><\/div><\/div><\/div>\n\n<\/div><\/div>","protected":false},"excerpt":{"rendered":"<p>Local offer Casa del Nonno Casa del Nonno bogati kulinari\u010dno ponudbo Gornje Radgone \u017ee od leta 2009.Za\u010den\u0161i s picami in testeninami, danes z odli\u010dno kulinariko za razvajanje brbon\u010dic gurmanov, do katerih so jih v letu 2022 popeljali z novimi jedmi in nadgradnjo obstoje\u010dih jedi pod vodstvom chefa Uro\u0161a \u0160tefelina, prejemnika Michellinove zvezdice.Pri Casa del Nonno&#8230;<\/p>\n","protected":false},"author":1,"featured_media":0,"parent":8873,"menu_order":0,"comment_status":"closed","ping_status":"closed","template":"","meta":{"_acf_changed":false,"_kad_blocks_custom_css":"","_kad_blocks_head_custom_js":"","_kad_blocks_body_custom_js":"","_kad_blocks_footer_custom_js":"","_kadence_starter_templates_imported_post":true,"_kad_post_transparent":"","_kad_post_title":"hide","_kad_post_layout":"fullwidth","_kad_post_sidebar_id":"","_kad_post_content_style":"unboxed","_kad_post_vertical_padding":"hide","_kad_post_feature":"hide","_kad_post_feature_position":"","_kad_post_header":false,"_kad_post_footer":false,"_kad_post_classname":"","footnotes":""},"class_list":["post-8886","page","type-page","status-publish","hentry"],"acf":[],"aioseo_notices":[],"taxonomy_info":[],"featured_image_src_large":false,"author_info":{"display_name":"Miha Borec","author_link":"https:\/\/visitradgona.si\/en\/author\/miha-borec\/"},"comment_info":0,"_links":{"self":[{"href":"https:\/\/visitradgona.si\/en\/wp-json\/wp\/v2\/pages\/8886","targetHints":{"allow":["GET"]}}],"collection":[{"href":"https:\/\/visitradgona.si\/en\/wp-json\/wp\/v2\/pages"}],"about":[{"href":"https:\/\/visitradgona.si\/en\/wp-json\/wp\/v2\/types\/page"}],"author":[{"embeddable":true,"href":"https:\/\/visitradgona.si\/en\/wp-json\/wp\/v2\/users\/1"}],"replies":[{"embeddable":true,"href":"https:\/\/visitradgona.si\/en\/wp-json\/wp\/v2\/comments?post=8886"}],"version-history":[{"count":0,"href":"https:\/\/visitradgona.si\/en\/wp-json\/wp\/v2\/pages\/8886\/revisions"}],"up":[{"embeddable":true,"href":"https:\/\/visitradgona.si\/en\/wp-json\/wp\/v2\/pages\/8873"}],"wp:attachment":[{"href":"https:\/\/visitradgona.si\/en\/wp-json\/wp\/v2\/media?parent=8886"}],"curies":[{"name":"wp","href":"https:\/\/api.w.org\/{rel}","templated":true}]}}