{"id":8753,"date":"2024-11-23T18:13:39","date_gmt":"2024-11-23T17:13:39","guid":{"rendered":"https:\/\/visitradgona.si\/aleja-velikih\/"},"modified":"2025-03-02T17:12:20","modified_gmt":"2025-03-02T16:12:20","slug":"avenue-of-the-greats","status":"publish","type":"page","link":"https:\/\/visitradgona.si\/en\/tourist-atractions\/avenue-of-the-greats\/","title":{"rendered":"Avenue of the Greats"},"content":{"rendered":"<style>.kb-row-layout-id8753_bfa8ec-fb > .kt-row-column-wrap{align-content:start;}:where(.kb-row-layout-id8753_bfa8ec-fb > .kt-row-column-wrap) > .wp-block-kadence-column{justify-content:start;}.kb-row-layout-id8753_bfa8ec-fb > .kt-row-column-wrap{column-gap:var(--global-kb-gap-md, 2rem);row-gap:var(--global-kb-gap-md, 2rem);max-width:var( --global-content-width, 1290px );padding-left:var(--global-content-edge-padding);padding-right:var(--global-content-edge-padding);padding-right:20px;padding-bottom:120px;padding-left:20px;min-height:50vh;grid-template-columns:minmax(0, calc(52% - ((var(--global-kb-gap-md, 2rem) * 1 )\/2)))minmax(0, calc(48% - ((var(--global-kb-gap-md, 2rem) * 1 )\/2)));}.kb-row-layout-id8753_bfa8ec-fb{background-image:url('https:\/\/visitradgona.si\/wp-content\/uploads\/2024\/11\/Visit-Radgona-cover-photo-scaled-1.jpg');background-size:cover;background-position:65% 30%;background-attachment:scroll;background-repeat:no-repeat;}.kb-row-layout-id8753_bfa8ec-fb > .kt-row-layout-overlay{opacity:0.30;}@media all and (max-width: 1024px){.kb-row-layout-id8753_bfa8ec-fb > .kt-row-column-wrap{padding-top:60px;padding-right:90px;padding-bottom:60px;padding-left:90px;grid-template-columns:minmax(0, 1fr);}}@media all and (max-width: 767px){.kb-row-layout-id8753_bfa8ec-fb > .kt-row-column-wrap{padding-top:60px;padding-right:20px;padding-bottom:40px;padding-left:20px;grid-template-columns:minmax(0, 1fr);}}<\/style><div class=\"kb-row-layout-wrap kb-row-layout-id8753_bfa8ec-fb alignnone kt-row-has-bg wp-block-kadence-rowlayout\"><div class=\"kt-row-column-wrap kt-has-2-columns kt-row-layout-left-golden kt-tab-layout-row kt-mobile-layout-row kt-row-valign-top kb-theme-content-width\">\n<style>.kadence-column8753_4519ea-17 > .kt-inside-inner-col{padding-right:0px;padding-left:0px;}.kadence-column8753_4519ea-17 > .kt-inside-inner-col,.kadence-column8753_4519ea-17 > .kt-inside-inner-col:before{border-top-left-radius:0px;border-top-right-radius:0px;border-bottom-right-radius:0px;border-bottom-left-radius:0px;}.kadence-column8753_4519ea-17 > .kt-inside-inner-col{column-gap:var(--global-kb-gap-sm, 1rem);}.kadence-column8753_4519ea-17 > .kt-inside-inner-col{flex-direction:column;}.kadence-column8753_4519ea-17 > .kt-inside-inner-col > .aligncenter{width:100%;}.kadence-column8753_4519ea-17 > .kt-inside-inner-col:before{opacity:0.3;}.kadence-column8753_4519ea-17{position:relative;}.kadence-column8753_4519ea-17, .kt-inside-inner-col > .kadence-column8753_4519ea-17:not(.specificity){margin-right:90px;margin-left:10px;}@media all and (max-width: 1024px){.kadence-column8753_4519ea-17 > .kt-inside-inner-col{padding-top:0px;padding-right:60px;padding-bottom:0px;padding-left:60px;flex-direction:column;justify-content:center;}}@media all and (max-width: 1024px){.kadence-column8753_4519ea-17, .kt-inside-inner-col > .kadence-column8753_4519ea-17:not(.specificity){margin-top:0px;margin-right:0px;margin-bottom:0px;margin-left:0px;}}@media all and (max-width: 767px){.kadence-column8753_4519ea-17 > .kt-inside-inner-col{padding-right:0px;padding-left:0px;flex-direction:column;justify-content:center;}.kadence-column8753_4519ea-17, .kt-inside-inner-col > .kadence-column8753_4519ea-17:not(.specificity){margin-right:0px;margin-left:0px;}}<\/style>\n<div class=\"wp-block-kadence-column kadence-column8753_4519ea-17 inner-column-1\"><div class=\"kt-inside-inner-col\"><\/div><\/div>\n\n\n<style>.kadence-column8753_2b0aae-d6 > .kt-inside-inner-col,.kadence-column8753_2b0aae-d6 > .kt-inside-inner-col:before{border-top-left-radius:0px;border-top-right-radius:0px;border-bottom-right-radius:0px;border-bottom-left-radius:0px;}.kadence-column8753_2b0aae-d6 > .kt-inside-inner-col{column-gap:var(--global-kb-gap-sm, 1rem);}.kadence-column8753_2b0aae-d6 > .kt-inside-inner-col{flex-direction:column;}.kadence-column8753_2b0aae-d6 > .kt-inside-inner-col > .aligncenter{width:100%;}.kadence-column8753_2b0aae-d6 > .kt-inside-inner-col:before{opacity:0.3;}.kadence-column8753_2b0aae-d6{position:relative;}@media all and (max-width: 1024px){.kadence-column8753_2b0aae-d6 > .kt-inside-inner-col{flex-direction:column;justify-content:center;}}@media all and (max-width: 767px){.kadence-column8753_2b0aae-d6 > .kt-inside-inner-col{flex-direction:column;justify-content:center;}}<\/style>\n<div class=\"wp-block-kadence-column kadence-column8753_2b0aae-d6 kvs-md-false kvs-sm-false inner-column-2\"><div class=\"kt-inside-inner-col\"><\/div><\/div>\n\n<\/div><\/div>\n\n<style>.kb-row-layout-id8753_0f8d76-dc > .kt-row-column-wrap{align-content:start;}:where(.kb-row-layout-id8753_0f8d76-dc > .kt-row-column-wrap) > .wp-block-kadence-column{justify-content:start;}.kb-row-layout-id8753_0f8d76-dc > .kt-row-column-wrap{column-gap:var(--global-kb-gap-md, 2rem);row-gap:var(--global-kb-gap-md, 2rem);max-width:var( --global-content-width, 1290px );padding-left:var(--global-content-edge-padding);padding-right:var(--global-content-edge-padding);padding-top:60px;padding-right:20px;padding-bottom:80px;padding-left:20px;grid-template-columns:minmax(0, 1fr);}.kb-row-layout-id8753_0f8d76-dc > .kt-row-layout-overlay{opacity:0.30;}@media all and (max-width: 1024px){.kb-row-layout-id8753_0f8d76-dc > .kt-row-column-wrap{grid-template-columns:minmax(0, 1fr);}}@media all and (max-width: 767px){.kb-row-layout-id8753_0f8d76-dc > .kt-row-column-wrap{grid-template-columns:minmax(0, 1fr);}}<\/style><div class=\"kb-row-layout-wrap kb-row-layout-id8753_0f8d76-dc alignfull wp-block-kadence-rowlayout\"><div class=\"kt-row-column-wrap kt-has-1-columns kt-row-layout-equal kt-tab-layout-inherit kt-mobile-layout-row kt-row-valign-top kb-theme-content-width\">\n<style>.kadence-column8753_052f48-b2 > .kt-inside-inner-col,.kadence-column8753_052f48-b2 > .kt-inside-inner-col:before{border-top-left-radius:0px;border-top-right-radius:0px;border-bottom-right-radius:0px;border-bottom-left-radius:0px;}.kadence-column8753_052f48-b2 > .kt-inside-inner-col{column-gap:var(--global-kb-gap-sm, 1rem);}.kadence-column8753_052f48-b2 > .kt-inside-inner-col{flex-direction:column;}.kadence-column8753_052f48-b2 > .kt-inside-inner-col > .aligncenter{width:100%;}.kadence-column8753_052f48-b2 > .kt-inside-inner-col:before{opacity:0.3;}.kadence-column8753_052f48-b2{position:relative;}@media all and (max-width: 1024px){.kadence-column8753_052f48-b2 > .kt-inside-inner-col{flex-direction:column;justify-content:center;}}@media all and (max-width: 767px){.kadence-column8753_052f48-b2 > .kt-inside-inner-col{flex-direction:column;justify-content:center;}}<\/style>\n<div class=\"wp-block-kadence-column kadence-column8753_052f48-b2\"><div class=\"kt-inside-inner-col\"><style>.wp-block-kadence-advancedheading.kt-adv-heading8753_c5749d-6a, .wp-block-kadence-advancedheading.kt-adv-heading8753_c5749d-6a[data-kb-block=\"kb-adv-heading8753_c5749d-6a\"]{font-style:normal;}.wp-block-kadence-advancedheading.kt-adv-heading8753_c5749d-6a mark.kt-highlight, .wp-block-kadence-advancedheading.kt-adv-heading8753_c5749d-6a[data-kb-block=\"kb-adv-heading8753_c5749d-6a\"] mark.kt-highlight{font-style:normal;color:#f76a0c;-webkit-box-decoration-break:clone;box-decoration-break:clone;padding-top:0px;padding-right:0px;padding-bottom:0px;padding-left:0px;}.wp-block-kadence-advancedheading.kt-adv-heading8753_c5749d-6a img.kb-inline-image, .wp-block-kadence-advancedheading.kt-adv-heading8753_c5749d-6a[data-kb-block=\"kb-adv-heading8753_c5749d-6a\"] img.kb-inline-image{width:150px;vertical-align:baseline;}@media all and (max-width: 1024px){.wp-block-kadence-advancedheading.kt-adv-heading8753_c5749d-6a, .wp-block-kadence-advancedheading.kt-adv-heading8753_c5749d-6a[data-kb-block=\"kb-adv-heading8753_c5749d-6a\"]{text-align:left!important;}}<\/style>\n<h6 class=\"kt-adv-heading8753_c5749d-6a wp-block-kadence-advancedheading\" data-kb-block=\"kb-adv-heading8753_c5749d-6a\">Tourist Atractions<\/h6>\n\n\n<style>.wp-block-kadence-advancedheading.kt-adv-heading8753_b5e5ad-7d, .wp-block-kadence-advancedheading.kt-adv-heading8753_b5e5ad-7d[data-kb-block=\"kb-adv-heading8753_b5e5ad-7d\"]{margin-bottom:30px;font-style:normal;}.wp-block-kadence-advancedheading.kt-adv-heading8753_b5e5ad-7d mark.kt-highlight, .wp-block-kadence-advancedheading.kt-adv-heading8753_b5e5ad-7d[data-kb-block=\"kb-adv-heading8753_b5e5ad-7d\"] mark.kt-highlight{font-style:normal;color:#f76a0c;-webkit-box-decoration-break:clone;box-decoration-break:clone;padding-top:0px;padding-right:0px;padding-bottom:0px;padding-left:0px;}.wp-block-kadence-advancedheading.kt-adv-heading8753_b5e5ad-7d img.kb-inline-image, .wp-block-kadence-advancedheading.kt-adv-heading8753_b5e5ad-7d[data-kb-block=\"kb-adv-heading8753_b5e5ad-7d\"] img.kb-inline-image{width:150px;vertical-align:baseline;}@media all and (max-width: 1024px){.wp-block-kadence-advancedheading.kt-adv-heading8753_b5e5ad-7d, .wp-block-kadence-advancedheading.kt-adv-heading8753_b5e5ad-7d[data-kb-block=\"kb-adv-heading8753_b5e5ad-7d\"]{text-align:left!important;}}@media all and (max-width: 767px){.wp-block-kadence-advancedheading.kt-adv-heading8753_b5e5ad-7d, .wp-block-kadence-advancedheading.kt-adv-heading8753_b5e5ad-7d[data-kb-block=\"kb-adv-heading8753_b5e5ad-7d\"]{padding-top:0px;padding-right:0px;padding-bottom:0px;padding-left:0px;}}<\/style>\n<h1 class=\"kt-adv-heading8753_b5e5ad-7d wp-block-kadence-advancedheading\" data-kb-block=\"kb-adv-heading8753_b5e5ad-7d\"><strong>Avenue of the Greats<\/strong><\/h1>\n\n\n\n<p class=\"has--font-size\">Gornja Radgona, due to its favorable location by the Mur River and at the foot of vineyards, as well as its strategic position, has always been a crossroads of various paths and a meeting place for many people. As such, this historically significant town has become a space where diverse creativity emerged and where various creators, scholars, and artists have flourished. Among them are eleven &#8220;inhabitants&#8221; of the Avenue of the Greats, who, through their work, have instilled hope in people both near and far and have awakened national and human pride. Some have notably impacted regional social and cultural events, while others have left a mark on national science and culture. Both continue to inspire and remain an indelible part of the city&#8217;s spiritual landscape.<\/p>\n\n\n\n<p style=\"margin-bottom:0px;padding-bottom:10px;line-height:1.5\">In the avenue, the following statues stand:<\/p>\n\n\n\n<ul class=\"wp-block-list\">\n<li>Ivan Kramberger, philanthropist, innovator, and politician,<\/li>\n\n\n\n<li>General Rudolf Maister,<\/li>\n\n\n\n<li>Dr. Anton Trstenjak, academic, psychologist, theologian,<\/li>\n\n\n\n<li>Peter Dajnko, linguist, beekeeper, writer,<\/li>\n\n\n\n<li>Anton Krempl, national awakener, historian, writer,<\/li>\n\n\n\n<li>Jo\u017ee Ver\u0161i\u010d, maker of hand and foot prostheses,<\/li>\n\n\n\n<li>Manko Golar, poet, principal, choir conductor,<\/li>\n\n\n\n<li>Dr. Franc Simoni\u010d, bibliographer, librarian,<\/li>\n\n\n\n<li>Dr. Janko \u0160lebinger, bibliographer, literary historian,<\/li>\n\n\n\n<li>France Veber, philosopher,<\/li>\n\n\n\n<li>Janez Akvila, painter.<\/li>\n<\/ul>\n\n\n<style>.kb-gallery-wrap-id-8753_9d791c-02.wp-block-kadence-advancedgallery{overflow:visible;}.kb-gallery-wrap-id-8753_9d791c-02.wp-block-kadence-advancedgallery .kt-blocks-carousel{overflow:visible;max-width:100%;}<\/style><div class=\"kb-gallery-wrap-id-8753_9d791c-02 alignnone wp-block-kadence-advancedgallery\"><div class=\"kb-gallery-ul kb-gallery-non-static kb-gallery-type-fluidcarousel kb-gallery-id-8753_9d791c-02 kb-gallery-caption-style-bottom-hover kb-gallery-filter-none kb-gallery-magnific-init\" data-image-filter=\"none\" data-lightbox-caption=\"false\"><div class=\"kt-blocks-carousel splide kt-carousel-container-dotstyle-none kt-carousel-arrowstyle-blackonlight kt-carousel-dotstyle-none kb-slider-group-arrow kb-slider-arrow-position-center\" data-slider-anim-speed=\"400\" data-slider-scroll=\"1\" data-slider-arrows=\"true\" data-slider-dots=\"false\" data-slider-hover-pause=\"false\" data-slider-auto=\"\" data-slider-speed=\"7000\" data-slider-type=\"fluidcarousel\" data-slider-center-mode=\"true\" data-slider-gap=\"10px\" data-slider-gap-tablet=\"10px\" data-slider-gap-mobile=\"10px\" data-show-pause-button=\"false\"><div class=\"splide__track\"><ul class=\"kt-blocks-carousel-init kb-blocks-fluid-carousel splide__list\"><li class=\"kb-slide-item kb-gallery-carousel-item splide__slide\"><div class=\"kadence-blocks-gallery-item\"><div class=\"kadence-blocks-gallery-item-inner\"><figure class=\"kb-gallery-figure kb-gallery-item-has-link kadence-blocks-gallery-item-hide-caption\"><a href=\"https:\/\/visitradgona.si\/wp-content\/uploads\/2024\/11\/VisitRadgona_Aleja-Velikih-jesen-@Tamara-Vogrin-Tara-1.jpg\" class=\"kb-gallery-item-link\"   role=\"button\" aria-haspopup=\"dialog\"><div class=\"kb-gal-image-radius\"><div class=\"kb-gallery-image-contain\" ><img loading=\"lazy\" decoding=\"async\" src=\"https:\/\/visitradgona.si\/wp-content\/uploads\/2024\/11\/VisitRadgona_Aleja-Velikih-jesen-@Tamara-Vogrin-Tara-1.jpg\" width=\"800\" height=\"1200\" alt=\"\" data-full-image=\"https:\/\/visitradgona.si\/wp-content\/uploads\/2024\/11\/VisitRadgona_Aleja-Velikih-jesen-@Tamara-Vogrin-Tara-1.jpg\" data-light-image=\"https:\/\/visitradgona.si\/wp-content\/uploads\/2024\/11\/VisitRadgona_Aleja-Velikih-jesen-@Tamara-Vogrin-Tara-1.jpg\" data-id=\"2524\" class=\"wp-image-2524 skip-lazy\" srcset=\"https:\/\/visitradgona.si\/wp-content\/uploads\/2024\/11\/VisitRadgona_Aleja-Velikih-jesen-@Tamara-Vogrin-Tara-1.jpg 800w, https:\/\/visitradgona.si\/wp-content\/uploads\/2024\/11\/VisitRadgona_Aleja-Velikih-jesen-@Tamara-Vogrin-Tara-1-200x300.jpg 200w, https:\/\/visitradgona.si\/wp-content\/uploads\/2024\/11\/VisitRadgona_Aleja-Velikih-jesen-@Tamara-Vogrin-Tara-1-683x1024.jpg 683w, https:\/\/visitradgona.si\/wp-content\/uploads\/2024\/11\/VisitRadgona_Aleja-Velikih-jesen-@Tamara-Vogrin-Tara-1-768x1152.jpg 768w\" sizes=\"auto, (max-width: 800px) 100vw, 800px\" \/><\/div><\/div><\/a><\/figure><\/div><\/div><\/li><li class=\"kb-slide-item kb-gallery-carousel-item splide__slide\"><div class=\"kadence-blocks-gallery-item\"><div class=\"kadence-blocks-gallery-item-inner\"><figure class=\"kb-gallery-figure kb-gallery-item-has-link kadence-blocks-gallery-item-hide-caption\"><a href=\"https:\/\/visitradgona.si\/wp-content\/uploads\/2024\/11\/VisitRadgona_Aleja-velikih.jpg\" class=\"kb-gallery-item-link\"   role=\"button\" aria-haspopup=\"dialog\"><div class=\"kb-gal-image-radius\"><div class=\"kb-gallery-image-contain\" ><img loading=\"lazy\" decoding=\"async\" src=\"https:\/\/visitradgona.si\/wp-content\/uploads\/2024\/11\/VisitRadgona_Aleja-velikih.jpg\" width=\"1200\" height=\"800\" alt=\"\" data-full-image=\"https:\/\/visitradgona.si\/wp-content\/uploads\/2024\/11\/VisitRadgona_Aleja-velikih.jpg\" data-light-image=\"https:\/\/visitradgona.si\/wp-content\/uploads\/2024\/11\/VisitRadgona_Aleja-velikih.jpg\" data-id=\"2527\" class=\"wp-image-2527 skip-lazy\" srcset=\"https:\/\/visitradgona.si\/wp-content\/uploads\/2024\/11\/VisitRadgona_Aleja-velikih.jpg 1200w, https:\/\/visitradgona.si\/wp-content\/uploads\/2024\/11\/VisitRadgona_Aleja-velikih-300x200.jpg 300w, https:\/\/visitradgona.si\/wp-content\/uploads\/2024\/11\/VisitRadgona_Aleja-velikih-1024x683.jpg 1024w, https:\/\/visitradgona.si\/wp-content\/uploads\/2024\/11\/VisitRadgona_Aleja-velikih-768x512.jpg 768w\" sizes=\"auto, (max-width: 1200px) 100vw, 1200px\" \/><\/div><\/div><\/a><\/figure><\/div><\/div><\/li><li class=\"kb-slide-item kb-gallery-carousel-item splide__slide\"><div class=\"kadence-blocks-gallery-item\"><div class=\"kadence-blocks-gallery-item-inner\"><figure class=\"kb-gallery-figure kb-gallery-item-has-link kadence-blocks-gallery-item-hide-caption\"><a href=\"https:\/\/visitradgona.si\/wp-content\/uploads\/2024\/11\/VisitRadgona_GR-Aleja-1-@Ivo-Borko.jpg\" class=\"kb-gallery-item-link\"   role=\"button\" aria-haspopup=\"dialog\"><div class=\"kb-gal-image-radius\"><div class=\"kb-gallery-image-contain\" ><img loading=\"lazy\" decoding=\"async\" src=\"https:\/\/visitradgona.si\/wp-content\/uploads\/2024\/11\/VisitRadgona_GR-Aleja-1-@Ivo-Borko.jpg\" width=\"800\" height=\"1200\" alt=\"\" data-full-image=\"https:\/\/visitradgona.si\/wp-content\/uploads\/2024\/11\/VisitRadgona_GR-Aleja-1-@Ivo-Borko.jpg\" data-light-image=\"https:\/\/visitradgona.si\/wp-content\/uploads\/2024\/11\/VisitRadgona_GR-Aleja-1-@Ivo-Borko.jpg\" data-id=\"2521\" class=\"wp-image-2521 skip-lazy\" srcset=\"https:\/\/visitradgona.si\/wp-content\/uploads\/2024\/11\/VisitRadgona_GR-Aleja-1-@Ivo-Borko.jpg 800w, https:\/\/visitradgona.si\/wp-content\/uploads\/2024\/11\/VisitRadgona_GR-Aleja-1-@Ivo-Borko-200x300.jpg 200w, https:\/\/visitradgona.si\/wp-content\/uploads\/2024\/11\/VisitRadgona_GR-Aleja-1-@Ivo-Borko-683x1024.jpg 683w, https:\/\/visitradgona.si\/wp-content\/uploads\/2024\/11\/VisitRadgona_GR-Aleja-1-@Ivo-Borko-768x1152.jpg 768w\" sizes=\"auto, (max-width: 800px) 100vw, 800px\" \/><\/div><\/div><\/a><\/figure><\/div><\/div><\/li><\/ul><\/div><\/div><\/div><\/div><\/div><\/div>\n\n<\/div><\/div>","protected":false},"excerpt":{"rendered":"<p>Tourist Atractions Avenue of the Greats Gornja Radgona, due to its favorable location by the Mur River and at the foot of vineyards, as well as its strategic position, has always been a crossroads of various paths and a meeting place for many people. As such, this historically significant town has become a space where&#8230;<\/p>\n","protected":false},"author":1,"featured_media":0,"parent":8865,"menu_order":0,"comment_status":"closed","ping_status":"closed","template":"","meta":{"_acf_changed":false,"_kad_blocks_custom_css":"","_kad_blocks_head_custom_js":"","_kad_blocks_body_custom_js":"","_kad_blocks_footer_custom_js":"","_kadence_starter_templates_imported_post":true,"_kad_post_transparent":"","_kad_post_title":"hide","_kad_post_layout":"fullwidth","_kad_post_sidebar_id":"","_kad_post_content_style":"unboxed","_kad_post_vertical_padding":"hide","_kad_post_feature":"hide","_kad_post_feature_position":"","_kad_post_header":false,"_kad_post_footer":false,"_kad_post_classname":"","footnotes":""},"class_list":["post-8753","page","type-page","status-publish","hentry"],"acf":[],"aioseo_notices":[],"taxonomy_info":[],"featured_image_src_large":false,"author_info":{"display_name":"Miha Borec","author_link":"https:\/\/visitradgona.si\/en\/author\/miha-borec\/"},"comment_info":0,"_links":{"self":[{"href":"https:\/\/visitradgona.si\/en\/wp-json\/wp\/v2\/pages\/8753","targetHints":{"allow":["GET"]}}],"collection":[{"href":"https:\/\/visitradgona.si\/en\/wp-json\/wp\/v2\/pages"}],"about":[{"href":"https:\/\/visitradgona.si\/en\/wp-json\/wp\/v2\/types\/page"}],"author":[{"embeddable":true,"href":"https:\/\/visitradgona.si\/en\/wp-json\/wp\/v2\/users\/1"}],"replies":[{"embeddable":true,"href":"https:\/\/visitradgona.si\/en\/wp-json\/wp\/v2\/comments?post=8753"}],"version-history":[{"count":0,"href":"https:\/\/visitradgona.si\/en\/wp-json\/wp\/v2\/pages\/8753\/revisions"}],"up":[{"embeddable":true,"href":"https:\/\/visitradgona.si\/en\/wp-json\/wp\/v2\/pages\/8865"}],"wp:attachment":[{"href":"https:\/\/visitradgona.si\/en\/wp-json\/wp\/v2\/media?parent=8753"}],"curies":[{"name":"wp","href":"https:\/\/api.w.org\/{rel}","templated":true}]}}