{"id":9607,"date":"2025-01-16T18:15:58","date_gmt":"2025-01-16T17:15:58","guid":{"rendered":"https:\/\/visitradgona.si\/?page_id=9607"},"modified":"2025-03-02T15:23:42","modified_gmt":"2025-03-02T14:23:42","slug":"miam-kulinarika-catering-vinicarija-pri-gruski","status":"publish","type":"page","link":"https:\/\/visitradgona.si\/de\/lokale-angebote\/miam-kulinarika-catering-vinicarija-pri-gruski\/","title":{"rendered":"MIAM kulinarika CATERING &amp; VINI\u010cARIJA pri GRU\u0160KI"},"content":{"rendered":"<style>.kb-row-layout-id9606_d51357-76 > .kt-row-column-wrap{align-content:start;}:where(.kb-row-layout-id9606_d51357-76 > .kt-row-column-wrap) > .wp-block-kadence-column{justify-content:start;}.kb-row-layout-id9606_d51357-76 > .kt-row-column-wrap{column-gap:var(--global-kb-gap-md, 2rem);row-gap:var(--global-kb-gap-md, 2rem);max-width:var( --global-content-width, 1290px );padding-left:var(--global-content-edge-padding);padding-right:var(--global-content-edge-padding);padding-right:20px;padding-bottom:120px;padding-left:20px;min-height:50vh;grid-template-columns:minmax(0, calc(52% - ((var(--global-kb-gap-md, 2rem) * 1 )\/2)))minmax(0, calc(48% - ((var(--global-kb-gap-md, 2rem) * 1 )\/2)));}.kb-row-layout-id9606_d51357-76{background-image:url('https:\/\/visitradgona.si\/wp-content\/uploads\/2025\/01\/VisitRadgona_0000_cover-photo-Miam-kulinarika.jpg');background-size:cover;background-position:50% 40%;background-attachment:scroll;background-repeat:no-repeat;}.kb-row-layout-id9606_d51357-76 > .kt-row-layout-overlay{opacity:0.30;}@media all and (max-width: 1024px){.kb-row-layout-id9606_d51357-76 > .kt-row-column-wrap{padding-top:60px;padding-right:90px;padding-bottom:60px;padding-left:90px;grid-template-columns:minmax(0, 1fr);}}@media all and (max-width: 767px){.kb-row-layout-id9606_d51357-76 > .kt-row-column-wrap{padding-top:60px;padding-right:20px;padding-bottom:40px;padding-left:20px;grid-template-columns:minmax(0, 1fr);}}<\/style><div class=\"kb-row-layout-wrap kb-row-layout-id9606_d51357-76 alignnone kt-row-has-bg wp-block-kadence-rowlayout\"><div class=\"kt-row-column-wrap kt-has-2-columns kt-row-layout-left-golden kt-tab-layout-row kt-mobile-layout-row kt-row-valign-top kb-theme-content-width\">\n<style>.kadence-column9606_b2611b-88 > .kt-inside-inner-col{padding-right:0px;padding-left:0px;}.kadence-column9606_b2611b-88 > .kt-inside-inner-col,.kadence-column9606_b2611b-88 > .kt-inside-inner-col:before{border-top-left-radius:0px;border-top-right-radius:0px;border-bottom-right-radius:0px;border-bottom-left-radius:0px;}.kadence-column9606_b2611b-88 > .kt-inside-inner-col{column-gap:var(--global-kb-gap-sm, 1rem);}.kadence-column9606_b2611b-88 > .kt-inside-inner-col{flex-direction:column;}.kadence-column9606_b2611b-88 > .kt-inside-inner-col > .aligncenter{width:100%;}.kadence-column9606_b2611b-88 > .kt-inside-inner-col:before{opacity:0.3;}.kadence-column9606_b2611b-88{position:relative;}.kadence-column9606_b2611b-88, .kt-inside-inner-col > .kadence-column9606_b2611b-88:not(.specificity){margin-right:90px;margin-left:10px;}@media all and (max-width: 1024px){.kadence-column9606_b2611b-88 > .kt-inside-inner-col{padding-top:0px;padding-right:60px;padding-bottom:0px;padding-left:60px;flex-direction:column;justify-content:center;}}@media all and (max-width: 1024px){.kadence-column9606_b2611b-88, .kt-inside-inner-col > .kadence-column9606_b2611b-88:not(.specificity){margin-top:0px;margin-right:0px;margin-bottom:0px;margin-left:0px;}}@media all and (max-width: 767px){.kadence-column9606_b2611b-88 > .kt-inside-inner-col{padding-right:0px;padding-left:0px;flex-direction:column;justify-content:center;}.kadence-column9606_b2611b-88, .kt-inside-inner-col > .kadence-column9606_b2611b-88:not(.specificity){margin-right:0px;margin-left:0px;}}<\/style>\n<div class=\"wp-block-kadence-column kadence-column9606_b2611b-88 inner-column-1\"><div class=\"kt-inside-inner-col\"><\/div><\/div>\n\n\n<style>.kadence-column9606_9915e9-53 > .kt-inside-inner-col,.kadence-column9606_9915e9-53 > .kt-inside-inner-col:before{border-top-left-radius:0px;border-top-right-radius:0px;border-bottom-right-radius:0px;border-bottom-left-radius:0px;}.kadence-column9606_9915e9-53 > .kt-inside-inner-col{column-gap:var(--global-kb-gap-sm, 1rem);}.kadence-column9606_9915e9-53 > .kt-inside-inner-col{flex-direction:column;}.kadence-column9606_9915e9-53 > .kt-inside-inner-col > .aligncenter{width:100%;}.kadence-column9606_9915e9-53 > .kt-inside-inner-col:before{opacity:0.3;}.kadence-column9606_9915e9-53{position:relative;}@media all and (max-width: 1024px){.kadence-column9606_9915e9-53 > .kt-inside-inner-col{flex-direction:column;justify-content:center;}}@media all and (max-width: 767px){.kadence-column9606_9915e9-53 > .kt-inside-inner-col{flex-direction:column;justify-content:center;}}<\/style>\n<div class=\"wp-block-kadence-column kadence-column9606_9915e9-53 kvs-md-false kvs-sm-false inner-column-2\"><div class=\"kt-inside-inner-col\"><\/div><\/div>\n\n<\/div><\/div><style>.kb-row-layout-id9606_1ce7f2-8d > .kt-row-column-wrap{align-content:start;}:where(.kb-row-layout-id9606_1ce7f2-8d > .kt-row-column-wrap) > .wp-block-kadence-column{justify-content:start;}.kb-row-layout-id9606_1ce7f2-8d > .kt-row-column-wrap{column-gap:var(--global-kb-gap-md, 2rem);row-gap:var(--global-kb-gap-md, 2rem);max-width:var( --global-content-width, 1290px );padding-left:var(--global-content-edge-padding);padding-right:var(--global-content-edge-padding);padding-top:60px;padding-right:20px;padding-bottom:80px;padding-left:20px;grid-template-columns:minmax(0, 1fr);}.kb-row-layout-id9606_1ce7f2-8d > .kt-row-layout-overlay{opacity:0.30;}@media all and (max-width: 1024px){.kb-row-layout-id9606_1ce7f2-8d > .kt-row-column-wrap{grid-template-columns:minmax(0, 1fr);}}@media all and (max-width: 767px){.kb-row-layout-id9606_1ce7f2-8d > .kt-row-column-wrap{grid-template-columns:minmax(0, 1fr);}}<\/style><div class=\"kb-row-layout-wrap kb-row-layout-id9606_1ce7f2-8d alignfull wp-block-kadence-rowlayout\"><div class=\"kt-row-column-wrap kt-has-1-columns kt-row-layout-equal kt-tab-layout-inherit kt-mobile-layout-row kt-row-valign-top kb-theme-content-width\">\n<style>.kadence-column9606_397018-d8 > .kt-inside-inner-col,.kadence-column9606_397018-d8 > .kt-inside-inner-col:before{border-top-left-radius:0px;border-top-right-radius:0px;border-bottom-right-radius:0px;border-bottom-left-radius:0px;}.kadence-column9606_397018-d8 > .kt-inside-inner-col{column-gap:var(--global-kb-gap-sm, 1rem);}.kadence-column9606_397018-d8 > .kt-inside-inner-col{flex-direction:column;}.kadence-column9606_397018-d8 > .kt-inside-inner-col > .aligncenter{width:100%;}.kadence-column9606_397018-d8 > .kt-inside-inner-col:before{opacity:0.3;}.kadence-column9606_397018-d8{position:relative;}@media all and (max-width: 1024px){.kadence-column9606_397018-d8 > .kt-inside-inner-col{flex-direction:column;justify-content:center;}}@media all and (max-width: 767px){.kadence-column9606_397018-d8 > .kt-inside-inner-col{flex-direction:column;justify-content:center;}}<\/style>\n<div class=\"wp-block-kadence-column kadence-column9606_397018-d8\"><div class=\"kt-inside-inner-col\"><style>.wp-block-kadence-advancedheading.kt-adv-heading9606_37523f-f0, .wp-block-kadence-advancedheading.kt-adv-heading9606_37523f-f0[data-kb-block=\"kb-adv-heading9606_37523f-f0\"]{font-style:normal;}.wp-block-kadence-advancedheading.kt-adv-heading9606_37523f-f0 mark.kt-highlight, .wp-block-kadence-advancedheading.kt-adv-heading9606_37523f-f0[data-kb-block=\"kb-adv-heading9606_37523f-f0\"] mark.kt-highlight{font-style:normal;color:#f76a0c;-webkit-box-decoration-break:clone;box-decoration-break:clone;padding-top:0px;padding-right:0px;padding-bottom:0px;padding-left:0px;}.wp-block-kadence-advancedheading.kt-adv-heading9606_37523f-f0 img.kb-inline-image, .wp-block-kadence-advancedheading.kt-adv-heading9606_37523f-f0[data-kb-block=\"kb-adv-heading9606_37523f-f0\"] img.kb-inline-image{width:150px;vertical-align:baseline;}@media all and (max-width: 1024px){.wp-block-kadence-advancedheading.kt-adv-heading9606_37523f-f0, .wp-block-kadence-advancedheading.kt-adv-heading9606_37523f-f0[data-kb-block=\"kb-adv-heading9606_37523f-f0\"]{text-align:left!important;}}<\/style>\n<h6 class=\"kt-adv-heading9606_37523f-f0 wp-block-kadence-advancedheading\" data-kb-block=\"kb-adv-heading9606_37523f-f0\">Lokale angebote<\/h6>\n\n\n<style>.wp-block-kadence-advancedheading.kt-adv-heading9606_789fe2-c2, .wp-block-kadence-advancedheading.kt-adv-heading9606_789fe2-c2[data-kb-block=\"kb-adv-heading9606_789fe2-c2\"]{margin-bottom:30px;font-style:normal;}.wp-block-kadence-advancedheading.kt-adv-heading9606_789fe2-c2 mark.kt-highlight, .wp-block-kadence-advancedheading.kt-adv-heading9606_789fe2-c2[data-kb-block=\"kb-adv-heading9606_789fe2-c2\"] mark.kt-highlight{font-style:normal;color:#f76a0c;-webkit-box-decoration-break:clone;box-decoration-break:clone;padding-top:0px;padding-right:0px;padding-bottom:0px;padding-left:0px;}.wp-block-kadence-advancedheading.kt-adv-heading9606_789fe2-c2 img.kb-inline-image, .wp-block-kadence-advancedheading.kt-adv-heading9606_789fe2-c2[data-kb-block=\"kb-adv-heading9606_789fe2-c2\"] img.kb-inline-image{width:150px;vertical-align:baseline;}@media all and (max-width: 1024px){.wp-block-kadence-advancedheading.kt-adv-heading9606_789fe2-c2, .wp-block-kadence-advancedheading.kt-adv-heading9606_789fe2-c2[data-kb-block=\"kb-adv-heading9606_789fe2-c2\"]{text-align:left!important;}}@media all and (max-width: 767px){.wp-block-kadence-advancedheading.kt-adv-heading9606_789fe2-c2, .wp-block-kadence-advancedheading.kt-adv-heading9606_789fe2-c2[data-kb-block=\"kb-adv-heading9606_789fe2-c2\"]{padding-top:0px;padding-right:0px;padding-bottom:0px;padding-left:0px;}}<\/style>\n<h1 class=\"kt-adv-heading9606_789fe2-c2 wp-block-kadence-advancedheading\" data-kb-block=\"kb-adv-heading9606_789fe2-c2\">MIAM kulinarika CATERING &amp; VINI\u010cARIJA pri GRU\u0160KI<\/h1>\n\n\n\n<p>V gostinsko turisti\u010dnem podjetju MIAM kulinarika CATERING &amp; VINI\u010cARIJA pri GRU\u0160KI lahko del na\u0161ega poslanstva do\u017eivite in okusite na vrhunskih MIAM CATERING kulinari\u010dnih pogostitvah.\u00a0<\/p>\n\n\n\n<p>Na Va\u0161em dogodku in izbrani lokaciji izvedemo izjemno in profesionalno enogastronomsko catering storitev, ne glede na \u0161tevilo gostov in vrsto dogodka.\u00a0\u00a0<\/p>\n\n\n\n<p>Izbrani meniji hrane in pija\u010d, ki jih pripravljamo individulano, temeljijo predvsem na tradiciji ter lokalni in sezonski izbiri sve\u017eih sestavin. Od na\u0161ih za\u010detkov delujemo in ravnamo profesionalno, zdravju in zaposlenim prijazno, trajnostno, avtenti\u010dno, povezovalno in kakovostno. Na\u0161e vodilo je tudi vse stransko zadovoljstvo (na\u0161ih zaposlenih, gostov in naro\u010dnikov ter njihovih gostov). To smo mi, druga\u010de ne znamo.\u00a0<\/p>\n\n\n\n<p>Z na\u0161imi dolgoletnimi izku\u0161njami in znanjem na podro\u010dju cateringa profesionalno in prijazno izpeljemo dogodek, pa naj gre za dru\u017einsko dru\u017eenje (rojstnodnevna zabava, obletnica), sve\u010dani dogodek (poroka, krst, obhajilo, birma, konfirmacija, ob diplomskih, magistrskih in doktorskih zagovorih), prazni\u010dno &#8211; adventno in novoletno dru\u017eenje, poslovno sre\u010danje, seminar ali katero koli drugo vrsto prireditve. Na\u0161e u\u010dinkovito in prijazno osebje poskrbi, da je dru\u017eenje \u0161e prijetnej\u0161e, Vi pa se posvetite Va\u0161im gostom.\u00a0<\/p>\n\n\n\n<p>Na enogastronomskem dru\u017eenju Vam postre\u017eemo z ve\u010d vrstami samopostre\u017enih bifejev kot so: fingerfood (prigrizki, cocktail party, hladni, hladno-topli bife. V toplej\u0161ih mesecih v letu pa Vam pripravimo tudi tapravi BBQ party. Ker ob odli\u010dnih pija\u010dah pogovor la\u017eje ste\u010de, postre\u017eemo tudi na\u0161a hi\u0161na vrhunska vina BELAK in naranvne sokove ter druge napitke.\u00a0<\/p>\n\n\n<style>.kb-gallery-wrap-id-9606_4aff76-e4.wp-block-kadence-advancedgallery{overflow:visible;}.kb-gallery-wrap-id-9606_4aff76-e4.wp-block-kadence-advancedgallery .kt-blocks-carousel{overflow:visible;max-width:100%;}<\/style><div class=\"kb-gallery-wrap-id-9606_4aff76-e4 alignnone wp-block-kadence-advancedgallery\"><div class=\"kb-gallery-ul kb-gallery-non-static kb-gallery-type-fluidcarousel kb-gallery-id-9606_4aff76-e4 kb-gallery-caption-style-bottom-hover kb-gallery-filter-none kb-gallery-magnific-init\" data-image-filter=\"none\" data-lightbox-caption=\"false\"><div class=\"kt-blocks-carousel splide kt-carousel-container-dotstyle-none kt-carousel-arrowstyle-blackonlight kt-carousel-dotstyle-none kb-slider-group-arrow kb-slider-arrow-position-center\" data-slider-anim-speed=\"400\" data-slider-scroll=\"1\" data-slider-arrows=\"true\" data-slider-dots=\"false\" data-slider-hover-pause=\"false\" data-slider-auto=\"\" data-slider-speed=\"7000\" data-slider-type=\"fluidcarousel\" data-slider-center-mode=\"true\" data-slider-gap=\"10px\" data-slider-gap-tablet=\"10px\" data-slider-gap-mobile=\"10px\" data-show-pause-button=\"false\"><div class=\"splide__track\"><ul class=\"kt-blocks-carousel-init kb-blocks-fluid-carousel splide__list\"><li class=\"kb-slide-item kb-gallery-carousel-item splide__slide\"><div class=\"kadence-blocks-gallery-item\"><div class=\"kadence-blocks-gallery-item-inner\"><figure class=\"kb-gallery-figure kb-gallery-item-has-link kadence-blocks-gallery-item-hide-caption\"><a href=\"https:\/\/visitradgona.si\/wp-content\/uploads\/2025\/01\/thumbnail_image4.jpg\" class=\"kb-gallery-item-link\"   role=\"button\" aria-haspopup=\"dialog\"><div class=\"kb-gal-image-radius\"><div class=\"kb-gallery-image-contain\" ><img loading=\"lazy\" decoding=\"async\" src=\"https:\/\/visitradgona.si\/wp-content\/uploads\/2025\/01\/thumbnail_image4.jpg\" width=\"1170\" height=\"1560\" alt=\"\" data-full-image=\"https:\/\/visitradgona.si\/wp-content\/uploads\/2025\/01\/thumbnail_image4.jpg\" data-light-image=\"https:\/\/visitradgona.si\/wp-content\/uploads\/2025\/01\/thumbnail_image4.jpg\" data-id=\"9603\" class=\"wp-image-9603 skip-lazy\" srcset=\"https:\/\/visitradgona.si\/wp-content\/uploads\/2025\/01\/thumbnail_image4.jpg 1170w, https:\/\/visitradgona.si\/wp-content\/uploads\/2025\/01\/thumbnail_image4-225x300.jpg 225w, https:\/\/visitradgona.si\/wp-content\/uploads\/2025\/01\/thumbnail_image4-768x1024.jpg 768w, https:\/\/visitradgona.si\/wp-content\/uploads\/2025\/01\/thumbnail_image4-1152x1536.jpg 1152w\" sizes=\"auto, (max-width: 1170px) 100vw, 1170px\" \/><\/div><\/div><\/a><\/figure><\/div><\/div><\/li><li class=\"kb-slide-item kb-gallery-carousel-item splide__slide\"><div class=\"kadence-blocks-gallery-item\"><div class=\"kadence-blocks-gallery-item-inner\"><figure class=\"kb-gallery-figure kb-gallery-item-has-link kadence-blocks-gallery-item-hide-caption\"><a href=\"https:\/\/visitradgona.si\/wp-content\/uploads\/2025\/01\/thumbnail_image3.jpg\" class=\"kb-gallery-item-link\"   role=\"button\" aria-haspopup=\"dialog\"><div class=\"kb-gal-image-radius\"><div class=\"kb-gallery-image-contain\" ><img loading=\"lazy\" decoding=\"async\" src=\"https:\/\/visitradgona.si\/wp-content\/uploads\/2025\/01\/thumbnail_image3.jpg\" width=\"720\" height=\"960\" alt=\"\" data-full-image=\"https:\/\/visitradgona.si\/wp-content\/uploads\/2025\/01\/thumbnail_image3.jpg\" data-light-image=\"https:\/\/visitradgona.si\/wp-content\/uploads\/2025\/01\/thumbnail_image3.jpg\" data-id=\"9423\" class=\"wp-image-9423 skip-lazy\" srcset=\"https:\/\/visitradgona.si\/wp-content\/uploads\/2025\/01\/thumbnail_image3.jpg 720w, https:\/\/visitradgona.si\/wp-content\/uploads\/2025\/01\/thumbnail_image3-225x300.jpg 225w\" sizes=\"auto, (max-width: 720px) 100vw, 720px\" \/><\/div><\/div><\/a><\/figure><\/div><\/div><\/li><li class=\"kb-slide-item kb-gallery-carousel-item splide__slide\"><div class=\"kadence-blocks-gallery-item\"><div class=\"kadence-blocks-gallery-item-inner\"><figure class=\"kb-gallery-figure kb-gallery-item-has-link kadence-blocks-gallery-item-hide-caption\"><a href=\"https:\/\/visitradgona.si\/wp-content\/uploads\/2025\/01\/thumbnail_image2.jpg\" class=\"kb-gallery-item-link\"   role=\"button\" aria-haspopup=\"dialog\"><div class=\"kb-gal-image-radius\"><div class=\"kb-gallery-image-contain\" ><img loading=\"lazy\" decoding=\"async\" src=\"https:\/\/visitradgona.si\/wp-content\/uploads\/2025\/01\/thumbnail_image2.jpg\" width=\"481\" height=\"640\" alt=\"\" data-full-image=\"https:\/\/visitradgona.si\/wp-content\/uploads\/2025\/01\/thumbnail_image2.jpg\" data-light-image=\"https:\/\/visitradgona.si\/wp-content\/uploads\/2025\/01\/thumbnail_image2.jpg\" data-id=\"9420\" class=\"wp-image-9420 skip-lazy\" srcset=\"https:\/\/visitradgona.si\/wp-content\/uploads\/2025\/01\/thumbnail_image2.jpg 481w, https:\/\/visitradgona.si\/wp-content\/uploads\/2025\/01\/thumbnail_image2-225x300.jpg 225w\" sizes=\"auto, (max-width: 481px) 100vw, 481px\" \/><\/div><\/div><\/a><\/figure><\/div><\/div><\/li><li class=\"kb-slide-item kb-gallery-carousel-item splide__slide\"><div class=\"kadence-blocks-gallery-item\"><div class=\"kadence-blocks-gallery-item-inner\"><figure class=\"kb-gallery-figure kb-gallery-item-has-link kadence-blocks-gallery-item-hide-caption\"><a href=\"https:\/\/visitradgona.si\/wp-content\/uploads\/2025\/01\/thumbnail_image1.jpg\" class=\"kb-gallery-item-link\"   role=\"button\" aria-haspopup=\"dialog\"><div class=\"kb-gal-image-radius\"><div class=\"kb-gallery-image-contain\" ><img loading=\"lazy\" decoding=\"async\" src=\"https:\/\/visitradgona.si\/wp-content\/uploads\/2025\/01\/thumbnail_image1.jpg\" width=\"481\" height=\"640\" alt=\"\" data-full-image=\"https:\/\/visitradgona.si\/wp-content\/uploads\/2025\/01\/thumbnail_image1.jpg\" data-light-image=\"https:\/\/visitradgona.si\/wp-content\/uploads\/2025\/01\/thumbnail_image1.jpg\" data-id=\"9417\" class=\"wp-image-9417 skip-lazy\" srcset=\"https:\/\/visitradgona.si\/wp-content\/uploads\/2025\/01\/thumbnail_image1.jpg 481w, https:\/\/visitradgona.si\/wp-content\/uploads\/2025\/01\/thumbnail_image1-225x300.jpg 225w\" sizes=\"auto, (max-width: 481px) 100vw, 481px\" \/><\/div><\/div><\/a><\/figure><\/div><\/div><\/li><li class=\"kb-slide-item kb-gallery-carousel-item splide__slide\"><div class=\"kadence-blocks-gallery-item\"><div class=\"kadence-blocks-gallery-item-inner\"><figure class=\"kb-gallery-figure kb-gallery-item-has-link kadence-blocks-gallery-item-hide-caption\"><a href=\"https:\/\/visitradgona.si\/wp-content\/uploads\/2025\/01\/thumbnail_image0.jpg\" class=\"kb-gallery-item-link\"   role=\"button\" aria-haspopup=\"dialog\"><div class=\"kb-gal-image-radius\"><div class=\"kb-gallery-image-contain\" ><img loading=\"lazy\" decoding=\"async\" src=\"https:\/\/visitradgona.si\/wp-content\/uploads\/2025\/01\/thumbnail_image0.jpg\" width=\"1170\" height=\"1319\" alt=\"\" data-full-image=\"https:\/\/visitradgona.si\/wp-content\/uploads\/2025\/01\/thumbnail_image0.jpg\" data-light-image=\"https:\/\/visitradgona.si\/wp-content\/uploads\/2025\/01\/thumbnail_image0.jpg\" data-id=\"9414\" class=\"wp-image-9414 skip-lazy\" srcset=\"https:\/\/visitradgona.si\/wp-content\/uploads\/2025\/01\/thumbnail_image0.jpg 1170w, https:\/\/visitradgona.si\/wp-content\/uploads\/2025\/01\/thumbnail_image0-266x300.jpg 266w, https:\/\/visitradgona.si\/wp-content\/uploads\/2025\/01\/thumbnail_image0-908x1024.jpg 908w, https:\/\/visitradgona.si\/wp-content\/uploads\/2025\/01\/thumbnail_image0-768x866.jpg 768w\" sizes=\"auto, (max-width: 1170px) 100vw, 1170px\" \/><\/div><\/div><\/a><\/figure><\/div><\/div><\/li><\/ul><\/div><\/div><\/div><\/div><\/div><\/div>\n\n<\/div><\/div>","protected":false},"excerpt":{"rendered":"<p>Lokale angebote MIAM kulinarika CATERING &amp; VINI\u010cARIJA pri GRU\u0160KI V gostinsko turisti\u010dnem podjetju MIAM kulinarika CATERING &amp; VINI\u010cARIJA pri GRU\u0160KI lahko del na\u0161ega poslanstva do\u017eivite in okusite na vrhunskih MIAM CATERING kulinari\u010dnih pogostitvah.\u00a0 Na Va\u0161em dogodku in izbrani lokaciji izvedemo izjemno in profesionalno enogastronomsko catering storitev, ne glede na \u0161tevilo gostov in vrsto dogodka.\u00a0\u00a0 Izbrani&#8230;<\/p>\n","protected":false},"author":1,"featured_media":0,"parent":8874,"menu_order":0,"comment_status":"closed","ping_status":"closed","template":"","meta":{"_acf_changed":false,"_kad_blocks_custom_css":"","_kad_blocks_head_custom_js":"","_kad_blocks_body_custom_js":"","_kad_blocks_footer_custom_js":"","_kadence_starter_templates_imported_post":true,"_kad_post_transparent":"","_kad_post_title":"hide","_kad_post_layout":"fullwidth","_kad_post_sidebar_id":"","_kad_post_content_style":"unboxed","_kad_post_vertical_padding":"hide","_kad_post_feature":"hide","_kad_post_feature_position":"","_kad_post_header":false,"_kad_post_footer":false,"_kad_post_classname":"","footnotes":""},"class_list":["post-9607","page","type-page","status-publish","hentry"],"acf":[],"aioseo_notices":[],"taxonomy_info":[],"featured_image_src_large":false,"author_info":{"display_name":"Miha Borec","author_link":"https:\/\/visitradgona.si\/de\/author\/miha-borec\/"},"comment_info":0,"_links":{"self":[{"href":"https:\/\/visitradgona.si\/de\/wp-json\/wp\/v2\/pages\/9607","targetHints":{"allow":["GET"]}}],"collection":[{"href":"https:\/\/visitradgona.si\/de\/wp-json\/wp\/v2\/pages"}],"about":[{"href":"https:\/\/visitradgona.si\/de\/wp-json\/wp\/v2\/types\/page"}],"author":[{"embeddable":true,"href":"https:\/\/visitradgona.si\/de\/wp-json\/wp\/v2\/users\/1"}],"replies":[{"embeddable":true,"href":"https:\/\/visitradgona.si\/de\/wp-json\/wp\/v2\/comments?post=9607"}],"version-history":[{"count":0,"href":"https:\/\/visitradgona.si\/de\/wp-json\/wp\/v2\/pages\/9607\/revisions"}],"up":[{"embeddable":true,"href":"https:\/\/visitradgona.si\/de\/wp-json\/wp\/v2\/pages\/8874"}],"wp:attachment":[{"href":"https:\/\/visitradgona.si\/de\/wp-json\/wp\/v2\/media?parent=9607"}],"curies":[{"name":"wp","href":"https:\/\/api.w.org\/{rel}","templated":true}]}}