{"id":9559,"date":"2025-01-10T23:05:46","date_gmt":"2025-01-10T22:05:46","guid":{"rendered":"https:\/\/visitradgona.si\/?page_id=9559"},"modified":"2025-03-01T13:31:28","modified_gmt":"2025-03-01T12:31:28","slug":"entdecken-sie-gornja-radgona-ein-spiel-im-freien-antwort","status":"publish","type":"page","link":"https:\/\/visitradgona.si\/de\/aktivitaten-und-ausfluge\/erlebnisse\/entdecken-sie-gornja-radgona-ein-spiel-im-freien-antwort\/","title":{"rendered":"Entdecken Sie Gornja Radgona &#8211; ein Spiel im Freien ANTWORT"},"content":{"rendered":"<style>.kb-row-layout-id9559_2c9ef8-93 > .kt-row-column-wrap{align-content:start;}:where(.kb-row-layout-id9559_2c9ef8-93 > .kt-row-column-wrap) > .wp-block-kadence-column{justify-content:start;}.kb-row-layout-id9559_2c9ef8-93 > .kt-row-column-wrap{column-gap:var(--global-kb-gap-md, 2rem);row-gap:var(--global-kb-gap-md, 2rem);max-width:var( --global-content-width, 1290px );padding-left:var(--global-content-edge-padding);padding-right:var(--global-content-edge-padding);padding-right:20px;padding-bottom:120px;padding-left:20px;min-height:50vh;grid-template-columns:minmax(0, calc(52% - ((var(--global-kb-gap-md, 2rem) * 1 )\/2)))minmax(0, calc(48% - ((var(--global-kb-gap-md, 2rem) * 1 )\/2)));}.kb-row-layout-id9559_2c9ef8-93{background-image:url('https:\/\/visitradgona.si\/wp-content\/uploads\/2024\/12\/VisitRadgona-cover-photo-Raziscite-Gornjo-Radgono-Igra-Na-Prostem.jpg');background-size:cover;background-position:50% 25%;background-attachment:scroll;background-repeat:no-repeat;}.kb-row-layout-id9559_2c9ef8-93 > .kt-row-layout-overlay{opacity:0.30;}@media all and (max-width: 1024px){.kb-row-layout-id9559_2c9ef8-93 > .kt-row-column-wrap{padding-top:60px;padding-right:90px;padding-bottom:60px;padding-left:90px;grid-template-columns:minmax(0, 1fr);}}@media all and (max-width: 767px){.kb-row-layout-id9559_2c9ef8-93 > .kt-row-column-wrap{padding-top:60px;padding-right:20px;padding-bottom:40px;padding-left:20px;grid-template-columns:minmax(0, 1fr);}}<\/style><div class=\"kb-row-layout-wrap kb-row-layout-id9559_2c9ef8-93 alignnone kt-row-has-bg wp-block-kadence-rowlayout\"><div class=\"kt-row-column-wrap kt-has-2-columns kt-row-layout-left-golden kt-tab-layout-row kt-mobile-layout-row kt-row-valign-top kb-theme-content-width\">\n<style>.kadence-column9559_8033e3-d2 > .kt-inside-inner-col{padding-right:0px;padding-left:0px;}.kadence-column9559_8033e3-d2 > .kt-inside-inner-col,.kadence-column9559_8033e3-d2 > .kt-inside-inner-col:before{border-top-left-radius:0px;border-top-right-radius:0px;border-bottom-right-radius:0px;border-bottom-left-radius:0px;}.kadence-column9559_8033e3-d2 > .kt-inside-inner-col{column-gap:var(--global-kb-gap-sm, 1rem);}.kadence-column9559_8033e3-d2 > .kt-inside-inner-col{flex-direction:column;}.kadence-column9559_8033e3-d2 > .kt-inside-inner-col > .aligncenter{width:100%;}.kadence-column9559_8033e3-d2 > .kt-inside-inner-col:before{opacity:0.3;}.kadence-column9559_8033e3-d2{position:relative;}.kadence-column9559_8033e3-d2, .kt-inside-inner-col > .kadence-column9559_8033e3-d2:not(.specificity){margin-right:90px;margin-left:10px;}@media all and (max-width: 1024px){.kadence-column9559_8033e3-d2 > .kt-inside-inner-col{padding-top:0px;padding-right:60px;padding-bottom:0px;padding-left:60px;flex-direction:column;justify-content:center;}}@media all and (max-width: 1024px){.kadence-column9559_8033e3-d2, .kt-inside-inner-col > .kadence-column9559_8033e3-d2:not(.specificity){margin-top:0px;margin-right:0px;margin-bottom:0px;margin-left:0px;}}@media all and (max-width: 767px){.kadence-column9559_8033e3-d2 > .kt-inside-inner-col{padding-right:0px;padding-left:0px;flex-direction:column;justify-content:center;}.kadence-column9559_8033e3-d2, .kt-inside-inner-col > .kadence-column9559_8033e3-d2:not(.specificity){margin-right:0px;margin-left:0px;}}<\/style>\n<div class=\"wp-block-kadence-column kadence-column9559_8033e3-d2 inner-column-1\"><div class=\"kt-inside-inner-col\"><\/div><\/div>\n\n\n<style>.kadence-column9559_5e62f3-8e > .kt-inside-inner-col,.kadence-column9559_5e62f3-8e > .kt-inside-inner-col:before{border-top-left-radius:0px;border-top-right-radius:0px;border-bottom-right-radius:0px;border-bottom-left-radius:0px;}.kadence-column9559_5e62f3-8e > .kt-inside-inner-col{column-gap:var(--global-kb-gap-sm, 1rem);}.kadence-column9559_5e62f3-8e > .kt-inside-inner-col{flex-direction:column;}.kadence-column9559_5e62f3-8e > .kt-inside-inner-col > .aligncenter{width:100%;}.kadence-column9559_5e62f3-8e > .kt-inside-inner-col:before{opacity:0.3;}.kadence-column9559_5e62f3-8e{position:relative;}@media all and (max-width: 1024px){.kadence-column9559_5e62f3-8e > .kt-inside-inner-col{flex-direction:column;justify-content:center;}}@media all and (max-width: 767px){.kadence-column9559_5e62f3-8e > .kt-inside-inner-col{flex-direction:column;justify-content:center;}}<\/style>\n<div class=\"wp-block-kadence-column kadence-column9559_5e62f3-8e kvs-md-false kvs-sm-false inner-column-2\"><div class=\"kt-inside-inner-col\"><\/div><\/div>\n\n<\/div><\/div>\n\n<style>.kb-row-layout-id9559_815b4c-db > .kt-row-column-wrap{align-content:start;}:where(.kb-row-layout-id9559_815b4c-db > .kt-row-column-wrap) > .wp-block-kadence-column{justify-content:start;}.kb-row-layout-id9559_815b4c-db > .kt-row-column-wrap{column-gap:var(--global-kb-gap-md, 2rem);row-gap:var(--global-kb-gap-md, 2rem);max-width:var( --global-content-width, 1290px );padding-left:var(--global-content-edge-padding);padding-right:var(--global-content-edge-padding);padding-top:60px;padding-right:20px;padding-bottom:80px;padding-left:20px;grid-template-columns:minmax(0, 1fr);}.kb-row-layout-id9559_815b4c-db > .kt-row-layout-overlay{opacity:0.30;}@media all and (max-width: 1024px){.kb-row-layout-id9559_815b4c-db > .kt-row-column-wrap{grid-template-columns:minmax(0, 1fr);}}@media all and (max-width: 767px){.kb-row-layout-id9559_815b4c-db > .kt-row-column-wrap{grid-template-columns:minmax(0, 1fr);}}<\/style><div class=\"kb-row-layout-wrap kb-row-layout-id9559_815b4c-db alignfull wp-block-kadence-rowlayout\"><div class=\"kt-row-column-wrap kt-has-1-columns kt-row-layout-equal kt-tab-layout-inherit kt-mobile-layout-row kt-row-valign-top kb-theme-content-width\">\n<style>.kadence-column9559_37564d-15 > .kt-inside-inner-col,.kadence-column9559_37564d-15 > .kt-inside-inner-col:before{border-top-left-radius:0px;border-top-right-radius:0px;border-bottom-right-radius:0px;border-bottom-left-radius:0px;}.kadence-column9559_37564d-15 > .kt-inside-inner-col{column-gap:var(--global-kb-gap-sm, 1rem);}.kadence-column9559_37564d-15 > .kt-inside-inner-col{flex-direction:column;}.kadence-column9559_37564d-15 > .kt-inside-inner-col > .aligncenter{width:100%;}.kadence-column9559_37564d-15 > .kt-inside-inner-col:before{opacity:0.3;}.kadence-column9559_37564d-15{position:relative;}@media all and (max-width: 1024px){.kadence-column9559_37564d-15 > .kt-inside-inner-col{flex-direction:column;justify-content:center;}}@media all and (max-width: 767px){.kadence-column9559_37564d-15 > .kt-inside-inner-col{flex-direction:column;justify-content:center;}}<\/style>\n<div class=\"wp-block-kadence-column kadence-column9559_37564d-15\"><div class=\"kt-inside-inner-col\"><style>.wp-block-kadence-advancedheading.kt-adv-heading9559_cf27d1-07, .wp-block-kadence-advancedheading.kt-adv-heading9559_cf27d1-07[data-kb-block=\"kb-adv-heading9559_cf27d1-07\"]{font-style:normal;}.wp-block-kadence-advancedheading.kt-adv-heading9559_cf27d1-07 mark.kt-highlight, .wp-block-kadence-advancedheading.kt-adv-heading9559_cf27d1-07[data-kb-block=\"kb-adv-heading9559_cf27d1-07\"] mark.kt-highlight{font-style:normal;color:#f76a0c;-webkit-box-decoration-break:clone;box-decoration-break:clone;padding-top:0px;padding-right:0px;padding-bottom:0px;padding-left:0px;}.wp-block-kadence-advancedheading.kt-adv-heading9559_cf27d1-07 img.kb-inline-image, .wp-block-kadence-advancedheading.kt-adv-heading9559_cf27d1-07[data-kb-block=\"kb-adv-heading9559_cf27d1-07\"] img.kb-inline-image{width:150px;vertical-align:baseline;}@media all and (max-width: 1024px){.wp-block-kadence-advancedheading.kt-adv-heading9559_cf27d1-07, .wp-block-kadence-advancedheading.kt-adv-heading9559_cf27d1-07[data-kb-block=\"kb-adv-heading9559_cf27d1-07\"]{text-align:left!important;}}<\/style>\n<h6 class=\"kt-adv-heading9559_cf27d1-07 wp-block-kadence-advancedheading\" data-kb-block=\"kb-adv-heading9559_cf27d1-07\">Erlebnisse<\/h6>\n\n\n<style>.wp-block-kadence-advancedheading.kt-adv-heading9559_3565c2-d4, .wp-block-kadence-advancedheading.kt-adv-heading9559_3565c2-d4[data-kb-block=\"kb-adv-heading9559_3565c2-d4\"]{margin-bottom:30px;font-style:normal;}.wp-block-kadence-advancedheading.kt-adv-heading9559_3565c2-d4 mark.kt-highlight, .wp-block-kadence-advancedheading.kt-adv-heading9559_3565c2-d4[data-kb-block=\"kb-adv-heading9559_3565c2-d4\"] mark.kt-highlight{font-style:normal;color:#f76a0c;-webkit-box-decoration-break:clone;box-decoration-break:clone;padding-top:0px;padding-right:0px;padding-bottom:0px;padding-left:0px;}.wp-block-kadence-advancedheading.kt-adv-heading9559_3565c2-d4 img.kb-inline-image, .wp-block-kadence-advancedheading.kt-adv-heading9559_3565c2-d4[data-kb-block=\"kb-adv-heading9559_3565c2-d4\"] img.kb-inline-image{width:150px;vertical-align:baseline;}@media all and (max-width: 1024px){.wp-block-kadence-advancedheading.kt-adv-heading9559_3565c2-d4, .wp-block-kadence-advancedheading.kt-adv-heading9559_3565c2-d4[data-kb-block=\"kb-adv-heading9559_3565c2-d4\"]{text-align:left!important;}}@media all and (max-width: 767px){.wp-block-kadence-advancedheading.kt-adv-heading9559_3565c2-d4, .wp-block-kadence-advancedheading.kt-adv-heading9559_3565c2-d4[data-kb-block=\"kb-adv-heading9559_3565c2-d4\"]{padding-top:0px;padding-right:0px;padding-bottom:0px;padding-left:0px;}}<\/style>\n<h1 class=\"kt-adv-heading9559_3565c2-d4 wp-block-kadence-advancedheading\" data-kb-block=\"kb-adv-heading9559_3565c2-d4\">Entdecke Gornja Radgona<\/h1>\n\n\n    <div id=\"poper-form-container\">\n        <div id=\"initial-section\">\n            <h2>Wo ist Popper?<\/h2>\n            <input type=\"text\" id=\"poper-answer\" placeholder=\"Bitte geben Sie Ihre Antwort ein\">\n            <button id=\"check-answer\">Pr\u00fcfen Sie Ihre Antwort<\/button>\n        <\/div>\n        \n        <div id=\"incorrect-answer\" style=\"display:none;\">\n            <br><p><strong>Leider versteckt sich Popper hier nicht. Ben\u00f6tigst du weitere Hilfe?<\/strong><\/p>\n            <button onclick=\"window.open('\/de\/aktivitaten-und-ausfluge\/dozivetja\/entdecke-gornja-radgona-izziv-na-prostem-antworten\/', '_blank')\">JA<\/button>\n            <button id=\"hide-help\">NEIN<\/button>\n        <\/div>\n\n        <div id=\"correct-answer\" style=\"display:none;\">\n            <h2 style=\"padding-top: 20px;\">Gl\u00fcckwunsch!<\/h2>\n            <p>Ihr habt Apolonija geholfen, ihr geliebtes Haustier Popr zu finden. Er hat sich in der Kirche versteckt.<\/p>\n            <p>Als Dank schenkt dir Apolonija eine Eintrittskarte f\u00fcr die Besichtigung der Burg Negova.<\/p>\n            <p style=\"margin-bottom: 10px;\">Das Ticket wird auf deinen pers\u00f6nlichen Namen reserviert sein. Geben Sie Ihren NAMEN und NACHNAMEN in das untenstehende Formular ein und klicken Sie auf Senden.<\/p>\n            <input type=\"text\" id=\"user-name\" placeholder=\"Geben Sie Ihren NAMEN und NACHNAMEN\">\n            <button id=\"send-name\">Senden<\/button>\n            <p style=\"font-size: small; margin-top: 20px;\">Mit der Unterzeichnung dieses Formulars stimmen Sie der Erfassung und Verarbeitung Ihrer pers\u00f6nlichen Daten zu, und zwar zum Zweck der Teilnahme und der Abholung des Preises im Outdoor-Spiel \u2013 Erkundet Gornja Radgona! Das Institut f\u00fcr Kultur, Tourismus und Promotion Gornja Radgona, Partizanska cesta 11, 9250 Gornja Radgona (im Folgenden: Verantwortlicher), wird die pers\u00f6nlichen Daten sicher aufbewahren und sch\u00fctzen, sodass es nicht zu unbefugten Offenlegungen gegen\u00fcber unautorisierten Personen kommt. Die pers\u00f6nlichen Daten werden vom Verantwortlichen bis zum Widerruf aufbewahrt, und zwar solange es erforderlich ist, um den Zweck zu erreichen, f\u00fcr den sie erfasst und verarbeitet werden. Der Verantwortliche verpflichtet sich, die pers\u00f6nlichen Daten ohne schriftliche Zustimmung der betroffenen Person nicht an Dritte weiterzugeben, au\u00dfer an vertraglich gebundene Auftragsverarbeiter, die Aufgaben gem\u00e4\u00df dem Datenverarbeitungsvertrag f\u00fcr den Verantwortlichen ausf\u00fchren. Der Verantwortliche wird die Verarbeitung bzw. Weitergabe der pers\u00f6nlichen Daten ausschlie\u00dflich autorisierten Mitarbeitern erm\u00f6glichen. Mit der Unterzeichnung des Formulars best\u00e4tigen Sie, dass Sie dar\u00fcber informiert sind, dass Sie in Bezug auf Ihre personenbezogenen Daten das Recht auf Auskunft, Berichtigung, Einschr\u00e4nkung der Verarbeitung, L\u00f6schung, \u00dcbertragbarkeit und Widerspruch (einschlie\u00dflich des Rechts auf Beschwerde bei der Datenschutzbeh\u00f6rde und gerichtlichen Rechtsschutz) haben. Weitere Informationen zum Datenschutz beim Verantwortlichen finden Sie auf der Website www.visitradgona.si.<\/p>\n        <\/div>\n    <\/div>\n\n    <script>\n\tdocument.getElementById('check-answer').addEventListener('click', function() {\n\t\tconst answer = document.getElementById('poper-answer').value.trim().toLowerCase();\n\t\tconst correctWords = ['kirche'];\n\n\t\t\/\/ Check if any of the correct words appear in the answer\n\t\tconst isCorrect = correctWords.some(word => answer.includes(word));\n\n\t\tif (isCorrect) {\n\t\t\tdocument.getElementById('incorrect-answer').style.display = 'none';\n\t\t\tdocument.getElementById('correct-answer').style.display = 'block';\n\t\t\tdocument.getElementById('initial-section').style.display = 'none';\n\t\t} else {\n\t\t\tdocument.getElementById('correct-answer').style.display = 'none';\n\t\t\tdocument.getElementById('incorrect-answer').style.display = 'block';\n\t\t}\n\t});\n\n    document.getElementById('hide-help').addEventListener('click', function() {\n        document.getElementById('incorrect-answer').style.display = 'none';\n    });\n\n    document.getElementById('send-name').addEventListener('click', function() {\n    const userName = document.getElementById('user-name').value.trim();\n\n    if (userName) {\n        const formData = new FormData();\n        formData.append('action', 'send_email');\n        formData.append('name', userName);\n\n        fetch('https:\/\/visitradgona.si\/wp-admin\/admin-ajax.php', {\n            method: 'POST',\n            body: formData\n        }).then(response => response.json()).then(data => {\n            if (data.success) {\n                alert(data.message || 'Erfolgreich versendet');\n            } else {\n                alert(data.message || 'Bei der \u00dcbertragung ist ein Fehler aufgetreten.');\n            }\n        }).catch(() => {\n            alert('Bei der \u00dcbertragung ist ein Fehler aufgetreten.');\n        });\n    } else {\n        alert('Bitte geben Sie Ihren Vor- und Nachnamen ein.');\n    }\n});\n    <\/script>\n\n    <style>\n    #poper-form-container {\n\n        margin: auto;\n        padding: 20px;\n        border: 1px solid #ccc;\n        background-color: #f9f9f9;\n    }\n    input[type=\"text\"] {\n        width: 100%;\n        padding: 10px;\n        margin: 10px 0;\n        border: 1px solid #ccc;\n    }\n    button {\n        padding: 10px 20px;\n        color: white;\n        border: none;\n        cursor: pointer;\n        text-transform: none !important;\n    }\n    button:hover {\n        background-color: #79ba1f;\n    }\n    <\/style>\n    \n<\/div><\/div>\n\n<\/div><\/div>","protected":false},"excerpt":{"rendered":"<p>Erlebnisse Entdecke Gornja Radgona<\/p>\n","protected":false},"author":1,"featured_media":0,"parent":8747,"menu_order":0,"comment_status":"closed","ping_status":"closed","template":"","meta":{"_acf_changed":false,"_kad_blocks_custom_css":"","_kad_blocks_head_custom_js":"","_kad_blocks_body_custom_js":"","_kad_blocks_footer_custom_js":"","_kadence_starter_templates_imported_post":true,"_kad_post_transparent":"","_kad_post_title":"hide","_kad_post_layout":"fullwidth","_kad_post_sidebar_id":"","_kad_post_content_style":"unboxed","_kad_post_vertical_padding":"hide","_kad_post_feature":"hide","_kad_post_feature_position":"","_kad_post_header":false,"_kad_post_footer":false,"_kad_post_classname":"","footnotes":""},"class_list":["post-9559","page","type-page","status-publish","hentry"],"acf":[],"aioseo_notices":[],"taxonomy_info":[],"featured_image_src_large":false,"author_info":{"display_name":"Miha Borec","author_link":"https:\/\/visitradgona.si\/de\/author\/miha-borec\/"},"comment_info":0,"_links":{"self":[{"href":"https:\/\/visitradgona.si\/de\/wp-json\/wp\/v2\/pages\/9559","targetHints":{"allow":["GET"]}}],"collection":[{"href":"https:\/\/visitradgona.si\/de\/wp-json\/wp\/v2\/pages"}],"about":[{"href":"https:\/\/visitradgona.si\/de\/wp-json\/wp\/v2\/types\/page"}],"author":[{"embeddable":true,"href":"https:\/\/visitradgona.si\/de\/wp-json\/wp\/v2\/users\/1"}],"replies":[{"embeddable":true,"href":"https:\/\/visitradgona.si\/de\/wp-json\/wp\/v2\/comments?post=9559"}],"version-history":[{"count":0,"href":"https:\/\/visitradgona.si\/de\/wp-json\/wp\/v2\/pages\/9559\/revisions"}],"up":[{"embeddable":true,"href":"https:\/\/visitradgona.si\/de\/wp-json\/wp\/v2\/pages\/8747"}],"wp:attachment":[{"href":"https:\/\/visitradgona.si\/de\/wp-json\/wp\/v2\/media?parent=9559"}],"curies":[{"name":"wp","href":"https:\/\/api.w.org\/{rel}","templated":true}]}}