{"id":8969,"date":"2024-12-11T11:42:07","date_gmt":"2024-12-11T10:42:07","guid":{"rendered":"https:\/\/visitradgona.si\/prireditve\/pravljicno-mesto\/"},"modified":"2025-03-13T18:39:09","modified_gmt":"2025-03-13T17:39:09","slug":"marchenstadt","status":"publish","type":"page","link":"https:\/\/visitradgona.si\/de\/veranstaltungen\/marchenstadt\/","title":{"rendered":"M\u00e4rchenstadt"},"content":{"rendered":"<style>.kb-row-layout-id8969_628ed3-e4 > .kt-row-column-wrap{align-content:start;}:where(.kb-row-layout-id8969_628ed3-e4 > .kt-row-column-wrap) > .wp-block-kadence-column{justify-content:start;}.kb-row-layout-id8969_628ed3-e4 > .kt-row-column-wrap{column-gap:var(--global-kb-gap-md, 2rem);row-gap:var(--global-kb-gap-md, 2rem);max-width:var( --global-content-width, 1290px );padding-left:var(--global-content-edge-padding);padding-right:var(--global-content-edge-padding);padding-right:20px;padding-bottom:120px;padding-left:20px;min-height:50vh;grid-template-columns:minmax(0, calc(52% - ((var(--global-kb-gap-md, 2rem) * 1 )\/2)))minmax(0, calc(48% - ((var(--global-kb-gap-md, 2rem) * 1 )\/2)));}.kb-row-layout-id8969_628ed3-e4{background-image:url('https:\/\/visitradgona.si\/wp-content\/uploads\/2024\/12\/VisitRadgona-cover-photo_0002_COVER-Pravljicno-mesto.jpg');background-size:cover;background-position:50% 25%;background-attachment:scroll;background-repeat:no-repeat;}.kb-row-layout-id8969_628ed3-e4 > .kt-row-layout-overlay{opacity:0.30;}@media all and (max-width: 1024px){.kb-row-layout-id8969_628ed3-e4 > .kt-row-column-wrap{padding-top:60px;padding-right:90px;padding-bottom:60px;padding-left:90px;grid-template-columns:minmax(0, 1fr);}}@media all and (max-width: 767px){.kb-row-layout-id8969_628ed3-e4 > .kt-row-column-wrap{padding-top:60px;padding-right:20px;padding-bottom:40px;padding-left:20px;grid-template-columns:minmax(0, 1fr);}}<\/style><div class=\"kb-row-layout-wrap kb-row-layout-id8969_628ed3-e4 alignnone kt-row-has-bg wp-block-kadence-rowlayout\"><div class=\"kt-row-column-wrap kt-has-2-columns kt-row-layout-left-golden kt-tab-layout-row kt-mobile-layout-row kt-row-valign-top kb-theme-content-width\">\n<style>.kadence-column8969_99984c-6b > .kt-inside-inner-col{padding-right:0px;padding-left:0px;}.kadence-column8969_99984c-6b > .kt-inside-inner-col,.kadence-column8969_99984c-6b > .kt-inside-inner-col:before{border-top-left-radius:0px;border-top-right-radius:0px;border-bottom-right-radius:0px;border-bottom-left-radius:0px;}.kadence-column8969_99984c-6b > .kt-inside-inner-col{column-gap:var(--global-kb-gap-sm, 1rem);}.kadence-column8969_99984c-6b > .kt-inside-inner-col{flex-direction:column;}.kadence-column8969_99984c-6b > .kt-inside-inner-col > .aligncenter{width:100%;}.kadence-column8969_99984c-6b > .kt-inside-inner-col:before{opacity:0.3;}.kadence-column8969_99984c-6b{position:relative;}.kadence-column8969_99984c-6b, .kt-inside-inner-col > .kadence-column8969_99984c-6b:not(.specificity){margin-right:90px;margin-left:10px;}@media all and (max-width: 1024px){.kadence-column8969_99984c-6b > .kt-inside-inner-col{padding-top:0px;padding-right:60px;padding-bottom:0px;padding-left:60px;flex-direction:column;justify-content:center;}}@media all and (max-width: 1024px){.kadence-column8969_99984c-6b, .kt-inside-inner-col > .kadence-column8969_99984c-6b:not(.specificity){margin-top:0px;margin-right:0px;margin-bottom:0px;margin-left:0px;}}@media all and (max-width: 767px){.kadence-column8969_99984c-6b > .kt-inside-inner-col{padding-right:0px;padding-left:0px;flex-direction:column;justify-content:center;}.kadence-column8969_99984c-6b, .kt-inside-inner-col > .kadence-column8969_99984c-6b:not(.specificity){margin-right:0px;margin-left:0px;}}<\/style>\n<div class=\"wp-block-kadence-column kadence-column8969_99984c-6b inner-column-1\"><div class=\"kt-inside-inner-col\"><\/div><\/div>\n\n\n<style>.kadence-column8969_7d6b6b-1f > .kt-inside-inner-col,.kadence-column8969_7d6b6b-1f > .kt-inside-inner-col:before{border-top-left-radius:0px;border-top-right-radius:0px;border-bottom-right-radius:0px;border-bottom-left-radius:0px;}.kadence-column8969_7d6b6b-1f > .kt-inside-inner-col{column-gap:var(--global-kb-gap-sm, 1rem);}.kadence-column8969_7d6b6b-1f > .kt-inside-inner-col{flex-direction:column;}.kadence-column8969_7d6b6b-1f > .kt-inside-inner-col > .aligncenter{width:100%;}.kadence-column8969_7d6b6b-1f > .kt-inside-inner-col:before{opacity:0.3;}.kadence-column8969_7d6b6b-1f{position:relative;}@media all and (max-width: 1024px){.kadence-column8969_7d6b6b-1f > .kt-inside-inner-col{flex-direction:column;justify-content:center;}}@media all and (max-width: 767px){.kadence-column8969_7d6b6b-1f > .kt-inside-inner-col{flex-direction:column;justify-content:center;}}<\/style>\n<div class=\"wp-block-kadence-column kadence-column8969_7d6b6b-1f kvs-md-false kvs-sm-false inner-column-2\"><div class=\"kt-inside-inner-col\"><\/div><\/div>\n\n<\/div><\/div>\n\n<style>.kb-row-layout-id8969_51d612-1e > .kt-row-column-wrap{align-content:start;}:where(.kb-row-layout-id8969_51d612-1e > .kt-row-column-wrap) > .wp-block-kadence-column{justify-content:start;}.kb-row-layout-id8969_51d612-1e > .kt-row-column-wrap{column-gap:var(--global-kb-gap-md, 2rem);row-gap:var(--global-kb-gap-md, 2rem);max-width:var( --global-content-width, 1290px );padding-left:var(--global-content-edge-padding);padding-right:var(--global-content-edge-padding);padding-top:60px;padding-right:20px;padding-bottom:80px;padding-left:20px;grid-template-columns:minmax(0, 1fr);}.kb-row-layout-id8969_51d612-1e > .kt-row-layout-overlay{opacity:0.30;}@media all and (max-width: 1024px){.kb-row-layout-id8969_51d612-1e > .kt-row-column-wrap{grid-template-columns:minmax(0, 1fr);}}@media all and (max-width: 767px){.kb-row-layout-id8969_51d612-1e > .kt-row-column-wrap{grid-template-columns:minmax(0, 1fr);}}<\/style><div class=\"kb-row-layout-wrap kb-row-layout-id8969_51d612-1e alignfull wp-block-kadence-rowlayout\"><div class=\"kt-row-column-wrap kt-has-1-columns kt-row-layout-equal kt-tab-layout-inherit kt-mobile-layout-row kt-row-valign-top kb-theme-content-width\">\n<style>.kadence-column8969_95e7e4-ce > .kt-inside-inner-col,.kadence-column8969_95e7e4-ce > .kt-inside-inner-col:before{border-top-left-radius:0px;border-top-right-radius:0px;border-bottom-right-radius:0px;border-bottom-left-radius:0px;}.kadence-column8969_95e7e4-ce > .kt-inside-inner-col{column-gap:var(--global-kb-gap-sm, 1rem);}.kadence-column8969_95e7e4-ce > .kt-inside-inner-col{flex-direction:column;}.kadence-column8969_95e7e4-ce > .kt-inside-inner-col > .aligncenter{width:100%;}.kadence-column8969_95e7e4-ce > .kt-inside-inner-col:before{opacity:0.3;}.kadence-column8969_95e7e4-ce{position:relative;}@media all and (max-width: 1024px){.kadence-column8969_95e7e4-ce > .kt-inside-inner-col{flex-direction:column;justify-content:center;}}@media all and (max-width: 767px){.kadence-column8969_95e7e4-ce > .kt-inside-inner-col{flex-direction:column;justify-content:center;}}<\/style>\n<div class=\"wp-block-kadence-column kadence-column8969_95e7e4-ce\"><div class=\"kt-inside-inner-col\"><style>.wp-block-kadence-advancedheading.kt-adv-heading8969_840f60-61, .wp-block-kadence-advancedheading.kt-adv-heading8969_840f60-61[data-kb-block=\"kb-adv-heading8969_840f60-61\"]{font-style:normal;}.wp-block-kadence-advancedheading.kt-adv-heading8969_840f60-61 mark.kt-highlight, .wp-block-kadence-advancedheading.kt-adv-heading8969_840f60-61[data-kb-block=\"kb-adv-heading8969_840f60-61\"] mark.kt-highlight{font-style:normal;color:#f76a0c;-webkit-box-decoration-break:clone;box-decoration-break:clone;padding-top:0px;padding-right:0px;padding-bottom:0px;padding-left:0px;}.wp-block-kadence-advancedheading.kt-adv-heading8969_840f60-61 img.kb-inline-image, .wp-block-kadence-advancedheading.kt-adv-heading8969_840f60-61[data-kb-block=\"kb-adv-heading8969_840f60-61\"] img.kb-inline-image{width:150px;vertical-align:baseline;}@media all and (max-width: 1024px){.wp-block-kadence-advancedheading.kt-adv-heading8969_840f60-61, .wp-block-kadence-advancedheading.kt-adv-heading8969_840f60-61[data-kb-block=\"kb-adv-heading8969_840f60-61\"]{text-align:left!important;}}<\/style>\n<h6 class=\"kt-adv-heading8969_840f60-61 wp-block-kadence-advancedheading\" data-kb-block=\"kb-adv-heading8969_840f60-61\">Veranstaltungen<\/h6>\n\n\n<style>.wp-block-kadence-advancedheading.kt-adv-heading8969_d0aa44-9a, .wp-block-kadence-advancedheading.kt-adv-heading8969_d0aa44-9a[data-kb-block=\"kb-adv-heading8969_d0aa44-9a\"]{margin-bottom:30px;font-style:normal;}.wp-block-kadence-advancedheading.kt-adv-heading8969_d0aa44-9a mark.kt-highlight, .wp-block-kadence-advancedheading.kt-adv-heading8969_d0aa44-9a[data-kb-block=\"kb-adv-heading8969_d0aa44-9a\"] mark.kt-highlight{font-style:normal;color:#f76a0c;-webkit-box-decoration-break:clone;box-decoration-break:clone;padding-top:0px;padding-right:0px;padding-bottom:0px;padding-left:0px;}.wp-block-kadence-advancedheading.kt-adv-heading8969_d0aa44-9a img.kb-inline-image, .wp-block-kadence-advancedheading.kt-adv-heading8969_d0aa44-9a[data-kb-block=\"kb-adv-heading8969_d0aa44-9a\"] img.kb-inline-image{width:150px;vertical-align:baseline;}@media all and (max-width: 1024px){.wp-block-kadence-advancedheading.kt-adv-heading8969_d0aa44-9a, .wp-block-kadence-advancedheading.kt-adv-heading8969_d0aa44-9a[data-kb-block=\"kb-adv-heading8969_d0aa44-9a\"]{text-align:left!important;}}@media all and (max-width: 767px){.wp-block-kadence-advancedheading.kt-adv-heading8969_d0aa44-9a, .wp-block-kadence-advancedheading.kt-adv-heading8969_d0aa44-9a[data-kb-block=\"kb-adv-heading8969_d0aa44-9a\"]{padding-top:0px;padding-right:0px;padding-bottom:0px;padding-left:0px;}}<\/style>\n<h1 class=\"kt-adv-heading8969_d0aa44-9a wp-block-kadence-advancedheading\" data-kb-block=\"kb-adv-heading8969_d0aa44-9a\">M\u00e4rchenstadt<\/h1>\n\n\n\n<p>In Gornja Radgona wird jeden Dezember die M\u00e4rchenstadt lebendig! Die Veranstaltung findet auf dem Gel\u00e4nde vor dem Jugendzentrum Gornja Radgona statt.<\/p>\n\n\n\n<p>Ein abwechslungsreiches Programm sorgt f\u00fcr Freude und festliche Stimmung f\u00fcr alle Generationen. Die Besucher k\u00f6nnen Auff\u00fchrungen von Kindern, Sch\u00fclern aus lokalen Grundschulen, Folkloregruppen und Musikschulen genie\u00dfen, die ein authentisches Feiertagsgef\u00fchl erzeugen. Jedes Jahr sorgen besondere musikalische G\u00e4ste f\u00fcr zus\u00e4tzliche Energie und Spa\u00df.<\/p>\n\n\n\n<p>Neben Musik- und Tanzvorf\u00fchrungen begeistern die Besucher festliche St\u00e4nde mit einer Vielzahl von kulinarischen Angeboten und einzigartigen Produkten. J\u00fcngere Besucher k\u00f6nnen an kreativen Kinderworkshops teilnehmen, bei denen sie durch Spiel und Basteln die Feiertagstraditionen kennenlernen.<\/p>\n\n\n\n<p>Unten k\u00f6nnen Sie die Bildergalerie der letzten Veranstaltung ansehen, die HIER verf\u00fcgbar ist.<\/p>\n<\/div><\/div>\n\n<\/div><\/div>","protected":false},"excerpt":{"rendered":"<p>Veranstaltungen M\u00e4rchenstadt In Gornja Radgona wird jeden Dezember die M\u00e4rchenstadt lebendig! Die Veranstaltung findet auf dem Gel\u00e4nde vor dem Jugendzentrum Gornja Radgona statt. Ein abwechslungsreiches Programm sorgt f\u00fcr Freude und festliche Stimmung f\u00fcr alle Generationen. Die Besucher k\u00f6nnen Auff\u00fchrungen von Kindern, Sch\u00fclern aus lokalen Grundschulen, Folkloregruppen und Musikschulen genie\u00dfen, die ein authentisches Feiertagsgef\u00fchl erzeugen. Jedes&#8230;<\/p>\n","protected":false},"author":1,"featured_media":0,"parent":8660,"menu_order":0,"comment_status":"closed","ping_status":"closed","template":"","meta":{"_acf_changed":false,"_kad_blocks_custom_css":"","_kad_blocks_head_custom_js":"","_kad_blocks_body_custom_js":"","_kad_blocks_footer_custom_js":"","_kadence_starter_templates_imported_post":true,"_kad_post_transparent":"","_kad_post_title":"hide","_kad_post_layout":"fullwidth","_kad_post_sidebar_id":"","_kad_post_content_style":"unboxed","_kad_post_vertical_padding":"hide","_kad_post_feature":"hide","_kad_post_feature_position":"","_kad_post_header":false,"_kad_post_footer":false,"_kad_post_classname":"","footnotes":""},"class_list":["post-8969","page","type-page","status-publish","hentry"],"acf":[],"aioseo_notices":[],"taxonomy_info":[],"featured_image_src_large":false,"author_info":{"display_name":"Miha Borec","author_link":"https:\/\/visitradgona.si\/de\/author\/miha-borec\/"},"comment_info":0,"_links":{"self":[{"href":"https:\/\/visitradgona.si\/de\/wp-json\/wp\/v2\/pages\/8969","targetHints":{"allow":["GET"]}}],"collection":[{"href":"https:\/\/visitradgona.si\/de\/wp-json\/wp\/v2\/pages"}],"about":[{"href":"https:\/\/visitradgona.si\/de\/wp-json\/wp\/v2\/types\/page"}],"author":[{"embeddable":true,"href":"https:\/\/visitradgona.si\/de\/wp-json\/wp\/v2\/users\/1"}],"replies":[{"embeddable":true,"href":"https:\/\/visitradgona.si\/de\/wp-json\/wp\/v2\/comments?post=8969"}],"version-history":[{"count":0,"href":"https:\/\/visitradgona.si\/de\/wp-json\/wp\/v2\/pages\/8969\/revisions"}],"up":[{"embeddable":true,"href":"https:\/\/visitradgona.si\/de\/wp-json\/wp\/v2\/pages\/8660"}],"wp:attachment":[{"href":"https:\/\/visitradgona.si\/de\/wp-json\/wp\/v2\/media?parent=8969"}],"curies":[{"name":"wp","href":"https:\/\/api.w.org\/{rel}","templated":true}]}}