{"id":8955,"date":"2024-12-11T11:47:12","date_gmt":"2024-12-11T10:47:12","guid":{"rendered":"https:\/\/visitradgona.si\/prireditve\/cestart-festival\/"},"modified":"2025-03-13T20:24:18","modified_gmt":"2025-03-13T19:24:18","slug":"cestart-festival","status":"publish","type":"page","link":"https:\/\/visitradgona.si\/de\/veranstaltungen\/cestart-festival\/","title":{"rendered":"CestArt Festival"},"content":{"rendered":"<style>.kb-row-layout-id8955_707b7f-02 > .kt-row-column-wrap{align-content:start;}:where(.kb-row-layout-id8955_707b7f-02 > .kt-row-column-wrap) > .wp-block-kadence-column{justify-content:start;}.kb-row-layout-id8955_707b7f-02 > .kt-row-column-wrap{column-gap:var(--global-kb-gap-md, 2rem);row-gap:var(--global-kb-gap-md, 2rem);max-width:var( --global-content-width, 1290px );padding-left:var(--global-content-edge-padding);padding-right:var(--global-content-edge-padding);padding-right:20px;padding-bottom:120px;padding-left:20px;min-height:50vh;grid-template-columns:minmax(0, calc(52% - ((var(--global-kb-gap-md, 2rem) * 1 )\/2)))minmax(0, calc(48% - ((var(--global-kb-gap-md, 2rem) * 1 )\/2)));}.kb-row-layout-id8955_707b7f-02{background-image:url('https:\/\/visitradgona.si\/wp-content\/uploads\/2024\/12\/CestArt-festival-2024.jpg');background-size:cover;background-position:50% 0%;background-attachment:scroll;background-repeat:no-repeat;}.kb-row-layout-id8955_707b7f-02 > .kt-row-layout-overlay{opacity:0.30;}@media all and (max-width: 1024px){.kb-row-layout-id8955_707b7f-02 > .kt-row-column-wrap{padding-top:60px;padding-right:90px;padding-bottom:60px;padding-left:90px;grid-template-columns:minmax(0, 1fr);}}@media all and (max-width: 767px){.kb-row-layout-id8955_707b7f-02 > .kt-row-column-wrap{padding-top:60px;padding-right:20px;padding-bottom:40px;padding-left:20px;grid-template-columns:minmax(0, 1fr);}}<\/style><div class=\"kb-row-layout-wrap kb-row-layout-id8955_707b7f-02 alignnone kt-row-has-bg wp-block-kadence-rowlayout\"><div class=\"kt-row-column-wrap kt-has-2-columns kt-row-layout-left-golden kt-tab-layout-row kt-mobile-layout-row kt-row-valign-top kb-theme-content-width\">\n<style>.kadence-column8955_3fea29-fc > .kt-inside-inner-col{padding-right:0px;padding-left:0px;}.kadence-column8955_3fea29-fc > .kt-inside-inner-col,.kadence-column8955_3fea29-fc > .kt-inside-inner-col:before{border-top-left-radius:0px;border-top-right-radius:0px;border-bottom-right-radius:0px;border-bottom-left-radius:0px;}.kadence-column8955_3fea29-fc > .kt-inside-inner-col{column-gap:var(--global-kb-gap-sm, 1rem);}.kadence-column8955_3fea29-fc > .kt-inside-inner-col{flex-direction:column;}.kadence-column8955_3fea29-fc > .kt-inside-inner-col > .aligncenter{width:100%;}.kadence-column8955_3fea29-fc > .kt-inside-inner-col:before{opacity:0.3;}.kadence-column8955_3fea29-fc{position:relative;}.kadence-column8955_3fea29-fc, .kt-inside-inner-col > .kadence-column8955_3fea29-fc:not(.specificity){margin-right:90px;margin-left:10px;}@media all and (max-width: 1024px){.kadence-column8955_3fea29-fc > .kt-inside-inner-col{padding-top:0px;padding-right:60px;padding-bottom:0px;padding-left:60px;flex-direction:column;justify-content:center;}}@media all and (max-width: 1024px){.kadence-column8955_3fea29-fc, .kt-inside-inner-col > .kadence-column8955_3fea29-fc:not(.specificity){margin-top:0px;margin-right:0px;margin-bottom:0px;margin-left:0px;}}@media all and (max-width: 767px){.kadence-column8955_3fea29-fc > .kt-inside-inner-col{padding-right:0px;padding-left:0px;flex-direction:column;justify-content:center;}.kadence-column8955_3fea29-fc, .kt-inside-inner-col > .kadence-column8955_3fea29-fc:not(.specificity){margin-right:0px;margin-left:0px;}}<\/style>\n<div class=\"wp-block-kadence-column kadence-column8955_3fea29-fc inner-column-1\"><div class=\"kt-inside-inner-col\"><\/div><\/div>\n\n\n<style>.kadence-column8955_d5489f-4c > .kt-inside-inner-col,.kadence-column8955_d5489f-4c > .kt-inside-inner-col:before{border-top-left-radius:0px;border-top-right-radius:0px;border-bottom-right-radius:0px;border-bottom-left-radius:0px;}.kadence-column8955_d5489f-4c > .kt-inside-inner-col{column-gap:var(--global-kb-gap-sm, 1rem);}.kadence-column8955_d5489f-4c > .kt-inside-inner-col{flex-direction:column;}.kadence-column8955_d5489f-4c > .kt-inside-inner-col > .aligncenter{width:100%;}.kadence-column8955_d5489f-4c > .kt-inside-inner-col:before{opacity:0.3;}.kadence-column8955_d5489f-4c{position:relative;}@media all and (max-width: 1024px){.kadence-column8955_d5489f-4c > .kt-inside-inner-col{flex-direction:column;justify-content:center;}}@media all and (max-width: 767px){.kadence-column8955_d5489f-4c > .kt-inside-inner-col{flex-direction:column;justify-content:center;}}<\/style>\n<div class=\"wp-block-kadence-column kadence-column8955_d5489f-4c kvs-md-false kvs-sm-false inner-column-2\"><div class=\"kt-inside-inner-col\"><\/div><\/div>\n\n<\/div><\/div>\n\n<style>.kb-row-layout-id8955_ede87c-fe > .kt-row-column-wrap{align-content:start;}:where(.kb-row-layout-id8955_ede87c-fe > .kt-row-column-wrap) > .wp-block-kadence-column{justify-content:start;}.kb-row-layout-id8955_ede87c-fe > .kt-row-column-wrap{column-gap:var(--global-kb-gap-md, 2rem);row-gap:var(--global-kb-gap-md, 2rem);max-width:var( --global-content-width, 1290px );padding-left:var(--global-content-edge-padding);padding-right:var(--global-content-edge-padding);padding-top:60px;padding-right:20px;padding-bottom:80px;padding-left:20px;grid-template-columns:minmax(0, 1fr);}.kb-row-layout-id8955_ede87c-fe > .kt-row-layout-overlay{opacity:0.30;}@media all and (max-width: 1024px){.kb-row-layout-id8955_ede87c-fe > .kt-row-column-wrap{grid-template-columns:minmax(0, 1fr);}}@media all and (max-width: 767px){.kb-row-layout-id8955_ede87c-fe > .kt-row-column-wrap{grid-template-columns:minmax(0, 1fr);}}<\/style><div class=\"kb-row-layout-wrap kb-row-layout-id8955_ede87c-fe alignfull wp-block-kadence-rowlayout\"><div class=\"kt-row-column-wrap kt-has-1-columns kt-row-layout-equal kt-tab-layout-inherit kt-mobile-layout-row kt-row-valign-top kb-theme-content-width\">\n<style>.kadence-column8955_187f4e-48 > .kt-inside-inner-col,.kadence-column8955_187f4e-48 > .kt-inside-inner-col:before{border-top-left-radius:0px;border-top-right-radius:0px;border-bottom-right-radius:0px;border-bottom-left-radius:0px;}.kadence-column8955_187f4e-48 > .kt-inside-inner-col{column-gap:var(--global-kb-gap-sm, 1rem);}.kadence-column8955_187f4e-48 > .kt-inside-inner-col{flex-direction:column;}.kadence-column8955_187f4e-48 > .kt-inside-inner-col > .aligncenter{width:100%;}.kadence-column8955_187f4e-48 > .kt-inside-inner-col:before{opacity:0.3;}.kadence-column8955_187f4e-48{position:relative;}@media all and (max-width: 1024px){.kadence-column8955_187f4e-48 > .kt-inside-inner-col{flex-direction:column;justify-content:center;}}@media all and (max-width: 767px){.kadence-column8955_187f4e-48 > .kt-inside-inner-col{flex-direction:column;justify-content:center;}}<\/style>\n<div class=\"wp-block-kadence-column kadence-column8955_187f4e-48\"><div class=\"kt-inside-inner-col\"><style>.wp-block-kadence-advancedheading.kt-adv-heading8955_540476-fc, .wp-block-kadence-advancedheading.kt-adv-heading8955_540476-fc[data-kb-block=\"kb-adv-heading8955_540476-fc\"]{font-style:normal;}.wp-block-kadence-advancedheading.kt-adv-heading8955_540476-fc mark.kt-highlight, .wp-block-kadence-advancedheading.kt-adv-heading8955_540476-fc[data-kb-block=\"kb-adv-heading8955_540476-fc\"] mark.kt-highlight{font-style:normal;color:#f76a0c;-webkit-box-decoration-break:clone;box-decoration-break:clone;padding-top:0px;padding-right:0px;padding-bottom:0px;padding-left:0px;}.wp-block-kadence-advancedheading.kt-adv-heading8955_540476-fc img.kb-inline-image, .wp-block-kadence-advancedheading.kt-adv-heading8955_540476-fc[data-kb-block=\"kb-adv-heading8955_540476-fc\"] img.kb-inline-image{width:150px;vertical-align:baseline;}@media all and (max-width: 1024px){.wp-block-kadence-advancedheading.kt-adv-heading8955_540476-fc, .wp-block-kadence-advancedheading.kt-adv-heading8955_540476-fc[data-kb-block=\"kb-adv-heading8955_540476-fc\"]{text-align:left!important;}}<\/style>\n<h6 class=\"kt-adv-heading8955_540476-fc wp-block-kadence-advancedheading\" data-kb-block=\"kb-adv-heading8955_540476-fc\">Veranstaltungen<\/h6>\n\n\n<style>.wp-block-kadence-advancedheading.kt-adv-heading8955_876bf3-0b, .wp-block-kadence-advancedheading.kt-adv-heading8955_876bf3-0b[data-kb-block=\"kb-adv-heading8955_876bf3-0b\"]{margin-bottom:30px;font-style:normal;}.wp-block-kadence-advancedheading.kt-adv-heading8955_876bf3-0b mark.kt-highlight, .wp-block-kadence-advancedheading.kt-adv-heading8955_876bf3-0b[data-kb-block=\"kb-adv-heading8955_876bf3-0b\"] mark.kt-highlight{font-style:normal;color:#f76a0c;-webkit-box-decoration-break:clone;box-decoration-break:clone;padding-top:0px;padding-right:0px;padding-bottom:0px;padding-left:0px;}.wp-block-kadence-advancedheading.kt-adv-heading8955_876bf3-0b img.kb-inline-image, .wp-block-kadence-advancedheading.kt-adv-heading8955_876bf3-0b[data-kb-block=\"kb-adv-heading8955_876bf3-0b\"] img.kb-inline-image{width:150px;vertical-align:baseline;}@media all and (max-width: 1024px){.wp-block-kadence-advancedheading.kt-adv-heading8955_876bf3-0b, .wp-block-kadence-advancedheading.kt-adv-heading8955_876bf3-0b[data-kb-block=\"kb-adv-heading8955_876bf3-0b\"]{text-align:left!important;}}@media all and (max-width: 767px){.wp-block-kadence-advancedheading.kt-adv-heading8955_876bf3-0b, .wp-block-kadence-advancedheading.kt-adv-heading8955_876bf3-0b[data-kb-block=\"kb-adv-heading8955_876bf3-0b\"]{padding-top:0px;padding-right:0px;padding-bottom:0px;padding-left:0px;}}<\/style>\n<h1 class=\"kt-adv-heading8955_876bf3-0b wp-block-kadence-advancedheading\" data-kb-block=\"kb-adv-heading8955_876bf3-0b\"><strong>CestArt Festival<\/strong><\/h1>\n\n\n\n<p>Das CestArt Festival ist ein Festival der urbanen Kultur, das Kunstwerke auf die Stra\u00dfen, in Schaufenster und begrenzte R\u00e4ume bringt, die an verschiedenen Standorten in Gornja Radgona verstreut sind, vom Br\u00fccke bis zum Park und in der benachbarten Stadt Potrni in \u00d6sterreich. Beim Festival pr\u00e4sentieren sich K\u00fcnstler aus verschiedenen kreativen Bereichen, die in irgendeiner Weise mit Gornja Radgona verbunden sind und durch Vielfalt und Aktualit\u00e4t vereint werden.<\/p>\n\n\n\n<p>Unten k\u00f6nnen Sie die Bildergalerie der letzten Veranstaltung ansehen, die HIER verf\u00fcgbar ist.<\/p>\n<\/div><\/div>\n\n<\/div><\/div>","protected":false},"excerpt":{"rendered":"<p>Veranstaltungen CestArt Festival Das CestArt Festival ist ein Festival der urbanen Kultur, das Kunstwerke auf die Stra\u00dfen, in Schaufenster und begrenzte R\u00e4ume bringt, die an verschiedenen Standorten in Gornja Radgona verstreut sind, vom Br\u00fccke bis zum Park und in der benachbarten Stadt Potrni in \u00d6sterreich. Beim Festival pr\u00e4sentieren sich K\u00fcnstler aus verschiedenen kreativen Bereichen, die&#8230;<\/p>\n","protected":false},"author":1,"featured_media":0,"parent":8660,"menu_order":0,"comment_status":"closed","ping_status":"closed","template":"","meta":{"_acf_changed":false,"_kad_blocks_custom_css":"","_kad_blocks_head_custom_js":"","_kad_blocks_body_custom_js":"","_kad_blocks_footer_custom_js":"","_kadence_starter_templates_imported_post":true,"_kad_post_transparent":"","_kad_post_title":"hide","_kad_post_layout":"fullwidth","_kad_post_sidebar_id":"","_kad_post_content_style":"unboxed","_kad_post_vertical_padding":"hide","_kad_post_feature":"hide","_kad_post_feature_position":"","_kad_post_header":false,"_kad_post_footer":false,"_kad_post_classname":"","footnotes":""},"class_list":["post-8955","page","type-page","status-publish","hentry"],"acf":[],"aioseo_notices":[],"taxonomy_info":[],"featured_image_src_large":false,"author_info":{"display_name":"Miha Borec","author_link":"https:\/\/visitradgona.si\/de\/author\/miha-borec\/"},"comment_info":0,"_links":{"self":[{"href":"https:\/\/visitradgona.si\/de\/wp-json\/wp\/v2\/pages\/8955","targetHints":{"allow":["GET"]}}],"collection":[{"href":"https:\/\/visitradgona.si\/de\/wp-json\/wp\/v2\/pages"}],"about":[{"href":"https:\/\/visitradgona.si\/de\/wp-json\/wp\/v2\/types\/page"}],"author":[{"embeddable":true,"href":"https:\/\/visitradgona.si\/de\/wp-json\/wp\/v2\/users\/1"}],"replies":[{"embeddable":true,"href":"https:\/\/visitradgona.si\/de\/wp-json\/wp\/v2\/comments?post=8955"}],"version-history":[{"count":0,"href":"https:\/\/visitradgona.si\/de\/wp-json\/wp\/v2\/pages\/8955\/revisions"}],"up":[{"embeddable":true,"href":"https:\/\/visitradgona.si\/de\/wp-json\/wp\/v2\/pages\/8660"}],"wp:attachment":[{"href":"https:\/\/visitradgona.si\/de\/wp-json\/wp\/v2\/media?parent=8955"}],"curies":[{"name":"wp","href":"https:\/\/api.w.org\/{rel}","templated":true}]}}