{"id":8909,"date":"2024-12-04T12:39:37","date_gmt":"2024-12-04T11:39:37","guid":{"rendered":"https:\/\/visitradgona.si\/lokalna-ponudba\/jz-knjiznica-gornja-radgona\/"},"modified":"2025-03-01T23:55:58","modified_gmt":"2025-03-01T22:55:58","slug":"jz-knjiznica-gornja-radgona","status":"publish","type":"page","link":"https:\/\/visitradgona.si\/de\/lokale-angebote\/jz-knjiznica-gornja-radgona\/","title":{"rendered":"JZ Knji\u017enica Gornja Radgona"},"content":{"rendered":"<style>.kb-row-layout-id8909_69ac69-f8 > .kt-row-column-wrap{align-content:start;}:where(.kb-row-layout-id8909_69ac69-f8 > .kt-row-column-wrap) > .wp-block-kadence-column{justify-content:start;}.kb-row-layout-id8909_69ac69-f8 > .kt-row-column-wrap{column-gap:var(--global-kb-gap-md, 2rem);row-gap:var(--global-kb-gap-md, 2rem);max-width:var( --global-content-width, 1290px );padding-left:var(--global-content-edge-padding);padding-right:var(--global-content-edge-padding);padding-right:20px;padding-bottom:120px;padding-left:20px;min-height:50vh;grid-template-columns:minmax(0, calc(52% - ((var(--global-kb-gap-md, 2rem) * 1 )\/2)))minmax(0, calc(48% - ((var(--global-kb-gap-md, 2rem) * 1 )\/2)));}.kb-row-layout-id8909_69ac69-f8{background-image:url('https:\/\/visitradgona.si\/wp-content\/uploads\/2024\/12\/VisitRadgona-cover-photo_0015_Knjiznica-GR-3.jpg');background-size:cover;background-position:50% 60%;background-attachment:scroll;background-repeat:no-repeat;}.kb-row-layout-id8909_69ac69-f8 > .kt-row-layout-overlay{opacity:0.30;}@media all and (max-width: 1024px){.kb-row-layout-id8909_69ac69-f8 > .kt-row-column-wrap{padding-top:60px;padding-right:90px;padding-bottom:60px;padding-left:90px;grid-template-columns:minmax(0, 1fr);}}@media all and (max-width: 767px){.kb-row-layout-id8909_69ac69-f8 > .kt-row-column-wrap{padding-top:60px;padding-right:20px;padding-bottom:40px;padding-left:20px;grid-template-columns:minmax(0, 1fr);}}<\/style><div class=\"kb-row-layout-wrap kb-row-layout-id8909_69ac69-f8 alignnone kt-row-has-bg wp-block-kadence-rowlayout\"><div class=\"kt-row-column-wrap kt-has-2-columns kt-row-layout-left-golden kt-tab-layout-row kt-mobile-layout-row kt-row-valign-top kb-theme-content-width\">\n<style>.kadence-column8909_dcc118-e7 > .kt-inside-inner-col{padding-right:0px;padding-left:0px;}.kadence-column8909_dcc118-e7 > .kt-inside-inner-col,.kadence-column8909_dcc118-e7 > .kt-inside-inner-col:before{border-top-left-radius:0px;border-top-right-radius:0px;border-bottom-right-radius:0px;border-bottom-left-radius:0px;}.kadence-column8909_dcc118-e7 > .kt-inside-inner-col{column-gap:var(--global-kb-gap-sm, 1rem);}.kadence-column8909_dcc118-e7 > .kt-inside-inner-col{flex-direction:column;}.kadence-column8909_dcc118-e7 > .kt-inside-inner-col > .aligncenter{width:100%;}.kadence-column8909_dcc118-e7 > .kt-inside-inner-col:before{opacity:0.3;}.kadence-column8909_dcc118-e7{position:relative;}.kadence-column8909_dcc118-e7, .kt-inside-inner-col > .kadence-column8909_dcc118-e7:not(.specificity){margin-right:90px;margin-left:10px;}@media all and (max-width: 1024px){.kadence-column8909_dcc118-e7 > .kt-inside-inner-col{padding-top:0px;padding-right:60px;padding-bottom:0px;padding-left:60px;flex-direction:column;justify-content:center;}}@media all and (max-width: 1024px){.kadence-column8909_dcc118-e7, .kt-inside-inner-col > .kadence-column8909_dcc118-e7:not(.specificity){margin-top:0px;margin-right:0px;margin-bottom:0px;margin-left:0px;}}@media all and (max-width: 767px){.kadence-column8909_dcc118-e7 > .kt-inside-inner-col{padding-right:0px;padding-left:0px;flex-direction:column;justify-content:center;}.kadence-column8909_dcc118-e7, .kt-inside-inner-col > .kadence-column8909_dcc118-e7:not(.specificity){margin-right:0px;margin-left:0px;}}<\/style>\n<div class=\"wp-block-kadence-column kadence-column8909_dcc118-e7 inner-column-1\"><div class=\"kt-inside-inner-col\"><\/div><\/div>\n\n\n<style>.kadence-column8909_626c6e-b6 > .kt-inside-inner-col,.kadence-column8909_626c6e-b6 > .kt-inside-inner-col:before{border-top-left-radius:0px;border-top-right-radius:0px;border-bottom-right-radius:0px;border-bottom-left-radius:0px;}.kadence-column8909_626c6e-b6 > .kt-inside-inner-col{column-gap:var(--global-kb-gap-sm, 1rem);}.kadence-column8909_626c6e-b6 > .kt-inside-inner-col{flex-direction:column;}.kadence-column8909_626c6e-b6 > .kt-inside-inner-col > .aligncenter{width:100%;}.kadence-column8909_626c6e-b6 > .kt-inside-inner-col:before{opacity:0.3;}.kadence-column8909_626c6e-b6{position:relative;}@media all and (max-width: 1024px){.kadence-column8909_626c6e-b6 > .kt-inside-inner-col{flex-direction:column;justify-content:center;}}@media all and (max-width: 767px){.kadence-column8909_626c6e-b6 > .kt-inside-inner-col{flex-direction:column;justify-content:center;}}<\/style>\n<div class=\"wp-block-kadence-column kadence-column8909_626c6e-b6 kvs-md-false kvs-sm-false inner-column-2\"><div class=\"kt-inside-inner-col\"><\/div><\/div>\n\n<\/div><\/div>\n\n<style>.kb-row-layout-id8909_693a94-b8 > .kt-row-column-wrap{align-content:start;}:where(.kb-row-layout-id8909_693a94-b8 > .kt-row-column-wrap) > .wp-block-kadence-column{justify-content:start;}.kb-row-layout-id8909_693a94-b8 > .kt-row-column-wrap{column-gap:var(--global-kb-gap-md, 2rem);row-gap:var(--global-kb-gap-md, 2rem);max-width:var( --global-content-width, 1290px );padding-left:var(--global-content-edge-padding);padding-right:var(--global-content-edge-padding);padding-top:60px;padding-right:20px;padding-bottom:80px;padding-left:20px;grid-template-columns:minmax(0, 1fr);}.kb-row-layout-id8909_693a94-b8 > .kt-row-layout-overlay{opacity:0.30;}@media all and (max-width: 1024px){.kb-row-layout-id8909_693a94-b8 > .kt-row-column-wrap{grid-template-columns:minmax(0, 1fr);}}@media all and (max-width: 767px){.kb-row-layout-id8909_693a94-b8 > .kt-row-column-wrap{grid-template-columns:minmax(0, 1fr);}}<\/style><div class=\"kb-row-layout-wrap kb-row-layout-id8909_693a94-b8 alignfull wp-block-kadence-rowlayout\"><div class=\"kt-row-column-wrap kt-has-1-columns kt-row-layout-equal kt-tab-layout-inherit kt-mobile-layout-row kt-row-valign-top kb-theme-content-width\">\n<style>.kadence-column8909_af741c-b7 > .kt-inside-inner-col,.kadence-column8909_af741c-b7 > .kt-inside-inner-col:before{border-top-left-radius:0px;border-top-right-radius:0px;border-bottom-right-radius:0px;border-bottom-left-radius:0px;}.kadence-column8909_af741c-b7 > .kt-inside-inner-col{column-gap:var(--global-kb-gap-sm, 1rem);}.kadence-column8909_af741c-b7 > .kt-inside-inner-col{flex-direction:column;}.kadence-column8909_af741c-b7 > .kt-inside-inner-col > .aligncenter{width:100%;}.kadence-column8909_af741c-b7 > .kt-inside-inner-col:before{opacity:0.3;}.kadence-column8909_af741c-b7{position:relative;}@media all and (max-width: 1024px){.kadence-column8909_af741c-b7 > .kt-inside-inner-col{flex-direction:column;justify-content:center;}}@media all and (max-width: 767px){.kadence-column8909_af741c-b7 > .kt-inside-inner-col{flex-direction:column;justify-content:center;}}<\/style>\n<div class=\"wp-block-kadence-column kadence-column8909_af741c-b7\"><div class=\"kt-inside-inner-col\"><style>.wp-block-kadence-advancedheading.kt-adv-heading8909_71a3ab-6c, .wp-block-kadence-advancedheading.kt-adv-heading8909_71a3ab-6c[data-kb-block=\"kb-adv-heading8909_71a3ab-6c\"]{font-style:normal;}.wp-block-kadence-advancedheading.kt-adv-heading8909_71a3ab-6c mark.kt-highlight, .wp-block-kadence-advancedheading.kt-adv-heading8909_71a3ab-6c[data-kb-block=\"kb-adv-heading8909_71a3ab-6c\"] mark.kt-highlight{font-style:normal;color:#f76a0c;-webkit-box-decoration-break:clone;box-decoration-break:clone;padding-top:0px;padding-right:0px;padding-bottom:0px;padding-left:0px;}.wp-block-kadence-advancedheading.kt-adv-heading8909_71a3ab-6c img.kb-inline-image, .wp-block-kadence-advancedheading.kt-adv-heading8909_71a3ab-6c[data-kb-block=\"kb-adv-heading8909_71a3ab-6c\"] img.kb-inline-image{width:150px;vertical-align:baseline;}@media all and (max-width: 1024px){.wp-block-kadence-advancedheading.kt-adv-heading8909_71a3ab-6c, .wp-block-kadence-advancedheading.kt-adv-heading8909_71a3ab-6c[data-kb-block=\"kb-adv-heading8909_71a3ab-6c\"]{text-align:left!important;}}<\/style>\n<h6 class=\"kt-adv-heading8909_71a3ab-6c wp-block-kadence-advancedheading\" data-kb-block=\"kb-adv-heading8909_71a3ab-6c\">Lokale angebote<\/h6>\n\n\n<style>.wp-block-kadence-advancedheading.kt-adv-heading8909_d8e70c-93, .wp-block-kadence-advancedheading.kt-adv-heading8909_d8e70c-93[data-kb-block=\"kb-adv-heading8909_d8e70c-93\"]{margin-bottom:30px;font-style:normal;}.wp-block-kadence-advancedheading.kt-adv-heading8909_d8e70c-93 mark.kt-highlight, .wp-block-kadence-advancedheading.kt-adv-heading8909_d8e70c-93[data-kb-block=\"kb-adv-heading8909_d8e70c-93\"] mark.kt-highlight{font-style:normal;color:#f76a0c;-webkit-box-decoration-break:clone;box-decoration-break:clone;padding-top:0px;padding-right:0px;padding-bottom:0px;padding-left:0px;}.wp-block-kadence-advancedheading.kt-adv-heading8909_d8e70c-93 img.kb-inline-image, .wp-block-kadence-advancedheading.kt-adv-heading8909_d8e70c-93[data-kb-block=\"kb-adv-heading8909_d8e70c-93\"] img.kb-inline-image{width:150px;vertical-align:baseline;}@media all and (max-width: 1024px){.wp-block-kadence-advancedheading.kt-adv-heading8909_d8e70c-93, .wp-block-kadence-advancedheading.kt-adv-heading8909_d8e70c-93[data-kb-block=\"kb-adv-heading8909_d8e70c-93\"]{text-align:left!important;}}@media all and (max-width: 767px){.wp-block-kadence-advancedheading.kt-adv-heading8909_d8e70c-93, .wp-block-kadence-advancedheading.kt-adv-heading8909_d8e70c-93[data-kb-block=\"kb-adv-heading8909_d8e70c-93\"]{padding-top:0px;padding-right:0px;padding-bottom:0px;padding-left:0px;}}<\/style>\n<h1 class=\"kt-adv-heading8909_d8e70c-93 wp-block-kadence-advancedheading\" data-kb-block=\"kb-adv-heading8909_d8e70c-93\">JZ Knji\u017enica Gornja Radgona<\/h1>\n\n\n\n<p>V Javnem zavodu Knji\u017enica Gornja Radgona razvijajo fizi\u010dni in virtualni prostor z globalnim dosegom in mo\u010dnim interesom za lokalno dogajanje.<br>Vsi zaposleni sledijo razvoju knji\u017eni\u010dne in izobra\u017eevalne dejavnosti, razvoju sodobnega zavoda, ki je usmerjen k uporabniku.<\/p>\n\n\n\n<p style=\"margin-bottom:10px\">Knji\u017enice so klju\u010d do \u0161irokih obzorij, obzorja pa \u0161irijo z njihovo pestro ponudbo storitev:<\/p>\n\n\n\n<ul class=\"wp-block-list\">\n<li>izposoja gradiva (tudi zvo\u010dnice in e-knjige)<\/li>\n\n\n\n<li>pravlji\u010dne urice za otroke vsak \u010detrtek ob 15:30<\/li>\n\n\n\n<li>literarno pogovorni ve\u010deri<\/li>\n\n\n\n<li>bralna zna\u010dka za odrasle<\/li>\n\n\n\n<li>dogodki za starej\u0161e (ra\u010dunalni\u0161ki te\u010daji, joga, naravno zdravljenje, zdrav \u017eivljenjski slog&#8230;)<\/li>\n\n\n\n<li>izobra\u017eevanja za odrasle<\/li>\n\n\n\n<li>svetovanje in vrednotenje znanj\u2026<\/li>\n<\/ul>\n\n\n\n<p>Vabljeni v njihovo dru\u017ebo.<\/p>\n\n\n<style>.kb-gallery-wrap-id-8909_b065b1-f4.wp-block-kadence-advancedgallery{overflow:visible;}.kb-gallery-wrap-id-8909_b065b1-f4.wp-block-kadence-advancedgallery .kt-blocks-carousel{overflow:visible;max-width:100%;}<\/style><div class=\"kb-gallery-wrap-id-8909_b065b1-f4 alignnone wp-block-kadence-advancedgallery\"><div class=\"kb-gallery-ul kb-gallery-non-static kb-gallery-type-fluidcarousel kb-gallery-id-8909_b065b1-f4 kb-gallery-caption-style-bottom-hover kb-gallery-filter-none kb-gallery-magnific-init\" data-image-filter=\"none\" data-lightbox-caption=\"false\"><div class=\"kt-blocks-carousel splide kt-carousel-container-dotstyle-none kt-carousel-arrowstyle-blackonlight kt-carousel-dotstyle-none kb-slider-group-arrow kb-slider-arrow-position-center\" data-slider-anim-speed=\"400\" data-slider-scroll=\"1\" data-slider-arrows=\"true\" data-slider-dots=\"false\" data-slider-hover-pause=\"false\" data-slider-auto=\"\" data-slider-speed=\"7000\" data-slider-type=\"fluidcarousel\" data-slider-center-mode=\"true\" data-slider-gap=\"10px\" data-slider-gap-tablet=\"10px\" data-slider-gap-mobile=\"10px\" data-show-pause-button=\"false\"><div class=\"splide__track\"><ul class=\"kt-blocks-carousel-init kb-blocks-fluid-carousel splide__list\"><li class=\"kb-slide-item kb-gallery-carousel-item splide__slide\"><div class=\"kadence-blocks-gallery-item\"><div class=\"kadence-blocks-gallery-item-inner\"><figure class=\"kb-gallery-figure kb-gallery-item-has-link kadence-blocks-gallery-item-hide-caption\"><a href=\"https:\/\/visitradgona.si\/wp-content\/uploads\/2024\/12\/JZ-Knjiznica-Gornja-Radgona-4.jpg\" class=\"kb-gallery-item-link\"   role=\"button\" aria-haspopup=\"dialog\"><div class=\"kb-gal-image-radius\"><div class=\"kb-gallery-image-contain\" ><img loading=\"lazy\" decoding=\"async\" src=\"https:\/\/visitradgona.si\/wp-content\/uploads\/2024\/12\/JZ-Knjiznica-Gornja-Radgona-4.jpg\" width=\"1153\" height=\"2048\" alt=\"\" data-full-image=\"https:\/\/visitradgona.si\/wp-content\/uploads\/2024\/12\/JZ-Knjiznica-Gornja-Radgona-4.jpg\" data-light-image=\"https:\/\/visitradgona.si\/wp-content\/uploads\/2024\/12\/JZ-Knjiznica-Gornja-Radgona-4.jpg\" data-id=\"4394\" class=\"wp-image-4394 skip-lazy\" srcset=\"https:\/\/visitradgona.si\/wp-content\/uploads\/2024\/12\/JZ-Knjiznica-Gornja-Radgona-4.jpg 1153w, https:\/\/visitradgona.si\/wp-content\/uploads\/2024\/12\/JZ-Knjiznica-Gornja-Radgona-4-169x300.jpg 169w, https:\/\/visitradgona.si\/wp-content\/uploads\/2024\/12\/JZ-Knjiznica-Gornja-Radgona-4-577x1024.jpg 577w, https:\/\/visitradgona.si\/wp-content\/uploads\/2024\/12\/JZ-Knjiznica-Gornja-Radgona-4-768x1364.jpg 768w, https:\/\/visitradgona.si\/wp-content\/uploads\/2024\/12\/JZ-Knjiznica-Gornja-Radgona-4-865x1536.jpg 865w\" sizes=\"auto, (max-width: 1153px) 100vw, 1153px\" \/><\/div><\/div><\/a><\/figure><\/div><\/div><\/li><li class=\"kb-slide-item kb-gallery-carousel-item splide__slide\"><div class=\"kadence-blocks-gallery-item\"><div class=\"kadence-blocks-gallery-item-inner\"><figure class=\"kb-gallery-figure kb-gallery-item-has-link kadence-blocks-gallery-item-hide-caption\"><a href=\"https:\/\/visitradgona.si\/wp-content\/uploads\/2024\/12\/JZ-Knjiznica-Gornja-Radgona-3.jpg\" class=\"kb-gallery-item-link\"   role=\"button\" aria-haspopup=\"dialog\"><div class=\"kb-gal-image-radius\"><div class=\"kb-gallery-image-contain\" ><img loading=\"lazy\" decoding=\"async\" src=\"https:\/\/visitradgona.si\/wp-content\/uploads\/2024\/12\/JZ-Knjiznica-Gornja-Radgona-3.jpg\" width=\"1212\" height=\"1684\" alt=\"\" data-full-image=\"https:\/\/visitradgona.si\/wp-content\/uploads\/2024\/12\/JZ-Knjiznica-Gornja-Radgona-3.jpg\" data-light-image=\"https:\/\/visitradgona.si\/wp-content\/uploads\/2024\/12\/JZ-Knjiznica-Gornja-Radgona-3.jpg\" data-id=\"4391\" class=\"wp-image-4391 skip-lazy\" srcset=\"https:\/\/visitradgona.si\/wp-content\/uploads\/2024\/12\/JZ-Knjiznica-Gornja-Radgona-3.jpg 1212w, https:\/\/visitradgona.si\/wp-content\/uploads\/2024\/12\/JZ-Knjiznica-Gornja-Radgona-3-216x300.jpg 216w, https:\/\/visitradgona.si\/wp-content\/uploads\/2024\/12\/JZ-Knjiznica-Gornja-Radgona-3-737x1024.jpg 737w, https:\/\/visitradgona.si\/wp-content\/uploads\/2024\/12\/JZ-Knjiznica-Gornja-Radgona-3-768x1067.jpg 768w, https:\/\/visitradgona.si\/wp-content\/uploads\/2024\/12\/JZ-Knjiznica-Gornja-Radgona-3-1105x1536.jpg 1105w\" sizes=\"auto, (max-width: 1212px) 100vw, 1212px\" \/><\/div><\/div><\/a><\/figure><\/div><\/div><\/li><li class=\"kb-slide-item kb-gallery-carousel-item splide__slide\"><div class=\"kadence-blocks-gallery-item\"><div class=\"kadence-blocks-gallery-item-inner\"><figure class=\"kb-gallery-figure kb-gallery-item-has-link kadence-blocks-gallery-item-hide-caption\"><a href=\"https:\/\/visitradgona.si\/wp-content\/uploads\/2024\/12\/JZ-Knjiznica-Gornja-Radgona-2.jpg\" class=\"kb-gallery-item-link\"   role=\"button\" aria-haspopup=\"dialog\"><div class=\"kb-gal-image-radius\"><div class=\"kb-gallery-image-contain\" ><img loading=\"lazy\" decoding=\"async\" src=\"https:\/\/visitradgona.si\/wp-content\/uploads\/2024\/12\/JZ-Knjiznica-Gornja-Radgona-2.jpg\" width=\"1536\" height=\"2048\" alt=\"\" data-full-image=\"https:\/\/visitradgona.si\/wp-content\/uploads\/2024\/12\/JZ-Knjiznica-Gornja-Radgona-2.jpg\" data-light-image=\"https:\/\/visitradgona.si\/wp-content\/uploads\/2024\/12\/JZ-Knjiznica-Gornja-Radgona-2.jpg\" data-id=\"4388\" class=\"wp-image-4388 skip-lazy\" srcset=\"https:\/\/visitradgona.si\/wp-content\/uploads\/2024\/12\/JZ-Knjiznica-Gornja-Radgona-2.jpg 1536w, https:\/\/visitradgona.si\/wp-content\/uploads\/2024\/12\/JZ-Knjiznica-Gornja-Radgona-2-225x300.jpg 225w, https:\/\/visitradgona.si\/wp-content\/uploads\/2024\/12\/JZ-Knjiznica-Gornja-Radgona-2-768x1024.jpg 768w, https:\/\/visitradgona.si\/wp-content\/uploads\/2024\/12\/JZ-Knjiznica-Gornja-Radgona-2-1152x1536.jpg 1152w\" sizes=\"auto, (max-width: 1536px) 100vw, 1536px\" \/><\/div><\/div><\/a><\/figure><\/div><\/div><\/li><li class=\"kb-slide-item kb-gallery-carousel-item splide__slide\"><div class=\"kadence-blocks-gallery-item\"><div class=\"kadence-blocks-gallery-item-inner\"><figure class=\"kb-gallery-figure kb-gallery-item-has-link kadence-blocks-gallery-item-hide-caption\"><a href=\"https:\/\/visitradgona.si\/wp-content\/uploads\/2024\/12\/JZ-Knjiznica-Gornja-Radgona-1.jpg\" class=\"kb-gallery-item-link\"   role=\"button\" aria-haspopup=\"dialog\"><div class=\"kb-gal-image-radius\"><div class=\"kb-gallery-image-contain\" ><img loading=\"lazy\" decoding=\"async\" src=\"https:\/\/visitradgona.si\/wp-content\/uploads\/2024\/12\/JZ-Knjiznica-Gornja-Radgona-1.jpg\" width=\"2048\" height=\"1537\" alt=\"\" data-full-image=\"https:\/\/visitradgona.si\/wp-content\/uploads\/2024\/12\/JZ-Knjiznica-Gornja-Radgona-1.jpg\" data-light-image=\"https:\/\/visitradgona.si\/wp-content\/uploads\/2024\/12\/JZ-Knjiznica-Gornja-Radgona-1.jpg\" data-id=\"4385\" class=\"wp-image-4385 skip-lazy\" srcset=\"https:\/\/visitradgona.si\/wp-content\/uploads\/2024\/12\/JZ-Knjiznica-Gornja-Radgona-1.jpg 2048w, https:\/\/visitradgona.si\/wp-content\/uploads\/2024\/12\/JZ-Knjiznica-Gornja-Radgona-1-300x225.jpg 300w, https:\/\/visitradgona.si\/wp-content\/uploads\/2024\/12\/JZ-Knjiznica-Gornja-Radgona-1-1024x769.jpg 1024w, https:\/\/visitradgona.si\/wp-content\/uploads\/2024\/12\/JZ-Knjiznica-Gornja-Radgona-1-768x576.jpg 768w, https:\/\/visitradgona.si\/wp-content\/uploads\/2024\/12\/JZ-Knjiznica-Gornja-Radgona-1-1536x1153.jpg 1536w\" sizes=\"auto, (max-width: 2048px) 100vw, 2048px\" \/><\/div><\/div><\/a><\/figure><\/div><\/div><\/li><\/ul><\/div><\/div><\/div><\/div><\/div><\/div>\n\n<\/div><\/div>","protected":false},"excerpt":{"rendered":"<p>Lokale angebote JZ Knji\u017enica Gornja Radgona V Javnem zavodu Knji\u017enica Gornja Radgona razvijajo fizi\u010dni in virtualni prostor z globalnim dosegom in mo\u010dnim interesom za lokalno dogajanje.Vsi zaposleni sledijo razvoju knji\u017eni\u010dne in izobra\u017eevalne dejavnosti, razvoju sodobnega zavoda, ki je usmerjen k uporabniku. Knji\u017enice so klju\u010d do \u0161irokih obzorij, obzorja pa \u0161irijo z njihovo pestro ponudbo storitev:&#8230;<\/p>\n","protected":false},"author":1,"featured_media":0,"parent":8874,"menu_order":0,"comment_status":"closed","ping_status":"closed","template":"","meta":{"_acf_changed":false,"_kad_blocks_custom_css":"","_kad_blocks_head_custom_js":"","_kad_blocks_body_custom_js":"","_kad_blocks_footer_custom_js":"","_kadence_starter_templates_imported_post":true,"_kad_post_transparent":"","_kad_post_title":"hide","_kad_post_layout":"fullwidth","_kad_post_sidebar_id":"","_kad_post_content_style":"unboxed","_kad_post_vertical_padding":"hide","_kad_post_feature":"hide","_kad_post_feature_position":"","_kad_post_header":false,"_kad_post_footer":false,"_kad_post_classname":"","footnotes":""},"class_list":["post-8909","page","type-page","status-publish","hentry"],"acf":[],"aioseo_notices":[],"taxonomy_info":[],"featured_image_src_large":false,"author_info":{"display_name":"Miha Borec","author_link":"https:\/\/visitradgona.si\/de\/author\/miha-borec\/"},"comment_info":0,"_links":{"self":[{"href":"https:\/\/visitradgona.si\/de\/wp-json\/wp\/v2\/pages\/8909","targetHints":{"allow":["GET"]}}],"collection":[{"href":"https:\/\/visitradgona.si\/de\/wp-json\/wp\/v2\/pages"}],"about":[{"href":"https:\/\/visitradgona.si\/de\/wp-json\/wp\/v2\/types\/page"}],"author":[{"embeddable":true,"href":"https:\/\/visitradgona.si\/de\/wp-json\/wp\/v2\/users\/1"}],"replies":[{"embeddable":true,"href":"https:\/\/visitradgona.si\/de\/wp-json\/wp\/v2\/comments?post=8909"}],"version-history":[{"count":0,"href":"https:\/\/visitradgona.si\/de\/wp-json\/wp\/v2\/pages\/8909\/revisions"}],"up":[{"embeddable":true,"href":"https:\/\/visitradgona.si\/de\/wp-json\/wp\/v2\/pages\/8874"}],"wp:attachment":[{"href":"https:\/\/visitradgona.si\/de\/wp-json\/wp\/v2\/media?parent=8909"}],"curies":[{"name":"wp","href":"https:\/\/api.w.org\/{rel}","templated":true}]}}