{"id":8883,"date":"2024-12-04T12:08:11","date_gmt":"2024-12-04T11:08:11","guid":{"rendered":"https:\/\/visitradgona.si\/lokalna-ponudba\/art-klub-7\/"},"modified":"2025-03-01T23:53:18","modified_gmt":"2025-03-01T22:53:18","slug":"art-klub-7","status":"publish","type":"page","link":"https:\/\/visitradgona.si\/de\/lokale-angebote\/art-klub-7\/","title":{"rendered":"Art klub 7"},"content":{"rendered":"<style>.kb-row-layout-id8883_21ec13-03 > .kt-row-column-wrap{align-content:start;}:where(.kb-row-layout-id8883_21ec13-03 > .kt-row-column-wrap) > .wp-block-kadence-column{justify-content:start;}.kb-row-layout-id8883_21ec13-03 > .kt-row-column-wrap{column-gap:var(--global-kb-gap-md, 2rem);row-gap:var(--global-kb-gap-md, 2rem);max-width:var( --global-content-width, 1290px );padding-left:var(--global-content-edge-padding);padding-right:var(--global-content-edge-padding);padding-right:20px;padding-bottom:120px;padding-left:20px;min-height:50vh;grid-template-columns:minmax(0, calc(52% - ((var(--global-kb-gap-md, 2rem) * 1 )\/2)))minmax(0, calc(48% - ((var(--global-kb-gap-md, 2rem) * 1 )\/2)));}.kb-row-layout-id8883_21ec13-03{background-image:url('https:\/\/visitradgona.si\/wp-content\/uploads\/2024\/12\/VisitRadgona-cover-photo_0028_DSCF6671.jpg');background-size:cover;background-position:50% 30%;background-attachment:scroll;background-repeat:no-repeat;}.kb-row-layout-id8883_21ec13-03 > .kt-row-layout-overlay{opacity:0.30;}@media all and (max-width: 1024px){.kb-row-layout-id8883_21ec13-03 > .kt-row-column-wrap{padding-top:60px;padding-right:90px;padding-bottom:60px;padding-left:90px;grid-template-columns:minmax(0, 1fr);}}@media all and (max-width: 767px){.kb-row-layout-id8883_21ec13-03 > .kt-row-column-wrap{padding-top:60px;padding-right:20px;padding-bottom:40px;padding-left:20px;grid-template-columns:minmax(0, 1fr);}}<\/style><div class=\"kb-row-layout-wrap kb-row-layout-id8883_21ec13-03 alignnone kt-row-has-bg wp-block-kadence-rowlayout\"><div class=\"kt-row-column-wrap kt-has-2-columns kt-row-layout-left-golden kt-tab-layout-row kt-mobile-layout-row kt-row-valign-top kb-theme-content-width\">\n<style>.kadence-column8883_dc3fc3-5b > .kt-inside-inner-col{padding-right:0px;padding-left:0px;}.kadence-column8883_dc3fc3-5b > .kt-inside-inner-col,.kadence-column8883_dc3fc3-5b > .kt-inside-inner-col:before{border-top-left-radius:0px;border-top-right-radius:0px;border-bottom-right-radius:0px;border-bottom-left-radius:0px;}.kadence-column8883_dc3fc3-5b > .kt-inside-inner-col{column-gap:var(--global-kb-gap-sm, 1rem);}.kadence-column8883_dc3fc3-5b > .kt-inside-inner-col{flex-direction:column;}.kadence-column8883_dc3fc3-5b > .kt-inside-inner-col > .aligncenter{width:100%;}.kadence-column8883_dc3fc3-5b > .kt-inside-inner-col:before{opacity:0.3;}.kadence-column8883_dc3fc3-5b{position:relative;}.kadence-column8883_dc3fc3-5b, .kt-inside-inner-col > .kadence-column8883_dc3fc3-5b:not(.specificity){margin-right:90px;margin-left:10px;}@media all and (max-width: 1024px){.kadence-column8883_dc3fc3-5b > .kt-inside-inner-col{padding-top:0px;padding-right:60px;padding-bottom:0px;padding-left:60px;flex-direction:column;justify-content:center;}}@media all and (max-width: 1024px){.kadence-column8883_dc3fc3-5b, .kt-inside-inner-col > .kadence-column8883_dc3fc3-5b:not(.specificity){margin-top:0px;margin-right:0px;margin-bottom:0px;margin-left:0px;}}@media all and (max-width: 767px){.kadence-column8883_dc3fc3-5b > .kt-inside-inner-col{padding-right:0px;padding-left:0px;flex-direction:column;justify-content:center;}.kadence-column8883_dc3fc3-5b, .kt-inside-inner-col > .kadence-column8883_dc3fc3-5b:not(.specificity){margin-right:0px;margin-left:0px;}}<\/style>\n<div class=\"wp-block-kadence-column kadence-column8883_dc3fc3-5b inner-column-1\"><div class=\"kt-inside-inner-col\"><\/div><\/div>\n\n\n<style>.kadence-column8883_ff19ab-f6 > .kt-inside-inner-col,.kadence-column8883_ff19ab-f6 > .kt-inside-inner-col:before{border-top-left-radius:0px;border-top-right-radius:0px;border-bottom-right-radius:0px;border-bottom-left-radius:0px;}.kadence-column8883_ff19ab-f6 > .kt-inside-inner-col{column-gap:var(--global-kb-gap-sm, 1rem);}.kadence-column8883_ff19ab-f6 > .kt-inside-inner-col{flex-direction:column;}.kadence-column8883_ff19ab-f6 > .kt-inside-inner-col > .aligncenter{width:100%;}.kadence-column8883_ff19ab-f6 > .kt-inside-inner-col:before{opacity:0.3;}.kadence-column8883_ff19ab-f6{position:relative;}@media all and (max-width: 1024px){.kadence-column8883_ff19ab-f6 > .kt-inside-inner-col{flex-direction:column;justify-content:center;}}@media all and (max-width: 767px){.kadence-column8883_ff19ab-f6 > .kt-inside-inner-col{flex-direction:column;justify-content:center;}}<\/style>\n<div class=\"wp-block-kadence-column kadence-column8883_ff19ab-f6 kvs-md-false kvs-sm-false inner-column-2\"><div class=\"kt-inside-inner-col\"><\/div><\/div>\n\n<\/div><\/div>\n\n<style>.kb-row-layout-id8883_e7ce54-fe > .kt-row-column-wrap{align-content:start;}:where(.kb-row-layout-id8883_e7ce54-fe > .kt-row-column-wrap) > .wp-block-kadence-column{justify-content:start;}.kb-row-layout-id8883_e7ce54-fe > .kt-row-column-wrap{column-gap:var(--global-kb-gap-md, 2rem);row-gap:var(--global-kb-gap-md, 2rem);max-width:var( --global-content-width, 1290px );padding-left:var(--global-content-edge-padding);padding-right:var(--global-content-edge-padding);padding-top:60px;padding-right:20px;padding-bottom:80px;padding-left:20px;grid-template-columns:minmax(0, 1fr);}.kb-row-layout-id8883_e7ce54-fe > .kt-row-layout-overlay{opacity:0.30;}@media all and (max-width: 1024px){.kb-row-layout-id8883_e7ce54-fe > .kt-row-column-wrap{grid-template-columns:minmax(0, 1fr);}}@media all and (max-width: 767px){.kb-row-layout-id8883_e7ce54-fe > .kt-row-column-wrap{grid-template-columns:minmax(0, 1fr);}}<\/style><div class=\"kb-row-layout-wrap kb-row-layout-id8883_e7ce54-fe alignfull wp-block-kadence-rowlayout\"><div class=\"kt-row-column-wrap kt-has-1-columns kt-row-layout-equal kt-tab-layout-inherit kt-mobile-layout-row kt-row-valign-top kb-theme-content-width\">\n<style>.kadence-column8883_7b650d-a4 > .kt-inside-inner-col,.kadence-column8883_7b650d-a4 > .kt-inside-inner-col:before{border-top-left-radius:0px;border-top-right-radius:0px;border-bottom-right-radius:0px;border-bottom-left-radius:0px;}.kadence-column8883_7b650d-a4 > .kt-inside-inner-col{column-gap:var(--global-kb-gap-sm, 1rem);}.kadence-column8883_7b650d-a4 > .kt-inside-inner-col{flex-direction:column;}.kadence-column8883_7b650d-a4 > .kt-inside-inner-col > .aligncenter{width:100%;}.kadence-column8883_7b650d-a4 > .kt-inside-inner-col:before{opacity:0.3;}.kadence-column8883_7b650d-a4{position:relative;}@media all and (max-width: 1024px){.kadence-column8883_7b650d-a4 > .kt-inside-inner-col{flex-direction:column;justify-content:center;}}@media all and (max-width: 767px){.kadence-column8883_7b650d-a4 > .kt-inside-inner-col{flex-direction:column;justify-content:center;}}<\/style>\n<div class=\"wp-block-kadence-column kadence-column8883_7b650d-a4\"><div class=\"kt-inside-inner-col\"><style>.wp-block-kadence-advancedheading.kt-adv-heading8883_6b7afd-27, .wp-block-kadence-advancedheading.kt-adv-heading8883_6b7afd-27[data-kb-block=\"kb-adv-heading8883_6b7afd-27\"]{font-style:normal;}.wp-block-kadence-advancedheading.kt-adv-heading8883_6b7afd-27 mark.kt-highlight, .wp-block-kadence-advancedheading.kt-adv-heading8883_6b7afd-27[data-kb-block=\"kb-adv-heading8883_6b7afd-27\"] mark.kt-highlight{font-style:normal;color:#f76a0c;-webkit-box-decoration-break:clone;box-decoration-break:clone;padding-top:0px;padding-right:0px;padding-bottom:0px;padding-left:0px;}.wp-block-kadence-advancedheading.kt-adv-heading8883_6b7afd-27 img.kb-inline-image, .wp-block-kadence-advancedheading.kt-adv-heading8883_6b7afd-27[data-kb-block=\"kb-adv-heading8883_6b7afd-27\"] img.kb-inline-image{width:150px;vertical-align:baseline;}@media all and (max-width: 1024px){.wp-block-kadence-advancedheading.kt-adv-heading8883_6b7afd-27, .wp-block-kadence-advancedheading.kt-adv-heading8883_6b7afd-27[data-kb-block=\"kb-adv-heading8883_6b7afd-27\"]{text-align:left!important;}}<\/style>\n<h6 class=\"kt-adv-heading8883_6b7afd-27 wp-block-kadence-advancedheading\" data-kb-block=\"kb-adv-heading8883_6b7afd-27\">Lokale angebote<\/h6>\n\n\n<style>.wp-block-kadence-advancedheading.kt-adv-heading8883_4f4ceb-0a, .wp-block-kadence-advancedheading.kt-adv-heading8883_4f4ceb-0a[data-kb-block=\"kb-adv-heading8883_4f4ceb-0a\"]{margin-bottom:30px;font-style:normal;}.wp-block-kadence-advancedheading.kt-adv-heading8883_4f4ceb-0a mark.kt-highlight, .wp-block-kadence-advancedheading.kt-adv-heading8883_4f4ceb-0a[data-kb-block=\"kb-adv-heading8883_4f4ceb-0a\"] mark.kt-highlight{font-style:normal;color:#f76a0c;-webkit-box-decoration-break:clone;box-decoration-break:clone;padding-top:0px;padding-right:0px;padding-bottom:0px;padding-left:0px;}.wp-block-kadence-advancedheading.kt-adv-heading8883_4f4ceb-0a img.kb-inline-image, .wp-block-kadence-advancedheading.kt-adv-heading8883_4f4ceb-0a[data-kb-block=\"kb-adv-heading8883_4f4ceb-0a\"] img.kb-inline-image{width:150px;vertical-align:baseline;}@media all and (max-width: 1024px){.wp-block-kadence-advancedheading.kt-adv-heading8883_4f4ceb-0a, .wp-block-kadence-advancedheading.kt-adv-heading8883_4f4ceb-0a[data-kb-block=\"kb-adv-heading8883_4f4ceb-0a\"]{text-align:left!important;}}@media all and (max-width: 767px){.wp-block-kadence-advancedheading.kt-adv-heading8883_4f4ceb-0a, .wp-block-kadence-advancedheading.kt-adv-heading8883_4f4ceb-0a[data-kb-block=\"kb-adv-heading8883_4f4ceb-0a\"]{padding-top:0px;padding-right:0px;padding-bottom:0px;padding-left:0px;}}<\/style>\n<h1 class=\"kt-adv-heading8883_4f4ceb-0a wp-block-kadence-advancedheading\" data-kb-block=\"kb-adv-heading8883_4f4ceb-0a\">Art klub 7<\/h1>\n\n\n\n<p>Ustvarjalno dru\u0161tvo Art klub 7, s svojimi prostori \u2013 Ateljejem Art klub 7, predstavlja pomembno ustvarjalno vozli\u0161\u010de v na\u0161i ob\u010dini ter \u0161ir\u0161e. Razpolagajo z grafi\u010dnim ateljejem, mini galerijo, slikarskim in risarskim ateljejem ter foto studiem. Zavzeto delujejo kot aktivni promotorji umetnosti, tako na doma\u010dem terenu kot tudi v tujini, z mo\u010dno povezanimi institucijami in zavodi tako doma kot v mednarodnem okolju. Njihove dejavnosti obsegajo organizacijo \u0161iroke palete kulturnih dogodkov, med katerimi so predavanja, izobra\u017eevalne delavnice za vse starostne skupine ter ranljive skupine, umetni\u0161ke kolonije, razstave in druge kulturne prireditve. Njihova vrata so odprta vsem, ki si \u017eelijo raziskovati in razvijati svojo ustvarjalnost, ne glede na starost ali pretekle izku\u0161nje.<\/p>\n\n\n<style>.kb-gallery-wrap-id-8883_3adb3a-4d.wp-block-kadence-advancedgallery{overflow:visible;}.kb-gallery-wrap-id-8883_3adb3a-4d.wp-block-kadence-advancedgallery .kt-blocks-carousel{overflow:visible;max-width:100%;}<\/style><div class=\"kb-gallery-wrap-id-8883_3adb3a-4d alignnone wp-block-kadence-advancedgallery\"><div class=\"kb-gallery-ul kb-gallery-non-static kb-gallery-type-fluidcarousel kb-gallery-id-8883_3adb3a-4d kb-gallery-caption-style-bottom-hover kb-gallery-filter-none kb-gallery-magnific-init\" data-image-filter=\"none\" data-lightbox-caption=\"false\"><div class=\"kt-blocks-carousel splide kt-carousel-container-dotstyle-none kt-carousel-arrowstyle-blackonlight kt-carousel-dotstyle-none kb-slider-group-arrow kb-slider-arrow-position-center\" data-slider-anim-speed=\"400\" data-slider-scroll=\"1\" data-slider-arrows=\"true\" data-slider-dots=\"false\" data-slider-hover-pause=\"false\" data-slider-auto=\"\" data-slider-speed=\"7000\" data-slider-type=\"fluidcarousel\" data-slider-center-mode=\"true\" data-slider-gap=\"10px\" data-slider-gap-tablet=\"10px\" data-slider-gap-mobile=\"10px\" data-show-pause-button=\"false\"><div class=\"splide__track\"><ul class=\"kt-blocks-carousel-init kb-blocks-fluid-carousel splide__list\"><li class=\"kb-slide-item kb-gallery-carousel-item splide__slide\"><div class=\"kadence-blocks-gallery-item\"><div class=\"kadence-blocks-gallery-item-inner\"><figure class=\"kb-gallery-figure kb-gallery-item-has-link kadence-blocks-gallery-item-hide-caption\"><a href=\"https:\/\/visitradgona.si\/wp-content\/uploads\/2024\/12\/Art-klub-7-1.jpg\" class=\"kb-gallery-item-link\"   role=\"button\" aria-haspopup=\"dialog\"><div class=\"kb-gal-image-radius\"><div class=\"kb-gallery-image-contain\" ><img loading=\"lazy\" decoding=\"async\" src=\"https:\/\/visitradgona.si\/wp-content\/uploads\/2024\/12\/Art-klub-7-1.jpg\" width=\"1265\" height=\"1265\" alt=\"\" data-full-image=\"https:\/\/visitradgona.si\/wp-content\/uploads\/2024\/12\/Art-klub-7-1.jpg\" data-light-image=\"https:\/\/visitradgona.si\/wp-content\/uploads\/2024\/12\/Art-klub-7-1.jpg\" data-id=\"4107\" class=\"wp-image-4107 skip-lazy\" srcset=\"https:\/\/visitradgona.si\/wp-content\/uploads\/2024\/12\/Art-klub-7-1.jpg 1265w, https:\/\/visitradgona.si\/wp-content\/uploads\/2024\/12\/Art-klub-7-1-300x300.jpg 300w, https:\/\/visitradgona.si\/wp-content\/uploads\/2024\/12\/Art-klub-7-1-1024x1024.jpg 1024w, https:\/\/visitradgona.si\/wp-content\/uploads\/2024\/12\/Art-klub-7-1-150x150.jpg 150w, https:\/\/visitradgona.si\/wp-content\/uploads\/2024\/12\/Art-klub-7-1-768x768.jpg 768w\" sizes=\"auto, (max-width: 1265px) 100vw, 1265px\" \/><\/div><\/div><\/a><\/figure><\/div><\/div><\/li><li class=\"kb-slide-item kb-gallery-carousel-item splide__slide\"><div class=\"kadence-blocks-gallery-item\"><div class=\"kadence-blocks-gallery-item-inner\"><figure class=\"kb-gallery-figure kb-gallery-item-has-link kadence-blocks-gallery-item-hide-caption\"><a href=\"https:\/\/visitradgona.si\/wp-content\/uploads\/2024\/12\/Art-klub-7-2.jpg\" class=\"kb-gallery-item-link\"   role=\"button\" aria-haspopup=\"dialog\"><div class=\"kb-gal-image-radius\"><div class=\"kb-gallery-image-contain\" ><img loading=\"lazy\" decoding=\"async\" src=\"https:\/\/visitradgona.si\/wp-content\/uploads\/2024\/12\/Art-klub-7-2.jpg\" width=\"1265\" height=\"844\" alt=\"\" data-full-image=\"https:\/\/visitradgona.si\/wp-content\/uploads\/2024\/12\/Art-klub-7-2.jpg\" data-light-image=\"https:\/\/visitradgona.si\/wp-content\/uploads\/2024\/12\/Art-klub-7-2.jpg\" data-id=\"4110\" class=\"wp-image-4110 skip-lazy\" srcset=\"https:\/\/visitradgona.si\/wp-content\/uploads\/2024\/12\/Art-klub-7-2.jpg 1265w, https:\/\/visitradgona.si\/wp-content\/uploads\/2024\/12\/Art-klub-7-2-300x200.jpg 300w, https:\/\/visitradgona.si\/wp-content\/uploads\/2024\/12\/Art-klub-7-2-1024x683.jpg 1024w, https:\/\/visitradgona.si\/wp-content\/uploads\/2024\/12\/Art-klub-7-2-768x512.jpg 768w\" sizes=\"auto, (max-width: 1265px) 100vw, 1265px\" \/><\/div><\/div><\/a><\/figure><\/div><\/div><\/li><li class=\"kb-slide-item kb-gallery-carousel-item splide__slide\"><div class=\"kadence-blocks-gallery-item\"><div class=\"kadence-blocks-gallery-item-inner\"><figure class=\"kb-gallery-figure kb-gallery-item-has-link kadence-blocks-gallery-item-hide-caption\"><a href=\"https:\/\/visitradgona.si\/wp-content\/uploads\/2024\/12\/Art-klub-7-3.jpg\" class=\"kb-gallery-item-link\"   role=\"button\" aria-haspopup=\"dialog\"><div class=\"kb-gal-image-radius\"><div class=\"kb-gallery-image-contain\" ><img loading=\"lazy\" decoding=\"async\" src=\"https:\/\/visitradgona.si\/wp-content\/uploads\/2024\/12\/Art-klub-7-3.jpg\" width=\"1080\" height=\"1619\" alt=\"\" data-full-image=\"https:\/\/visitradgona.si\/wp-content\/uploads\/2024\/12\/Art-klub-7-3.jpg\" data-light-image=\"https:\/\/visitradgona.si\/wp-content\/uploads\/2024\/12\/Art-klub-7-3.jpg\" data-id=\"4113\" class=\"wp-image-4113 skip-lazy\" srcset=\"https:\/\/visitradgona.si\/wp-content\/uploads\/2024\/12\/Art-klub-7-3.jpg 1080w, https:\/\/visitradgona.si\/wp-content\/uploads\/2024\/12\/Art-klub-7-3-200x300.jpg 200w, https:\/\/visitradgona.si\/wp-content\/uploads\/2024\/12\/Art-klub-7-3-683x1024.jpg 683w, https:\/\/visitradgona.si\/wp-content\/uploads\/2024\/12\/Art-klub-7-3-768x1151.jpg 768w, https:\/\/visitradgona.si\/wp-content\/uploads\/2024\/12\/Art-klub-7-3-1025x1536.jpg 1025w\" sizes=\"auto, (max-width: 1080px) 100vw, 1080px\" \/><\/div><\/div><\/a><\/figure><\/div><\/div><\/li><li class=\"kb-slide-item kb-gallery-carousel-item splide__slide\"><div class=\"kadence-blocks-gallery-item\"><div class=\"kadence-blocks-gallery-item-inner\"><figure class=\"kb-gallery-figure kb-gallery-item-has-link kadence-blocks-gallery-item-hide-caption\"><a href=\"https:\/\/visitradgona.si\/wp-content\/uploads\/2024\/12\/Art-klub-7-4.jpg\" class=\"kb-gallery-item-link\"   role=\"button\" aria-haspopup=\"dialog\"><div class=\"kb-gal-image-radius\"><div class=\"kb-gallery-image-contain\" ><img loading=\"lazy\" decoding=\"async\" src=\"https:\/\/visitradgona.si\/wp-content\/uploads\/2024\/12\/Art-klub-7-4.jpg\" width=\"1391\" height=\"1855\" alt=\"\" data-full-image=\"https:\/\/visitradgona.si\/wp-content\/uploads\/2024\/12\/Art-klub-7-4.jpg\" data-light-image=\"https:\/\/visitradgona.si\/wp-content\/uploads\/2024\/12\/Art-klub-7-4.jpg\" data-id=\"4116\" class=\"wp-image-4116 skip-lazy\" srcset=\"https:\/\/visitradgona.si\/wp-content\/uploads\/2024\/12\/Art-klub-7-4.jpg 1391w, https:\/\/visitradgona.si\/wp-content\/uploads\/2024\/12\/Art-klub-7-4-225x300.jpg 225w, https:\/\/visitradgona.si\/wp-content\/uploads\/2024\/12\/Art-klub-7-4-768x1024.jpg 768w, https:\/\/visitradgona.si\/wp-content\/uploads\/2024\/12\/Art-klub-7-4-1152x1536.jpg 1152w\" sizes=\"auto, (max-width: 1391px) 100vw, 1391px\" \/><\/div><\/div><\/a><\/figure><\/div><\/div><\/li><\/ul><\/div><\/div><\/div><\/div><\/div><\/div>\n\n<\/div><\/div>","protected":false},"excerpt":{"rendered":"<p>Lokale angebote Art klub 7 Ustvarjalno dru\u0161tvo Art klub 7, s svojimi prostori \u2013 Ateljejem Art klub 7, predstavlja pomembno ustvarjalno vozli\u0161\u010de v na\u0161i ob\u010dini ter \u0161ir\u0161e. Razpolagajo z grafi\u010dnim ateljejem, mini galerijo, slikarskim in risarskim ateljejem ter foto studiem. Zavzeto delujejo kot aktivni promotorji umetnosti, tako na doma\u010dem terenu kot tudi v tujini, z&#8230;<\/p>\n","protected":false},"author":1,"featured_media":0,"parent":8874,"menu_order":0,"comment_status":"closed","ping_status":"closed","template":"","meta":{"_acf_changed":false,"_kad_blocks_custom_css":"","_kad_blocks_head_custom_js":"","_kad_blocks_body_custom_js":"","_kad_blocks_footer_custom_js":"","_kadence_starter_templates_imported_post":true,"_kad_post_transparent":"","_kad_post_title":"hide","_kad_post_layout":"fullwidth","_kad_post_sidebar_id":"","_kad_post_content_style":"unboxed","_kad_post_vertical_padding":"hide","_kad_post_feature":"hide","_kad_post_feature_position":"","_kad_post_header":false,"_kad_post_footer":false,"_kad_post_classname":"","footnotes":""},"class_list":["post-8883","page","type-page","status-publish","hentry"],"acf":[],"aioseo_notices":[],"taxonomy_info":[],"featured_image_src_large":false,"author_info":{"display_name":"Miha Borec","author_link":"https:\/\/visitradgona.si\/de\/author\/miha-borec\/"},"comment_info":0,"_links":{"self":[{"href":"https:\/\/visitradgona.si\/de\/wp-json\/wp\/v2\/pages\/8883","targetHints":{"allow":["GET"]}}],"collection":[{"href":"https:\/\/visitradgona.si\/de\/wp-json\/wp\/v2\/pages"}],"about":[{"href":"https:\/\/visitradgona.si\/de\/wp-json\/wp\/v2\/types\/page"}],"author":[{"embeddable":true,"href":"https:\/\/visitradgona.si\/de\/wp-json\/wp\/v2\/users\/1"}],"replies":[{"embeddable":true,"href":"https:\/\/visitradgona.si\/de\/wp-json\/wp\/v2\/comments?post=8883"}],"version-history":[{"count":0,"href":"https:\/\/visitradgona.si\/de\/wp-json\/wp\/v2\/pages\/8883\/revisions"}],"up":[{"embeddable":true,"href":"https:\/\/visitradgona.si\/de\/wp-json\/wp\/v2\/pages\/8874"}],"wp:attachment":[{"href":"https:\/\/visitradgona.si\/de\/wp-json\/wp\/v2\/media?parent=8883"}],"curies":[{"name":"wp","href":"https:\/\/api.w.org\/{rel}","templated":true}]}}