{"id":8881,"date":"2024-12-04T11:59:58","date_gmt":"2024-12-04T10:59:58","guid":{"rendered":"https:\/\/visitradgona.si\/lokalna-ponudba\/alina-beauty-art-d-o-o\/"},"modified":"2025-03-01T23:53:13","modified_gmt":"2025-03-01T22:53:13","slug":"alina-beauty-art-d-o-o","status":"publish","type":"page","link":"https:\/\/visitradgona.si\/de\/lokale-angebote\/alina-beauty-art-d-o-o\/","title":{"rendered":"Alina Beauty &amp; Art d.o.o"},"content":{"rendered":"<style>.kb-row-layout-id8881_7fb4ab-b8 > .kt-row-column-wrap{align-content:start;}:where(.kb-row-layout-id8881_7fb4ab-b8 > .kt-row-column-wrap) > .wp-block-kadence-column{justify-content:start;}.kb-row-layout-id8881_7fb4ab-b8 > .kt-row-column-wrap{column-gap:var(--global-kb-gap-md, 2rem);row-gap:var(--global-kb-gap-md, 2rem);max-width:var( --global-content-width, 1290px );padding-left:var(--global-content-edge-padding);padding-right:var(--global-content-edge-padding);padding-right:20px;padding-bottom:120px;padding-left:20px;min-height:50vh;grid-template-columns:minmax(0, calc(52% - ((var(--global-kb-gap-md, 2rem) * 1 )\/2)))minmax(0, calc(48% - ((var(--global-kb-gap-md, 2rem) * 1 )\/2)));}.kb-row-layout-id8881_7fb4ab-b8{background-image:url('https:\/\/visitradgona.si\/wp-content\/uploads\/2024\/12\/VisitRadgona-cover-photo_0029_thumbnail_IMG_2347.jpg');background-size:cover;background-position:50% 40%;background-attachment:scroll;background-repeat:no-repeat;}.kb-row-layout-id8881_7fb4ab-b8 > .kt-row-layout-overlay{opacity:0.30;}@media all and (max-width: 1024px){.kb-row-layout-id8881_7fb4ab-b8 > .kt-row-column-wrap{padding-top:60px;padding-right:90px;padding-bottom:60px;padding-left:90px;grid-template-columns:minmax(0, 1fr);}}@media all and (max-width: 767px){.kb-row-layout-id8881_7fb4ab-b8 > .kt-row-column-wrap{padding-top:60px;padding-right:20px;padding-bottom:40px;padding-left:20px;grid-template-columns:minmax(0, 1fr);}}<\/style><div class=\"kb-row-layout-wrap kb-row-layout-id8881_7fb4ab-b8 alignnone kt-row-has-bg wp-block-kadence-rowlayout\"><div class=\"kt-row-column-wrap kt-has-2-columns kt-row-layout-left-golden kt-tab-layout-row kt-mobile-layout-row kt-row-valign-top kb-theme-content-width\">\n<style>.kadence-column8881_a8ed16-65 > .kt-inside-inner-col{padding-right:0px;padding-left:0px;}.kadence-column8881_a8ed16-65 > .kt-inside-inner-col,.kadence-column8881_a8ed16-65 > .kt-inside-inner-col:before{border-top-left-radius:0px;border-top-right-radius:0px;border-bottom-right-radius:0px;border-bottom-left-radius:0px;}.kadence-column8881_a8ed16-65 > .kt-inside-inner-col{column-gap:var(--global-kb-gap-sm, 1rem);}.kadence-column8881_a8ed16-65 > .kt-inside-inner-col{flex-direction:column;}.kadence-column8881_a8ed16-65 > .kt-inside-inner-col > .aligncenter{width:100%;}.kadence-column8881_a8ed16-65 > .kt-inside-inner-col:before{opacity:0.3;}.kadence-column8881_a8ed16-65{position:relative;}.kadence-column8881_a8ed16-65, .kt-inside-inner-col > .kadence-column8881_a8ed16-65:not(.specificity){margin-right:90px;margin-left:10px;}@media all and (max-width: 1024px){.kadence-column8881_a8ed16-65 > .kt-inside-inner-col{padding-top:0px;padding-right:60px;padding-bottom:0px;padding-left:60px;flex-direction:column;justify-content:center;}}@media all and (max-width: 1024px){.kadence-column8881_a8ed16-65, .kt-inside-inner-col > .kadence-column8881_a8ed16-65:not(.specificity){margin-top:0px;margin-right:0px;margin-bottom:0px;margin-left:0px;}}@media all and (max-width: 767px){.kadence-column8881_a8ed16-65 > .kt-inside-inner-col{padding-right:0px;padding-left:0px;flex-direction:column;justify-content:center;}.kadence-column8881_a8ed16-65, .kt-inside-inner-col > .kadence-column8881_a8ed16-65:not(.specificity){margin-right:0px;margin-left:0px;}}<\/style>\n<div class=\"wp-block-kadence-column kadence-column8881_a8ed16-65 inner-column-1\"><div class=\"kt-inside-inner-col\"><\/div><\/div>\n\n\n<style>.kadence-column8881_30229c-7c > .kt-inside-inner-col,.kadence-column8881_30229c-7c > .kt-inside-inner-col:before{border-top-left-radius:0px;border-top-right-radius:0px;border-bottom-right-radius:0px;border-bottom-left-radius:0px;}.kadence-column8881_30229c-7c > .kt-inside-inner-col{column-gap:var(--global-kb-gap-sm, 1rem);}.kadence-column8881_30229c-7c > .kt-inside-inner-col{flex-direction:column;}.kadence-column8881_30229c-7c > .kt-inside-inner-col > .aligncenter{width:100%;}.kadence-column8881_30229c-7c > .kt-inside-inner-col:before{opacity:0.3;}.kadence-column8881_30229c-7c{position:relative;}@media all and (max-width: 1024px){.kadence-column8881_30229c-7c > .kt-inside-inner-col{flex-direction:column;justify-content:center;}}@media all and (max-width: 767px){.kadence-column8881_30229c-7c > .kt-inside-inner-col{flex-direction:column;justify-content:center;}}<\/style>\n<div class=\"wp-block-kadence-column kadence-column8881_30229c-7c kvs-md-false kvs-sm-false inner-column-2\"><div class=\"kt-inside-inner-col\"><\/div><\/div>\n\n<\/div><\/div>\n\n<style>.kb-row-layout-id8881_5c5975-03 > .kt-row-column-wrap{align-content:start;}:where(.kb-row-layout-id8881_5c5975-03 > .kt-row-column-wrap) > .wp-block-kadence-column{justify-content:start;}.kb-row-layout-id8881_5c5975-03 > .kt-row-column-wrap{column-gap:var(--global-kb-gap-md, 2rem);row-gap:var(--global-kb-gap-md, 2rem);max-width:var( --global-content-width, 1290px );padding-left:var(--global-content-edge-padding);padding-right:var(--global-content-edge-padding);padding-top:60px;padding-right:20px;padding-bottom:80px;padding-left:20px;grid-template-columns:minmax(0, 1fr);}.kb-row-layout-id8881_5c5975-03 > .kt-row-layout-overlay{opacity:0.30;}@media all and (max-width: 1024px){.kb-row-layout-id8881_5c5975-03 > .kt-row-column-wrap{grid-template-columns:minmax(0, 1fr);}}@media all and (max-width: 767px){.kb-row-layout-id8881_5c5975-03 > .kt-row-column-wrap{grid-template-columns:minmax(0, 1fr);}}<\/style><div class=\"kb-row-layout-wrap kb-row-layout-id8881_5c5975-03 alignfull wp-block-kadence-rowlayout\"><div class=\"kt-row-column-wrap kt-has-1-columns kt-row-layout-equal kt-tab-layout-inherit kt-mobile-layout-row kt-row-valign-top kb-theme-content-width\">\n<style>.kadence-column8881_7620b5-4b > .kt-inside-inner-col,.kadence-column8881_7620b5-4b > .kt-inside-inner-col:before{border-top-left-radius:0px;border-top-right-radius:0px;border-bottom-right-radius:0px;border-bottom-left-radius:0px;}.kadence-column8881_7620b5-4b > .kt-inside-inner-col{column-gap:var(--global-kb-gap-sm, 1rem);}.kadence-column8881_7620b5-4b > .kt-inside-inner-col{flex-direction:column;}.kadence-column8881_7620b5-4b > .kt-inside-inner-col > .aligncenter{width:100%;}.kadence-column8881_7620b5-4b > .kt-inside-inner-col:before{opacity:0.3;}.kadence-column8881_7620b5-4b{position:relative;}@media all and (max-width: 1024px){.kadence-column8881_7620b5-4b > .kt-inside-inner-col{flex-direction:column;justify-content:center;}}@media all and (max-width: 767px){.kadence-column8881_7620b5-4b > .kt-inside-inner-col{flex-direction:column;justify-content:center;}}<\/style>\n<div class=\"wp-block-kadence-column kadence-column8881_7620b5-4b\"><div class=\"kt-inside-inner-col\"><style>.wp-block-kadence-advancedheading.kt-adv-heading8881_dd522e-f5, .wp-block-kadence-advancedheading.kt-adv-heading8881_dd522e-f5[data-kb-block=\"kb-adv-heading8881_dd522e-f5\"]{font-style:normal;}.wp-block-kadence-advancedheading.kt-adv-heading8881_dd522e-f5 mark.kt-highlight, .wp-block-kadence-advancedheading.kt-adv-heading8881_dd522e-f5[data-kb-block=\"kb-adv-heading8881_dd522e-f5\"] mark.kt-highlight{font-style:normal;color:#f76a0c;-webkit-box-decoration-break:clone;box-decoration-break:clone;padding-top:0px;padding-right:0px;padding-bottom:0px;padding-left:0px;}.wp-block-kadence-advancedheading.kt-adv-heading8881_dd522e-f5 img.kb-inline-image, .wp-block-kadence-advancedheading.kt-adv-heading8881_dd522e-f5[data-kb-block=\"kb-adv-heading8881_dd522e-f5\"] img.kb-inline-image{width:150px;vertical-align:baseline;}@media all and (max-width: 1024px){.wp-block-kadence-advancedheading.kt-adv-heading8881_dd522e-f5, .wp-block-kadence-advancedheading.kt-adv-heading8881_dd522e-f5[data-kb-block=\"kb-adv-heading8881_dd522e-f5\"]{text-align:left!important;}}<\/style>\n<h6 class=\"kt-adv-heading8881_dd522e-f5 wp-block-kadence-advancedheading\" data-kb-block=\"kb-adv-heading8881_dd522e-f5\">Lokale angebote<\/h6>\n\n\n<style>.wp-block-kadence-advancedheading.kt-adv-heading8881_73b995-ab, .wp-block-kadence-advancedheading.kt-adv-heading8881_73b995-ab[data-kb-block=\"kb-adv-heading8881_73b995-ab\"]{margin-bottom:30px;font-style:normal;}.wp-block-kadence-advancedheading.kt-adv-heading8881_73b995-ab mark.kt-highlight, .wp-block-kadence-advancedheading.kt-adv-heading8881_73b995-ab[data-kb-block=\"kb-adv-heading8881_73b995-ab\"] mark.kt-highlight{font-style:normal;color:#f76a0c;-webkit-box-decoration-break:clone;box-decoration-break:clone;padding-top:0px;padding-right:0px;padding-bottom:0px;padding-left:0px;}.wp-block-kadence-advancedheading.kt-adv-heading8881_73b995-ab img.kb-inline-image, .wp-block-kadence-advancedheading.kt-adv-heading8881_73b995-ab[data-kb-block=\"kb-adv-heading8881_73b995-ab\"] img.kb-inline-image{width:150px;vertical-align:baseline;}@media all and (max-width: 1024px){.wp-block-kadence-advancedheading.kt-adv-heading8881_73b995-ab, .wp-block-kadence-advancedheading.kt-adv-heading8881_73b995-ab[data-kb-block=\"kb-adv-heading8881_73b995-ab\"]{text-align:left!important;}}@media all and (max-width: 767px){.wp-block-kadence-advancedheading.kt-adv-heading8881_73b995-ab, .wp-block-kadence-advancedheading.kt-adv-heading8881_73b995-ab[data-kb-block=\"kb-adv-heading8881_73b995-ab\"]{padding-top:0px;padding-right:0px;padding-bottom:0px;padding-left:0px;}}<\/style>\n<h1 class=\"kt-adv-heading8881_73b995-ab wp-block-kadence-advancedheading\" data-kb-block=\"kb-adv-heading8881_73b995-ab\">Alina Beauty &amp; Art d.o.o<\/h1>\n\n\n\n<p class=\"has--font-size\">Alina Beauty &amp; Art d.o.o. od leta 2012 nudijo svojim strankam lepotne storitve, vse vrste manikire in podalj\u0161evanja nohtov ter pedikure.<br>Imajo tudi avtorsko \u0161olo za nohtne stilistke.<br>V njihovi osebni galeriji si lahko ogledate in naro\u010dite oljne ali akrilne slike.<br>Salon se nahaja na Keren\u010di\u010devi ulici 7 v Gornji Radgoni.<\/p>\n\n\n<style>.kb-gallery-wrap-id-8881_482e63-9e.wp-block-kadence-advancedgallery{overflow:visible;}.kb-gallery-wrap-id-8881_482e63-9e.wp-block-kadence-advancedgallery .kt-blocks-carousel{overflow:visible;max-width:100%;}<\/style><div class=\"kb-gallery-wrap-id-8881_482e63-9e alignnone wp-block-kadence-advancedgallery\"><div class=\"kb-gallery-ul kb-gallery-non-static kb-gallery-type-fluidcarousel kb-gallery-id-8881_482e63-9e kb-gallery-caption-style-bottom-hover kb-gallery-filter-none kb-gallery-magnific-init\" data-image-filter=\"none\" data-lightbox-caption=\"false\"><div class=\"kt-blocks-carousel splide kt-carousel-container-dotstyle-none kt-carousel-arrowstyle-blackonlight kt-carousel-dotstyle-none kb-slider-group-arrow kb-slider-arrow-position-center\" data-slider-anim-speed=\"400\" data-slider-scroll=\"1\" data-slider-arrows=\"true\" data-slider-dots=\"false\" data-slider-hover-pause=\"false\" data-slider-auto=\"\" data-slider-speed=\"7000\" data-slider-type=\"fluidcarousel\" data-slider-center-mode=\"true\" data-slider-gap=\"10px\" data-slider-gap-tablet=\"10px\" data-slider-gap-mobile=\"10px\" data-show-pause-button=\"false\"><div class=\"splide__track\"><ul class=\"kt-blocks-carousel-init kb-blocks-fluid-carousel splide__list\"><li class=\"kb-slide-item kb-gallery-carousel-item splide__slide\"><div class=\"kadence-blocks-gallery-item\"><div class=\"kadence-blocks-gallery-item-inner\"><figure class=\"kb-gallery-figure kb-gallery-item-has-link kadence-blocks-gallery-item-hide-caption\"><a href=\"https:\/\/visitradgona.si\/wp-content\/uploads\/2024\/12\/Alina-Beauty-Art-4.jpg\" class=\"kb-gallery-item-link\"   role=\"button\" aria-haspopup=\"dialog\"><div class=\"kb-gal-image-radius\"><div class=\"kb-gallery-image-contain\" ><img loading=\"lazy\" decoding=\"async\" src=\"https:\/\/visitradgona.si\/wp-content\/uploads\/2024\/12\/Alina-Beauty-Art-4.jpg\" width=\"1440\" height=\"1920\" alt=\"\" data-full-image=\"https:\/\/visitradgona.si\/wp-content\/uploads\/2024\/12\/Alina-Beauty-Art-4.jpg\" data-light-image=\"https:\/\/visitradgona.si\/wp-content\/uploads\/2024\/12\/Alina-Beauty-Art-4.jpg\" data-id=\"4093\" class=\"wp-image-4093 skip-lazy\" srcset=\"https:\/\/visitradgona.si\/wp-content\/uploads\/2024\/12\/Alina-Beauty-Art-4.jpg 1440w, https:\/\/visitradgona.si\/wp-content\/uploads\/2024\/12\/Alina-Beauty-Art-4-225x300.jpg 225w, https:\/\/visitradgona.si\/wp-content\/uploads\/2024\/12\/Alina-Beauty-Art-4-768x1024.jpg 768w, https:\/\/visitradgona.si\/wp-content\/uploads\/2024\/12\/Alina-Beauty-Art-4-1152x1536.jpg 1152w\" sizes=\"auto, (max-width: 1440px) 100vw, 1440px\" \/><\/div><\/div><\/a><\/figure><\/div><\/div><\/li><li class=\"kb-slide-item kb-gallery-carousel-item splide__slide\"><div class=\"kadence-blocks-gallery-item\"><div class=\"kadence-blocks-gallery-item-inner\"><figure class=\"kb-gallery-figure kb-gallery-item-has-link kadence-blocks-gallery-item-hide-caption\"><a href=\"https:\/\/visitradgona.si\/wp-content\/uploads\/2024\/12\/Alina-Beauty-Art-1.jpg\" class=\"kb-gallery-item-link\"   role=\"button\" aria-haspopup=\"dialog\"><div class=\"kb-gal-image-radius\"><div class=\"kb-gallery-image-contain\" ><img loading=\"lazy\" decoding=\"async\" src=\"https:\/\/visitradgona.si\/wp-content\/uploads\/2024\/12\/Alina-Beauty-Art-1.jpg\" width=\"1920\" height=\"2560\" alt=\"\" data-full-image=\"https:\/\/visitradgona.si\/wp-content\/uploads\/2024\/12\/Alina-Beauty-Art-1.jpg\" data-light-image=\"https:\/\/visitradgona.si\/wp-content\/uploads\/2024\/12\/Alina-Beauty-Art-1.jpg\" data-id=\"4096\" class=\"wp-image-4096 skip-lazy\" srcset=\"https:\/\/visitradgona.si\/wp-content\/uploads\/2024\/12\/Alina-Beauty-Art-1.jpg 1920w, https:\/\/visitradgona.si\/wp-content\/uploads\/2024\/12\/Alina-Beauty-Art-1-225x300.jpg 225w, https:\/\/visitradgona.si\/wp-content\/uploads\/2024\/12\/Alina-Beauty-Art-1-768x1024.jpg 768w, https:\/\/visitradgona.si\/wp-content\/uploads\/2024\/12\/Alina-Beauty-Art-1-1152x1536.jpg 1152w, https:\/\/visitradgona.si\/wp-content\/uploads\/2024\/12\/Alina-Beauty-Art-1-1536x2048.jpg 1536w\" sizes=\"auto, (max-width: 1920px) 100vw, 1920px\" \/><\/div><\/div><\/a><\/figure><\/div><\/div><\/li><li class=\"kb-slide-item kb-gallery-carousel-item splide__slide\"><div class=\"kadence-blocks-gallery-item\"><div class=\"kadence-blocks-gallery-item-inner\"><figure class=\"kb-gallery-figure kb-gallery-item-has-link kadence-blocks-gallery-item-hide-caption\"><a href=\"https:\/\/visitradgona.si\/wp-content\/uploads\/2024\/12\/Alina-Beauty-Art-3.jpg\" class=\"kb-gallery-item-link\"   role=\"button\" aria-haspopup=\"dialog\"><div class=\"kb-gal-image-radius\"><div class=\"kb-gallery-image-contain\" ><img loading=\"lazy\" decoding=\"async\" src=\"https:\/\/visitradgona.si\/wp-content\/uploads\/2024\/12\/Alina-Beauty-Art-3.jpg\" width=\"1920\" height=\"2560\" alt=\"\" data-full-image=\"https:\/\/visitradgona.si\/wp-content\/uploads\/2024\/12\/Alina-Beauty-Art-3.jpg\" data-light-image=\"https:\/\/visitradgona.si\/wp-content\/uploads\/2024\/12\/Alina-Beauty-Art-3.jpg\" data-id=\"4102\" class=\"wp-image-4102 skip-lazy\" srcset=\"https:\/\/visitradgona.si\/wp-content\/uploads\/2024\/12\/Alina-Beauty-Art-3.jpg 1920w, https:\/\/visitradgona.si\/wp-content\/uploads\/2024\/12\/Alina-Beauty-Art-3-225x300.jpg 225w, https:\/\/visitradgona.si\/wp-content\/uploads\/2024\/12\/Alina-Beauty-Art-3-768x1024.jpg 768w, https:\/\/visitradgona.si\/wp-content\/uploads\/2024\/12\/Alina-Beauty-Art-3-1152x1536.jpg 1152w, https:\/\/visitradgona.si\/wp-content\/uploads\/2024\/12\/Alina-Beauty-Art-3-1536x2048.jpg 1536w\" sizes=\"auto, (max-width: 1920px) 100vw, 1920px\" \/><\/div><\/div><\/a><\/figure><\/div><\/div><\/li><li class=\"kb-slide-item kb-gallery-carousel-item splide__slide\"><div class=\"kadence-blocks-gallery-item\"><div class=\"kadence-blocks-gallery-item-inner\"><figure class=\"kb-gallery-figure kb-gallery-item-has-link kadence-blocks-gallery-item-hide-caption\"><a href=\"https:\/\/visitradgona.si\/wp-content\/uploads\/2024\/12\/Alina-Beauty-Art-2.jpg\" class=\"kb-gallery-item-link\"   role=\"button\" aria-haspopup=\"dialog\"><div class=\"kb-gal-image-radius\"><div class=\"kb-gallery-image-contain\" ><img loading=\"lazy\" decoding=\"async\" src=\"https:\/\/visitradgona.si\/wp-content\/uploads\/2024\/12\/Alina-Beauty-Art-2.jpg\" width=\"1920\" height=\"2560\" alt=\"\" data-full-image=\"https:\/\/visitradgona.si\/wp-content\/uploads\/2024\/12\/Alina-Beauty-Art-2.jpg\" data-light-image=\"https:\/\/visitradgona.si\/wp-content\/uploads\/2024\/12\/Alina-Beauty-Art-2.jpg\" data-id=\"4099\" class=\"wp-image-4099 skip-lazy\" srcset=\"https:\/\/visitradgona.si\/wp-content\/uploads\/2024\/12\/Alina-Beauty-Art-2.jpg 1920w, https:\/\/visitradgona.si\/wp-content\/uploads\/2024\/12\/Alina-Beauty-Art-2-225x300.jpg 225w, https:\/\/visitradgona.si\/wp-content\/uploads\/2024\/12\/Alina-Beauty-Art-2-768x1024.jpg 768w, https:\/\/visitradgona.si\/wp-content\/uploads\/2024\/12\/Alina-Beauty-Art-2-1152x1536.jpg 1152w, https:\/\/visitradgona.si\/wp-content\/uploads\/2024\/12\/Alina-Beauty-Art-2-1536x2048.jpg 1536w\" sizes=\"auto, (max-width: 1920px) 100vw, 1920px\" \/><\/div><\/div><\/a><\/figure><\/div><\/div><\/li><\/ul><\/div><\/div><\/div><\/div><\/div><\/div>\n\n<\/div><\/div>","protected":false},"excerpt":{"rendered":"<p>Lokale angebote Alina Beauty &amp; Art d.o.o Alina Beauty &amp; Art d.o.o. od leta 2012 nudijo svojim strankam lepotne storitve, vse vrste manikire in podalj\u0161evanja nohtov ter pedikure.Imajo tudi avtorsko \u0161olo za nohtne stilistke.V njihovi osebni galeriji si lahko ogledate in naro\u010dite oljne ali akrilne slike.Salon se nahaja na Keren\u010di\u010devi ulici 7 v Gornji Radgoni.<\/p>\n","protected":false},"author":1,"featured_media":0,"parent":8874,"menu_order":0,"comment_status":"closed","ping_status":"closed","template":"","meta":{"_acf_changed":false,"_kad_blocks_custom_css":"","_kad_blocks_head_custom_js":"","_kad_blocks_body_custom_js":"","_kad_blocks_footer_custom_js":"","_kadence_starter_templates_imported_post":true,"_kad_post_transparent":"","_kad_post_title":"hide","_kad_post_layout":"fullwidth","_kad_post_sidebar_id":"","_kad_post_content_style":"unboxed","_kad_post_vertical_padding":"hide","_kad_post_feature":"hide","_kad_post_feature_position":"","_kad_post_header":false,"_kad_post_footer":false,"_kad_post_classname":"","footnotes":""},"class_list":["post-8881","page","type-page","status-publish","hentry"],"acf":[],"aioseo_notices":[],"taxonomy_info":[],"featured_image_src_large":false,"author_info":{"display_name":"Miha Borec","author_link":"https:\/\/visitradgona.si\/de\/author\/miha-borec\/"},"comment_info":0,"_links":{"self":[{"href":"https:\/\/visitradgona.si\/de\/wp-json\/wp\/v2\/pages\/8881","targetHints":{"allow":["GET"]}}],"collection":[{"href":"https:\/\/visitradgona.si\/de\/wp-json\/wp\/v2\/pages"}],"about":[{"href":"https:\/\/visitradgona.si\/de\/wp-json\/wp\/v2\/types\/page"}],"author":[{"embeddable":true,"href":"https:\/\/visitradgona.si\/de\/wp-json\/wp\/v2\/users\/1"}],"replies":[{"embeddable":true,"href":"https:\/\/visitradgona.si\/de\/wp-json\/wp\/v2\/comments?post=8881"}],"version-history":[{"count":0,"href":"https:\/\/visitradgona.si\/de\/wp-json\/wp\/v2\/pages\/8881\/revisions"}],"up":[{"embeddable":true,"href":"https:\/\/visitradgona.si\/de\/wp-json\/wp\/v2\/pages\/8874"}],"wp:attachment":[{"href":"https:\/\/visitradgona.si\/de\/wp-json\/wp\/v2\/media?parent=8881"}],"curies":[{"name":"wp","href":"https:\/\/api.w.org\/{rel}","templated":true}]}}