{"id":8835,"date":"2024-11-24T01:35:19","date_gmt":"2024-11-24T00:35:19","guid":{"rendered":"https:\/\/visitradgona.si\/aktivitaten-und-ausfluge\/dozivetja\/ribolov\/"},"modified":"2025-03-13T18:10:36","modified_gmt":"2025-03-13T17:10:36","slug":"angeln","status":"publish","type":"page","link":"https:\/\/visitradgona.si\/de\/aktivitaten-und-ausfluge\/erlebnisse\/angeln\/","title":{"rendered":"Angeln"},"content":{"rendered":"<style>.kb-row-layout-id8835_c9d86e-e7 > .kt-row-column-wrap{align-content:start;}:where(.kb-row-layout-id8835_c9d86e-e7 > .kt-row-column-wrap) > .wp-block-kadence-column{justify-content:start;}.kb-row-layout-id8835_c9d86e-e7 > .kt-row-column-wrap{column-gap:var(--global-kb-gap-md, 2rem);row-gap:var(--global-kb-gap-md, 2rem);max-width:var( --global-content-width, 1290px );padding-left:var(--global-content-edge-padding);padding-right:var(--global-content-edge-padding);padding-right:20px;padding-bottom:120px;padding-left:20px;min-height:50vh;grid-template-columns:minmax(0, calc(52% - ((var(--global-kb-gap-md, 2rem) * 1 )\/2)))minmax(0, calc(48% - ((var(--global-kb-gap-md, 2rem) * 1 )\/2)));}.kb-row-layout-id8835_c9d86e-e7{background-image:url('https:\/\/visitradgona.si\/wp-content\/uploads\/2024\/12\/VisitRadgona-cover-photo_0007_DSC_0163_20210906193226941.jpg');background-size:cover;background-position:25% 60%;background-attachment:scroll;background-repeat:no-repeat;}.kb-row-layout-id8835_c9d86e-e7 > .kt-row-layout-overlay{opacity:0.30;}@media all and (max-width: 1024px){.kb-row-layout-id8835_c9d86e-e7 > .kt-row-column-wrap{padding-top:60px;padding-right:90px;padding-bottom:60px;padding-left:90px;grid-template-columns:minmax(0, 1fr);}}@media all and (max-width: 767px){.kb-row-layout-id8835_c9d86e-e7 > .kt-row-column-wrap{padding-top:60px;padding-right:20px;padding-bottom:40px;padding-left:20px;grid-template-columns:minmax(0, 1fr);}}<\/style><div class=\"kb-row-layout-wrap kb-row-layout-id8835_c9d86e-e7 alignnone kt-row-has-bg wp-block-kadence-rowlayout\"><div class=\"kt-row-column-wrap kt-has-2-columns kt-row-layout-left-golden kt-tab-layout-row kt-mobile-layout-row kt-row-valign-top kb-theme-content-width\">\n<style>.kadence-column8835_d71296-b9 > .kt-inside-inner-col{padding-right:0px;padding-left:0px;}.kadence-column8835_d71296-b9 > .kt-inside-inner-col,.kadence-column8835_d71296-b9 > .kt-inside-inner-col:before{border-top-left-radius:0px;border-top-right-radius:0px;border-bottom-right-radius:0px;border-bottom-left-radius:0px;}.kadence-column8835_d71296-b9 > .kt-inside-inner-col{column-gap:var(--global-kb-gap-sm, 1rem);}.kadence-column8835_d71296-b9 > .kt-inside-inner-col{flex-direction:column;}.kadence-column8835_d71296-b9 > .kt-inside-inner-col > .aligncenter{width:100%;}.kadence-column8835_d71296-b9 > .kt-inside-inner-col:before{opacity:0.3;}.kadence-column8835_d71296-b9{position:relative;}.kadence-column8835_d71296-b9, .kt-inside-inner-col > .kadence-column8835_d71296-b9:not(.specificity){margin-right:90px;margin-left:10px;}@media all and (max-width: 1024px){.kadence-column8835_d71296-b9 > .kt-inside-inner-col{padding-top:0px;padding-right:60px;padding-bottom:0px;padding-left:60px;flex-direction:column;justify-content:center;}}@media all and (max-width: 1024px){.kadence-column8835_d71296-b9, .kt-inside-inner-col > .kadence-column8835_d71296-b9:not(.specificity){margin-top:0px;margin-right:0px;margin-bottom:0px;margin-left:0px;}}@media all and (max-width: 767px){.kadence-column8835_d71296-b9 > .kt-inside-inner-col{padding-right:0px;padding-left:0px;flex-direction:column;justify-content:center;}.kadence-column8835_d71296-b9, .kt-inside-inner-col > .kadence-column8835_d71296-b9:not(.specificity){margin-right:0px;margin-left:0px;}}<\/style>\n<div class=\"wp-block-kadence-column kadence-column8835_d71296-b9 inner-column-1\"><div class=\"kt-inside-inner-col\"><\/div><\/div>\n\n\n<style>.kadence-column8835_4124ee-11 > .kt-inside-inner-col,.kadence-column8835_4124ee-11 > .kt-inside-inner-col:before{border-top-left-radius:0px;border-top-right-radius:0px;border-bottom-right-radius:0px;border-bottom-left-radius:0px;}.kadence-column8835_4124ee-11 > .kt-inside-inner-col{column-gap:var(--global-kb-gap-sm, 1rem);}.kadence-column8835_4124ee-11 > .kt-inside-inner-col{flex-direction:column;}.kadence-column8835_4124ee-11 > .kt-inside-inner-col > .aligncenter{width:100%;}.kadence-column8835_4124ee-11 > .kt-inside-inner-col:before{opacity:0.3;}.kadence-column8835_4124ee-11{position:relative;}@media all and (max-width: 1024px){.kadence-column8835_4124ee-11 > .kt-inside-inner-col{flex-direction:column;justify-content:center;}}@media all and (max-width: 767px){.kadence-column8835_4124ee-11 > .kt-inside-inner-col{flex-direction:column;justify-content:center;}}<\/style>\n<div class=\"wp-block-kadence-column kadence-column8835_4124ee-11 kvs-md-false kvs-sm-false inner-column-2\"><div class=\"kt-inside-inner-col\"><\/div><\/div>\n\n<\/div><\/div>\n\n<style>.kb-row-layout-id8835_4a44c6-8e > .kt-row-column-wrap{align-content:start;}:where(.kb-row-layout-id8835_4a44c6-8e > .kt-row-column-wrap) > .wp-block-kadence-column{justify-content:start;}.kb-row-layout-id8835_4a44c6-8e > .kt-row-column-wrap{column-gap:var(--global-kb-gap-md, 2rem);row-gap:var(--global-kb-gap-md, 2rem);max-width:var( --global-content-width, 1290px );padding-left:var(--global-content-edge-padding);padding-right:var(--global-content-edge-padding);padding-top:60px;padding-right:20px;padding-bottom:80px;padding-left:20px;grid-template-columns:minmax(0, 1fr);}.kb-row-layout-id8835_4a44c6-8e > .kt-row-layout-overlay{opacity:0.30;}@media all and (max-width: 1024px){.kb-row-layout-id8835_4a44c6-8e > .kt-row-column-wrap{grid-template-columns:minmax(0, 1fr);}}@media all and (max-width: 767px){.kb-row-layout-id8835_4a44c6-8e > .kt-row-column-wrap{grid-template-columns:minmax(0, 1fr);}}<\/style><div class=\"kb-row-layout-wrap kb-row-layout-id8835_4a44c6-8e alignfull wp-block-kadence-rowlayout\"><div class=\"kt-row-column-wrap kt-has-1-columns kt-row-layout-equal kt-tab-layout-inherit kt-mobile-layout-row kt-row-valign-top kb-theme-content-width\">\n<style>.kadence-column8835_0b0646-62 > .kt-inside-inner-col,.kadence-column8835_0b0646-62 > .kt-inside-inner-col:before{border-top-left-radius:0px;border-top-right-radius:0px;border-bottom-right-radius:0px;border-bottom-left-radius:0px;}.kadence-column8835_0b0646-62 > .kt-inside-inner-col{column-gap:var(--global-kb-gap-sm, 1rem);}.kadence-column8835_0b0646-62 > .kt-inside-inner-col{flex-direction:column;}.kadence-column8835_0b0646-62 > .kt-inside-inner-col > .aligncenter{width:100%;}.kadence-column8835_0b0646-62 > .kt-inside-inner-col:before{opacity:0.3;}.kadence-column8835_0b0646-62{position:relative;}@media all and (max-width: 1024px){.kadence-column8835_0b0646-62 > .kt-inside-inner-col{flex-direction:column;justify-content:center;}}@media all and (max-width: 767px){.kadence-column8835_0b0646-62 > .kt-inside-inner-col{flex-direction:column;justify-content:center;}}<\/style>\n<div class=\"wp-block-kadence-column kadence-column8835_0b0646-62\"><div class=\"kt-inside-inner-col\"><style>.wp-block-kadence-advancedheading.kt-adv-heading8835_b33fd1-b2, .wp-block-kadence-advancedheading.kt-adv-heading8835_b33fd1-b2[data-kb-block=\"kb-adv-heading8835_b33fd1-b2\"]{font-style:normal;}.wp-block-kadence-advancedheading.kt-adv-heading8835_b33fd1-b2 mark.kt-highlight, .wp-block-kadence-advancedheading.kt-adv-heading8835_b33fd1-b2[data-kb-block=\"kb-adv-heading8835_b33fd1-b2\"] mark.kt-highlight{font-style:normal;color:#f76a0c;-webkit-box-decoration-break:clone;box-decoration-break:clone;padding-top:0px;padding-right:0px;padding-bottom:0px;padding-left:0px;}.wp-block-kadence-advancedheading.kt-adv-heading8835_b33fd1-b2 img.kb-inline-image, .wp-block-kadence-advancedheading.kt-adv-heading8835_b33fd1-b2[data-kb-block=\"kb-adv-heading8835_b33fd1-b2\"] img.kb-inline-image{width:150px;vertical-align:baseline;}@media all and (max-width: 1024px){.wp-block-kadence-advancedheading.kt-adv-heading8835_b33fd1-b2, .wp-block-kadence-advancedheading.kt-adv-heading8835_b33fd1-b2[data-kb-block=\"kb-adv-heading8835_b33fd1-b2\"]{text-align:left!important;}}<\/style>\n<h6 class=\"kt-adv-heading8835_b33fd1-b2 wp-block-kadence-advancedheading\" data-kb-block=\"kb-adv-heading8835_b33fd1-b2\">Erlebnisse<\/h6>\n\n\n<style>.wp-block-kadence-advancedheading.kt-adv-heading8835_1a9986-f3, .wp-block-kadence-advancedheading.kt-adv-heading8835_1a9986-f3[data-kb-block=\"kb-adv-heading8835_1a9986-f3\"]{margin-bottom:30px;font-style:normal;}.wp-block-kadence-advancedheading.kt-adv-heading8835_1a9986-f3 mark.kt-highlight, .wp-block-kadence-advancedheading.kt-adv-heading8835_1a9986-f3[data-kb-block=\"kb-adv-heading8835_1a9986-f3\"] mark.kt-highlight{font-style:normal;color:#f76a0c;-webkit-box-decoration-break:clone;box-decoration-break:clone;padding-top:0px;padding-right:0px;padding-bottom:0px;padding-left:0px;}.wp-block-kadence-advancedheading.kt-adv-heading8835_1a9986-f3 img.kb-inline-image, .wp-block-kadence-advancedheading.kt-adv-heading8835_1a9986-f3[data-kb-block=\"kb-adv-heading8835_1a9986-f3\"] img.kb-inline-image{width:150px;vertical-align:baseline;}@media all and (max-width: 1024px){.wp-block-kadence-advancedheading.kt-adv-heading8835_1a9986-f3, .wp-block-kadence-advancedheading.kt-adv-heading8835_1a9986-f3[data-kb-block=\"kb-adv-heading8835_1a9986-f3\"]{text-align:left!important;}}@media all and (max-width: 767px){.wp-block-kadence-advancedheading.kt-adv-heading8835_1a9986-f3, .wp-block-kadence-advancedheading.kt-adv-heading8835_1a9986-f3[data-kb-block=\"kb-adv-heading8835_1a9986-f3\"]{padding-top:0px;padding-right:0px;padding-bottom:0px;padding-left:0px;}}<\/style>\n<h1 class=\"kt-adv-heading8835_1a9986-f3 wp-block-kadence-advancedheading\" data-kb-block=\"kb-adv-heading8835_1a9986-f3\">Fischereiverein Radgona<\/h1>\n\n\n\n<p>Website: <a href=\"https:\/\/rd-radgona.si\">https:\/\/rd-radgona.si<\/a><\/p>\n\n\n\n<p>Angellizenzen: <a href=\"https:\/\/www.ribiskekarte.si\/rd-radgona\">https:\/\/www.ribiskekarte.si\/rd-radgona<\/a><\/p>\n\n\n\n<p>M\u00f6glichkeit zum Kauf von Angelscheinen im TIC Gornja Radgona w\u00e4hrend der \u00d6ffnungszeiten.<\/p>\n\n\n\n<p><strong>KONTAKT:<\/strong><br>Telefon: <a data-type=\"tel\" data-id=\"tel:0038631833311\" href=\"tel:0038631833311\">031 833 311<\/a><br>E-mail: <a href=\"mailto:rdradgona@gmail.com\">rdradgona@gmail.com<\/a><\/p>\n\n\n<style>.kb-gallery-wrap-id-8835_74d187-66.wp-block-kadence-advancedgallery{overflow:visible;}.kb-gallery-wrap-id-8835_74d187-66.wp-block-kadence-advancedgallery .kt-blocks-carousel{overflow:visible;max-width:100%;}<\/style><div class=\"kb-gallery-wrap-id-8835_74d187-66 alignnone wp-block-kadence-advancedgallery\"><div class=\"kb-gallery-ul kb-gallery-non-static kb-gallery-type-fluidcarousel kb-gallery-id-8835_74d187-66 kb-gallery-caption-style-bottom-hover kb-gallery-filter-none kb-gallery-magnific-init\" data-image-filter=\"none\" data-lightbox-caption=\"false\"><div class=\"kt-blocks-carousel splide kt-carousel-container-dotstyle-none kt-carousel-arrowstyle-blackonlight kt-carousel-dotstyle-none kb-slider-group-arrow kb-slider-arrow-position-center\" data-slider-anim-speed=\"400\" data-slider-scroll=\"1\" data-slider-arrows=\"true\" data-slider-dots=\"false\" data-slider-hover-pause=\"false\" data-slider-auto=\"\" data-slider-speed=\"7000\" data-slider-type=\"fluidcarousel\" data-slider-center-mode=\"true\" data-slider-gap=\"10px\" data-slider-gap-tablet=\"10px\" data-slider-gap-mobile=\"10px\" data-show-pause-button=\"false\"><div class=\"splide__track\"><ul class=\"kt-blocks-carousel-init kb-blocks-fluid-carousel splide__list\"><li class=\"kb-slide-item kb-gallery-carousel-item splide__slide\"><div class=\"kadence-blocks-gallery-item\"><div class=\"kadence-blocks-gallery-item-inner\"><figure class=\"kb-gallery-figure kb-gallery-item-has-link kadence-blocks-gallery-item-hide-caption\"><a href=\"https:\/\/visitradgona.si\/wp-content\/uploads\/2024\/12\/DSC_0163_20210906193226941.jpg\" class=\"kb-gallery-item-link\"   role=\"button\" aria-haspopup=\"dialog\"><div class=\"kb-gal-image-radius\"><div class=\"kb-gallery-image-contain\" ><img loading=\"lazy\" decoding=\"async\" src=\"https:\/\/visitradgona.si\/wp-content\/uploads\/2024\/12\/DSC_0163_20210906193226941.jpg\" width=\"1229\" height=\"820\" alt=\"\" data-full-image=\"https:\/\/visitradgona.si\/wp-content\/uploads\/2024\/12\/DSC_0163_20210906193226941.jpg\" data-light-image=\"https:\/\/visitradgona.si\/wp-content\/uploads\/2024\/12\/DSC_0163_20210906193226941.jpg\" data-id=\"4760\" class=\"wp-image-4760 skip-lazy\" srcset=\"https:\/\/visitradgona.si\/wp-content\/uploads\/2024\/12\/DSC_0163_20210906193226941.jpg 1229w, https:\/\/visitradgona.si\/wp-content\/uploads\/2024\/12\/DSC_0163_20210906193226941-300x200.jpg 300w, https:\/\/visitradgona.si\/wp-content\/uploads\/2024\/12\/DSC_0163_20210906193226941-1024x683.jpg 1024w, https:\/\/visitradgona.si\/wp-content\/uploads\/2024\/12\/DSC_0163_20210906193226941-768x512.jpg 768w\" sizes=\"auto, (max-width: 1229px) 100vw, 1229px\" \/><\/div><\/div><\/a><\/figure><\/div><\/div><\/li><li class=\"kb-slide-item kb-gallery-carousel-item splide__slide\"><div class=\"kadence-blocks-gallery-item\"><div class=\"kadence-blocks-gallery-item-inner\"><figure class=\"kb-gallery-figure kb-gallery-item-has-link kadence-blocks-gallery-item-hide-caption\"><a href=\"https:\/\/visitradgona.si\/wp-content\/uploads\/2024\/12\/Gornja-Radgona-Negovsko-jezero.jpg\" class=\"kb-gallery-item-link\"   role=\"button\" aria-haspopup=\"dialog\"><div class=\"kb-gal-image-radius\"><div class=\"kb-gallery-image-contain\" ><img loading=\"lazy\" decoding=\"async\" src=\"https:\/\/visitradgona.si\/wp-content\/uploads\/2024\/12\/Gornja-Radgona-Negovsko-jezero.jpg\" width=\"1415\" height=\"1769\" alt=\"\" data-full-image=\"https:\/\/visitradgona.si\/wp-content\/uploads\/2024\/12\/Gornja-Radgona-Negovsko-jezero.jpg\" data-light-image=\"https:\/\/visitradgona.si\/wp-content\/uploads\/2024\/12\/Gornja-Radgona-Negovsko-jezero.jpg\" data-id=\"4763\" class=\"wp-image-4763 skip-lazy\" srcset=\"https:\/\/visitradgona.si\/wp-content\/uploads\/2024\/12\/Gornja-Radgona-Negovsko-jezero.jpg 1415w, https:\/\/visitradgona.si\/wp-content\/uploads\/2024\/12\/Gornja-Radgona-Negovsko-jezero-240x300.jpg 240w, https:\/\/visitradgona.si\/wp-content\/uploads\/2024\/12\/Gornja-Radgona-Negovsko-jezero-819x1024.jpg 819w, https:\/\/visitradgona.si\/wp-content\/uploads\/2024\/12\/Gornja-Radgona-Negovsko-jezero-768x960.jpg 768w, https:\/\/visitradgona.si\/wp-content\/uploads\/2024\/12\/Gornja-Radgona-Negovsko-jezero-1229x1536.jpg 1229w\" sizes=\"auto, (max-width: 1415px) 100vw, 1415px\" \/><\/div><\/div><\/a><\/figure><\/div><\/div><\/li><li class=\"kb-slide-item kb-gallery-carousel-item splide__slide\"><div class=\"kadence-blocks-gallery-item\"><div class=\"kadence-blocks-gallery-item-inner\"><figure class=\"kb-gallery-figure kb-gallery-item-has-link kadence-blocks-gallery-item-hide-caption\"><a href=\"https:\/\/visitradgona.si\/wp-content\/uploads\/2024\/12\/Ribic.jpg\" class=\"kb-gallery-item-link\"   role=\"button\" aria-haspopup=\"dialog\"><div class=\"kb-gal-image-radius\"><div class=\"kb-gallery-image-contain\" ><img loading=\"lazy\" decoding=\"async\" src=\"https:\/\/visitradgona.si\/wp-content\/uploads\/2024\/12\/Ribic.jpg\" width=\"1278\" height=\"1704\" alt=\"\" data-full-image=\"https:\/\/visitradgona.si\/wp-content\/uploads\/2024\/12\/Ribic.jpg\" data-light-image=\"https:\/\/visitradgona.si\/wp-content\/uploads\/2024\/12\/Ribic.jpg\" data-id=\"4766\" class=\"wp-image-4766 skip-lazy\" srcset=\"https:\/\/visitradgona.si\/wp-content\/uploads\/2024\/12\/Ribic.jpg 1278w, https:\/\/visitradgona.si\/wp-content\/uploads\/2024\/12\/Ribic-225x300.jpg 225w, https:\/\/visitradgona.si\/wp-content\/uploads\/2024\/12\/Ribic-768x1024.jpg 768w, https:\/\/visitradgona.si\/wp-content\/uploads\/2024\/12\/Ribic-1152x1536.jpg 1152w\" sizes=\"auto, (max-width: 1278px) 100vw, 1278px\" \/><\/div><\/div><\/a><\/figure><\/div><\/div><\/li><\/ul><\/div><\/div><\/div><\/div><\/div><\/div>\n\n<\/div><\/div>","protected":false},"excerpt":{"rendered":"<p>Erlebnisse Fischereiverein Radgona Website: https:\/\/rd-radgona.si Angellizenzen: https:\/\/www.ribiskekarte.si\/rd-radgona M\u00f6glichkeit zum Kauf von Angelscheinen im TIC Gornja Radgona w\u00e4hrend der \u00d6ffnungszeiten. KONTAKT:Telefon: 031 833 311E-mail: rdradgona@gmail.com<\/p>\n","protected":false},"author":1,"featured_media":0,"parent":8747,"menu_order":0,"comment_status":"closed","ping_status":"closed","template":"","meta":{"_acf_changed":false,"_kad_blocks_custom_css":"","_kad_blocks_head_custom_js":"","_kad_blocks_body_custom_js":"","_kad_blocks_footer_custom_js":"","_kadence_starter_templates_imported_post":true,"_kad_post_transparent":"","_kad_post_title":"hide","_kad_post_layout":"fullwidth","_kad_post_sidebar_id":"","_kad_post_content_style":"unboxed","_kad_post_vertical_padding":"hide","_kad_post_feature":"hide","_kad_post_feature_position":"","_kad_post_header":false,"_kad_post_footer":false,"_kad_post_classname":"","footnotes":""},"class_list":["post-8835","page","type-page","status-publish","hentry"],"acf":[],"aioseo_notices":[],"taxonomy_info":[],"featured_image_src_large":false,"author_info":{"display_name":"Miha Borec","author_link":"https:\/\/visitradgona.si\/de\/author\/miha-borec\/"},"comment_info":0,"_links":{"self":[{"href":"https:\/\/visitradgona.si\/de\/wp-json\/wp\/v2\/pages\/8835","targetHints":{"allow":["GET"]}}],"collection":[{"href":"https:\/\/visitradgona.si\/de\/wp-json\/wp\/v2\/pages"}],"about":[{"href":"https:\/\/visitradgona.si\/de\/wp-json\/wp\/v2\/types\/page"}],"author":[{"embeddable":true,"href":"https:\/\/visitradgona.si\/de\/wp-json\/wp\/v2\/users\/1"}],"replies":[{"embeddable":true,"href":"https:\/\/visitradgona.si\/de\/wp-json\/wp\/v2\/comments?post=8835"}],"version-history":[{"count":0,"href":"https:\/\/visitradgona.si\/de\/wp-json\/wp\/v2\/pages\/8835\/revisions"}],"up":[{"embeddable":true,"href":"https:\/\/visitradgona.si\/de\/wp-json\/wp\/v2\/pages\/8747"}],"wp:attachment":[{"href":"https:\/\/visitradgona.si\/de\/wp-json\/wp\/v2\/media?parent=8835"}],"curies":[{"name":"wp","href":"https:\/\/api.w.org\/{rel}","templated":true}]}}