{"id":8828,"date":"2024-11-23T18:20:43","date_gmt":"2024-11-23T17:20:43","guid":{"rendered":"https:\/\/visitradgona.si\/trate\/"},"modified":"2025-03-02T16:59:55","modified_gmt":"2025-03-02T15:59:55","slug":"trate","status":"publish","type":"page","link":"https:\/\/visitradgona.si\/de\/touristische-attraktionen\/trate\/","title":{"rendered":"Trate"},"content":{"rendered":"<style>.kb-row-layout-id8828_b65d05-24 > .kt-row-column-wrap{align-content:start;}:where(.kb-row-layout-id8828_b65d05-24 > .kt-row-column-wrap) > .wp-block-kadence-column{justify-content:start;}.kb-row-layout-id8828_b65d05-24 > .kt-row-column-wrap{column-gap:var(--global-kb-gap-md, 2rem);row-gap:var(--global-kb-gap-md, 2rem);max-width:var( --global-content-width, 1290px );padding-left:var(--global-content-edge-padding);padding-right:var(--global-content-edge-padding);padding-right:20px;padding-bottom:120px;padding-left:20px;min-height:50vh;grid-template-columns:minmax(0, calc(52% - ((var(--global-kb-gap-md, 2rem) * 1 )\/2)))minmax(0, calc(48% - ((var(--global-kb-gap-md, 2rem) * 1 )\/2)));}.kb-row-layout-id8828_b65d05-24{background-image:url('https:\/\/visitradgona.si\/wp-content\/uploads\/2024\/11\/Visit-Radgona-cover-photo-scaled-1.jpg');background-size:cover;background-position:65% 30%;background-attachment:scroll;background-repeat:no-repeat;}.kb-row-layout-id8828_b65d05-24 > .kt-row-layout-overlay{opacity:0.30;}@media all and (max-width: 1024px){.kb-row-layout-id8828_b65d05-24 > .kt-row-column-wrap{padding-top:60px;padding-right:90px;padding-bottom:60px;padding-left:90px;grid-template-columns:minmax(0, 1fr);}}@media all and (max-width: 767px){.kb-row-layout-id8828_b65d05-24 > .kt-row-column-wrap{padding-top:60px;padding-right:20px;padding-bottom:40px;padding-left:20px;grid-template-columns:minmax(0, 1fr);}}<\/style><div class=\"kb-row-layout-wrap kb-row-layout-id8828_b65d05-24 alignnone kt-row-has-bg wp-block-kadence-rowlayout\"><div class=\"kt-row-column-wrap kt-has-2-columns kt-row-layout-left-golden kt-tab-layout-row kt-mobile-layout-row kt-row-valign-top kb-theme-content-width\">\n<style>.kadence-column8828_489a45-0c > .kt-inside-inner-col{padding-right:0px;padding-left:0px;}.kadence-column8828_489a45-0c > .kt-inside-inner-col,.kadence-column8828_489a45-0c > .kt-inside-inner-col:before{border-top-left-radius:0px;border-top-right-radius:0px;border-bottom-right-radius:0px;border-bottom-left-radius:0px;}.kadence-column8828_489a45-0c > .kt-inside-inner-col{column-gap:var(--global-kb-gap-sm, 1rem);}.kadence-column8828_489a45-0c > .kt-inside-inner-col{flex-direction:column;}.kadence-column8828_489a45-0c > .kt-inside-inner-col > .aligncenter{width:100%;}.kadence-column8828_489a45-0c > .kt-inside-inner-col:before{opacity:0.3;}.kadence-column8828_489a45-0c{position:relative;}.kadence-column8828_489a45-0c, .kt-inside-inner-col > .kadence-column8828_489a45-0c:not(.specificity){margin-right:90px;margin-left:10px;}@media all and (max-width: 1024px){.kadence-column8828_489a45-0c > .kt-inside-inner-col{padding-top:0px;padding-right:60px;padding-bottom:0px;padding-left:60px;flex-direction:column;justify-content:center;}}@media all and (max-width: 1024px){.kadence-column8828_489a45-0c, .kt-inside-inner-col > .kadence-column8828_489a45-0c:not(.specificity){margin-top:0px;margin-right:0px;margin-bottom:0px;margin-left:0px;}}@media all and (max-width: 767px){.kadence-column8828_489a45-0c > .kt-inside-inner-col{padding-right:0px;padding-left:0px;flex-direction:column;justify-content:center;}.kadence-column8828_489a45-0c, .kt-inside-inner-col > .kadence-column8828_489a45-0c:not(.specificity){margin-right:0px;margin-left:0px;}}<\/style>\n<div class=\"wp-block-kadence-column kadence-column8828_489a45-0c inner-column-1\"><div class=\"kt-inside-inner-col\"><\/div><\/div>\n\n\n<style>.kadence-column8828_a30c37-64 > .kt-inside-inner-col,.kadence-column8828_a30c37-64 > .kt-inside-inner-col:before{border-top-left-radius:0px;border-top-right-radius:0px;border-bottom-right-radius:0px;border-bottom-left-radius:0px;}.kadence-column8828_a30c37-64 > .kt-inside-inner-col{column-gap:var(--global-kb-gap-sm, 1rem);}.kadence-column8828_a30c37-64 > .kt-inside-inner-col{flex-direction:column;}.kadence-column8828_a30c37-64 > .kt-inside-inner-col > .aligncenter{width:100%;}.kadence-column8828_a30c37-64 > .kt-inside-inner-col:before{opacity:0.3;}.kadence-column8828_a30c37-64{position:relative;}@media all and (max-width: 1024px){.kadence-column8828_a30c37-64 > .kt-inside-inner-col{flex-direction:column;justify-content:center;}}@media all and (max-width: 767px){.kadence-column8828_a30c37-64 > .kt-inside-inner-col{flex-direction:column;justify-content:center;}}<\/style>\n<div class=\"wp-block-kadence-column kadence-column8828_a30c37-64 kvs-md-false kvs-sm-false inner-column-2\"><div class=\"kt-inside-inner-col\"><\/div><\/div>\n\n<\/div><\/div>\n\n<style>.kb-row-layout-id8828_6e1012-80 > .kt-row-column-wrap{align-content:start;}:where(.kb-row-layout-id8828_6e1012-80 > .kt-row-column-wrap) > .wp-block-kadence-column{justify-content:start;}.kb-row-layout-id8828_6e1012-80 > .kt-row-column-wrap{column-gap:var(--global-kb-gap-md, 2rem);row-gap:var(--global-kb-gap-md, 2rem);max-width:var( --global-content-width, 1290px );padding-left:var(--global-content-edge-padding);padding-right:var(--global-content-edge-padding);padding-top:60px;padding-right:20px;padding-bottom:80px;padding-left:20px;grid-template-columns:minmax(0, 1fr);}.kb-row-layout-id8828_6e1012-80 > .kt-row-layout-overlay{opacity:0.30;}@media all and (max-width: 1024px){.kb-row-layout-id8828_6e1012-80 > .kt-row-column-wrap{grid-template-columns:minmax(0, 1fr);}}@media all and (max-width: 767px){.kb-row-layout-id8828_6e1012-80 > .kt-row-column-wrap{grid-template-columns:minmax(0, 1fr);}}<\/style><div class=\"kb-row-layout-wrap kb-row-layout-id8828_6e1012-80 alignfull wp-block-kadence-rowlayout\"><div class=\"kt-row-column-wrap kt-has-1-columns kt-row-layout-equal kt-tab-layout-inherit kt-mobile-layout-row kt-row-valign-top kb-theme-content-width\">\n<style>.kadence-column8828_5dfd6a-e9 > .kt-inside-inner-col,.kadence-column8828_5dfd6a-e9 > .kt-inside-inner-col:before{border-top-left-radius:0px;border-top-right-radius:0px;border-bottom-right-radius:0px;border-bottom-left-radius:0px;}.kadence-column8828_5dfd6a-e9 > .kt-inside-inner-col{column-gap:var(--global-kb-gap-sm, 1rem);}.kadence-column8828_5dfd6a-e9 > .kt-inside-inner-col{flex-direction:column;}.kadence-column8828_5dfd6a-e9 > .kt-inside-inner-col > .aligncenter{width:100%;}.kadence-column8828_5dfd6a-e9 > .kt-inside-inner-col:before{opacity:0.3;}.kadence-column8828_5dfd6a-e9{position:relative;}@media all and (max-width: 1024px){.kadence-column8828_5dfd6a-e9 > .kt-inside-inner-col{flex-direction:column;justify-content:center;}}@media all and (max-width: 767px){.kadence-column8828_5dfd6a-e9 > .kt-inside-inner-col{flex-direction:column;justify-content:center;}}<\/style>\n<div class=\"wp-block-kadence-column kadence-column8828_5dfd6a-e9\"><div class=\"kt-inside-inner-col\"><style>.wp-block-kadence-advancedheading.kt-adv-heading8828_194311-e1, .wp-block-kadence-advancedheading.kt-adv-heading8828_194311-e1[data-kb-block=\"kb-adv-heading8828_194311-e1\"]{font-style:normal;}.wp-block-kadence-advancedheading.kt-adv-heading8828_194311-e1 mark.kt-highlight, .wp-block-kadence-advancedheading.kt-adv-heading8828_194311-e1[data-kb-block=\"kb-adv-heading8828_194311-e1\"] mark.kt-highlight{font-style:normal;color:#f76a0c;-webkit-box-decoration-break:clone;box-decoration-break:clone;padding-top:0px;padding-right:0px;padding-bottom:0px;padding-left:0px;}.wp-block-kadence-advancedheading.kt-adv-heading8828_194311-e1 img.kb-inline-image, .wp-block-kadence-advancedheading.kt-adv-heading8828_194311-e1[data-kb-block=\"kb-adv-heading8828_194311-e1\"] img.kb-inline-image{width:150px;vertical-align:baseline;}@media all and (max-width: 1024px){.wp-block-kadence-advancedheading.kt-adv-heading8828_194311-e1, .wp-block-kadence-advancedheading.kt-adv-heading8828_194311-e1[data-kb-block=\"kb-adv-heading8828_194311-e1\"]{text-align:left!important;}}<\/style>\n<h6 class=\"kt-adv-heading8828_194311-e1 wp-block-kadence-advancedheading\" data-kb-block=\"kb-adv-heading8828_194311-e1\"><strong>Touristische Attraktionen<\/strong><\/h6>\n\n\n<style>.wp-block-kadence-advancedheading.kt-adv-heading8828_8a221c-60, .wp-block-kadence-advancedheading.kt-adv-heading8828_8a221c-60[data-kb-block=\"kb-adv-heading8828_8a221c-60\"]{margin-bottom:30px;font-style:normal;}.wp-block-kadence-advancedheading.kt-adv-heading8828_8a221c-60 mark.kt-highlight, .wp-block-kadence-advancedheading.kt-adv-heading8828_8a221c-60[data-kb-block=\"kb-adv-heading8828_8a221c-60\"] mark.kt-highlight{font-style:normal;color:#f76a0c;-webkit-box-decoration-break:clone;box-decoration-break:clone;padding-top:0px;padding-right:0px;padding-bottom:0px;padding-left:0px;}.wp-block-kadence-advancedheading.kt-adv-heading8828_8a221c-60 img.kb-inline-image, .wp-block-kadence-advancedheading.kt-adv-heading8828_8a221c-60[data-kb-block=\"kb-adv-heading8828_8a221c-60\"] img.kb-inline-image{width:150px;vertical-align:baseline;}@media all and (max-width: 1024px){.wp-block-kadence-advancedheading.kt-adv-heading8828_8a221c-60, .wp-block-kadence-advancedheading.kt-adv-heading8828_8a221c-60[data-kb-block=\"kb-adv-heading8828_8a221c-60\"]{text-align:left!important;}}@media all and (max-width: 767px){.wp-block-kadence-advancedheading.kt-adv-heading8828_8a221c-60, .wp-block-kadence-advancedheading.kt-adv-heading8828_8a221c-60[data-kb-block=\"kb-adv-heading8828_8a221c-60\"]{padding-top:0px;padding-right:0px;padding-bottom:0px;padding-left:0px;}}<\/style>\n<h1 class=\"kt-adv-heading8828_8a221c-60 wp-block-kadence-advancedheading\" data-kb-block=\"kb-adv-heading8828_8a221c-60\">Trate<\/h1>\n\n\n\n<p class=\"has--font-size\">Trate, der nord\u00f6stliche Teil von Gornja Radgona, war oft \u00fcberschwemmt und unbewohnt, bis der Damm entlang der Mur gebaut wurde. In der Lackova-Stra\u00dfe 17 steht ein Geb\u00e4ude aus dem Jahr 1535, in dem w\u00e4hrend der Reformation die \u00e4lteste bekannte Schule in diesem Gebiet betrieben wurde. Nach der Vertreibung der Protestanten \u00fcbernahmen die Kl\u00f6ster, insbesondere die Jesuiten, das Schulwesen und unterrichteten die Kinder in ihrer Muttersprache sowie auf h\u00f6heren Stufen in Deutsch und Latein. Die Volksschulbildung in Gornja Radgona erweiterte sich nach 1805 mit dem Bau einer neuen Schule. Im Jahr 1877 wurde die Schule zu einer vollst\u00e4ndigen achtj\u00e4hrigen Schule, und 1938 wurde auf Wunsch der Eltern eine B\u00fcrgerschule gegr\u00fcndet.<\/p>\n\n\n\n<p>W\u00e4hrend des Zweiten Weltkriegs wurden die meisten Lehrer ausgewiesen, Deutsch wurde zur Amtssprache, slowenische B\u00fccher und Schulunterlagen wurden vernichtet und f\u00fcr die Sch\u00fcler wurden Pflichtkurse in deutscher Sprache organisiert. Nach dem Krieg wurde das Schulsystem wieder aufgebaut und 1974 eine neue Schule errichtet, die zahlreiche Verbesserungen in der Unterrichtsqualit\u00e4t und den au\u00dferschulischen Aktivit\u00e4ten brachte. 1956 wurde auch eine Sonderschule f\u00fcr Sch\u00fcler mit besonderen Bed\u00fcrfnissen gegr\u00fcndet, die nach Dr. Janko \u0160lebinger benannt wurde, mit Cilka \u017derdin als erster Direktorin.<\/p>\n\n\n\n<p>Die Musikschule in Gornja Radgona nahm 1950 ihren Betrieb mit nur 21 Sch\u00fclern auf und hat sich seither erheblich erweitert, mit Filialen in benachbarten Orten. Die Schule ist bekannt f\u00fcr die Erfolge ihrer Sch\u00fcler auf nationaler und internationaler Ebene.<\/p>\n\n\n\n<p>Am Geb\u00e4ude Trate 17 befinden sich zwei Gedenktafeln: eine, die dem Gr\u00fcndungstreffen der Befreiungsfront von Radgon\u010dani unter der Leitung von \u0160tefan Kuhar &#8211; Bojan gewidmet ist, und eine weitere, die an Oton Jemec, einen K\u00e4mpfer f\u00fcr Arbeiterrechte, erinnert, der 1942 als Geisel erschossen wurde.<\/p>\n\n\n<style>.kb-image8828_c399a3-db .kb-image-has-overlay:after{opacity:0.3;}<\/style>\n<div class=\"wp-block-kadence-image kb-image8828_c399a3-db\"><figure class=\"aligncenter kb-image-is-ratio-size\"><a href=\"\/wp-content\/uploads\/2024\/11\/VisitRadgona_TSC-s-strehe-DSO-@Potocnik.jpg\" class=\"kb-advanced-image-link\"><div class=\"kb-is-ratio-image kb-image-ratio-land169\"><img loading=\"lazy\" decoding=\"async\" width=\"1200\" height=\"800\" src=\"https:\/\/visitradgona.si\/wp-content\/uploads\/2024\/11\/VisitRadgona_TSC-s-strehe-DSO-@Potocnik.jpg\" alt=\"\" class=\"kb-img wp-image-2260\" srcset=\"https:\/\/visitradgona.si\/wp-content\/uploads\/2024\/11\/VisitRadgona_TSC-s-strehe-DSO-@Potocnik.jpg 1200w, https:\/\/visitradgona.si\/wp-content\/uploads\/2024\/11\/VisitRadgona_TSC-s-strehe-DSO-@Potocnik-300x200.jpg 300w, https:\/\/visitradgona.si\/wp-content\/uploads\/2024\/11\/VisitRadgona_TSC-s-strehe-DSO-@Potocnik-1024x683.jpg 1024w, https:\/\/visitradgona.si\/wp-content\/uploads\/2024\/11\/VisitRadgona_TSC-s-strehe-DSO-@Potocnik-768x512.jpg 768w\" sizes=\"auto, (max-width: 1200px) 100vw, 1200px\" \/><\/div><\/a><\/figure><\/div>\n<\/div><\/div>\n\n<\/div><\/div>","protected":false},"excerpt":{"rendered":"<p>Touristische Attraktionen Trate Trate, der nord\u00f6stliche Teil von Gornja Radgona, war oft \u00fcberschwemmt und unbewohnt, bis der Damm entlang der Mur gebaut wurde. In der Lackova-Stra\u00dfe 17 steht ein Geb\u00e4ude aus dem Jahr 1535, in dem w\u00e4hrend der Reformation die \u00e4lteste bekannte Schule in diesem Gebiet betrieben wurde. Nach der Vertreibung der Protestanten \u00fcbernahmen die&#8230;<\/p>\n","protected":false},"author":1,"featured_media":0,"parent":8866,"menu_order":0,"comment_status":"closed","ping_status":"closed","template":"","meta":{"_acf_changed":false,"_kad_blocks_custom_css":"","_kad_blocks_head_custom_js":"","_kad_blocks_body_custom_js":"","_kad_blocks_footer_custom_js":"","_kadence_starter_templates_imported_post":true,"_kad_post_transparent":"","_kad_post_title":"hide","_kad_post_layout":"fullwidth","_kad_post_sidebar_id":"","_kad_post_content_style":"unboxed","_kad_post_vertical_padding":"hide","_kad_post_feature":"hide","_kad_post_feature_position":"","_kad_post_header":false,"_kad_post_footer":false,"_kad_post_classname":"","footnotes":""},"class_list":["post-8828","page","type-page","status-publish","hentry"],"acf":[],"aioseo_notices":[],"taxonomy_info":[],"featured_image_src_large":false,"author_info":{"display_name":"Miha Borec","author_link":"https:\/\/visitradgona.si\/de\/author\/miha-borec\/"},"comment_info":0,"_links":{"self":[{"href":"https:\/\/visitradgona.si\/de\/wp-json\/wp\/v2\/pages\/8828","targetHints":{"allow":["GET"]}}],"collection":[{"href":"https:\/\/visitradgona.si\/de\/wp-json\/wp\/v2\/pages"}],"about":[{"href":"https:\/\/visitradgona.si\/de\/wp-json\/wp\/v2\/types\/page"}],"author":[{"embeddable":true,"href":"https:\/\/visitradgona.si\/de\/wp-json\/wp\/v2\/users\/1"}],"replies":[{"embeddable":true,"href":"https:\/\/visitradgona.si\/de\/wp-json\/wp\/v2\/comments?post=8828"}],"version-history":[{"count":0,"href":"https:\/\/visitradgona.si\/de\/wp-json\/wp\/v2\/pages\/8828\/revisions"}],"up":[{"embeddable":true,"href":"https:\/\/visitradgona.si\/de\/wp-json\/wp\/v2\/pages\/8866"}],"wp:attachment":[{"href":"https:\/\/visitradgona.si\/de\/wp-json\/wp\/v2\/media?parent=8828"}],"curies":[{"name":"wp","href":"https:\/\/api.w.org\/{rel}","templated":true}]}}