{"id":8796,"date":"2024-11-23T17:17:19","date_gmt":"2024-11-23T16:17:19","guid":{"rendered":"https:\/\/visitradgona.si\/obcinska-zgradba\/"},"modified":"2025-03-02T16:59:57","modified_gmt":"2025-03-02T15:59:57","slug":"gemeindeverwaltungsgebaude","status":"publish","type":"page","link":"https:\/\/visitradgona.si\/de\/touristische-attraktionen\/gemeindeverwaltungsgebaude\/","title":{"rendered":"Gemeindeverwaltungsgeb\u00e4ude"},"content":{"rendered":"<style>.kb-row-layout-id8796_142e6e-3f > .kt-row-column-wrap{align-content:start;}:where(.kb-row-layout-id8796_142e6e-3f > .kt-row-column-wrap) > .wp-block-kadence-column{justify-content:start;}.kb-row-layout-id8796_142e6e-3f > .kt-row-column-wrap{column-gap:var(--global-kb-gap-md, 2rem);row-gap:var(--global-kb-gap-md, 2rem);max-width:var( --global-content-width, 1290px );padding-left:var(--global-content-edge-padding);padding-right:var(--global-content-edge-padding);padding-right:20px;padding-bottom:120px;padding-left:20px;min-height:50vh;grid-template-columns:minmax(0, calc(52% - ((var(--global-kb-gap-md, 2rem) * 1 )\/2)))minmax(0, calc(48% - ((var(--global-kb-gap-md, 2rem) * 1 )\/2)));}.kb-row-layout-id8796_142e6e-3f{background-image:url('https:\/\/visitradgona.si\/wp-content\/uploads\/2024\/11\/Visit-Radgona-cover-photo-scaled-1.jpg');background-size:cover;background-position:65% 30%;background-attachment:scroll;background-repeat:no-repeat;}.kb-row-layout-id8796_142e6e-3f > .kt-row-layout-overlay{opacity:0.30;}@media all and (max-width: 1024px){.kb-row-layout-id8796_142e6e-3f > .kt-row-column-wrap{padding-top:60px;padding-right:90px;padding-bottom:60px;padding-left:90px;grid-template-columns:minmax(0, 1fr);}}@media all and (max-width: 767px){.kb-row-layout-id8796_142e6e-3f > .kt-row-column-wrap{padding-top:60px;padding-right:20px;padding-bottom:40px;padding-left:20px;grid-template-columns:minmax(0, 1fr);}}<\/style><div class=\"kb-row-layout-wrap kb-row-layout-id8796_142e6e-3f alignnone kt-row-has-bg wp-block-kadence-rowlayout\"><div class=\"kt-row-column-wrap kt-has-2-columns kt-row-layout-left-golden kt-tab-layout-row kt-mobile-layout-row kt-row-valign-top kb-theme-content-width\">\n<style>.kadence-column8796_2580fe-f7 > .kt-inside-inner-col{padding-right:0px;padding-left:0px;}.kadence-column8796_2580fe-f7 > .kt-inside-inner-col,.kadence-column8796_2580fe-f7 > .kt-inside-inner-col:before{border-top-left-radius:0px;border-top-right-radius:0px;border-bottom-right-radius:0px;border-bottom-left-radius:0px;}.kadence-column8796_2580fe-f7 > .kt-inside-inner-col{column-gap:var(--global-kb-gap-sm, 1rem);}.kadence-column8796_2580fe-f7 > .kt-inside-inner-col{flex-direction:column;}.kadence-column8796_2580fe-f7 > .kt-inside-inner-col > .aligncenter{width:100%;}.kadence-column8796_2580fe-f7 > .kt-inside-inner-col:before{opacity:0.3;}.kadence-column8796_2580fe-f7{position:relative;}.kadence-column8796_2580fe-f7, .kt-inside-inner-col > .kadence-column8796_2580fe-f7:not(.specificity){margin-right:90px;margin-left:10px;}@media all and (max-width: 1024px){.kadence-column8796_2580fe-f7 > .kt-inside-inner-col{padding-top:0px;padding-right:60px;padding-bottom:0px;padding-left:60px;flex-direction:column;justify-content:center;}}@media all and (max-width: 1024px){.kadence-column8796_2580fe-f7, .kt-inside-inner-col > .kadence-column8796_2580fe-f7:not(.specificity){margin-top:0px;margin-right:0px;margin-bottom:0px;margin-left:0px;}}@media all and (max-width: 767px){.kadence-column8796_2580fe-f7 > .kt-inside-inner-col{padding-right:0px;padding-left:0px;flex-direction:column;justify-content:center;}.kadence-column8796_2580fe-f7, .kt-inside-inner-col > .kadence-column8796_2580fe-f7:not(.specificity){margin-right:0px;margin-left:0px;}}<\/style>\n<div class=\"wp-block-kadence-column kadence-column8796_2580fe-f7 inner-column-1\"><div class=\"kt-inside-inner-col\"><\/div><\/div>\n\n\n<style>.kadence-column8796_8d3b64-fc > .kt-inside-inner-col,.kadence-column8796_8d3b64-fc > .kt-inside-inner-col:before{border-top-left-radius:0px;border-top-right-radius:0px;border-bottom-right-radius:0px;border-bottom-left-radius:0px;}.kadence-column8796_8d3b64-fc > .kt-inside-inner-col{column-gap:var(--global-kb-gap-sm, 1rem);}.kadence-column8796_8d3b64-fc > .kt-inside-inner-col{flex-direction:column;}.kadence-column8796_8d3b64-fc > .kt-inside-inner-col > .aligncenter{width:100%;}.kadence-column8796_8d3b64-fc > .kt-inside-inner-col:before{opacity:0.3;}.kadence-column8796_8d3b64-fc{position:relative;}@media all and (max-width: 1024px){.kadence-column8796_8d3b64-fc > .kt-inside-inner-col{flex-direction:column;justify-content:center;}}@media all and (max-width: 767px){.kadence-column8796_8d3b64-fc > .kt-inside-inner-col{flex-direction:column;justify-content:center;}}<\/style>\n<div class=\"wp-block-kadence-column kadence-column8796_8d3b64-fc kvs-md-false kvs-sm-false inner-column-2\"><div class=\"kt-inside-inner-col\"><\/div><\/div>\n\n<\/div><\/div>\n\n<style>.kb-row-layout-id8796_becf8b-a5 > .kt-row-column-wrap{align-content:start;}:where(.kb-row-layout-id8796_becf8b-a5 > .kt-row-column-wrap) > .wp-block-kadence-column{justify-content:start;}.kb-row-layout-id8796_becf8b-a5 > .kt-row-column-wrap{column-gap:var(--global-kb-gap-md, 2rem);row-gap:var(--global-kb-gap-md, 2rem);max-width:var( --global-content-width, 1290px );padding-left:var(--global-content-edge-padding);padding-right:var(--global-content-edge-padding);padding-top:60px;padding-right:20px;padding-bottom:80px;padding-left:20px;grid-template-columns:minmax(0, 1fr);}.kb-row-layout-id8796_becf8b-a5 > .kt-row-layout-overlay{opacity:0.30;}@media all and (max-width: 1024px){.kb-row-layout-id8796_becf8b-a5 > .kt-row-column-wrap{grid-template-columns:minmax(0, 1fr);}}@media all and (max-width: 767px){.kb-row-layout-id8796_becf8b-a5 > .kt-row-column-wrap{grid-template-columns:minmax(0, 1fr);}}<\/style><div class=\"kb-row-layout-wrap kb-row-layout-id8796_becf8b-a5 alignfull wp-block-kadence-rowlayout\"><div class=\"kt-row-column-wrap kt-has-1-columns kt-row-layout-equal kt-tab-layout-inherit kt-mobile-layout-row kt-row-valign-top kb-theme-content-width\">\n<style>.kadence-column8796_d7e2ba-f3 > .kt-inside-inner-col,.kadence-column8796_d7e2ba-f3 > .kt-inside-inner-col:before{border-top-left-radius:0px;border-top-right-radius:0px;border-bottom-right-radius:0px;border-bottom-left-radius:0px;}.kadence-column8796_d7e2ba-f3 > .kt-inside-inner-col{column-gap:var(--global-kb-gap-sm, 1rem);}.kadence-column8796_d7e2ba-f3 > .kt-inside-inner-col{flex-direction:column;}.kadence-column8796_d7e2ba-f3 > .kt-inside-inner-col > .aligncenter{width:100%;}.kadence-column8796_d7e2ba-f3 > .kt-inside-inner-col:before{opacity:0.3;}.kadence-column8796_d7e2ba-f3{position:relative;}@media all and (max-width: 1024px){.kadence-column8796_d7e2ba-f3 > .kt-inside-inner-col{flex-direction:column;justify-content:center;}}@media all and (max-width: 767px){.kadence-column8796_d7e2ba-f3 > .kt-inside-inner-col{flex-direction:column;justify-content:center;}}<\/style>\n<div class=\"wp-block-kadence-column kadence-column8796_d7e2ba-f3\"><div class=\"kt-inside-inner-col\"><style>.wp-block-kadence-advancedheading.kt-adv-heading8796_816d30-92, .wp-block-kadence-advancedheading.kt-adv-heading8796_816d30-92[data-kb-block=\"kb-adv-heading8796_816d30-92\"]{font-style:normal;}.wp-block-kadence-advancedheading.kt-adv-heading8796_816d30-92 mark.kt-highlight, .wp-block-kadence-advancedheading.kt-adv-heading8796_816d30-92[data-kb-block=\"kb-adv-heading8796_816d30-92\"] mark.kt-highlight{font-style:normal;color:#f76a0c;-webkit-box-decoration-break:clone;box-decoration-break:clone;padding-top:0px;padding-right:0px;padding-bottom:0px;padding-left:0px;}.wp-block-kadence-advancedheading.kt-adv-heading8796_816d30-92 img.kb-inline-image, .wp-block-kadence-advancedheading.kt-adv-heading8796_816d30-92[data-kb-block=\"kb-adv-heading8796_816d30-92\"] img.kb-inline-image{width:150px;vertical-align:baseline;}@media all and (max-width: 1024px){.wp-block-kadence-advancedheading.kt-adv-heading8796_816d30-92, .wp-block-kadence-advancedheading.kt-adv-heading8796_816d30-92[data-kb-block=\"kb-adv-heading8796_816d30-92\"]{text-align:left!important;}}<\/style>\n<h6 class=\"kt-adv-heading8796_816d30-92 wp-block-kadence-advancedheading\" data-kb-block=\"kb-adv-heading8796_816d30-92\"><strong>Touristische Attraktionen<\/strong><\/h6>\n\n\n<style>.wp-block-kadence-advancedheading.kt-adv-heading8796_409680-75, .wp-block-kadence-advancedheading.kt-adv-heading8796_409680-75[data-kb-block=\"kb-adv-heading8796_409680-75\"]{margin-bottom:30px;font-style:normal;}.wp-block-kadence-advancedheading.kt-adv-heading8796_409680-75 mark.kt-highlight, .wp-block-kadence-advancedheading.kt-adv-heading8796_409680-75[data-kb-block=\"kb-adv-heading8796_409680-75\"] mark.kt-highlight{font-style:normal;color:#f76a0c;-webkit-box-decoration-break:clone;box-decoration-break:clone;padding-top:0px;padding-right:0px;padding-bottom:0px;padding-left:0px;}.wp-block-kadence-advancedheading.kt-adv-heading8796_409680-75 img.kb-inline-image, .wp-block-kadence-advancedheading.kt-adv-heading8796_409680-75[data-kb-block=\"kb-adv-heading8796_409680-75\"] img.kb-inline-image{width:150px;vertical-align:baseline;}@media all and (max-width: 1024px){.wp-block-kadence-advancedheading.kt-adv-heading8796_409680-75, .wp-block-kadence-advancedheading.kt-adv-heading8796_409680-75[data-kb-block=\"kb-adv-heading8796_409680-75\"]{text-align:left!important;}}@media all and (max-width: 767px){.wp-block-kadence-advancedheading.kt-adv-heading8796_409680-75, .wp-block-kadence-advancedheading.kt-adv-heading8796_409680-75[data-kb-block=\"kb-adv-heading8796_409680-75\"]{padding-top:0px;padding-right:0px;padding-bottom:0px;padding-left:0px;}}<\/style>\n<h1 class=\"kt-adv-heading8796_409680-75 wp-block-kadence-advancedheading\" data-kb-block=\"kb-adv-heading8796_409680-75\"><strong>Gemeindeverwaltungsgeb\u00e4ude<\/strong><\/h1>\n\n\n\n<p class=\"has--font-size\">Das Geb\u00e4ude befindet sich am Anfang einer Reihe von Bauten entlang der Partizanska-Stra\u00dfe. Das neunachsige, zweigeschossige Geb\u00e4ude hat einen zentral hervorgehobenen oberen Teil mit vier S\u00e4ulen und einem hervorstehenden Erdgeschoss mit Arkaden. Die Fenster im Erdgeschoss wiederholen den halbkreisf\u00f6rmigen Abschluss der Arkaden. Die Fensterachsen \u00fcber dem Erdgeschoss sind stark betont durch Zwischenfensterb\u00e4nke und Rahmen, die die Fenster in beiden Etagen verbinden. Das Geb\u00e4ude stellt ein interessantes Beispiel f\u00fcr Architektur aus der ersten H\u00e4lfte des 20. Jahrhunderts dar, erkennbar an seiner massiven Bauform und den ambitioniert gestalteten architektonischen Elementen. Das Geb\u00e4ude beherbergt heute die Gemeindeverwaltung und die Verwaltungsbeh\u00f6rde von Gornja Radgona.<\/p>\n\n\n<style>.kb-image8796_0879bb-2a .kb-image-has-overlay:after{opacity:0.3;}.kb-image8796_0879bb-2a img.kb-img, .kb-image8796_0879bb-2a .kb-img img{object-position:50% 35%;}<\/style>\n<figure class=\"wp-block-kadence-image kb-image8796_0879bb-2a size-large kb-image-is-ratio-size\"><a href=\"\/wp-content\/uploads\/2024\/11\/VisitRadgona_znamenitosti_VisitRadgona_Obcinska-zgradba.jpg\" class=\"kb-advanced-image-link\"><div class=\"kb-is-ratio-image kb-image-ratio-land169\"><img loading=\"lazy\" decoding=\"async\" width=\"1024\" height=\"683\" src=\"https:\/\/visitradgona.si\/wp-content\/uploads\/2024\/11\/VisitRadgona_znamenitosti_VisitRadgona_Obcinska-zgradba-1024x683.jpg\" alt=\"\" class=\"kb-img wp-image-2360\" srcset=\"https:\/\/visitradgona.si\/wp-content\/uploads\/2024\/11\/VisitRadgona_znamenitosti_VisitRadgona_Obcinska-zgradba-1024x683.jpg 1024w, https:\/\/visitradgona.si\/wp-content\/uploads\/2024\/11\/VisitRadgona_znamenitosti_VisitRadgona_Obcinska-zgradba-300x200.jpg 300w, https:\/\/visitradgona.si\/wp-content\/uploads\/2024\/11\/VisitRadgona_znamenitosti_VisitRadgona_Obcinska-zgradba-768x512.jpg 768w, https:\/\/visitradgona.si\/wp-content\/uploads\/2024\/11\/VisitRadgona_znamenitosti_VisitRadgona_Obcinska-zgradba.jpg 1200w\" sizes=\"auto, (max-width: 1024px) 100vw, 1024px\" \/><\/div><\/a><\/figure>\n<\/div><\/div>\n\n<\/div><\/div>","protected":false},"excerpt":{"rendered":"<p>Touristische Attraktionen Gemeindeverwaltungsgeb\u00e4ude Das Geb\u00e4ude befindet sich am Anfang einer Reihe von Bauten entlang der Partizanska-Stra\u00dfe. Das neunachsige, zweigeschossige Geb\u00e4ude hat einen zentral hervorgehobenen oberen Teil mit vier S\u00e4ulen und einem hervorstehenden Erdgeschoss mit Arkaden. Die Fenster im Erdgeschoss wiederholen den halbkreisf\u00f6rmigen Abschluss der Arkaden. Die Fensterachsen \u00fcber dem Erdgeschoss sind stark betont durch Zwischenfensterb\u00e4nke&#8230;<\/p>\n","protected":false},"author":1,"featured_media":0,"parent":8866,"menu_order":0,"comment_status":"closed","ping_status":"closed","template":"","meta":{"_acf_changed":false,"_kad_blocks_custom_css":"","_kad_blocks_head_custom_js":"","_kad_blocks_body_custom_js":"","_kad_blocks_footer_custom_js":"","_kadence_starter_templates_imported_post":true,"_kad_post_transparent":"","_kad_post_title":"hide","_kad_post_layout":"fullwidth","_kad_post_sidebar_id":"","_kad_post_content_style":"unboxed","_kad_post_vertical_padding":"hide","_kad_post_feature":"hide","_kad_post_feature_position":"","_kad_post_header":false,"_kad_post_footer":false,"_kad_post_classname":"","footnotes":""},"class_list":["post-8796","page","type-page","status-publish","hentry"],"acf":[],"aioseo_notices":[],"taxonomy_info":[],"featured_image_src_large":false,"author_info":{"display_name":"Miha Borec","author_link":"https:\/\/visitradgona.si\/de\/author\/miha-borec\/"},"comment_info":0,"_links":{"self":[{"href":"https:\/\/visitradgona.si\/de\/wp-json\/wp\/v2\/pages\/8796","targetHints":{"allow":["GET"]}}],"collection":[{"href":"https:\/\/visitradgona.si\/de\/wp-json\/wp\/v2\/pages"}],"about":[{"href":"https:\/\/visitradgona.si\/de\/wp-json\/wp\/v2\/types\/page"}],"author":[{"embeddable":true,"href":"https:\/\/visitradgona.si\/de\/wp-json\/wp\/v2\/users\/1"}],"replies":[{"embeddable":true,"href":"https:\/\/visitradgona.si\/de\/wp-json\/wp\/v2\/comments?post=8796"}],"version-history":[{"count":0,"href":"https:\/\/visitradgona.si\/de\/wp-json\/wp\/v2\/pages\/8796\/revisions"}],"up":[{"embeddable":true,"href":"https:\/\/visitradgona.si\/de\/wp-json\/wp\/v2\/pages\/8866"}],"wp:attachment":[{"href":"https:\/\/visitradgona.si\/de\/wp-json\/wp\/v2\/media?parent=8796"}],"curies":[{"name":"wp","href":"https:\/\/api.w.org\/{rel}","templated":true}]}}