{"id":8782,"date":"2024-11-23T17:20:19","date_gmt":"2024-11-23T16:20:19","guid":{"rendered":"https:\/\/visitradgona.si\/hisa-dr-franca-simonica-in-dr-janka-slebingerja\/"},"modified":"2025-03-02T16:59:48","modified_gmt":"2025-03-02T15:59:48","slug":"haus-von-dr-franc-simonic-und-dr-janko-slebinger","status":"publish","type":"page","link":"https:\/\/visitradgona.si\/de\/touristische-attraktionen\/haus-von-dr-franc-simonic-und-dr-janko-slebinger\/","title":{"rendered":"Haus von Dr. Franc Simoni\u010d und Dr. Janko \u0160lebinger"},"content":{"rendered":"<style>.kb-row-layout-id8782_373233-3b > .kt-row-column-wrap{align-content:start;}:where(.kb-row-layout-id8782_373233-3b > .kt-row-column-wrap) > .wp-block-kadence-column{justify-content:start;}.kb-row-layout-id8782_373233-3b > .kt-row-column-wrap{column-gap:var(--global-kb-gap-md, 2rem);row-gap:var(--global-kb-gap-md, 2rem);max-width:var( --global-content-width, 1290px );padding-left:var(--global-content-edge-padding);padding-right:var(--global-content-edge-padding);padding-right:20px;padding-bottom:120px;padding-left:20px;min-height:50vh;grid-template-columns:minmax(0, calc(52% - ((var(--global-kb-gap-md, 2rem) * 1 )\/2)))minmax(0, calc(48% - ((var(--global-kb-gap-md, 2rem) * 1 )\/2)));}.kb-row-layout-id8782_373233-3b{background-image:url('https:\/\/visitradgona.si\/wp-content\/uploads\/2024\/11\/Visit-Radgona-cover-photo-scaled-1.jpg');background-size:cover;background-position:65% 30%;background-attachment:scroll;background-repeat:no-repeat;}.kb-row-layout-id8782_373233-3b > .kt-row-layout-overlay{opacity:0.30;}@media all and (max-width: 1024px){.kb-row-layout-id8782_373233-3b > .kt-row-column-wrap{padding-top:60px;padding-right:90px;padding-bottom:60px;padding-left:90px;grid-template-columns:minmax(0, 1fr);}}@media all and (max-width: 767px){.kb-row-layout-id8782_373233-3b > .kt-row-column-wrap{padding-top:60px;padding-right:20px;padding-bottom:40px;padding-left:20px;grid-template-columns:minmax(0, 1fr);}}<\/style><div class=\"kb-row-layout-wrap kb-row-layout-id8782_373233-3b alignnone kt-row-has-bg wp-block-kadence-rowlayout\"><div class=\"kt-row-column-wrap kt-has-2-columns kt-row-layout-left-golden kt-tab-layout-row kt-mobile-layout-row kt-row-valign-top kb-theme-content-width\">\n<style>.kadence-column8782_11e7a1-08 > .kt-inside-inner-col{padding-right:0px;padding-left:0px;}.kadence-column8782_11e7a1-08 > .kt-inside-inner-col,.kadence-column8782_11e7a1-08 > .kt-inside-inner-col:before{border-top-left-radius:0px;border-top-right-radius:0px;border-bottom-right-radius:0px;border-bottom-left-radius:0px;}.kadence-column8782_11e7a1-08 > .kt-inside-inner-col{column-gap:var(--global-kb-gap-sm, 1rem);}.kadence-column8782_11e7a1-08 > .kt-inside-inner-col{flex-direction:column;}.kadence-column8782_11e7a1-08 > .kt-inside-inner-col > .aligncenter{width:100%;}.kadence-column8782_11e7a1-08 > .kt-inside-inner-col:before{opacity:0.3;}.kadence-column8782_11e7a1-08{position:relative;}.kadence-column8782_11e7a1-08, .kt-inside-inner-col > .kadence-column8782_11e7a1-08:not(.specificity){margin-right:90px;margin-left:10px;}@media all and (max-width: 1024px){.kadence-column8782_11e7a1-08 > .kt-inside-inner-col{padding-top:0px;padding-right:60px;padding-bottom:0px;padding-left:60px;flex-direction:column;justify-content:center;}}@media all and (max-width: 1024px){.kadence-column8782_11e7a1-08, .kt-inside-inner-col > .kadence-column8782_11e7a1-08:not(.specificity){margin-top:0px;margin-right:0px;margin-bottom:0px;margin-left:0px;}}@media all and (max-width: 767px){.kadence-column8782_11e7a1-08 > .kt-inside-inner-col{padding-right:0px;padding-left:0px;flex-direction:column;justify-content:center;}.kadence-column8782_11e7a1-08, .kt-inside-inner-col > .kadence-column8782_11e7a1-08:not(.specificity){margin-right:0px;margin-left:0px;}}<\/style>\n<div class=\"wp-block-kadence-column kadence-column8782_11e7a1-08 inner-column-1\"><div class=\"kt-inside-inner-col\"><\/div><\/div>\n\n\n<style>.kadence-column8782_e9c380-5f > .kt-inside-inner-col,.kadence-column8782_e9c380-5f > .kt-inside-inner-col:before{border-top-left-radius:0px;border-top-right-radius:0px;border-bottom-right-radius:0px;border-bottom-left-radius:0px;}.kadence-column8782_e9c380-5f > .kt-inside-inner-col{column-gap:var(--global-kb-gap-sm, 1rem);}.kadence-column8782_e9c380-5f > .kt-inside-inner-col{flex-direction:column;}.kadence-column8782_e9c380-5f > .kt-inside-inner-col > .aligncenter{width:100%;}.kadence-column8782_e9c380-5f > .kt-inside-inner-col:before{opacity:0.3;}.kadence-column8782_e9c380-5f{position:relative;}@media all and (max-width: 1024px){.kadence-column8782_e9c380-5f > .kt-inside-inner-col{flex-direction:column;justify-content:center;}}@media all and (max-width: 767px){.kadence-column8782_e9c380-5f > .kt-inside-inner-col{flex-direction:column;justify-content:center;}}<\/style>\n<div class=\"wp-block-kadence-column kadence-column8782_e9c380-5f kvs-md-false kvs-sm-false inner-column-2\"><div class=\"kt-inside-inner-col\"><\/div><\/div>\n\n<\/div><\/div>\n\n<style>.kb-row-layout-id8782_122aa6-eb > .kt-row-column-wrap{align-content:start;}:where(.kb-row-layout-id8782_122aa6-eb > .kt-row-column-wrap) > .wp-block-kadence-column{justify-content:start;}.kb-row-layout-id8782_122aa6-eb > .kt-row-column-wrap{column-gap:var(--global-kb-gap-md, 2rem);row-gap:var(--global-kb-gap-md, 2rem);max-width:var( --global-content-width, 1290px );padding-left:var(--global-content-edge-padding);padding-right:var(--global-content-edge-padding);padding-top:60px;padding-right:20px;padding-bottom:80px;padding-left:20px;grid-template-columns:minmax(0, 1fr);}.kb-row-layout-id8782_122aa6-eb > .kt-row-layout-overlay{opacity:0.30;}@media all and (max-width: 1024px){.kb-row-layout-id8782_122aa6-eb > .kt-row-column-wrap{grid-template-columns:minmax(0, 1fr);}}@media all and (max-width: 767px){.kb-row-layout-id8782_122aa6-eb > .kt-row-column-wrap{grid-template-columns:minmax(0, 1fr);}}<\/style><div class=\"kb-row-layout-wrap kb-row-layout-id8782_122aa6-eb alignfull wp-block-kadence-rowlayout\"><div class=\"kt-row-column-wrap kt-has-1-columns kt-row-layout-equal kt-tab-layout-inherit kt-mobile-layout-row kt-row-valign-top kb-theme-content-width\">\n<style>.kadence-column8782_2d5cfc-fc > .kt-inside-inner-col,.kadence-column8782_2d5cfc-fc > .kt-inside-inner-col:before{border-top-left-radius:0px;border-top-right-radius:0px;border-bottom-right-radius:0px;border-bottom-left-radius:0px;}.kadence-column8782_2d5cfc-fc > .kt-inside-inner-col{column-gap:var(--global-kb-gap-sm, 1rem);}.kadence-column8782_2d5cfc-fc > .kt-inside-inner-col{flex-direction:column;}.kadence-column8782_2d5cfc-fc > .kt-inside-inner-col > .aligncenter{width:100%;}.kadence-column8782_2d5cfc-fc > .kt-inside-inner-col:before{opacity:0.3;}.kadence-column8782_2d5cfc-fc{position:relative;}@media all and (max-width: 1024px){.kadence-column8782_2d5cfc-fc > .kt-inside-inner-col{flex-direction:column;justify-content:center;}}@media all and (max-width: 767px){.kadence-column8782_2d5cfc-fc > .kt-inside-inner-col{flex-direction:column;justify-content:center;}}<\/style>\n<div class=\"wp-block-kadence-column kadence-column8782_2d5cfc-fc\"><div class=\"kt-inside-inner-col\"><style>.wp-block-kadence-advancedheading.kt-adv-heading8782_591bff-f8, .wp-block-kadence-advancedheading.kt-adv-heading8782_591bff-f8[data-kb-block=\"kb-adv-heading8782_591bff-f8\"]{font-style:normal;}.wp-block-kadence-advancedheading.kt-adv-heading8782_591bff-f8 mark.kt-highlight, .wp-block-kadence-advancedheading.kt-adv-heading8782_591bff-f8[data-kb-block=\"kb-adv-heading8782_591bff-f8\"] mark.kt-highlight{font-style:normal;color:#f76a0c;-webkit-box-decoration-break:clone;box-decoration-break:clone;padding-top:0px;padding-right:0px;padding-bottom:0px;padding-left:0px;}.wp-block-kadence-advancedheading.kt-adv-heading8782_591bff-f8 img.kb-inline-image, .wp-block-kadence-advancedheading.kt-adv-heading8782_591bff-f8[data-kb-block=\"kb-adv-heading8782_591bff-f8\"] img.kb-inline-image{width:150px;vertical-align:baseline;}@media all and (max-width: 1024px){.wp-block-kadence-advancedheading.kt-adv-heading8782_591bff-f8, .wp-block-kadence-advancedheading.kt-adv-heading8782_591bff-f8[data-kb-block=\"kb-adv-heading8782_591bff-f8\"]{text-align:left!important;}}<\/style>\n<h6 class=\"kt-adv-heading8782_591bff-f8 wp-block-kadence-advancedheading\" data-kb-block=\"kb-adv-heading8782_591bff-f8\"><strong>Touristische Attraktionen<\/strong><\/h6>\n\n\n<style>.wp-block-kadence-advancedheading.kt-adv-heading8782_7cbd8b-51, .wp-block-kadence-advancedheading.kt-adv-heading8782_7cbd8b-51[data-kb-block=\"kb-adv-heading8782_7cbd8b-51\"]{margin-bottom:30px;font-style:normal;}.wp-block-kadence-advancedheading.kt-adv-heading8782_7cbd8b-51 mark.kt-highlight, .wp-block-kadence-advancedheading.kt-adv-heading8782_7cbd8b-51[data-kb-block=\"kb-adv-heading8782_7cbd8b-51\"] mark.kt-highlight{font-style:normal;color:#f76a0c;-webkit-box-decoration-break:clone;box-decoration-break:clone;padding-top:0px;padding-right:0px;padding-bottom:0px;padding-left:0px;}.wp-block-kadence-advancedheading.kt-adv-heading8782_7cbd8b-51 img.kb-inline-image, .wp-block-kadence-advancedheading.kt-adv-heading8782_7cbd8b-51[data-kb-block=\"kb-adv-heading8782_7cbd8b-51\"] img.kb-inline-image{width:150px;vertical-align:baseline;}@media all and (max-width: 1024px){.wp-block-kadence-advancedheading.kt-adv-heading8782_7cbd8b-51, .wp-block-kadence-advancedheading.kt-adv-heading8782_7cbd8b-51[data-kb-block=\"kb-adv-heading8782_7cbd8b-51\"]{text-align:left!important;}}@media all and (max-width: 767px){.wp-block-kadence-advancedheading.kt-adv-heading8782_7cbd8b-51, .wp-block-kadence-advancedheading.kt-adv-heading8782_7cbd8b-51[data-kb-block=\"kb-adv-heading8782_7cbd8b-51\"]{padding-top:0px;padding-right:0px;padding-bottom:0px;padding-left:0px;}}<\/style>\n<h1 class=\"kt-adv-heading8782_7cbd8b-51 wp-block-kadence-advancedheading\" data-kb-block=\"kb-adv-heading8782_7cbd8b-51\"><strong>Haus von Dr. Franc Simoni\u010d und Dr. Janko \u0160lebinger<\/strong><\/h1>\n\n\n\n<p class=\"has--font-size\">Am Fu\u00dfe des Schlossberges, nahe der Kirche St. Peter, steht das Haus, in dem Dr. Franc Simoni\u010d, Historiker und Slawist, lebte. Dr. Simoni\u010d, bekannt f\u00fcr sein bibliografisches Werk, ordnete die slowenische Buchernte von dem ersten Buch Trubars aus dem Jahr 1550 bis zum Jahr 1900 und ver\u00f6ffentlichte sie bei der Slovenska Matica in Ljubljana als \u201eSlovenska bibliografija\u201c (Slowenische Bibliografie).<\/p>\n\n\n\n<p class=\"has--font-size\">Auch Dr. Janko \u0160lebinger, der Schwiegersohn von Simoni\u010d, lebte hier. Dr. \u0160lebinger, ein f\u00fchrender slowenischer Bibliograf, lenkte nach 1945 die National- und Universit\u00e4tsbibliothek in Ljubljana neu aus und gr\u00fcndete die bibliografische Abteilung, die heute f\u00fcr die wissenschaftlich fundierte Forschung zur slowenischen Geschichte unverzichtbar ist.<\/p>\n\n\n\n<p>Das Geb\u00e4ude ist ein einst\u00f6ckiges, vierfenstriges Haus mit einer Gedenktafel, auf der steht: \u201eIn diesem Haus lebten und starben die Bibliothekare Dr. Franc Simoni\u010d und Dr. Janko \u0160lebinger, Begr\u00fcnder der slowenischen Bibliografie.\u201c Das Haus ist ein typisches Beispiel f\u00fcr ein b\u00fcrgerliches Haus aus der ersten H\u00e4lfte des 19. Jahrhunderts, das neben seiner kunst- und kulturhistorischen Bedeutung vor allem eine memoriale Bedeutung hat.<\/p>\n\n\n<style>.kb-image8782_21a010-72 .kb-image-has-overlay:after{opacity:0.3;}<\/style>\n<figure class=\"wp-block-kadence-image kb-image8782_21a010-72 kb-image-is-ratio-size\"><a href=\"\/wp-content\/uploads\/2024\/11\/VisitRadgona_Hisa-dr.-Franca-Simonica-in-dr.-Janka-Slebingerja.jpg\" class=\"kb-advanced-image-link\"><div class=\"kb-is-ratio-image kb-image-ratio-land169\"><img loading=\"lazy\" decoding=\"async\" width=\"1200\" height=\"800\" src=\"https:\/\/visitradgona.si\/wp-content\/uploads\/2024\/11\/VisitRadgona_Hisa-dr.-Franca-Simonica-in-dr.-Janka-Slebingerja.jpg\" alt=\"\" class=\"kb-img wp-image-2230\" srcset=\"https:\/\/visitradgona.si\/wp-content\/uploads\/2024\/11\/VisitRadgona_Hisa-dr.-Franca-Simonica-in-dr.-Janka-Slebingerja.jpg 1200w, https:\/\/visitradgona.si\/wp-content\/uploads\/2024\/11\/VisitRadgona_Hisa-dr.-Franca-Simonica-in-dr.-Janka-Slebingerja-300x200.jpg 300w, https:\/\/visitradgona.si\/wp-content\/uploads\/2024\/11\/VisitRadgona_Hisa-dr.-Franca-Simonica-in-dr.-Janka-Slebingerja-1024x683.jpg 1024w, https:\/\/visitradgona.si\/wp-content\/uploads\/2024\/11\/VisitRadgona_Hisa-dr.-Franca-Simonica-in-dr.-Janka-Slebingerja-768x512.jpg 768w\" sizes=\"auto, (max-width: 1200px) 100vw, 1200px\" \/><\/div><\/a><\/figure>\n<\/div><\/div>\n\n<\/div><\/div>","protected":false},"excerpt":{"rendered":"<p>Touristische Attraktionen Haus von Dr. Franc Simoni\u010d und Dr. Janko \u0160lebinger Am Fu\u00dfe des Schlossberges, nahe der Kirche St. Peter, steht das Haus, in dem Dr. Franc Simoni\u010d, Historiker und Slawist, lebte. Dr. Simoni\u010d, bekannt f\u00fcr sein bibliografisches Werk, ordnete die slowenische Buchernte von dem ersten Buch Trubars aus dem Jahr 1550 bis zum Jahr&#8230;<\/p>\n","protected":false},"author":1,"featured_media":0,"parent":8866,"menu_order":0,"comment_status":"closed","ping_status":"closed","template":"","meta":{"_acf_changed":false,"_kad_blocks_custom_css":"","_kad_blocks_head_custom_js":"","_kad_blocks_body_custom_js":"","_kad_blocks_footer_custom_js":"","_kadence_starter_templates_imported_post":true,"_kad_post_transparent":"","_kad_post_title":"hide","_kad_post_layout":"fullwidth","_kad_post_sidebar_id":"","_kad_post_content_style":"unboxed","_kad_post_vertical_padding":"hide","_kad_post_feature":"hide","_kad_post_feature_position":"","_kad_post_header":false,"_kad_post_footer":false,"_kad_post_classname":"","footnotes":""},"class_list":["post-8782","page","type-page","status-publish","hentry"],"acf":[],"aioseo_notices":[],"taxonomy_info":[],"featured_image_src_large":false,"author_info":{"display_name":"Miha Borec","author_link":"https:\/\/visitradgona.si\/de\/author\/miha-borec\/"},"comment_info":0,"_links":{"self":[{"href":"https:\/\/visitradgona.si\/de\/wp-json\/wp\/v2\/pages\/8782","targetHints":{"allow":["GET"]}}],"collection":[{"href":"https:\/\/visitradgona.si\/de\/wp-json\/wp\/v2\/pages"}],"about":[{"href":"https:\/\/visitradgona.si\/de\/wp-json\/wp\/v2\/types\/page"}],"author":[{"embeddable":true,"href":"https:\/\/visitradgona.si\/de\/wp-json\/wp\/v2\/users\/1"}],"replies":[{"embeddable":true,"href":"https:\/\/visitradgona.si\/de\/wp-json\/wp\/v2\/comments?post=8782"}],"version-history":[{"count":0,"href":"https:\/\/visitradgona.si\/de\/wp-json\/wp\/v2\/pages\/8782\/revisions"}],"up":[{"embeddable":true,"href":"https:\/\/visitradgona.si\/de\/wp-json\/wp\/v2\/pages\/8866"}],"wp:attachment":[{"href":"https:\/\/visitradgona.si\/de\/wp-json\/wp\/v2\/media?parent=8782"}],"curies":[{"name":"wp","href":"https:\/\/api.w.org\/{rel}","templated":true}]}}