{"id":8763,"date":"2024-11-23T17:57:38","date_gmt":"2024-11-23T16:57:38","guid":{"rendered":"https:\/\/visitradgona.si\/cerkve-kapelice-in-znamenja\/"},"modified":"2025-03-02T17:00:00","modified_gmt":"2025-03-02T16:00:00","slug":"kirchen-kapellen-und-denkmaler","status":"publish","type":"page","link":"https:\/\/visitradgona.si\/de\/touristische-attraktionen\/kirchen-kapellen-und-denkmaler\/","title":{"rendered":"Kirchen, Kapellen und Denkm\u00e4ler"},"content":{"rendered":"<style>.kb-row-layout-id8763_3409d7-b0 > .kt-row-column-wrap{align-content:start;}:where(.kb-row-layout-id8763_3409d7-b0 > .kt-row-column-wrap) > .wp-block-kadence-column{justify-content:start;}.kb-row-layout-id8763_3409d7-b0 > .kt-row-column-wrap{column-gap:var(--global-kb-gap-md, 2rem);row-gap:var(--global-kb-gap-md, 2rem);max-width:var( --global-content-width, 1290px );padding-left:var(--global-content-edge-padding);padding-right:var(--global-content-edge-padding);padding-right:20px;padding-bottom:120px;padding-left:20px;min-height:50vh;grid-template-columns:minmax(0, calc(52% - ((var(--global-kb-gap-md, 2rem) * 1 )\/2)))minmax(0, calc(48% - ((var(--global-kb-gap-md, 2rem) * 1 )\/2)));}.kb-row-layout-id8763_3409d7-b0{background-image:url('https:\/\/visitradgona.si\/wp-content\/uploads\/2024\/11\/Visit-Radgona-cover-photo-scaled-1.jpg');background-size:cover;background-position:65% 30%;background-attachment:scroll;background-repeat:no-repeat;}.kb-row-layout-id8763_3409d7-b0 > .kt-row-layout-overlay{opacity:0.30;}@media all and (max-width: 1024px){.kb-row-layout-id8763_3409d7-b0 > .kt-row-column-wrap{padding-top:60px;padding-right:90px;padding-bottom:60px;padding-left:90px;grid-template-columns:minmax(0, 1fr);}}@media all and (max-width: 767px){.kb-row-layout-id8763_3409d7-b0 > .kt-row-column-wrap{padding-top:60px;padding-right:20px;padding-bottom:40px;padding-left:20px;grid-template-columns:minmax(0, 1fr);}}<\/style><div class=\"kb-row-layout-wrap kb-row-layout-id8763_3409d7-b0 alignnone kt-row-has-bg wp-block-kadence-rowlayout\"><div class=\"kt-row-column-wrap kt-has-2-columns kt-row-layout-left-golden kt-tab-layout-row kt-mobile-layout-row kt-row-valign-top kb-theme-content-width\">\n<style>.kadence-column8763_923ca2-02 > .kt-inside-inner-col{padding-right:0px;padding-left:0px;}.kadence-column8763_923ca2-02 > .kt-inside-inner-col,.kadence-column8763_923ca2-02 > .kt-inside-inner-col:before{border-top-left-radius:0px;border-top-right-radius:0px;border-bottom-right-radius:0px;border-bottom-left-radius:0px;}.kadence-column8763_923ca2-02 > .kt-inside-inner-col{column-gap:var(--global-kb-gap-sm, 1rem);}.kadence-column8763_923ca2-02 > .kt-inside-inner-col{flex-direction:column;}.kadence-column8763_923ca2-02 > .kt-inside-inner-col > .aligncenter{width:100%;}.kadence-column8763_923ca2-02 > .kt-inside-inner-col:before{opacity:0.3;}.kadence-column8763_923ca2-02{position:relative;}.kadence-column8763_923ca2-02, .kt-inside-inner-col > .kadence-column8763_923ca2-02:not(.specificity){margin-right:90px;margin-left:10px;}@media all and (max-width: 1024px){.kadence-column8763_923ca2-02 > .kt-inside-inner-col{padding-top:0px;padding-right:60px;padding-bottom:0px;padding-left:60px;flex-direction:column;justify-content:center;}}@media all and (max-width: 1024px){.kadence-column8763_923ca2-02, .kt-inside-inner-col > .kadence-column8763_923ca2-02:not(.specificity){margin-top:0px;margin-right:0px;margin-bottom:0px;margin-left:0px;}}@media all and (max-width: 767px){.kadence-column8763_923ca2-02 > .kt-inside-inner-col{padding-right:0px;padding-left:0px;flex-direction:column;justify-content:center;}.kadence-column8763_923ca2-02, .kt-inside-inner-col > .kadence-column8763_923ca2-02:not(.specificity){margin-right:0px;margin-left:0px;}}<\/style>\n<div class=\"wp-block-kadence-column kadence-column8763_923ca2-02 inner-column-1\"><div class=\"kt-inside-inner-col\"><\/div><\/div>\n\n\n<style>.kadence-column8763_395b91-a3 > .kt-inside-inner-col,.kadence-column8763_395b91-a3 > .kt-inside-inner-col:before{border-top-left-radius:0px;border-top-right-radius:0px;border-bottom-right-radius:0px;border-bottom-left-radius:0px;}.kadence-column8763_395b91-a3 > .kt-inside-inner-col{column-gap:var(--global-kb-gap-sm, 1rem);}.kadence-column8763_395b91-a3 > .kt-inside-inner-col{flex-direction:column;}.kadence-column8763_395b91-a3 > .kt-inside-inner-col > .aligncenter{width:100%;}.kadence-column8763_395b91-a3 > .kt-inside-inner-col:before{opacity:0.3;}.kadence-column8763_395b91-a3{position:relative;}@media all and (max-width: 1024px){.kadence-column8763_395b91-a3 > .kt-inside-inner-col{flex-direction:column;justify-content:center;}}@media all and (max-width: 767px){.kadence-column8763_395b91-a3 > .kt-inside-inner-col{flex-direction:column;justify-content:center;}}<\/style>\n<div class=\"wp-block-kadence-column kadence-column8763_395b91-a3 kvs-md-false kvs-sm-false inner-column-2\"><div class=\"kt-inside-inner-col\"><\/div><\/div>\n\n<\/div><\/div>\n\n<style>.kb-row-layout-id8763_33eb8b-53 > .kt-row-column-wrap{align-content:start;}:where(.kb-row-layout-id8763_33eb8b-53 > .kt-row-column-wrap) > .wp-block-kadence-column{justify-content:start;}.kb-row-layout-id8763_33eb8b-53 > .kt-row-column-wrap{column-gap:var(--global-kb-gap-md, 2rem);row-gap:var(--global-kb-gap-md, 2rem);max-width:var( --global-content-width, 1290px );padding-left:var(--global-content-edge-padding);padding-right:var(--global-content-edge-padding);padding-top:60px;padding-right:20px;padding-bottom:80px;padding-left:20px;grid-template-columns:minmax(0, 1fr);}.kb-row-layout-id8763_33eb8b-53 > .kt-row-layout-overlay{opacity:0.30;}@media all and (max-width: 1024px){.kb-row-layout-id8763_33eb8b-53 > .kt-row-column-wrap{grid-template-columns:minmax(0, 1fr);}}@media all and (max-width: 767px){.kb-row-layout-id8763_33eb8b-53 > .kt-row-column-wrap{grid-template-columns:minmax(0, 1fr);}}<\/style><div class=\"kb-row-layout-wrap kb-row-layout-id8763_33eb8b-53 alignfull wp-block-kadence-rowlayout\"><div class=\"kt-row-column-wrap kt-has-1-columns kt-row-layout-equal kt-tab-layout-inherit kt-mobile-layout-row kt-row-valign-top kb-theme-content-width\">\n<style>.kadence-column8763_6372e3-37 > .kt-inside-inner-col,.kadence-column8763_6372e3-37 > .kt-inside-inner-col:before{border-top-left-radius:0px;border-top-right-radius:0px;border-bottom-right-radius:0px;border-bottom-left-radius:0px;}.kadence-column8763_6372e3-37 > .kt-inside-inner-col{column-gap:var(--global-kb-gap-sm, 1rem);}.kadence-column8763_6372e3-37 > .kt-inside-inner-col{flex-direction:column;}.kadence-column8763_6372e3-37 > .kt-inside-inner-col > .aligncenter{width:100%;}.kadence-column8763_6372e3-37 > .kt-inside-inner-col:before{opacity:0.3;}.kadence-column8763_6372e3-37{position:relative;}@media all and (max-width: 1024px){.kadence-column8763_6372e3-37 > .kt-inside-inner-col{flex-direction:column;justify-content:center;}}@media all and (max-width: 767px){.kadence-column8763_6372e3-37 > .kt-inside-inner-col{flex-direction:column;justify-content:center;}}<\/style>\n<div class=\"wp-block-kadence-column kadence-column8763_6372e3-37\"><div class=\"kt-inside-inner-col\"><style>.wp-block-kadence-advancedheading.kt-adv-heading8763_caae2e-2d, .wp-block-kadence-advancedheading.kt-adv-heading8763_caae2e-2d[data-kb-block=\"kb-adv-heading8763_caae2e-2d\"]{font-style:normal;}.wp-block-kadence-advancedheading.kt-adv-heading8763_caae2e-2d mark.kt-highlight, .wp-block-kadence-advancedheading.kt-adv-heading8763_caae2e-2d[data-kb-block=\"kb-adv-heading8763_caae2e-2d\"] mark.kt-highlight{font-style:normal;color:#f76a0c;-webkit-box-decoration-break:clone;box-decoration-break:clone;padding-top:0px;padding-right:0px;padding-bottom:0px;padding-left:0px;}.wp-block-kadence-advancedheading.kt-adv-heading8763_caae2e-2d img.kb-inline-image, .wp-block-kadence-advancedheading.kt-adv-heading8763_caae2e-2d[data-kb-block=\"kb-adv-heading8763_caae2e-2d\"] img.kb-inline-image{width:150px;vertical-align:baseline;}@media all and (max-width: 1024px){.wp-block-kadence-advancedheading.kt-adv-heading8763_caae2e-2d, .wp-block-kadence-advancedheading.kt-adv-heading8763_caae2e-2d[data-kb-block=\"kb-adv-heading8763_caae2e-2d\"]{text-align:left!important;}}<\/style>\n<h6 class=\"kt-adv-heading8763_caae2e-2d wp-block-kadence-advancedheading\" data-kb-block=\"kb-adv-heading8763_caae2e-2d\"><strong>Touristische Attraktionen<\/strong><\/h6>\n\n\n<style>.wp-block-kadence-advancedheading.kt-adv-heading8763_d478b4-29, .wp-block-kadence-advancedheading.kt-adv-heading8763_d478b4-29[data-kb-block=\"kb-adv-heading8763_d478b4-29\"]{margin-bottom:30px;font-style:normal;}.wp-block-kadence-advancedheading.kt-adv-heading8763_d478b4-29 mark.kt-highlight, .wp-block-kadence-advancedheading.kt-adv-heading8763_d478b4-29[data-kb-block=\"kb-adv-heading8763_d478b4-29\"] mark.kt-highlight{font-style:normal;color:#f76a0c;-webkit-box-decoration-break:clone;box-decoration-break:clone;padding-top:0px;padding-right:0px;padding-bottom:0px;padding-left:0px;}.wp-block-kadence-advancedheading.kt-adv-heading8763_d478b4-29 img.kb-inline-image, .wp-block-kadence-advancedheading.kt-adv-heading8763_d478b4-29[data-kb-block=\"kb-adv-heading8763_d478b4-29\"] img.kb-inline-image{width:150px;vertical-align:baseline;}@media all and (max-width: 1024px){.wp-block-kadence-advancedheading.kt-adv-heading8763_d478b4-29, .wp-block-kadence-advancedheading.kt-adv-heading8763_d478b4-29[data-kb-block=\"kb-adv-heading8763_d478b4-29\"]{text-align:left!important;}}@media all and (max-width: 767px){.wp-block-kadence-advancedheading.kt-adv-heading8763_d478b4-29, .wp-block-kadence-advancedheading.kt-adv-heading8763_d478b4-29[data-kb-block=\"kb-adv-heading8763_d478b4-29\"]{padding-top:0px;padding-right:0px;padding-bottom:0px;padding-left:0px;}}<\/style>\n<h1 class=\"kt-adv-heading8763_d478b4-29 wp-block-kadence-advancedheading\" data-kb-block=\"kb-adv-heading8763_d478b4-29\"><strong>Kirchen, Kapellen und Denkm\u00e4ler<\/strong><\/h1>\n\n\n\n<p class=\"has--font-size\">Die St.-Peters-Kirche wurde nach 1545 f\u00fcr den Gottesdienst bestimmt, als die Kirche St. Rupert auf dem Schlossberg abgerissen und der Sitz nach Radkersburg verlegt wurde. Die Kirche wird erstmals 1466 erw\u00e4hnt, und das heutige Geb\u00e4ude stammt aus dem Jahr 1813, als weitgehend ein neuer Bau errichtet wurde, da von der vorherigen nur die Kreuzkapelle und der Kirchenmauer des Turms \u00fcbrig blieben. Sie wurde im romanischen Stil erbaut und Ende des 19. Jahrhunderts erweitert und renoviert. W\u00e4hrend des Krieges im Jahr 1991 wurde der Turm zerst\u00f6rt, neu aufgebaut und 1993 wurde das gesamte Geb\u00e4ude restauriert. Die Fassade der Kirche zeigt ein nachgotisches Kruzifix und drei fig\u00fcrliche Grabdenkm\u00e4ler aus der ersten H\u00e4lfte des 17. Jahrhunderts. Das Innere der Kirche ist reich dekoriert und mit Fresken bemalt.<\/p>\n\n\n\n<p>Die Wallfahrtskirche der Geburt Mariens befindet sich im Zentrum von Negova neben dem Schloss. Urspr\u00fcnglich dem nahegelegenen Schloss Negova unterstellt, lie\u00df Gr\u00e4fin Katarina Trauttmannsdorf 1556 die erste gotische Kirche bauen. Die heutige Kirche wurde zwischen 1699 und 1710 erbaut, wie das Jahr 1710 am Portal belegt. 1850 wurde die Kirche St. Maria um die Kreuzkapelle erweitert, wobei Material von der ehemaligen Friedhofsmauer verwendet wurde. Die Innenausmalung erfolgte 1927 durch Franc Gornik und Alojzij Mauk. Der Hauptaltar, der der Jungfrau Maria geweiht ist, stammt aus dem Jahr 1712, w\u00e4hrend die Seitenalt\u00e4re aus der nachbarocken Zeit stammen. Alle Alt\u00e4re wurden umgebaut und mit Tiroler Figuren aus dem Jahr 1888 ausgestattet. Der Altar in der Kapelle stammt aus der Mitte des 19. Jahrhunderts. Die Orgel, die 1760 im Barockstil mit Rokoko-Ornamentik gebaut und 1893 erg\u00e4nzt wurde. Das Pfarrhaus neben der Kirche der Geburt Mariens stammt aus dem Jahr 1763. Vor der Kirche steht auf einem barocken Sockel eine steinerne Statue von Karl Borrom\u00e4us, und auf dem Weg zwischen Kirche und Schloss Negova befindet sich eine Statue von Johannes Nepomuk aus der ersten H\u00e4lfte des 18. Jahrhunderts.<\/p>\n\n\n\n<p>In unserer Gemeinde finden sich zahlreiche Zeichen, Kapellen und Denkm\u00e4ler. Die \u00e4ltesten unter ihnen, noch mit sp\u00e4tgotischem Charakter, sind die Steindenkm\u00e4ler in Gornja Radgona und Mele. Neben den meisten sakralen und einigen weltlichen Denkm\u00e4lern gibt es in der gesamten Pfarrei auch viele Holzkreuze.<\/p>\n\n\n\n<p>In \u010cre\u0161njevci, mitten in Getreidefeldern, steht eine neugotische Kapelle, die eine Dorfkirche nachahmt. Eine gr\u00f6\u00dfere Kapelle, dem Herzen Jesu gewidmet, mit einem inneren Gebetsraum und einem gotisch gestalteten Glockenturm, steht an einem der einst gr\u00f6\u00dften H\u00f6fe in der Umgebung. Die Kapelle der Heiligen Familie, auf dem Grundst\u00fcck der Familie Zemlji\u010d, wurde 1901 eingeweiht und hat einen gotischen Glockenturm mit einem verzinkten Dach.<\/p>\n\n\n\n<p>In Ivanj\u0161evski Vrh steht eine kleine, quadratische Marienkapelle mit drei Vertiefungen auf der Vorderseite. Vorn ist eine Marienstatue, die durch eiserne Gitter gesch\u00fctzt ist. In Ivanj\u0161evci an der \u0160\u010davnica befindet sich eine Kapelle der Heiligen Familie aus dem 19. Jahrhundert, die f\u00fcr den Dorfgottesdienst bestimmt war.<\/p>\n\n\n\n<p>In Negova gibt es mehrere Kapellen, die f\u00fcr Prozessionen errichtet wurden, wie die Plojeva-Kapelle, die in Richtung Sp. Ivanjc zum Zentrum von Negova zu finden ist. Eine weitere Kapelle befindet sich in Richtung Negova zum Friedhof.<\/p>\n\n\n\n<p>Kapellen finden sich auch in Mele, Lomano\u0161, Orehovski Vrh, Plitvi\u010dki Vrh, Police, Sp. Ivanjci, Stave\u0161inci und Zagajski Vrh.<\/p>\n\n\n\n<p class=\"has--font-size\">Das sp\u00e4tgotische Pestdenkmals auf dem Parkplatz vor dem Busbahnhof Gornja Radgona besteht aus einem quadratischen Sockel mit einem stark abgesetzten oberen Rand, auf dem eine spitz zulaufende S\u00e4ule steht, die ein dreiseitiges offenes H\u00e4uschen mit einem geschwungenen vierseitigen Pyramidendach tr\u00e4gt. Die R\u00fcckseite ist mit einer vollen Wand geschlossen, und das Dach wird von zwei Balustern getragen, die im Gegensatz zum gotischen Gesamteindruck bereits Renaissance-Formen aufweisen. Die Jahreszahl 1525, die in die S\u00e4ule eingraviert ist, zeigt einen \u00dcbergangs-Stil. Die Plastik des sitzenden Christus stammt aus einer sp\u00e4teren Zeit. Dieses sp\u00e4tgotische Steins\u00e4ulen-Pestdenkmal ist ein hochwertiges Beispiel f\u00fcr Pestdenkm\u00e4ler des 16. Jahrhunderts und eines der sch\u00f6nsten seines Typs in Slowenien.<br><\/p>\n\n\n<style>.kb-image8763_f66abc-f8 .kb-image-has-overlay:after{opacity:0.3;}<\/style>\n<figure class=\"wp-block-kadence-image kb-image8763_f66abc-f8 kb-image-is-ratio-size\"><a href=\"\/wp-content\/uploads\/2024\/11\/VisitRadgona_GR-Cerkev-2-@Ivo-Borko.jpg\" class=\"kb-advanced-image-link\"><div class=\"kb-is-ratio-image kb-image-ratio-land169\"><img loading=\"lazy\" decoding=\"async\" width=\"1200\" height=\"800\" src=\"https:\/\/visitradgona.si\/wp-content\/uploads\/2024\/11\/VisitRadgona_GR-Cerkev-2-@Ivo-Borko.jpg\" alt=\"\" class=\"kb-img wp-image-2242\" srcset=\"https:\/\/visitradgona.si\/wp-content\/uploads\/2024\/11\/VisitRadgona_GR-Cerkev-2-@Ivo-Borko.jpg 1200w, https:\/\/visitradgona.si\/wp-content\/uploads\/2024\/11\/VisitRadgona_GR-Cerkev-2-@Ivo-Borko-300x200.jpg 300w, https:\/\/visitradgona.si\/wp-content\/uploads\/2024\/11\/VisitRadgona_GR-Cerkev-2-@Ivo-Borko-1024x683.jpg 1024w, https:\/\/visitradgona.si\/wp-content\/uploads\/2024\/11\/VisitRadgona_GR-Cerkev-2-@Ivo-Borko-768x512.jpg 768w\" sizes=\"auto, (max-width: 1200px) 100vw, 1200px\" \/><\/div><\/a><\/figure>\n<\/div><\/div>\n\n<\/div><\/div>","protected":false},"excerpt":{"rendered":"<p>Touristische Attraktionen Kirchen, Kapellen und Denkm\u00e4ler Die St.-Peters-Kirche wurde nach 1545 f\u00fcr den Gottesdienst bestimmt, als die Kirche St. Rupert auf dem Schlossberg abgerissen und der Sitz nach Radkersburg verlegt wurde. Die Kirche wird erstmals 1466 erw\u00e4hnt, und das heutige Geb\u00e4ude stammt aus dem Jahr 1813, als weitgehend ein neuer Bau errichtet wurde, da von&#8230;<\/p>\n","protected":false},"author":1,"featured_media":0,"parent":8866,"menu_order":0,"comment_status":"closed","ping_status":"closed","template":"","meta":{"_acf_changed":false,"_kad_blocks_custom_css":"","_kad_blocks_head_custom_js":"","_kad_blocks_body_custom_js":"","_kad_blocks_footer_custom_js":"","_kadence_starter_templates_imported_post":true,"_kad_post_transparent":"","_kad_post_title":"hide","_kad_post_layout":"fullwidth","_kad_post_sidebar_id":"","_kad_post_content_style":"unboxed","_kad_post_vertical_padding":"hide","_kad_post_feature":"hide","_kad_post_feature_position":"","_kad_post_header":false,"_kad_post_footer":false,"_kad_post_classname":"","footnotes":""},"class_list":["post-8763","page","type-page","status-publish","hentry"],"acf":[],"aioseo_notices":[],"taxonomy_info":[],"featured_image_src_large":false,"author_info":{"display_name":"Miha Borec","author_link":"https:\/\/visitradgona.si\/de\/author\/miha-borec\/"},"comment_info":0,"_links":{"self":[{"href":"https:\/\/visitradgona.si\/de\/wp-json\/wp\/v2\/pages\/8763","targetHints":{"allow":["GET"]}}],"collection":[{"href":"https:\/\/visitradgona.si\/de\/wp-json\/wp\/v2\/pages"}],"about":[{"href":"https:\/\/visitradgona.si\/de\/wp-json\/wp\/v2\/types\/page"}],"author":[{"embeddable":true,"href":"https:\/\/visitradgona.si\/de\/wp-json\/wp\/v2\/users\/1"}],"replies":[{"embeddable":true,"href":"https:\/\/visitradgona.si\/de\/wp-json\/wp\/v2\/comments?post=8763"}],"version-history":[{"count":0,"href":"https:\/\/visitradgona.si\/de\/wp-json\/wp\/v2\/pages\/8763\/revisions"}],"up":[{"embeddable":true,"href":"https:\/\/visitradgona.si\/de\/wp-json\/wp\/v2\/pages\/8866"}],"wp:attachment":[{"href":"https:\/\/visitradgona.si\/de\/wp-json\/wp\/v2\/media?parent=8763"}],"curies":[{"name":"wp","href":"https:\/\/api.w.org\/{rel}","templated":true}]}}