{"id":8733,"date":"2024-12-12T13:18:03","date_gmt":"2024-12-12T12:18:03","guid":{"rendered":"https:\/\/visitradgona.si\/degustacije-v-vinski-kleti-kolaric\/"},"modified":"2025-03-01T13:05:05","modified_gmt":"2025-03-01T12:05:05","slug":"weinverkostungen-in-vinska-klet-kolaric","status":"publish","type":"page","link":"https:\/\/visitradgona.si\/de\/aktivitaten-und-ausfluge\/erlebnisse\/weinverkostungen-in-vinska-klet-kolaric\/","title":{"rendered":"Weinverkostungen in Vinska klet Kolari\u010d"},"content":{"rendered":"<style>.kb-row-layout-id8733_4c6a6f-c9 > .kt-row-column-wrap{align-content:start;}:where(.kb-row-layout-id8733_4c6a6f-c9 > .kt-row-column-wrap) > .wp-block-kadence-column{justify-content:start;}.kb-row-layout-id8733_4c6a6f-c9 > .kt-row-column-wrap{column-gap:var(--global-kb-gap-md, 2rem);row-gap:var(--global-kb-gap-md, 2rem);max-width:var( --global-content-width, 1290px );padding-left:var(--global-content-edge-padding);padding-right:var(--global-content-edge-padding);padding-right:20px;padding-bottom:120px;padding-left:20px;min-height:50vh;grid-template-columns:minmax(0, calc(52% - ((var(--global-kb-gap-md, 2rem) * 1 )\/2)))minmax(0, calc(48% - ((var(--global-kb-gap-md, 2rem) * 1 )\/2)));}.kb-row-layout-id8733_4c6a6f-c9{background-image:url('https:\/\/visitradgona.si\/wp-content\/uploads\/2024\/12\/VisitRadgona-cover-photo_0006_Vinogradnistvo-Kolaric-3.jpg');background-size:cover;background-position:50% 50%;background-attachment:scroll;background-repeat:no-repeat;}.kb-row-layout-id8733_4c6a6f-c9 > .kt-row-layout-overlay{opacity:0.30;}@media all and (max-width: 1024px){.kb-row-layout-id8733_4c6a6f-c9 > .kt-row-column-wrap{padding-top:60px;padding-right:90px;padding-bottom:60px;padding-left:90px;grid-template-columns:minmax(0, 1fr);}}@media all and (max-width: 767px){.kb-row-layout-id8733_4c6a6f-c9 > .kt-row-column-wrap{padding-top:60px;padding-right:20px;padding-bottom:40px;padding-left:20px;grid-template-columns:minmax(0, 1fr);}}<\/style><div class=\"kb-row-layout-wrap kb-row-layout-id8733_4c6a6f-c9 alignnone kt-row-has-bg wp-block-kadence-rowlayout\"><div class=\"kt-row-column-wrap kt-has-2-columns kt-row-layout-left-golden kt-tab-layout-row kt-mobile-layout-row kt-row-valign-top kb-theme-content-width\">\n<style>.kadence-column8733_ab30f9-fa > .kt-inside-inner-col{padding-right:0px;padding-left:0px;}.kadence-column8733_ab30f9-fa > .kt-inside-inner-col,.kadence-column8733_ab30f9-fa > .kt-inside-inner-col:before{border-top-left-radius:0px;border-top-right-radius:0px;border-bottom-right-radius:0px;border-bottom-left-radius:0px;}.kadence-column8733_ab30f9-fa > .kt-inside-inner-col{column-gap:var(--global-kb-gap-sm, 1rem);}.kadence-column8733_ab30f9-fa > .kt-inside-inner-col{flex-direction:column;}.kadence-column8733_ab30f9-fa > .kt-inside-inner-col > .aligncenter{width:100%;}.kadence-column8733_ab30f9-fa > .kt-inside-inner-col:before{opacity:0.3;}.kadence-column8733_ab30f9-fa{position:relative;}.kadence-column8733_ab30f9-fa, .kt-inside-inner-col > .kadence-column8733_ab30f9-fa:not(.specificity){margin-right:90px;margin-left:10px;}@media all and (max-width: 1024px){.kadence-column8733_ab30f9-fa > .kt-inside-inner-col{padding-top:0px;padding-right:60px;padding-bottom:0px;padding-left:60px;flex-direction:column;justify-content:center;}}@media all and (max-width: 1024px){.kadence-column8733_ab30f9-fa, .kt-inside-inner-col > .kadence-column8733_ab30f9-fa:not(.specificity){margin-top:0px;margin-right:0px;margin-bottom:0px;margin-left:0px;}}@media all and (max-width: 767px){.kadence-column8733_ab30f9-fa > .kt-inside-inner-col{padding-right:0px;padding-left:0px;flex-direction:column;justify-content:center;}.kadence-column8733_ab30f9-fa, .kt-inside-inner-col > .kadence-column8733_ab30f9-fa:not(.specificity){margin-right:0px;margin-left:0px;}}<\/style>\n<div class=\"wp-block-kadence-column kadence-column8733_ab30f9-fa inner-column-1\"><div class=\"kt-inside-inner-col\"><\/div><\/div>\n\n\n<style>.kadence-column8733_1c39ae-44 > .kt-inside-inner-col,.kadence-column8733_1c39ae-44 > .kt-inside-inner-col:before{border-top-left-radius:0px;border-top-right-radius:0px;border-bottom-right-radius:0px;border-bottom-left-radius:0px;}.kadence-column8733_1c39ae-44 > .kt-inside-inner-col{column-gap:var(--global-kb-gap-sm, 1rem);}.kadence-column8733_1c39ae-44 > .kt-inside-inner-col{flex-direction:column;}.kadence-column8733_1c39ae-44 > .kt-inside-inner-col > .aligncenter{width:100%;}.kadence-column8733_1c39ae-44 > .kt-inside-inner-col:before{opacity:0.3;}.kadence-column8733_1c39ae-44{position:relative;}@media all and (max-width: 1024px){.kadence-column8733_1c39ae-44 > .kt-inside-inner-col{flex-direction:column;justify-content:center;}}@media all and (max-width: 767px){.kadence-column8733_1c39ae-44 > .kt-inside-inner-col{flex-direction:column;justify-content:center;}}<\/style>\n<div class=\"wp-block-kadence-column kadence-column8733_1c39ae-44 kvs-md-false kvs-sm-false inner-column-2\"><div class=\"kt-inside-inner-col\"><\/div><\/div>\n\n<\/div><\/div>\n\n<style>.kb-row-layout-id8733_caa675-15 > .kt-row-column-wrap{align-content:start;}:where(.kb-row-layout-id8733_caa675-15 > .kt-row-column-wrap) > .wp-block-kadence-column{justify-content:start;}.kb-row-layout-id8733_caa675-15 > .kt-row-column-wrap{column-gap:var(--global-kb-gap-md, 2rem);row-gap:var(--global-kb-gap-md, 2rem);max-width:var( --global-content-width, 1290px );padding-left:var(--global-content-edge-padding);padding-right:var(--global-content-edge-padding);padding-top:60px;padding-right:20px;padding-bottom:80px;padding-left:20px;grid-template-columns:minmax(0, 1fr);}.kb-row-layout-id8733_caa675-15 > .kt-row-layout-overlay{opacity:0.30;}@media all and (max-width: 1024px){.kb-row-layout-id8733_caa675-15 > .kt-row-column-wrap{grid-template-columns:minmax(0, 1fr);}}@media all and (max-width: 767px){.kb-row-layout-id8733_caa675-15 > .kt-row-column-wrap{grid-template-columns:minmax(0, 1fr);}}<\/style><div class=\"kb-row-layout-wrap kb-row-layout-id8733_caa675-15 alignfull wp-block-kadence-rowlayout\"><div class=\"kt-row-column-wrap kt-has-1-columns kt-row-layout-equal kt-tab-layout-inherit kt-mobile-layout-row kt-row-valign-top kb-theme-content-width\">\n<style>.kadence-column8733_fbe2c1-01 > .kt-inside-inner-col,.kadence-column8733_fbe2c1-01 > .kt-inside-inner-col:before{border-top-left-radius:0px;border-top-right-radius:0px;border-bottom-right-radius:0px;border-bottom-left-radius:0px;}.kadence-column8733_fbe2c1-01 > .kt-inside-inner-col{column-gap:var(--global-kb-gap-sm, 1rem);}.kadence-column8733_fbe2c1-01 > .kt-inside-inner-col{flex-direction:column;}.kadence-column8733_fbe2c1-01 > .kt-inside-inner-col > .aligncenter{width:100%;}.kadence-column8733_fbe2c1-01 > .kt-inside-inner-col:before{opacity:0.3;}.kadence-column8733_fbe2c1-01{position:relative;}@media all and (max-width: 1024px){.kadence-column8733_fbe2c1-01 > .kt-inside-inner-col{flex-direction:column;justify-content:center;}}@media all and (max-width: 767px){.kadence-column8733_fbe2c1-01 > .kt-inside-inner-col{flex-direction:column;justify-content:center;}}<\/style>\n<div class=\"wp-block-kadence-column kadence-column8733_fbe2c1-01\"><div class=\"kt-inside-inner-col\"><style>.wp-block-kadence-advancedheading.kt-adv-heading8733_3b9c9e-81, .wp-block-kadence-advancedheading.kt-adv-heading8733_3b9c9e-81[data-kb-block=\"kb-adv-heading8733_3b9c9e-81\"]{font-style:normal;}.wp-block-kadence-advancedheading.kt-adv-heading8733_3b9c9e-81 mark.kt-highlight, .wp-block-kadence-advancedheading.kt-adv-heading8733_3b9c9e-81[data-kb-block=\"kb-adv-heading8733_3b9c9e-81\"] mark.kt-highlight{font-style:normal;color:#f76a0c;-webkit-box-decoration-break:clone;box-decoration-break:clone;padding-top:0px;padding-right:0px;padding-bottom:0px;padding-left:0px;}.wp-block-kadence-advancedheading.kt-adv-heading8733_3b9c9e-81 img.kb-inline-image, .wp-block-kadence-advancedheading.kt-adv-heading8733_3b9c9e-81[data-kb-block=\"kb-adv-heading8733_3b9c9e-81\"] img.kb-inline-image{width:150px;vertical-align:baseline;}@media all and (max-width: 1024px){.wp-block-kadence-advancedheading.kt-adv-heading8733_3b9c9e-81, .wp-block-kadence-advancedheading.kt-adv-heading8733_3b9c9e-81[data-kb-block=\"kb-adv-heading8733_3b9c9e-81\"]{text-align:left!important;}}<\/style>\n<h6 class=\"kt-adv-heading8733_3b9c9e-81 wp-block-kadence-advancedheading\" data-kb-block=\"kb-adv-heading8733_3b9c9e-81\">Erlebnisse<\/h6>\n\n\n<style>.wp-block-kadence-advancedheading.kt-adv-heading8733_3d3984-d4, .wp-block-kadence-advancedheading.kt-adv-heading8733_3d3984-d4[data-kb-block=\"kb-adv-heading8733_3d3984-d4\"]{margin-bottom:30px;font-style:normal;}.wp-block-kadence-advancedheading.kt-adv-heading8733_3d3984-d4 mark.kt-highlight, .wp-block-kadence-advancedheading.kt-adv-heading8733_3d3984-d4[data-kb-block=\"kb-adv-heading8733_3d3984-d4\"] mark.kt-highlight{font-style:normal;color:#f76a0c;-webkit-box-decoration-break:clone;box-decoration-break:clone;padding-top:0px;padding-right:0px;padding-bottom:0px;padding-left:0px;}.wp-block-kadence-advancedheading.kt-adv-heading8733_3d3984-d4 img.kb-inline-image, .wp-block-kadence-advancedheading.kt-adv-heading8733_3d3984-d4[data-kb-block=\"kb-adv-heading8733_3d3984-d4\"] img.kb-inline-image{width:150px;vertical-align:baseline;}@media all and (max-width: 1024px){.wp-block-kadence-advancedheading.kt-adv-heading8733_3d3984-d4, .wp-block-kadence-advancedheading.kt-adv-heading8733_3d3984-d4[data-kb-block=\"kb-adv-heading8733_3d3984-d4\"]{text-align:left!important;}}@media all and (max-width: 767px){.wp-block-kadence-advancedheading.kt-adv-heading8733_3d3984-d4, .wp-block-kadence-advancedheading.kt-adv-heading8733_3d3984-d4[data-kb-block=\"kb-adv-heading8733_3d3984-d4\"]{padding-top:0px;padding-right:0px;padding-bottom:0px;padding-left:0px;}}<\/style>\n<h1 class=\"kt-adv-heading8733_3d3984-d4 wp-block-kadence-advancedheading\" data-kb-block=\"kb-adv-heading8733_3d3984-d4\">Weinverkostungen in Vinska klet Kolari\u010d<\/h1>\n\n\n\n<p>Im idyllischen Dorf Police, im Herzen der Radgonsko-Kapelske Weinberge, liegt Vinska klet Kolari\u010d. Hier entwickelt und erweitert die Familie Kolari\u010d bereits seit drei Generationen ihre T\u00e4tigkeit. Die Weine reifen in einem Keller unter der Kolari\u010d-Weinbergh\u00fctte, die 1875 erbaut wurde, und profitieren von der nat\u00fcrlichen Klimareifung h\u00f6chster Qualit\u00e4t.<\/p>\n\n\n\n<p>Im Weingut Kolari\u010d werden sowohl Cuv\u00e9es als auch Flaschenweine aller Sorten hergestellt. Besonders stolz sind sie auf ihren mehrfach ausgezeichneten Kolari\u010d-Sekt und Weinbrand. Ihre Geschichten k\u00f6nnen Sie bei gef\u00fchrten Verkostungen genie\u00dfen, begleitet von typisch regionalen K\u00f6stlichkeiten.<\/p>\n\n\n\n<p>Willkommen in Vinska kletKolari\u010d \u2013 wo jeder Schluck Wein eine eigene Geschichte erz\u00e4hlt. Wo der Mensch mit der Natur verschmilzt und seinen inneren Frieden findet.<\/p>\n\n\n\n<p><strong>Mehr Informationen und Reservierungen:<\/strong><br><a data-type=\"tel\" data-id=\"tel:0038641911565\" href=\"tel:0038641911565\">+386 (0)41 911 565<\/a><br><a data-type=\"mailto\" data-id=\"mailto:aleksander.kolaric1@gmail.com\" href=\"mailto:aleksander.kolaric1@gmail.com\">aleksander.kolaric1@gmail.com<\/a><br><a href=\"http:\/\/www.vinogradnistvo-kolaric.eu\" target=\"_blank\" rel=\"noreferrer noopener\">www.vinogradnistvo-kolaric.eu<\/a><\/p>\n\n\n<style>.kb-gallery-wrap-id-8733_0a17e5-a7.wp-block-kadence-advancedgallery{overflow:visible;}.kb-gallery-wrap-id-8733_0a17e5-a7.wp-block-kadence-advancedgallery .kt-blocks-carousel{overflow:visible;max-width:100%;}<\/style><div class=\"kb-gallery-wrap-id-8733_0a17e5-a7 alignnone wp-block-kadence-advancedgallery\"><div class=\"kb-gallery-ul kb-gallery-non-static kb-gallery-type-fluidcarousel kb-gallery-id-8733_0a17e5-a7 kb-gallery-caption-style-bottom-hover kb-gallery-filter-none kb-gallery-magnific-init\" data-image-filter=\"none\" data-lightbox-caption=\"false\"><div class=\"kt-blocks-carousel splide kt-carousel-container-dotstyle-none kt-carousel-arrowstyle-blackonlight kt-carousel-dotstyle-none kb-slider-group-arrow kb-slider-arrow-position-center\" data-slider-anim-speed=\"400\" data-slider-scroll=\"1\" data-slider-arrows=\"true\" data-slider-dots=\"false\" data-slider-hover-pause=\"false\" data-slider-auto=\"\" data-slider-speed=\"7000\" data-slider-type=\"fluidcarousel\" data-slider-center-mode=\"true\" data-slider-gap=\"10px\" data-slider-gap-tablet=\"10px\" data-slider-gap-mobile=\"10px\" data-show-pause-button=\"false\"><div class=\"splide__track\"><ul class=\"kt-blocks-carousel-init kb-blocks-fluid-carousel splide__list\"><li class=\"kb-slide-item kb-gallery-carousel-item splide__slide\"><div class=\"kadence-blocks-gallery-item\"><div class=\"kadence-blocks-gallery-item-inner\"><figure class=\"kb-gallery-figure kb-gallery-item-has-link kadence-blocks-gallery-item-hide-caption\"><a href=\"https:\/\/visitradgona.si\/wp-content\/uploads\/2024\/12\/Vinogradnistvo-Kolaric-3-1.jpg\" class=\"kb-gallery-item-link\"   role=\"button\" aria-haspopup=\"dialog\"><div class=\"kb-gal-image-radius\"><div class=\"kb-gallery-image-contain\" ><img loading=\"lazy\" decoding=\"async\" src=\"https:\/\/visitradgona.si\/wp-content\/uploads\/2024\/12\/Vinogradnistvo-Kolaric-3-1.jpg\" width=\"1750\" height=\"1158\" alt=\"\" data-full-image=\"https:\/\/visitradgona.si\/wp-content\/uploads\/2024\/12\/Vinogradnistvo-Kolaric-3-1.jpg\" data-light-image=\"https:\/\/visitradgona.si\/wp-content\/uploads\/2024\/12\/Vinogradnistvo-Kolaric-3-1.jpg\" data-id=\"5606\" class=\"wp-image-5606 skip-lazy\" srcset=\"https:\/\/visitradgona.si\/wp-content\/uploads\/2024\/12\/Vinogradnistvo-Kolaric-3-1.jpg 1750w, https:\/\/visitradgona.si\/wp-content\/uploads\/2024\/12\/Vinogradnistvo-Kolaric-3-1-300x199.jpg 300w, https:\/\/visitradgona.si\/wp-content\/uploads\/2024\/12\/Vinogradnistvo-Kolaric-3-1-1024x678.jpg 1024w, https:\/\/visitradgona.si\/wp-content\/uploads\/2024\/12\/Vinogradnistvo-Kolaric-3-1-768x508.jpg 768w, https:\/\/visitradgona.si\/wp-content\/uploads\/2024\/12\/Vinogradnistvo-Kolaric-3-1-1536x1016.jpg 1536w\" sizes=\"auto, (max-width: 1750px) 100vw, 1750px\" \/><\/div><\/div><\/a><\/figure><\/div><\/div><\/li><li class=\"kb-slide-item kb-gallery-carousel-item splide__slide\"><div class=\"kadence-blocks-gallery-item\"><div class=\"kadence-blocks-gallery-item-inner\"><figure class=\"kb-gallery-figure kb-gallery-item-has-link kadence-blocks-gallery-item-hide-caption\"><a href=\"https:\/\/visitradgona.si\/wp-content\/uploads\/2024\/12\/Vinogradnistvo-Kolaric-5.jpg\" class=\"kb-gallery-item-link\"   role=\"button\" aria-haspopup=\"dialog\"><div class=\"kb-gal-image-radius\"><div class=\"kb-gallery-image-contain\" ><img loading=\"lazy\" decoding=\"async\" src=\"https:\/\/visitradgona.si\/wp-content\/uploads\/2024\/12\/Vinogradnistvo-Kolaric-5.jpg\" width=\"1800\" height=\"1159\" alt=\"\" data-full-image=\"https:\/\/visitradgona.si\/wp-content\/uploads\/2024\/12\/Vinogradnistvo-Kolaric-5.jpg\" data-light-image=\"https:\/\/visitradgona.si\/wp-content\/uploads\/2024\/12\/Vinogradnistvo-Kolaric-5.jpg\" data-id=\"5612\" class=\"wp-image-5612 skip-lazy\" srcset=\"https:\/\/visitradgona.si\/wp-content\/uploads\/2024\/12\/Vinogradnistvo-Kolaric-5.jpg 1800w, https:\/\/visitradgona.si\/wp-content\/uploads\/2024\/12\/Vinogradnistvo-Kolaric-5-300x193.jpg 300w, https:\/\/visitradgona.si\/wp-content\/uploads\/2024\/12\/Vinogradnistvo-Kolaric-5-1024x659.jpg 1024w, https:\/\/visitradgona.si\/wp-content\/uploads\/2024\/12\/Vinogradnistvo-Kolaric-5-768x495.jpg 768w, https:\/\/visitradgona.si\/wp-content\/uploads\/2024\/12\/Vinogradnistvo-Kolaric-5-1536x989.jpg 1536w\" sizes=\"auto, (max-width: 1800px) 100vw, 1800px\" \/><\/div><\/div><\/a><\/figure><\/div><\/div><\/li><li class=\"kb-slide-item kb-gallery-carousel-item splide__slide\"><div class=\"kadence-blocks-gallery-item\"><div class=\"kadence-blocks-gallery-item-inner\"><figure class=\"kb-gallery-figure kb-gallery-item-has-link kadence-blocks-gallery-item-hide-caption\"><a href=\"https:\/\/visitradgona.si\/wp-content\/uploads\/2024\/12\/Vinogradnistvo-Kolaric-2-1.jpg\" class=\"kb-gallery-item-link\"   role=\"button\" aria-haspopup=\"dialog\"><div class=\"kb-gal-image-radius\"><div class=\"kb-gallery-image-contain\" ><img loading=\"lazy\" decoding=\"async\" src=\"https:\/\/visitradgona.si\/wp-content\/uploads\/2024\/12\/Vinogradnistvo-Kolaric-2-1.jpg\" width=\"1750\" height=\"1163\" alt=\"\" data-full-image=\"https:\/\/visitradgona.si\/wp-content\/uploads\/2024\/12\/Vinogradnistvo-Kolaric-2-1.jpg\" data-light-image=\"https:\/\/visitradgona.si\/wp-content\/uploads\/2024\/12\/Vinogradnistvo-Kolaric-2-1.jpg\" data-id=\"5603\" class=\"wp-image-5603 skip-lazy\" srcset=\"https:\/\/visitradgona.si\/wp-content\/uploads\/2024\/12\/Vinogradnistvo-Kolaric-2-1.jpg 1750w, https:\/\/visitradgona.si\/wp-content\/uploads\/2024\/12\/Vinogradnistvo-Kolaric-2-1-300x199.jpg 300w, https:\/\/visitradgona.si\/wp-content\/uploads\/2024\/12\/Vinogradnistvo-Kolaric-2-1-1024x681.jpg 1024w, https:\/\/visitradgona.si\/wp-content\/uploads\/2024\/12\/Vinogradnistvo-Kolaric-2-1-768x510.jpg 768w, https:\/\/visitradgona.si\/wp-content\/uploads\/2024\/12\/Vinogradnistvo-Kolaric-2-1-1536x1021.jpg 1536w\" sizes=\"auto, (max-width: 1750px) 100vw, 1750px\" \/><\/div><\/div><\/a><\/figure><\/div><\/div><\/li><li class=\"kb-slide-item kb-gallery-carousel-item splide__slide\"><div class=\"kadence-blocks-gallery-item\"><div class=\"kadence-blocks-gallery-item-inner\"><figure class=\"kb-gallery-figure kb-gallery-item-has-link kadence-blocks-gallery-item-hide-caption\"><a href=\"https:\/\/visitradgona.si\/wp-content\/uploads\/2024\/12\/Vinogradnistvo-Kolaric-4-1.jpg\" class=\"kb-gallery-item-link\"   role=\"button\" aria-haspopup=\"dialog\"><div class=\"kb-gal-image-radius\"><div class=\"kb-gallery-image-contain\" ><img loading=\"lazy\" decoding=\"async\" src=\"https:\/\/visitradgona.si\/wp-content\/uploads\/2024\/12\/Vinogradnistvo-Kolaric-4-1.jpg\" width=\"1960\" height=\"1103\" alt=\"\" data-full-image=\"https:\/\/visitradgona.si\/wp-content\/uploads\/2024\/12\/Vinogradnistvo-Kolaric-4-1.jpg\" data-light-image=\"https:\/\/visitradgona.si\/wp-content\/uploads\/2024\/12\/Vinogradnistvo-Kolaric-4-1.jpg\" data-id=\"5609\" class=\"wp-image-5609 skip-lazy\" srcset=\"https:\/\/visitradgona.si\/wp-content\/uploads\/2024\/12\/Vinogradnistvo-Kolaric-4-1.jpg 1960w, https:\/\/visitradgona.si\/wp-content\/uploads\/2024\/12\/Vinogradnistvo-Kolaric-4-1-300x169.jpg 300w, https:\/\/visitradgona.si\/wp-content\/uploads\/2024\/12\/Vinogradnistvo-Kolaric-4-1-1024x576.jpg 1024w, https:\/\/visitradgona.si\/wp-content\/uploads\/2024\/12\/Vinogradnistvo-Kolaric-4-1-768x432.jpg 768w, https:\/\/visitradgona.si\/wp-content\/uploads\/2024\/12\/Vinogradnistvo-Kolaric-4-1-1536x864.jpg 1536w\" sizes=\"auto, (max-width: 1960px) 100vw, 1960px\" \/><\/div><\/div><\/a><\/figure><\/div><\/div><\/li><\/ul><\/div><\/div><\/div><\/div><\/div><\/div>\n\n<\/div><\/div>","protected":false},"excerpt":{"rendered":"<p>Erlebnisse Weinverkostungen in Vinska klet Kolari\u010d Im idyllischen Dorf Police, im Herzen der Radgonsko-Kapelske Weinberge, liegt Vinska klet Kolari\u010d. Hier entwickelt und erweitert die Familie Kolari\u010d bereits seit drei Generationen ihre T\u00e4tigkeit. Die Weine reifen in einem Keller unter der Kolari\u010d-Weinbergh\u00fctte, die 1875 erbaut wurde, und profitieren von der nat\u00fcrlichen Klimareifung h\u00f6chster Qualit\u00e4t. Im Weingut&#8230;<\/p>\n","protected":false},"author":1,"featured_media":0,"parent":8747,"menu_order":0,"comment_status":"closed","ping_status":"closed","template":"","meta":{"_acf_changed":false,"_kad_blocks_custom_css":"","_kad_blocks_head_custom_js":"","_kad_blocks_body_custom_js":"","_kad_blocks_footer_custom_js":"","_kadence_starter_templates_imported_post":true,"_kad_post_transparent":"","_kad_post_title":"hide","_kad_post_layout":"fullwidth","_kad_post_sidebar_id":"","_kad_post_content_style":"unboxed","_kad_post_vertical_padding":"hide","_kad_post_feature":"hide","_kad_post_feature_position":"","_kad_post_header":false,"_kad_post_footer":false,"_kad_post_classname":"","footnotes":""},"class_list":["post-8733","page","type-page","status-publish","hentry"],"acf":[],"aioseo_notices":[],"taxonomy_info":[],"featured_image_src_large":false,"author_info":{"display_name":"Miha Borec","author_link":"https:\/\/visitradgona.si\/de\/author\/miha-borec\/"},"comment_info":0,"_links":{"self":[{"href":"https:\/\/visitradgona.si\/de\/wp-json\/wp\/v2\/pages\/8733","targetHints":{"allow":["GET"]}}],"collection":[{"href":"https:\/\/visitradgona.si\/de\/wp-json\/wp\/v2\/pages"}],"about":[{"href":"https:\/\/visitradgona.si\/de\/wp-json\/wp\/v2\/types\/page"}],"author":[{"embeddable":true,"href":"https:\/\/visitradgona.si\/de\/wp-json\/wp\/v2\/users\/1"}],"replies":[{"embeddable":true,"href":"https:\/\/visitradgona.si\/de\/wp-json\/wp\/v2\/comments?post=8733"}],"version-history":[{"count":0,"href":"https:\/\/visitradgona.si\/de\/wp-json\/wp\/v2\/pages\/8733\/revisions"}],"up":[{"embeddable":true,"href":"https:\/\/visitradgona.si\/de\/wp-json\/wp\/v2\/pages\/8747"}],"wp:attachment":[{"href":"https:\/\/visitradgona.si\/de\/wp-json\/wp\/v2\/media?parent=8733"}],"curies":[{"name":"wp","href":"https:\/\/api.w.org\/{rel}","templated":true}]}}