{"id":8686,"date":"2024-12-20T09:29:18","date_gmt":"2024-12-20T08:29:18","guid":{"rendered":"https:\/\/visitradgona.si\/zavod-kultprotur\/"},"modified":"2025-05-05T18:31:29","modified_gmt":"2025-05-05T16:31:29","slug":"zavod-kultprotur","status":"publish","type":"page","link":"https:\/\/visitradgona.si\/de\/lokale-angebote\/zavod-kultprotur\/","title":{"rendered":"Zavod Kultprotur"},"content":{"rendered":"<style>.kb-row-layout-id8686_4288d7-10 > .kt-row-column-wrap{align-content:start;}:where(.kb-row-layout-id8686_4288d7-10 > .kt-row-column-wrap) > .wp-block-kadence-column{justify-content:start;}.kb-row-layout-id8686_4288d7-10 > .kt-row-column-wrap{column-gap:var(--global-kb-gap-md, 2rem);row-gap:var(--global-kb-gap-md, 2rem);max-width:var( --global-content-width, 1290px );padding-left:var(--global-content-edge-padding);padding-right:var(--global-content-edge-padding);padding-right:20px;padding-bottom:120px;padding-left:20px;min-height:50vh;grid-template-columns:minmax(0, calc(52% - ((var(--global-kb-gap-md, 2rem) * 1 )\/2)))minmax(0, calc(48% - ((var(--global-kb-gap-md, 2rem) * 1 )\/2)));}.kb-row-layout-id8686_4288d7-10{background-image:url('https:\/\/visitradgona.si\/wp-content\/uploads\/2024\/11\/Visit-Radgona-cover-photo-scaled-1.jpg');background-size:cover;background-position:65% 30%;background-attachment:scroll;background-repeat:no-repeat;}.kb-row-layout-id8686_4288d7-10 > .kt-row-layout-overlay{opacity:0.30;}@media all and (max-width: 1024px){.kb-row-layout-id8686_4288d7-10 > .kt-row-column-wrap{padding-top:60px;padding-right:90px;padding-bottom:60px;padding-left:90px;grid-template-columns:minmax(0, 1fr);}}@media all and (max-width: 767px){.kb-row-layout-id8686_4288d7-10 > .kt-row-column-wrap{padding-top:60px;padding-right:20px;padding-bottom:40px;padding-left:20px;grid-template-columns:minmax(0, 1fr);}}<\/style><div class=\"kb-row-layout-wrap kb-row-layout-id8686_4288d7-10 alignnone kt-row-has-bg wp-block-kadence-rowlayout\"><div class=\"kt-row-column-wrap kt-has-2-columns kt-row-layout-left-golden kt-tab-layout-row kt-mobile-layout-row kt-row-valign-top kb-theme-content-width\">\n<style>.kadence-column8686_8a30b2-ab > .kt-inside-inner-col{padding-right:0px;padding-left:0px;}.kadence-column8686_8a30b2-ab > .kt-inside-inner-col,.kadence-column8686_8a30b2-ab > .kt-inside-inner-col:before{border-top-left-radius:0px;border-top-right-radius:0px;border-bottom-right-radius:0px;border-bottom-left-radius:0px;}.kadence-column8686_8a30b2-ab > .kt-inside-inner-col{column-gap:var(--global-kb-gap-sm, 1rem);}.kadence-column8686_8a30b2-ab > .kt-inside-inner-col{flex-direction:column;}.kadence-column8686_8a30b2-ab > .kt-inside-inner-col > .aligncenter{width:100%;}.kadence-column8686_8a30b2-ab > .kt-inside-inner-col:before{opacity:0.3;}.kadence-column8686_8a30b2-ab{position:relative;}.kadence-column8686_8a30b2-ab, .kt-inside-inner-col > .kadence-column8686_8a30b2-ab:not(.specificity){margin-right:90px;margin-left:10px;}@media all and (max-width: 1024px){.kadence-column8686_8a30b2-ab > .kt-inside-inner-col{padding-top:0px;padding-right:60px;padding-bottom:0px;padding-left:60px;flex-direction:column;justify-content:center;}}@media all and (max-width: 1024px){.kadence-column8686_8a30b2-ab, .kt-inside-inner-col > .kadence-column8686_8a30b2-ab:not(.specificity){margin-top:0px;margin-right:0px;margin-bottom:0px;margin-left:0px;}}@media all and (max-width: 767px){.kadence-column8686_8a30b2-ab > .kt-inside-inner-col{padding-right:0px;padding-left:0px;flex-direction:column;justify-content:center;}.kadence-column8686_8a30b2-ab, .kt-inside-inner-col > .kadence-column8686_8a30b2-ab:not(.specificity){margin-right:0px;margin-left:0px;}}<\/style>\n<div class=\"wp-block-kadence-column kadence-column8686_8a30b2-ab inner-column-1\"><div class=\"kt-inside-inner-col\"><\/div><\/div>\n\n\n<style>.kadence-column8686_497d66-1e > .kt-inside-inner-col,.kadence-column8686_497d66-1e > .kt-inside-inner-col:before{border-top-left-radius:0px;border-top-right-radius:0px;border-bottom-right-radius:0px;border-bottom-left-radius:0px;}.kadence-column8686_497d66-1e > .kt-inside-inner-col{column-gap:var(--global-kb-gap-sm, 1rem);}.kadence-column8686_497d66-1e > .kt-inside-inner-col{flex-direction:column;}.kadence-column8686_497d66-1e > .kt-inside-inner-col > .aligncenter{width:100%;}.kadence-column8686_497d66-1e > .kt-inside-inner-col:before{opacity:0.3;}.kadence-column8686_497d66-1e{position:relative;}@media all and (max-width: 1024px){.kadence-column8686_497d66-1e > .kt-inside-inner-col{flex-direction:column;justify-content:center;}}@media all and (max-width: 767px){.kadence-column8686_497d66-1e > .kt-inside-inner-col{flex-direction:column;justify-content:center;}}<\/style>\n<div class=\"wp-block-kadence-column kadence-column8686_497d66-1e kvs-md-false kvs-sm-false inner-column-2\"><div class=\"kt-inside-inner-col\"><\/div><\/div>\n\n<\/div><\/div>\n\n<style>.kb-row-layout-id8686_4bd3c6-26 > .kt-row-column-wrap{align-content:start;}:where(.kb-row-layout-id8686_4bd3c6-26 > .kt-row-column-wrap) > .wp-block-kadence-column{justify-content:start;}.kb-row-layout-id8686_4bd3c6-26 > .kt-row-column-wrap{column-gap:var(--global-kb-gap-md, 2rem);row-gap:var(--global-kb-gap-md, 2rem);max-width:var( --global-content-width, 1290px );padding-left:var(--global-content-edge-padding);padding-right:var(--global-content-edge-padding);padding-top:60px;padding-right:20px;padding-bottom:80px;padding-left:20px;grid-template-columns:minmax(0, 1fr);}.kb-row-layout-id8686_4bd3c6-26 > .kt-row-layout-overlay{opacity:0.30;}@media all and (max-width: 1024px){.kb-row-layout-id8686_4bd3c6-26 > .kt-row-column-wrap{grid-template-columns:minmax(0, 1fr);}}@media all and (max-width: 767px){.kb-row-layout-id8686_4bd3c6-26 > .kt-row-column-wrap{grid-template-columns:minmax(0, 1fr);}}<\/style><div class=\"kb-row-layout-wrap kb-row-layout-id8686_4bd3c6-26 alignfull wp-block-kadence-rowlayout\"><div class=\"kt-row-column-wrap kt-has-1-columns kt-row-layout-equal kt-tab-layout-inherit kt-mobile-layout-row kt-row-valign-top kb-theme-content-width\">\n<style>.kadence-column8686_bcc4fa-f9 > .kt-inside-inner-col,.kadence-column8686_bcc4fa-f9 > .kt-inside-inner-col:before{border-top-left-radius:0px;border-top-right-radius:0px;border-bottom-right-radius:0px;border-bottom-left-radius:0px;}.kadence-column8686_bcc4fa-f9 > .kt-inside-inner-col{column-gap:var(--global-kb-gap-sm, 1rem);}.kadence-column8686_bcc4fa-f9 > .kt-inside-inner-col{flex-direction:column;}.kadence-column8686_bcc4fa-f9 > .kt-inside-inner-col > .aligncenter{width:100%;}.kadence-column8686_bcc4fa-f9 > .kt-inside-inner-col:before{opacity:0.3;}.kadence-column8686_bcc4fa-f9{position:relative;}@media all and (max-width: 1024px){.kadence-column8686_bcc4fa-f9 > .kt-inside-inner-col{flex-direction:column;justify-content:center;}}@media all and (max-width: 767px){.kadence-column8686_bcc4fa-f9 > .kt-inside-inner-col{flex-direction:column;justify-content:center;}}<\/style>\n<div class=\"wp-block-kadence-column kadence-column8686_bcc4fa-f9\"><div class=\"kt-inside-inner-col\"><style>.wp-block-kadence-advancedheading.kt-adv-heading8686_766dd1-c3, .wp-block-kadence-advancedheading.kt-adv-heading8686_766dd1-c3[data-kb-block=\"kb-adv-heading8686_766dd1-c3\"]{font-style:normal;}.wp-block-kadence-advancedheading.kt-adv-heading8686_766dd1-c3 mark.kt-highlight, .wp-block-kadence-advancedheading.kt-adv-heading8686_766dd1-c3[data-kb-block=\"kb-adv-heading8686_766dd1-c3\"] mark.kt-highlight{font-style:normal;color:#f76a0c;-webkit-box-decoration-break:clone;box-decoration-break:clone;padding-top:0px;padding-right:0px;padding-bottom:0px;padding-left:0px;}.wp-block-kadence-advancedheading.kt-adv-heading8686_766dd1-c3 img.kb-inline-image, .wp-block-kadence-advancedheading.kt-adv-heading8686_766dd1-c3[data-kb-block=\"kb-adv-heading8686_766dd1-c3\"] img.kb-inline-image{width:150px;vertical-align:baseline;}@media all and (max-width: 1024px){.wp-block-kadence-advancedheading.kt-adv-heading8686_766dd1-c3, .wp-block-kadence-advancedheading.kt-adv-heading8686_766dd1-c3[data-kb-block=\"kb-adv-heading8686_766dd1-c3\"]{text-align:left!important;}}<\/style>\n<h6 class=\"kt-adv-heading8686_766dd1-c3 wp-block-kadence-advancedheading\" data-kb-block=\"kb-adv-heading8686_766dd1-c3\">Lokale angebote<\/h6>\n\n\n<style>.wp-block-kadence-advancedheading.kt-adv-heading8686_7c3fb9-aa, .wp-block-kadence-advancedheading.kt-adv-heading8686_7c3fb9-aa[data-kb-block=\"kb-adv-heading8686_7c3fb9-aa\"]{margin-bottom:30px;font-style:normal;}.wp-block-kadence-advancedheading.kt-adv-heading8686_7c3fb9-aa mark.kt-highlight, .wp-block-kadence-advancedheading.kt-adv-heading8686_7c3fb9-aa[data-kb-block=\"kb-adv-heading8686_7c3fb9-aa\"] mark.kt-highlight{font-style:normal;color:#f76a0c;-webkit-box-decoration-break:clone;box-decoration-break:clone;padding-top:0px;padding-right:0px;padding-bottom:0px;padding-left:0px;}.wp-block-kadence-advancedheading.kt-adv-heading8686_7c3fb9-aa img.kb-inline-image, .wp-block-kadence-advancedheading.kt-adv-heading8686_7c3fb9-aa[data-kb-block=\"kb-adv-heading8686_7c3fb9-aa\"] img.kb-inline-image{width:150px;vertical-align:baseline;}@media all and (max-width: 1024px){.wp-block-kadence-advancedheading.kt-adv-heading8686_7c3fb9-aa, .wp-block-kadence-advancedheading.kt-adv-heading8686_7c3fb9-aa[data-kb-block=\"kb-adv-heading8686_7c3fb9-aa\"]{text-align:left!important;}}@media all and (max-width: 767px){.wp-block-kadence-advancedheading.kt-adv-heading8686_7c3fb9-aa, .wp-block-kadence-advancedheading.kt-adv-heading8686_7c3fb9-aa[data-kb-block=\"kb-adv-heading8686_7c3fb9-aa\"]{padding-top:0px;padding-right:0px;padding-bottom:0px;padding-left:0px;}}<\/style>\n<h1 class=\"kt-adv-heading8686_7c3fb9-aa wp-block-kadence-advancedheading\" data-kb-block=\"kb-adv-heading8686_7c3fb9-aa\">Zavod Zavod Kultprotur<\/h1>\n\n\n\n<p><strong><strong>Zavod Kultprotur \u2013 das Zentrum f\u00fcr Kultur, Tourismus, Bildung und gesellschaftliches Leben in Gornja Radgona<\/strong><\/strong>, gegr\u00fcndet im Jahr 2007, ist das Herz des kulturellen und gesellschaftlichen Lebens in der Gemeinde Gornja Radgona. Der Dienst vereint f\u00fcnf einzigartige Einrichtungen:<\/p>\n\n\n\n<ul class=\"wp-block-list\">\n<li><strong>Kulturhaus Gornja Radgona<\/strong> mit einer Galerie und einem Saal f\u00fcr Theaterauff\u00fchrungen, Konzerte und verschiedene Veranstaltungen.<\/li>\n\n\n\n<li><strong>Schloss Negova<\/strong>, ein bezaubernder Schlosskomplex mit reicher Geschichte.<\/li>\n\n\n\n<li><strong>Tourismusinformationszentrum Gornja Radgona<\/strong>, das den Besuchern alle Informationen \u00fcber lokale Sehensw\u00fcrdigkeiten und Veranstaltungen bietet.<\/li>\n\n\n\n<li><strong>Jugendzentrum Gornja Radgona<\/strong>, ein Ort voller kreativer M\u00f6glichkeiten f\u00fcr junge Menschen.<\/li>\n\n\n\n<li><strong>Museum \u0160pital<\/strong>, wo Vergangenheit und moderne Geschichten miteinander verwoben werden.<\/li>\n<\/ul>\n\n\n\n<p>Seit \u00fcber einem Jahrzehnt sorgt Zavod Kultprotur f\u00fcr ein abwechslungsreiches Geschehen in der Gemeinde. Mit seinen Aktivit\u00e4ten \u2013 von \u00f6ffentlichen Veranstaltungen f\u00fcr alle Generationen \u00fcber Ausstellungen und Workshops bis hin zu Konzerten, Vortr\u00e4gen und F\u00fchrungen \u2013 bereichert es das Leben der lokalen Gemeinschaft und zieht Besucher aus nah und fern an. Kommen Sie vorbei und erleben Sie den Puls von Gornja Radgona!<\/p>\n\n\n\n<p><strong><strong>Kontakt<\/strong><\/strong><br>T: <a data-type=\"tel\" data-id=\"tel:0038625648907\" href=\"tel:0038625648907\">+386 (0)2 564 89 07<\/a><br>E: <a href=\"mailto:info@kultprotur.si\">info@kultprotur.si<\/a><\/p>\n<\/div><\/div>\n\n<\/div><\/div>","protected":false},"excerpt":{"rendered":"<p>Lokale angebote Zavod Zavod Kultprotur Zavod Kultprotur \u2013 das Zentrum f\u00fcr Kultur, Tourismus, Bildung und gesellschaftliches Leben in Gornja Radgona, gegr\u00fcndet im Jahr 2007, ist das Herz des kulturellen und gesellschaftlichen Lebens in der Gemeinde Gornja Radgona. Der Dienst vereint f\u00fcnf einzigartige Einrichtungen: Seit \u00fcber einem Jahrzehnt sorgt Zavod Kultprotur f\u00fcr ein abwechslungsreiches Geschehen in&#8230;<\/p>\n","protected":false},"author":1,"featured_media":0,"parent":8874,"menu_order":0,"comment_status":"closed","ping_status":"closed","template":"","meta":{"_acf_changed":false,"_kad_blocks_custom_css":"","_kad_blocks_head_custom_js":"","_kad_blocks_body_custom_js":"","_kad_blocks_footer_custom_js":"","_kadence_starter_templates_imported_post":true,"_kad_post_transparent":"","_kad_post_title":"hide","_kad_post_layout":"fullwidth","_kad_post_sidebar_id":"","_kad_post_content_style":"unboxed","_kad_post_vertical_padding":"hide","_kad_post_feature":"hide","_kad_post_feature_position":"","_kad_post_header":false,"_kad_post_footer":false,"_kad_post_classname":"","footnotes":""},"class_list":["post-8686","page","type-page","status-publish","hentry"],"acf":[],"aioseo_notices":[],"taxonomy_info":[],"featured_image_src_large":false,"author_info":{"display_name":"Miha Borec","author_link":"https:\/\/visitradgona.si\/de\/author\/miha-borec\/"},"comment_info":0,"_links":{"self":[{"href":"https:\/\/visitradgona.si\/de\/wp-json\/wp\/v2\/pages\/8686","targetHints":{"allow":["GET"]}}],"collection":[{"href":"https:\/\/visitradgona.si\/de\/wp-json\/wp\/v2\/pages"}],"about":[{"href":"https:\/\/visitradgona.si\/de\/wp-json\/wp\/v2\/types\/page"}],"author":[{"embeddable":true,"href":"https:\/\/visitradgona.si\/de\/wp-json\/wp\/v2\/users\/1"}],"replies":[{"embeddable":true,"href":"https:\/\/visitradgona.si\/de\/wp-json\/wp\/v2\/comments?post=8686"}],"version-history":[{"count":0,"href":"https:\/\/visitradgona.si\/de\/wp-json\/wp\/v2\/pages\/8686\/revisions"}],"up":[{"embeddable":true,"href":"https:\/\/visitradgona.si\/de\/wp-json\/wp\/v2\/pages\/8874"}],"wp:attachment":[{"href":"https:\/\/visitradgona.si\/de\/wp-json\/wp\/v2\/media?parent=8686"}],"curies":[{"name":"wp","href":"https:\/\/api.w.org\/{rel}","templated":true}]}}