{"id":8639,"date":"2024-11-27T17:15:00","date_gmt":"2024-11-27T16:15:00","guid":{"rendered":"https:\/\/visitradgona.si\/tematske-poti\/trstenjakova-pot\/"},"modified":"2025-03-01T14:17:59","modified_gmt":"2025-03-01T13:17:59","slug":"trstenjak-weg","status":"publish","type":"page","link":"https:\/\/visitradgona.si\/de\/aktivitaten-und-ausfluge\/themenwege\/trstenjak-weg\/","title":{"rendered":"Trstenjak Weg"},"content":{"rendered":"<style>.kb-row-layout-id8639_a4b37a-cb > .kt-row-column-wrap{align-content:start;}:where(.kb-row-layout-id8639_a4b37a-cb > .kt-row-column-wrap) > .wp-block-kadence-column{justify-content:start;}.kb-row-layout-id8639_a4b37a-cb > .kt-row-column-wrap{column-gap:var(--global-kb-gap-md, 2rem);row-gap:var(--global-kb-gap-md, 2rem);max-width:var( --global-content-width, 1290px );padding-left:var(--global-content-edge-padding);padding-right:var(--global-content-edge-padding);padding-right:20px;padding-bottom:120px;padding-left:20px;min-height:50vh;grid-template-columns:minmax(0, calc(52% - ((var(--global-kb-gap-md, 2rem) * 1 )\/2)))minmax(0, calc(48% - ((var(--global-kb-gap-md, 2rem) * 1 )\/2)));}.kb-row-layout-id8639_a4b37a-cb{background-image:url('https:\/\/visitradgona.si\/wp-content\/uploads\/2024\/12\/VisitRadgona_0002_cover-photo-Trstenjakova_pot.jpg');background-size:cover;background-position:50% 15%;background-attachment:scroll;background-repeat:no-repeat;}.kb-row-layout-id8639_a4b37a-cb > .kt-row-layout-overlay{opacity:0.30;}@media all and (max-width: 1024px){.kb-row-layout-id8639_a4b37a-cb > .kt-row-column-wrap{padding-top:60px;padding-right:90px;padding-bottom:60px;padding-left:90px;grid-template-columns:minmax(0, 1fr);}}@media all and (max-width: 767px){.kb-row-layout-id8639_a4b37a-cb > .kt-row-column-wrap{padding-top:60px;padding-right:20px;padding-bottom:40px;padding-left:20px;grid-template-columns:minmax(0, 1fr);}}<\/style><div class=\"kb-row-layout-wrap kb-row-layout-id8639_a4b37a-cb alignnone kt-row-has-bg wp-block-kadence-rowlayout\"><div class=\"kt-row-column-wrap kt-has-2-columns kt-row-layout-left-golden kt-tab-layout-row kt-mobile-layout-row kt-row-valign-top kb-theme-content-width\">\n<style>.kadence-column8639_22179b-25 > .kt-inside-inner-col{padding-right:0px;padding-left:0px;}.kadence-column8639_22179b-25 > .kt-inside-inner-col,.kadence-column8639_22179b-25 > .kt-inside-inner-col:before{border-top-left-radius:0px;border-top-right-radius:0px;border-bottom-right-radius:0px;border-bottom-left-radius:0px;}.kadence-column8639_22179b-25 > .kt-inside-inner-col{column-gap:var(--global-kb-gap-sm, 1rem);}.kadence-column8639_22179b-25 > .kt-inside-inner-col{flex-direction:column;}.kadence-column8639_22179b-25 > .kt-inside-inner-col > .aligncenter{width:100%;}.kadence-column8639_22179b-25 > .kt-inside-inner-col:before{opacity:0.3;}.kadence-column8639_22179b-25{position:relative;}.kadence-column8639_22179b-25, .kt-inside-inner-col > .kadence-column8639_22179b-25:not(.specificity){margin-right:90px;margin-left:10px;}@media all and (max-width: 1024px){.kadence-column8639_22179b-25 > .kt-inside-inner-col{padding-top:0px;padding-right:60px;padding-bottom:0px;padding-left:60px;flex-direction:column;justify-content:center;}}@media all and (max-width: 1024px){.kadence-column8639_22179b-25, .kt-inside-inner-col > .kadence-column8639_22179b-25:not(.specificity){margin-top:0px;margin-right:0px;margin-bottom:0px;margin-left:0px;}}@media all and (max-width: 767px){.kadence-column8639_22179b-25 > .kt-inside-inner-col{padding-right:0px;padding-left:0px;flex-direction:column;justify-content:center;}.kadence-column8639_22179b-25, .kt-inside-inner-col > .kadence-column8639_22179b-25:not(.specificity){margin-right:0px;margin-left:0px;}}<\/style>\n<div class=\"wp-block-kadence-column kadence-column8639_22179b-25 inner-column-1\"><div class=\"kt-inside-inner-col\"><\/div><\/div>\n\n\n<style>.kadence-column8639_402a7e-98 > .kt-inside-inner-col,.kadence-column8639_402a7e-98 > .kt-inside-inner-col:before{border-top-left-radius:0px;border-top-right-radius:0px;border-bottom-right-radius:0px;border-bottom-left-radius:0px;}.kadence-column8639_402a7e-98 > .kt-inside-inner-col{column-gap:var(--global-kb-gap-sm, 1rem);}.kadence-column8639_402a7e-98 > .kt-inside-inner-col{flex-direction:column;}.kadence-column8639_402a7e-98 > .kt-inside-inner-col > .aligncenter{width:100%;}.kadence-column8639_402a7e-98 > .kt-inside-inner-col:before{opacity:0.3;}.kadence-column8639_402a7e-98{position:relative;}@media all and (max-width: 1024px){.kadence-column8639_402a7e-98 > .kt-inside-inner-col{flex-direction:column;justify-content:center;}}@media all and (max-width: 767px){.kadence-column8639_402a7e-98 > .kt-inside-inner-col{flex-direction:column;justify-content:center;}}<\/style>\n<div class=\"wp-block-kadence-column kadence-column8639_402a7e-98 kvs-md-false kvs-sm-false inner-column-2\"><div class=\"kt-inside-inner-col\"><\/div><\/div>\n\n<\/div><\/div>\n\n<style>.kb-row-layout-id8639_1c6e5d-e7 > .kt-row-column-wrap{align-content:start;}:where(.kb-row-layout-id8639_1c6e5d-e7 > .kt-row-column-wrap) > .wp-block-kadence-column{justify-content:start;}.kb-row-layout-id8639_1c6e5d-e7 > .kt-row-column-wrap{column-gap:var(--global-kb-gap-md, 2rem);row-gap:var(--global-kb-gap-md, 2rem);max-width:var( --global-content-width, 1290px );padding-left:var(--global-content-edge-padding);padding-right:var(--global-content-edge-padding);padding-top:60px;padding-right:20px;padding-bottom:80px;padding-left:20px;grid-template-columns:minmax(0, 1fr);}.kb-row-layout-id8639_1c6e5d-e7 > .kt-row-layout-overlay{opacity:0.30;}@media all and (max-width: 1024px){.kb-row-layout-id8639_1c6e5d-e7 > .kt-row-column-wrap{grid-template-columns:minmax(0, 1fr);}}@media all and (max-width: 767px){.kb-row-layout-id8639_1c6e5d-e7 > .kt-row-column-wrap{grid-template-columns:minmax(0, 1fr);}}<\/style><div class=\"kb-row-layout-wrap kb-row-layout-id8639_1c6e5d-e7 alignfull wp-block-kadence-rowlayout\"><div class=\"kt-row-column-wrap kt-has-1-columns kt-row-layout-equal kt-tab-layout-inherit kt-mobile-layout-row kt-row-valign-top kb-theme-content-width\">\n<style>.kadence-column8639_22b8dd-59 > .kt-inside-inner-col,.kadence-column8639_22b8dd-59 > .kt-inside-inner-col:before{border-top-left-radius:0px;border-top-right-radius:0px;border-bottom-right-radius:0px;border-bottom-left-radius:0px;}.kadence-column8639_22b8dd-59 > .kt-inside-inner-col{column-gap:var(--global-kb-gap-sm, 1rem);}.kadence-column8639_22b8dd-59 > .kt-inside-inner-col{flex-direction:column;}.kadence-column8639_22b8dd-59 > .kt-inside-inner-col > .aligncenter{width:100%;}.kadence-column8639_22b8dd-59 > .kt-inside-inner-col:before{opacity:0.3;}.kadence-column8639_22b8dd-59{position:relative;}@media all and (max-width: 1024px){.kadence-column8639_22b8dd-59 > .kt-inside-inner-col{flex-direction:column;justify-content:center;}}@media all and (max-width: 767px){.kadence-column8639_22b8dd-59 > .kt-inside-inner-col{flex-direction:column;justify-content:center;}}<\/style>\n<div class=\"wp-block-kadence-column kadence-column8639_22b8dd-59\"><div class=\"kt-inside-inner-col\"><style>.wp-block-kadence-advancedheading.kt-adv-heading8639_25829b-3c, .wp-block-kadence-advancedheading.kt-adv-heading8639_25829b-3c[data-kb-block=\"kb-adv-heading8639_25829b-3c\"]{font-style:normal;}.wp-block-kadence-advancedheading.kt-adv-heading8639_25829b-3c mark.kt-highlight, .wp-block-kadence-advancedheading.kt-adv-heading8639_25829b-3c[data-kb-block=\"kb-adv-heading8639_25829b-3c\"] mark.kt-highlight{font-style:normal;color:#f76a0c;-webkit-box-decoration-break:clone;box-decoration-break:clone;padding-top:0px;padding-right:0px;padding-bottom:0px;padding-left:0px;}.wp-block-kadence-advancedheading.kt-adv-heading8639_25829b-3c img.kb-inline-image, .wp-block-kadence-advancedheading.kt-adv-heading8639_25829b-3c[data-kb-block=\"kb-adv-heading8639_25829b-3c\"] img.kb-inline-image{width:150px;vertical-align:baseline;}@media all and (max-width: 1024px){.wp-block-kadence-advancedheading.kt-adv-heading8639_25829b-3c, .wp-block-kadence-advancedheading.kt-adv-heading8639_25829b-3c[data-kb-block=\"kb-adv-heading8639_25829b-3c\"]{text-align:left!important;}}<\/style>\n<h6 class=\"kt-adv-heading8639_25829b-3c wp-block-kadence-advancedheading\" data-kb-block=\"kb-adv-heading8639_25829b-3c\">Themenwege<\/h6>\n\n\n<style>.wp-block-kadence-advancedheading.kt-adv-heading8639_6a0ac5-38, .wp-block-kadence-advancedheading.kt-adv-heading8639_6a0ac5-38[data-kb-block=\"kb-adv-heading8639_6a0ac5-38\"]{margin-bottom:30px;font-style:normal;}.wp-block-kadence-advancedheading.kt-adv-heading8639_6a0ac5-38 mark.kt-highlight, .wp-block-kadence-advancedheading.kt-adv-heading8639_6a0ac5-38[data-kb-block=\"kb-adv-heading8639_6a0ac5-38\"] mark.kt-highlight{font-style:normal;color:#f76a0c;-webkit-box-decoration-break:clone;box-decoration-break:clone;padding-top:0px;padding-right:0px;padding-bottom:0px;padding-left:0px;}.wp-block-kadence-advancedheading.kt-adv-heading8639_6a0ac5-38 img.kb-inline-image, .wp-block-kadence-advancedheading.kt-adv-heading8639_6a0ac5-38[data-kb-block=\"kb-adv-heading8639_6a0ac5-38\"] img.kb-inline-image{width:150px;vertical-align:baseline;}@media all and (max-width: 1024px){.wp-block-kadence-advancedheading.kt-adv-heading8639_6a0ac5-38, .wp-block-kadence-advancedheading.kt-adv-heading8639_6a0ac5-38[data-kb-block=\"kb-adv-heading8639_6a0ac5-38\"]{text-align:left!important;}}@media all and (max-width: 767px){.wp-block-kadence-advancedheading.kt-adv-heading8639_6a0ac5-38, .wp-block-kadence-advancedheading.kt-adv-heading8639_6a0ac5-38[data-kb-block=\"kb-adv-heading8639_6a0ac5-38\"]{padding-top:0px;padding-right:0px;padding-bottom:0px;padding-left:0px;}}<\/style>\n<h1 class=\"kt-adv-heading8639_6a0ac5-38 wp-block-kadence-advancedheading\" data-kb-block=\"kb-adv-heading8639_6a0ac5-38\">Trstenjak Weg<\/h1>\n\n\n\n<p>Der Weg beginnt am internationalen Grenz\u00fcbergang in Gornja Radgona, in der N\u00e4he des Trstenjak-Hauses. Die Strecke f\u00fchrt \u00fcber Hercegov\u0161\u010dak und Polic bis nach A\u017eenski Vrh und dann ins \u0160\u010davni\u0161ko-Tal, wo Sie Ihren Durst an den Mineralwasserquellen stillen k\u00f6nnen. Von Ivanj\u0161evci geht es weiter nach Negova, wo Sie das Schloss aus dem 15. Jahrhundert besichtigen und am malerischen Negovskem See entspannen k\u00f6nnen. Die Route verl\u00e4uft dann durch das \u0160\u010davni\u0161ko-Tal, vorbei an Spodnje Ivanjce und O\u010deslavci (mit der bekannten O\u010deslavce-Quelle) und f\u00fchrt weiter in die Radgona-Kapelske H\u00fcgel. Hier, zwischen Weinbergen und Weinkellern, erreichen wir Jan\u017eev Vrh, von dem aus man einen herrlichen Blick auf die Pannonische Tiefebene hat. Der Weg verbindet sich bei Policah mit dem Grenzpanoramaweg in Richtung Gornja Radgona.<\/p>\n<\/div><\/div>\n\n<\/div><\/div>","protected":false},"excerpt":{"rendered":"<p>Themenwege Trstenjak Weg Der Weg beginnt am internationalen Grenz\u00fcbergang in Gornja Radgona, in der N\u00e4he des Trstenjak-Hauses. Die Strecke f\u00fchrt \u00fcber Hercegov\u0161\u010dak und Polic bis nach A\u017eenski Vrh und dann ins \u0160\u010davni\u0161ko-Tal, wo Sie Ihren Durst an den Mineralwasserquellen stillen k\u00f6nnen. Von Ivanj\u0161evci geht es weiter nach Negova, wo Sie das Schloss aus dem 15&#8230;.<\/p>\n","protected":false},"author":1,"featured_media":0,"parent":8616,"menu_order":0,"comment_status":"closed","ping_status":"closed","template":"","meta":{"_acf_changed":false,"_kad_blocks_custom_css":"","_kad_blocks_head_custom_js":"","_kad_blocks_body_custom_js":"","_kad_blocks_footer_custom_js":"","_kadence_starter_templates_imported_post":true,"_kad_post_transparent":"","_kad_post_title":"hide","_kad_post_layout":"fullwidth","_kad_post_sidebar_id":"","_kad_post_content_style":"unboxed","_kad_post_vertical_padding":"hide","_kad_post_feature":"hide","_kad_post_feature_position":"","_kad_post_header":false,"_kad_post_footer":false,"_kad_post_classname":"","footnotes":""},"class_list":["post-8639","page","type-page","status-publish","hentry"],"acf":[],"aioseo_notices":[],"taxonomy_info":[],"featured_image_src_large":false,"author_info":{"display_name":"Miha Borec","author_link":"https:\/\/visitradgona.si\/de\/author\/miha-borec\/"},"comment_info":0,"_links":{"self":[{"href":"https:\/\/visitradgona.si\/de\/wp-json\/wp\/v2\/pages\/8639","targetHints":{"allow":["GET"]}}],"collection":[{"href":"https:\/\/visitradgona.si\/de\/wp-json\/wp\/v2\/pages"}],"about":[{"href":"https:\/\/visitradgona.si\/de\/wp-json\/wp\/v2\/types\/page"}],"author":[{"embeddable":true,"href":"https:\/\/visitradgona.si\/de\/wp-json\/wp\/v2\/users\/1"}],"replies":[{"embeddable":true,"href":"https:\/\/visitradgona.si\/de\/wp-json\/wp\/v2\/comments?post=8639"}],"version-history":[{"count":0,"href":"https:\/\/visitradgona.si\/de\/wp-json\/wp\/v2\/pages\/8639\/revisions"}],"up":[{"embeddable":true,"href":"https:\/\/visitradgona.si\/de\/wp-json\/wp\/v2\/pages\/8616"}],"wp:attachment":[{"href":"https:\/\/visitradgona.si\/de\/wp-json\/wp\/v2\/media?parent=8639"}],"curies":[{"name":"wp","href":"https:\/\/api.w.org\/{rel}","templated":true}]}}