{"id":8625,"date":"2024-11-27T17:13:40","date_gmt":"2024-11-27T16:13:40","guid":{"rendered":"https:\/\/visitradgona.si\/tematske-poti\/obmejna-panoramska-pot\/"},"modified":"2025-03-01T14:12:11","modified_gmt":"2025-03-01T13:12:11","slug":"grenzpanoramaweg","status":"publish","type":"page","link":"https:\/\/visitradgona.si\/de\/aktivitaten-und-ausfluge\/themenwege\/grenzpanoramaweg\/","title":{"rendered":"Panoramaroute Grenze"},"content":{"rendered":"<style>.kb-row-layout-id8625_4bf0ed-2a > .kt-row-column-wrap{align-content:start;}:where(.kb-row-layout-id8625_4bf0ed-2a > .kt-row-column-wrap) > .wp-block-kadence-column{justify-content:start;}.kb-row-layout-id8625_4bf0ed-2a > .kt-row-column-wrap{column-gap:var(--global-kb-gap-md, 2rem);row-gap:var(--global-kb-gap-md, 2rem);max-width:var( --global-content-width, 1290px );padding-left:var(--global-content-edge-padding);padding-right:var(--global-content-edge-padding);padding-right:20px;padding-bottom:120px;padding-left:20px;min-height:50vh;grid-template-columns:minmax(0, calc(52% - ((var(--global-kb-gap-md, 2rem) * 1 )\/2)))minmax(0, calc(48% - ((var(--global-kb-gap-md, 2rem) * 1 )\/2)));}.kb-row-layout-id8625_4bf0ed-2a{background-image:url('https:\/\/visitradgona.si\/wp-content\/uploads\/2024\/12\/VisitRadgona_0005_cover-photo-Obmejna_panoramska_pot.jpg');background-size:cover;background-position:50% 70%;background-attachment:scroll;background-repeat:no-repeat;}.kb-row-layout-id8625_4bf0ed-2a > .kt-row-layout-overlay{opacity:0.30;}@media all and (max-width: 1024px){.kb-row-layout-id8625_4bf0ed-2a > .kt-row-column-wrap{padding-top:60px;padding-right:90px;padding-bottom:60px;padding-left:90px;grid-template-columns:minmax(0, 1fr);}}@media all and (max-width: 767px){.kb-row-layout-id8625_4bf0ed-2a > .kt-row-column-wrap{padding-top:60px;padding-right:20px;padding-bottom:40px;padding-left:20px;grid-template-columns:minmax(0, 1fr);}}<\/style><div class=\"kb-row-layout-wrap kb-row-layout-id8625_4bf0ed-2a alignnone kt-row-has-bg wp-block-kadence-rowlayout\"><div class=\"kt-row-column-wrap kt-has-2-columns kt-row-layout-left-golden kt-tab-layout-row kt-mobile-layout-row kt-row-valign-top kb-theme-content-width\">\n<style>.kadence-column8625_633ea5-71 > .kt-inside-inner-col{padding-right:0px;padding-left:0px;}.kadence-column8625_633ea5-71 > .kt-inside-inner-col,.kadence-column8625_633ea5-71 > .kt-inside-inner-col:before{border-top-left-radius:0px;border-top-right-radius:0px;border-bottom-right-radius:0px;border-bottom-left-radius:0px;}.kadence-column8625_633ea5-71 > .kt-inside-inner-col{column-gap:var(--global-kb-gap-sm, 1rem);}.kadence-column8625_633ea5-71 > .kt-inside-inner-col{flex-direction:column;}.kadence-column8625_633ea5-71 > .kt-inside-inner-col > .aligncenter{width:100%;}.kadence-column8625_633ea5-71 > .kt-inside-inner-col:before{opacity:0.3;}.kadence-column8625_633ea5-71{position:relative;}.kadence-column8625_633ea5-71, .kt-inside-inner-col > .kadence-column8625_633ea5-71:not(.specificity){margin-right:90px;margin-left:10px;}@media all and (max-width: 1024px){.kadence-column8625_633ea5-71 > .kt-inside-inner-col{padding-top:0px;padding-right:60px;padding-bottom:0px;padding-left:60px;flex-direction:column;justify-content:center;}}@media all and (max-width: 1024px){.kadence-column8625_633ea5-71, .kt-inside-inner-col > .kadence-column8625_633ea5-71:not(.specificity){margin-top:0px;margin-right:0px;margin-bottom:0px;margin-left:0px;}}@media all and (max-width: 767px){.kadence-column8625_633ea5-71 > .kt-inside-inner-col{padding-right:0px;padding-left:0px;flex-direction:column;justify-content:center;}.kadence-column8625_633ea5-71, .kt-inside-inner-col > .kadence-column8625_633ea5-71:not(.specificity){margin-right:0px;margin-left:0px;}}<\/style>\n<div class=\"wp-block-kadence-column kadence-column8625_633ea5-71 inner-column-1\"><div class=\"kt-inside-inner-col\"><\/div><\/div>\n\n\n<style>.kadence-column8625_b110ac-d2 > .kt-inside-inner-col,.kadence-column8625_b110ac-d2 > .kt-inside-inner-col:before{border-top-left-radius:0px;border-top-right-radius:0px;border-bottom-right-radius:0px;border-bottom-left-radius:0px;}.kadence-column8625_b110ac-d2 > .kt-inside-inner-col{column-gap:var(--global-kb-gap-sm, 1rem);}.kadence-column8625_b110ac-d2 > .kt-inside-inner-col{flex-direction:column;}.kadence-column8625_b110ac-d2 > .kt-inside-inner-col > .aligncenter{width:100%;}.kadence-column8625_b110ac-d2 > .kt-inside-inner-col:before{opacity:0.3;}.kadence-column8625_b110ac-d2{position:relative;}@media all and (max-width: 1024px){.kadence-column8625_b110ac-d2 > .kt-inside-inner-col{flex-direction:column;justify-content:center;}}@media all and (max-width: 767px){.kadence-column8625_b110ac-d2 > .kt-inside-inner-col{flex-direction:column;justify-content:center;}}<\/style>\n<div class=\"wp-block-kadence-column kadence-column8625_b110ac-d2 kvs-md-false kvs-sm-false inner-column-2\"><div class=\"kt-inside-inner-col\"><\/div><\/div>\n\n<\/div><\/div>\n\n<style>.kb-row-layout-id8625_9cf144-f8 > .kt-row-column-wrap{align-content:start;}:where(.kb-row-layout-id8625_9cf144-f8 > .kt-row-column-wrap) > .wp-block-kadence-column{justify-content:start;}.kb-row-layout-id8625_9cf144-f8 > .kt-row-column-wrap{column-gap:var(--global-kb-gap-md, 2rem);row-gap:var(--global-kb-gap-md, 2rem);max-width:var( --global-content-width, 1290px );padding-left:var(--global-content-edge-padding);padding-right:var(--global-content-edge-padding);padding-top:60px;padding-right:20px;padding-bottom:80px;padding-left:20px;grid-template-columns:minmax(0, 1fr);}.kb-row-layout-id8625_9cf144-f8 > .kt-row-layout-overlay{opacity:0.30;}@media all and (max-width: 1024px){.kb-row-layout-id8625_9cf144-f8 > .kt-row-column-wrap{grid-template-columns:minmax(0, 1fr);}}@media all and (max-width: 767px){.kb-row-layout-id8625_9cf144-f8 > .kt-row-column-wrap{grid-template-columns:minmax(0, 1fr);}}<\/style><div class=\"kb-row-layout-wrap kb-row-layout-id8625_9cf144-f8 alignfull wp-block-kadence-rowlayout\"><div class=\"kt-row-column-wrap kt-has-1-columns kt-row-layout-equal kt-tab-layout-inherit kt-mobile-layout-row kt-row-valign-top kb-theme-content-width\">\n<style>.kadence-column8625_b35a92-93 > .kt-inside-inner-col,.kadence-column8625_b35a92-93 > .kt-inside-inner-col:before{border-top-left-radius:0px;border-top-right-radius:0px;border-bottom-right-radius:0px;border-bottom-left-radius:0px;}.kadence-column8625_b35a92-93 > .kt-inside-inner-col{column-gap:var(--global-kb-gap-sm, 1rem);}.kadence-column8625_b35a92-93 > .kt-inside-inner-col{flex-direction:column;}.kadence-column8625_b35a92-93 > .kt-inside-inner-col > .aligncenter{width:100%;}.kadence-column8625_b35a92-93 > .kt-inside-inner-col:before{opacity:0.3;}.kadence-column8625_b35a92-93{position:relative;}@media all and (max-width: 1024px){.kadence-column8625_b35a92-93 > .kt-inside-inner-col{flex-direction:column;justify-content:center;}}@media all and (max-width: 767px){.kadence-column8625_b35a92-93 > .kt-inside-inner-col{flex-direction:column;justify-content:center;}}<\/style>\n<div class=\"wp-block-kadence-column kadence-column8625_b35a92-93\"><div class=\"kt-inside-inner-col\"><style>.wp-block-kadence-advancedheading.kt-adv-heading8625_64a5e5-72, .wp-block-kadence-advancedheading.kt-adv-heading8625_64a5e5-72[data-kb-block=\"kb-adv-heading8625_64a5e5-72\"]{font-style:normal;}.wp-block-kadence-advancedheading.kt-adv-heading8625_64a5e5-72 mark.kt-highlight, .wp-block-kadence-advancedheading.kt-adv-heading8625_64a5e5-72[data-kb-block=\"kb-adv-heading8625_64a5e5-72\"] mark.kt-highlight{font-style:normal;color:#f76a0c;-webkit-box-decoration-break:clone;box-decoration-break:clone;padding-top:0px;padding-right:0px;padding-bottom:0px;padding-left:0px;}.wp-block-kadence-advancedheading.kt-adv-heading8625_64a5e5-72 img.kb-inline-image, .wp-block-kadence-advancedheading.kt-adv-heading8625_64a5e5-72[data-kb-block=\"kb-adv-heading8625_64a5e5-72\"] img.kb-inline-image{width:150px;vertical-align:baseline;}@media all and (max-width: 1024px){.wp-block-kadence-advancedheading.kt-adv-heading8625_64a5e5-72, .wp-block-kadence-advancedheading.kt-adv-heading8625_64a5e5-72[data-kb-block=\"kb-adv-heading8625_64a5e5-72\"]{text-align:left!important;}}<\/style>\n<h6 class=\"kt-adv-heading8625_64a5e5-72 wp-block-kadence-advancedheading\" data-kb-block=\"kb-adv-heading8625_64a5e5-72\">Themenwege<\/h6>\n\n\n<style>.wp-block-kadence-advancedheading.kt-adv-heading8625_617e63-2a, .wp-block-kadence-advancedheading.kt-adv-heading8625_617e63-2a[data-kb-block=\"kb-adv-heading8625_617e63-2a\"]{margin-bottom:30px;font-style:normal;}.wp-block-kadence-advancedheading.kt-adv-heading8625_617e63-2a mark.kt-highlight, .wp-block-kadence-advancedheading.kt-adv-heading8625_617e63-2a[data-kb-block=\"kb-adv-heading8625_617e63-2a\"] mark.kt-highlight{font-style:normal;color:#f76a0c;-webkit-box-decoration-break:clone;box-decoration-break:clone;padding-top:0px;padding-right:0px;padding-bottom:0px;padding-left:0px;}.wp-block-kadence-advancedheading.kt-adv-heading8625_617e63-2a img.kb-inline-image, .wp-block-kadence-advancedheading.kt-adv-heading8625_617e63-2a[data-kb-block=\"kb-adv-heading8625_617e63-2a\"] img.kb-inline-image{width:150px;vertical-align:baseline;}@media all and (max-width: 1024px){.wp-block-kadence-advancedheading.kt-adv-heading8625_617e63-2a, .wp-block-kadence-advancedheading.kt-adv-heading8625_617e63-2a[data-kb-block=\"kb-adv-heading8625_617e63-2a\"]{text-align:left!important;}}@media all and (max-width: 767px){.wp-block-kadence-advancedheading.kt-adv-heading8625_617e63-2a, .wp-block-kadence-advancedheading.kt-adv-heading8625_617e63-2a[data-kb-block=\"kb-adv-heading8625_617e63-2a\"]{padding-top:0px;padding-right:0px;padding-bottom:0px;padding-left:0px;}}<\/style>\n<h1 class=\"kt-adv-heading8625_617e63-2a wp-block-kadence-advancedheading\" data-kb-block=\"kb-adv-heading8625_617e63-2a\">Panoramaroute Grenze<\/h1>\n\n\n\n<p>Der Grenzpanoramaweg f\u00fchrt uns von Trate durch das malerische Apa\u010de-Tal, wo sich Ausblicke auf fruchtbare Felder entlang der Mur er\u00f6ffnen. In Zgornje Konji\u0161\u010de halten wir am Erholungs- und Angelzentrum an und bewundern einen uralten Eichenstamm, der \u00fcber 1.385 Jahre alt ist. Die Reise geht weiter durch \u010crnci, wo wir Herrenh\u00e4user und drei Pestdenkm\u00e4ler erkunden. Die Route f\u00fchrt uns dann durch Nasova, Le\u0161ane und Spodnja \u0160\u010davnica, wo wir beim majest\u00e4tischen 300 Jahre alten &#8222;Niderlov-Eiche&#8220;, dem gr\u00f6\u00dften und \u00e4ltesten Baum in Pomurje, eine Pause einlegen. Wir beenden die Reise in Gornja Radgona und genie\u00dfen atemberaubende Ausblicke auf Weinberge und ein Panorama, das sich \u00fcber die Grenze hinaus erstreckt. Dieser Weg bietet nicht nur einen Spaziergang durch die nat\u00fcrliche Sch\u00f6nheit, sondern auch einen Einblick in die reiche Geschichte und das Erbe von Pomurje.<\/p>\n<\/div><\/div>\n\n<\/div><\/div>","protected":false},"excerpt":{"rendered":"<p>Themenwege Panoramaroute Grenze Der Grenzpanoramaweg f\u00fchrt uns von Trate durch das malerische Apa\u010de-Tal, wo sich Ausblicke auf fruchtbare Felder entlang der Mur er\u00f6ffnen. In Zgornje Konji\u0161\u010de halten wir am Erholungs- und Angelzentrum an und bewundern einen uralten Eichenstamm, der \u00fcber 1.385 Jahre alt ist. Die Reise geht weiter durch \u010crnci, wo wir Herrenh\u00e4user und drei&#8230;<\/p>\n","protected":false},"author":1,"featured_media":0,"parent":8616,"menu_order":0,"comment_status":"closed","ping_status":"closed","template":"","meta":{"_acf_changed":false,"_kad_blocks_custom_css":"","_kad_blocks_head_custom_js":"","_kad_blocks_body_custom_js":"","_kad_blocks_footer_custom_js":"","_kadence_starter_templates_imported_post":true,"_kad_post_transparent":"","_kad_post_title":"hide","_kad_post_layout":"fullwidth","_kad_post_sidebar_id":"","_kad_post_content_style":"unboxed","_kad_post_vertical_padding":"hide","_kad_post_feature":"hide","_kad_post_feature_position":"","_kad_post_header":false,"_kad_post_footer":false,"_kad_post_classname":"","footnotes":""},"class_list":["post-8625","page","type-page","status-publish","hentry"],"acf":[],"aioseo_notices":[],"taxonomy_info":[],"featured_image_src_large":false,"author_info":{"display_name":"Miha Borec","author_link":"https:\/\/visitradgona.si\/de\/author\/miha-borec\/"},"comment_info":0,"_links":{"self":[{"href":"https:\/\/visitradgona.si\/de\/wp-json\/wp\/v2\/pages\/8625","targetHints":{"allow":["GET"]}}],"collection":[{"href":"https:\/\/visitradgona.si\/de\/wp-json\/wp\/v2\/pages"}],"about":[{"href":"https:\/\/visitradgona.si\/de\/wp-json\/wp\/v2\/types\/page"}],"author":[{"embeddable":true,"href":"https:\/\/visitradgona.si\/de\/wp-json\/wp\/v2\/users\/1"}],"replies":[{"embeddable":true,"href":"https:\/\/visitradgona.si\/de\/wp-json\/wp\/v2\/comments?post=8625"}],"version-history":[{"count":0,"href":"https:\/\/visitradgona.si\/de\/wp-json\/wp\/v2\/pages\/8625\/revisions"}],"up":[{"embeddable":true,"href":"https:\/\/visitradgona.si\/de\/wp-json\/wp\/v2\/pages\/8616"}],"wp:attachment":[{"href":"https:\/\/visitradgona.si\/de\/wp-json\/wp\/v2\/media?parent=8625"}],"curies":[{"name":"wp","href":"https:\/\/api.w.org\/{rel}","templated":true}]}}