{"id":8609,"date":"2024-12-03T08:42:28","date_gmt":"2024-12-03T07:42:28","guid":{"rendered":"https:\/\/visitradgona.si\/urbana-pot-ob-muri\/"},"modified":"2025-03-01T14:20:05","modified_gmt":"2025-03-01T13:20:05","slug":"urbanen-weg-entlang-der-mur","status":"publish","type":"page","link":"https:\/\/visitradgona.si\/de\/aktivitaten-und-ausfluge\/themenwege\/urbanen-weg-entlang-der-mur\/","title":{"rendered":"Urbanen Weg entlang der Mur"},"content":{"rendered":"<style>.kb-row-layout-id8609_5cdf7c-9d > .kt-row-column-wrap{align-content:start;}:where(.kb-row-layout-id8609_5cdf7c-9d > .kt-row-column-wrap) > .wp-block-kadence-column{justify-content:start;}.kb-row-layout-id8609_5cdf7c-9d > .kt-row-column-wrap{column-gap:var(--global-kb-gap-md, 2rem);row-gap:var(--global-kb-gap-md, 2rem);max-width:var( --global-content-width, 1290px );padding-left:var(--global-content-edge-padding);padding-right:var(--global-content-edge-padding);padding-right:20px;padding-bottom:120px;padding-left:20px;min-height:50vh;grid-template-columns:minmax(0, calc(52% - ((var(--global-kb-gap-md, 2rem) * 1 )\/2)))minmax(0, calc(48% - ((var(--global-kb-gap-md, 2rem) * 1 )\/2)));}.kb-row-layout-id8609_5cdf7c-9d{background-image:url('https:\/\/visitradgona.si\/wp-content\/uploads\/2024\/12\/VisitRadgona_0001_cover-photo-Urbana_pot_ob_Muri.jpg');background-size:cover;background-position:50% 55.00000000000001%;background-attachment:scroll;background-repeat:no-repeat;}.kb-row-layout-id8609_5cdf7c-9d > .kt-row-layout-overlay{opacity:0.30;}@media all and (max-width: 1024px){.kb-row-layout-id8609_5cdf7c-9d > .kt-row-column-wrap{padding-top:60px;padding-right:90px;padding-bottom:60px;padding-left:90px;grid-template-columns:minmax(0, 1fr);}}@media all and (max-width: 767px){.kb-row-layout-id8609_5cdf7c-9d > .kt-row-column-wrap{padding-top:60px;padding-right:20px;padding-bottom:40px;padding-left:20px;grid-template-columns:minmax(0, 1fr);}}<\/style><div class=\"kb-row-layout-wrap kb-row-layout-id8609_5cdf7c-9d alignnone kt-row-has-bg wp-block-kadence-rowlayout\"><div class=\"kt-row-column-wrap kt-has-2-columns kt-row-layout-left-golden kt-tab-layout-row kt-mobile-layout-row kt-row-valign-top kb-theme-content-width\">\n<style>.kadence-column8609_251085-af > .kt-inside-inner-col{padding-right:0px;padding-left:0px;}.kadence-column8609_251085-af > .kt-inside-inner-col,.kadence-column8609_251085-af > .kt-inside-inner-col:before{border-top-left-radius:0px;border-top-right-radius:0px;border-bottom-right-radius:0px;border-bottom-left-radius:0px;}.kadence-column8609_251085-af > .kt-inside-inner-col{column-gap:var(--global-kb-gap-sm, 1rem);}.kadence-column8609_251085-af > .kt-inside-inner-col{flex-direction:column;}.kadence-column8609_251085-af > .kt-inside-inner-col > .aligncenter{width:100%;}.kadence-column8609_251085-af > .kt-inside-inner-col:before{opacity:0.3;}.kadence-column8609_251085-af{position:relative;}.kadence-column8609_251085-af, .kt-inside-inner-col > .kadence-column8609_251085-af:not(.specificity){margin-right:90px;margin-left:10px;}@media all and (max-width: 1024px){.kadence-column8609_251085-af > .kt-inside-inner-col{padding-top:0px;padding-right:60px;padding-bottom:0px;padding-left:60px;flex-direction:column;justify-content:center;}}@media all and (max-width: 1024px){.kadence-column8609_251085-af, .kt-inside-inner-col > .kadence-column8609_251085-af:not(.specificity){margin-top:0px;margin-right:0px;margin-bottom:0px;margin-left:0px;}}@media all and (max-width: 767px){.kadence-column8609_251085-af > .kt-inside-inner-col{padding-right:0px;padding-left:0px;flex-direction:column;justify-content:center;}.kadence-column8609_251085-af, .kt-inside-inner-col > .kadence-column8609_251085-af:not(.specificity){margin-right:0px;margin-left:0px;}}<\/style>\n<div class=\"wp-block-kadence-column kadence-column8609_251085-af inner-column-1\"><div class=\"kt-inside-inner-col\"><\/div><\/div>\n\n\n<style>.kadence-column8609_fafd82-b2 > .kt-inside-inner-col,.kadence-column8609_fafd82-b2 > .kt-inside-inner-col:before{border-top-left-radius:0px;border-top-right-radius:0px;border-bottom-right-radius:0px;border-bottom-left-radius:0px;}.kadence-column8609_fafd82-b2 > .kt-inside-inner-col{column-gap:var(--global-kb-gap-sm, 1rem);}.kadence-column8609_fafd82-b2 > .kt-inside-inner-col{flex-direction:column;}.kadence-column8609_fafd82-b2 > .kt-inside-inner-col > .aligncenter{width:100%;}.kadence-column8609_fafd82-b2 > .kt-inside-inner-col:before{opacity:0.3;}.kadence-column8609_fafd82-b2{position:relative;}@media all and (max-width: 1024px){.kadence-column8609_fafd82-b2 > .kt-inside-inner-col{flex-direction:column;justify-content:center;}}@media all and (max-width: 767px){.kadence-column8609_fafd82-b2 > .kt-inside-inner-col{flex-direction:column;justify-content:center;}}<\/style>\n<div class=\"wp-block-kadence-column kadence-column8609_fafd82-b2 kvs-md-false kvs-sm-false inner-column-2\"><div class=\"kt-inside-inner-col\"><\/div><\/div>\n\n<\/div><\/div>\n\n<style>.kb-row-layout-id8609_6f6a30-c1 > .kt-row-column-wrap{align-content:start;}:where(.kb-row-layout-id8609_6f6a30-c1 > .kt-row-column-wrap) > .wp-block-kadence-column{justify-content:start;}.kb-row-layout-id8609_6f6a30-c1 > .kt-row-column-wrap{column-gap:var(--global-kb-gap-md, 2rem);row-gap:var(--global-kb-gap-md, 2rem);max-width:var( --global-content-width, 1290px );padding-left:var(--global-content-edge-padding);padding-right:var(--global-content-edge-padding);padding-top:60px;padding-right:20px;padding-bottom:80px;padding-left:20px;grid-template-columns:minmax(0, 1fr);}.kb-row-layout-id8609_6f6a30-c1 > .kt-row-layout-overlay{opacity:0.30;}@media all and (max-width: 1024px){.kb-row-layout-id8609_6f6a30-c1 > .kt-row-column-wrap{grid-template-columns:minmax(0, 1fr);}}@media all and (max-width: 767px){.kb-row-layout-id8609_6f6a30-c1 > .kt-row-column-wrap{grid-template-columns:minmax(0, 1fr);}}<\/style><div class=\"kb-row-layout-wrap kb-row-layout-id8609_6f6a30-c1 alignfull wp-block-kadence-rowlayout\"><div class=\"kt-row-column-wrap kt-has-1-columns kt-row-layout-equal kt-tab-layout-inherit kt-mobile-layout-row kt-row-valign-top kb-theme-content-width\">\n<style>.kadence-column8609_987b1c-39 > .kt-inside-inner-col,.kadence-column8609_987b1c-39 > .kt-inside-inner-col:before{border-top-left-radius:0px;border-top-right-radius:0px;border-bottom-right-radius:0px;border-bottom-left-radius:0px;}.kadence-column8609_987b1c-39 > .kt-inside-inner-col{column-gap:var(--global-kb-gap-sm, 1rem);}.kadence-column8609_987b1c-39 > .kt-inside-inner-col{flex-direction:column;}.kadence-column8609_987b1c-39 > .kt-inside-inner-col > .aligncenter{width:100%;}.kadence-column8609_987b1c-39 > .kt-inside-inner-col:before{opacity:0.3;}.kadence-column8609_987b1c-39{position:relative;}@media all and (max-width: 1024px){.kadence-column8609_987b1c-39 > .kt-inside-inner-col{flex-direction:column;justify-content:center;}}@media all and (max-width: 767px){.kadence-column8609_987b1c-39 > .kt-inside-inner-col{flex-direction:column;justify-content:center;}}<\/style>\n<div class=\"wp-block-kadence-column kadence-column8609_987b1c-39\"><div class=\"kt-inside-inner-col\"><style>.wp-block-kadence-advancedheading.kt-adv-heading8609_47b072-83, .wp-block-kadence-advancedheading.kt-adv-heading8609_47b072-83[data-kb-block=\"kb-adv-heading8609_47b072-83\"]{font-style:normal;}.wp-block-kadence-advancedheading.kt-adv-heading8609_47b072-83 mark.kt-highlight, .wp-block-kadence-advancedheading.kt-adv-heading8609_47b072-83[data-kb-block=\"kb-adv-heading8609_47b072-83\"] mark.kt-highlight{font-style:normal;color:#f76a0c;-webkit-box-decoration-break:clone;box-decoration-break:clone;padding-top:0px;padding-right:0px;padding-bottom:0px;padding-left:0px;}.wp-block-kadence-advancedheading.kt-adv-heading8609_47b072-83 img.kb-inline-image, .wp-block-kadence-advancedheading.kt-adv-heading8609_47b072-83[data-kb-block=\"kb-adv-heading8609_47b072-83\"] img.kb-inline-image{width:150px;vertical-align:baseline;}@media all and (max-width: 1024px){.wp-block-kadence-advancedheading.kt-adv-heading8609_47b072-83, .wp-block-kadence-advancedheading.kt-adv-heading8609_47b072-83[data-kb-block=\"kb-adv-heading8609_47b072-83\"]{text-align:left!important;}}<\/style>\n<h6 class=\"kt-adv-heading8609_47b072-83 wp-block-kadence-advancedheading\" data-kb-block=\"kb-adv-heading8609_47b072-83\">Themenwege<\/h6>\n\n\n<style>.wp-block-kadence-advancedheading.kt-adv-heading8609_099d1e-e3, .wp-block-kadence-advancedheading.kt-adv-heading8609_099d1e-e3[data-kb-block=\"kb-adv-heading8609_099d1e-e3\"]{margin-bottom:30px;font-style:normal;}.wp-block-kadence-advancedheading.kt-adv-heading8609_099d1e-e3 mark.kt-highlight, .wp-block-kadence-advancedheading.kt-adv-heading8609_099d1e-e3[data-kb-block=\"kb-adv-heading8609_099d1e-e3\"] mark.kt-highlight{font-style:normal;color:#f76a0c;-webkit-box-decoration-break:clone;box-decoration-break:clone;padding-top:0px;padding-right:0px;padding-bottom:0px;padding-left:0px;}.wp-block-kadence-advancedheading.kt-adv-heading8609_099d1e-e3 img.kb-inline-image, .wp-block-kadence-advancedheading.kt-adv-heading8609_099d1e-e3[data-kb-block=\"kb-adv-heading8609_099d1e-e3\"] img.kb-inline-image{width:150px;vertical-align:baseline;}@media all and (max-width: 1024px){.wp-block-kadence-advancedheading.kt-adv-heading8609_099d1e-e3, .wp-block-kadence-advancedheading.kt-adv-heading8609_099d1e-e3[data-kb-block=\"kb-adv-heading8609_099d1e-e3\"]{text-align:left!important;}}@media all and (max-width: 767px){.wp-block-kadence-advancedheading.kt-adv-heading8609_099d1e-e3, .wp-block-kadence-advancedheading.kt-adv-heading8609_099d1e-e3[data-kb-block=\"kb-adv-heading8609_099d1e-e3\"]{padding-top:0px;padding-right:0px;padding-bottom:0px;padding-left:0px;}}<\/style>\n<h1 class=\"kt-adv-heading8609_099d1e-e3 wp-block-kadence-advancedheading\" data-kb-block=\"kb-adv-heading8609_099d1e-e3\">Urbanen Weg entlang der Mur<\/h1>\n\n\n\n<p>Suchen Sie die perfekte Mischung aus Natur und Komfort? Der Urbane Weg entlang der Mur ist die ideale Wahl f\u00fcr alle, die die Sch\u00f6nheit der Natur von einem gepflasterten Pfad mit moderner Infrastruktur aus genie\u00dfen m\u00f6chten. Entlang der Strecke erwarten Sie Sitzb\u00e4nke zum Ausruhen, Spielpl\u00e4tze f\u00fcr Kinder, ein Amphitheater f\u00fcr Veranstaltungen und Informationstafeln, die die reiche Tier- und Pflanzenwelt sowie die Geschichte der Region pr\u00e4sentieren.<\/p>\n\n\n\n<p>Der Weg beginnt an der Freundschaftsbr\u00fccke an der Grenze zu \u00d6sterreich und f\u00fchrt zum Stadtpark und zum Tourismus- und Sportzentrum Trate. Aber Ihr Abenteuer endet hier nicht\u2014setzen Sie Ihren Spaziergang fort bis zum Naturjuwel Lisjak-Au. Kommen Sie und erleben Sie eine einzigartige Kombination aus Natur, Geschichte und modernem Komfort entlang der Mur!<\/p>\n<\/div><\/div>\n\n<\/div><\/div>","protected":false},"excerpt":{"rendered":"<p>Themenwege Urbanen Weg entlang der Mur Suchen Sie die perfekte Mischung aus Natur und Komfort? Der Urbane Weg entlang der Mur ist die ideale Wahl f\u00fcr alle, die die Sch\u00f6nheit der Natur von einem gepflasterten Pfad mit moderner Infrastruktur aus genie\u00dfen m\u00f6chten. Entlang der Strecke erwarten Sie Sitzb\u00e4nke zum Ausruhen, Spielpl\u00e4tze f\u00fcr Kinder, ein Amphitheater&#8230;<\/p>\n","protected":false},"author":1,"featured_media":0,"parent":8616,"menu_order":0,"comment_status":"closed","ping_status":"closed","template":"","meta":{"_acf_changed":false,"_kad_blocks_custom_css":"","_kad_blocks_head_custom_js":"","_kad_blocks_body_custom_js":"","_kad_blocks_footer_custom_js":"","_kadence_starter_templates_imported_post":true,"_kad_post_transparent":"","_kad_post_title":"hide","_kad_post_layout":"fullwidth","_kad_post_sidebar_id":"","_kad_post_content_style":"unboxed","_kad_post_vertical_padding":"hide","_kad_post_feature":"hide","_kad_post_feature_position":"","_kad_post_header":false,"_kad_post_footer":false,"_kad_post_classname":"","footnotes":""},"class_list":["post-8609","page","type-page","status-publish","hentry"],"acf":[],"aioseo_notices":[],"taxonomy_info":[],"featured_image_src_large":false,"author_info":{"display_name":"Miha Borec","author_link":"https:\/\/visitradgona.si\/de\/author\/miha-borec\/"},"comment_info":0,"_links":{"self":[{"href":"https:\/\/visitradgona.si\/de\/wp-json\/wp\/v2\/pages\/8609","targetHints":{"allow":["GET"]}}],"collection":[{"href":"https:\/\/visitradgona.si\/de\/wp-json\/wp\/v2\/pages"}],"about":[{"href":"https:\/\/visitradgona.si\/de\/wp-json\/wp\/v2\/types\/page"}],"author":[{"embeddable":true,"href":"https:\/\/visitradgona.si\/de\/wp-json\/wp\/v2\/users\/1"}],"replies":[{"embeddable":true,"href":"https:\/\/visitradgona.si\/de\/wp-json\/wp\/v2\/comments?post=8609"}],"version-history":[{"count":0,"href":"https:\/\/visitradgona.si\/de\/wp-json\/wp\/v2\/pages\/8609\/revisions"}],"up":[{"embeddable":true,"href":"https:\/\/visitradgona.si\/de\/wp-json\/wp\/v2\/pages\/8616"}],"wp:attachment":[{"href":"https:\/\/visitradgona.si\/de\/wp-json\/wp\/v2\/media?parent=8609"}],"curies":[{"name":"wp","href":"https:\/\/api.w.org\/{rel}","templated":true}]}}