{"id":8596,"date":"2024-12-05T11:04:19","date_gmt":"2024-12-05T10:04:19","guid":{"rendered":"https:\/\/visitradgona.si\/vodenja\/vodeni-ogledi-kleti-radgonskih-goric\/"},"modified":"2025-03-01T14:42:24","modified_gmt":"2025-03-01T13:42:24","slug":"gefuhrte-besichtigung-der-keller-von-radgonske-gorice","status":"publish","type":"page","link":"https:\/\/visitradgona.si\/de\/aktivitaten-und-ausfluge\/fuhrungen\/gefuhrte-besichtigung-der-keller-von-radgonske-gorice\/","title":{"rendered":"Gef\u00fchrte Besichtigung der Keller von Radgonske Gorice"},"content":{"rendered":"<style>.kb-row-layout-id8596_8e9704-4a > .kt-row-column-wrap{align-content:start;}:where(.kb-row-layout-id8596_8e9704-4a > .kt-row-column-wrap) > .wp-block-kadence-column{justify-content:start;}.kb-row-layout-id8596_8e9704-4a > .kt-row-column-wrap{column-gap:var(--global-kb-gap-md, 2rem);row-gap:var(--global-kb-gap-md, 2rem);max-width:var( --global-content-width, 1290px );padding-left:var(--global-content-edge-padding);padding-right:var(--global-content-edge-padding);padding-right:20px;padding-bottom:120px;padding-left:20px;min-height:50vh;grid-template-columns:minmax(0, calc(52% - ((var(--global-kb-gap-md, 2rem) * 1 )\/2)))minmax(0, calc(48% - ((var(--global-kb-gap-md, 2rem) * 1 )\/2)));}.kb-row-layout-id8596_8e9704-4a{background-image:url('https:\/\/visitradgona.si\/wp-content\/uploads\/2024\/12\/VisitRadgona-cover-photo_0001_Vodeni-ogledi-Radgonskih-goric.jpg');background-size:cover;background-position:50% 40%;background-attachment:scroll;background-repeat:no-repeat;}.kb-row-layout-id8596_8e9704-4a > .kt-row-layout-overlay{opacity:0.30;}@media all and (max-width: 1024px){.kb-row-layout-id8596_8e9704-4a > .kt-row-column-wrap{padding-top:60px;padding-right:90px;padding-bottom:60px;padding-left:90px;grid-template-columns:minmax(0, 1fr);}}@media all and (max-width: 767px){.kb-row-layout-id8596_8e9704-4a > .kt-row-column-wrap{padding-top:60px;padding-right:20px;padding-bottom:40px;padding-left:20px;grid-template-columns:minmax(0, 1fr);}}<\/style><div class=\"kb-row-layout-wrap kb-row-layout-id8596_8e9704-4a alignnone kt-row-has-bg wp-block-kadence-rowlayout\"><div class=\"kt-row-column-wrap kt-has-2-columns kt-row-layout-left-golden kt-tab-layout-row kt-mobile-layout-row kt-row-valign-top kb-theme-content-width\">\n<style>.kadence-column8596_ed3ffa-79 > .kt-inside-inner-col{padding-right:0px;padding-left:0px;}.kadence-column8596_ed3ffa-79 > .kt-inside-inner-col,.kadence-column8596_ed3ffa-79 > .kt-inside-inner-col:before{border-top-left-radius:0px;border-top-right-radius:0px;border-bottom-right-radius:0px;border-bottom-left-radius:0px;}.kadence-column8596_ed3ffa-79 > .kt-inside-inner-col{column-gap:var(--global-kb-gap-sm, 1rem);}.kadence-column8596_ed3ffa-79 > .kt-inside-inner-col{flex-direction:column;}.kadence-column8596_ed3ffa-79 > .kt-inside-inner-col > .aligncenter{width:100%;}.kadence-column8596_ed3ffa-79 > .kt-inside-inner-col:before{opacity:0.3;}.kadence-column8596_ed3ffa-79{position:relative;}.kadence-column8596_ed3ffa-79, .kt-inside-inner-col > .kadence-column8596_ed3ffa-79:not(.specificity){margin-right:90px;margin-left:10px;}@media all and (max-width: 1024px){.kadence-column8596_ed3ffa-79 > .kt-inside-inner-col{padding-top:0px;padding-right:60px;padding-bottom:0px;padding-left:60px;flex-direction:column;justify-content:center;}}@media all and (max-width: 1024px){.kadence-column8596_ed3ffa-79, .kt-inside-inner-col > .kadence-column8596_ed3ffa-79:not(.specificity){margin-top:0px;margin-right:0px;margin-bottom:0px;margin-left:0px;}}@media all and (max-width: 767px){.kadence-column8596_ed3ffa-79 > .kt-inside-inner-col{padding-right:0px;padding-left:0px;flex-direction:column;justify-content:center;}.kadence-column8596_ed3ffa-79, .kt-inside-inner-col > .kadence-column8596_ed3ffa-79:not(.specificity){margin-right:0px;margin-left:0px;}}<\/style>\n<div class=\"wp-block-kadence-column kadence-column8596_ed3ffa-79 inner-column-1\"><div class=\"kt-inside-inner-col\"><\/div><\/div>\n\n\n<style>.kadence-column8596_cab538-2e > .kt-inside-inner-col,.kadence-column8596_cab538-2e > .kt-inside-inner-col:before{border-top-left-radius:0px;border-top-right-radius:0px;border-bottom-right-radius:0px;border-bottom-left-radius:0px;}.kadence-column8596_cab538-2e > .kt-inside-inner-col{column-gap:var(--global-kb-gap-sm, 1rem);}.kadence-column8596_cab538-2e > .kt-inside-inner-col{flex-direction:column;}.kadence-column8596_cab538-2e > .kt-inside-inner-col > .aligncenter{width:100%;}.kadence-column8596_cab538-2e > .kt-inside-inner-col:before{opacity:0.3;}.kadence-column8596_cab538-2e{position:relative;}@media all and (max-width: 1024px){.kadence-column8596_cab538-2e > .kt-inside-inner-col{flex-direction:column;justify-content:center;}}@media all and (max-width: 767px){.kadence-column8596_cab538-2e > .kt-inside-inner-col{flex-direction:column;justify-content:center;}}<\/style>\n<div class=\"wp-block-kadence-column kadence-column8596_cab538-2e kvs-md-false kvs-sm-false inner-column-2\"><div class=\"kt-inside-inner-col\"><\/div><\/div>\n\n<\/div><\/div>\n\n<style>.kb-row-layout-id8596_db00dd-d3 > .kt-row-column-wrap{align-content:start;}:where(.kb-row-layout-id8596_db00dd-d3 > .kt-row-column-wrap) > .wp-block-kadence-column{justify-content:start;}.kb-row-layout-id8596_db00dd-d3 > .kt-row-column-wrap{column-gap:var(--global-kb-gap-md, 2rem);row-gap:var(--global-kb-gap-md, 2rem);max-width:var( --global-content-width, 1290px );padding-left:var(--global-content-edge-padding);padding-right:var(--global-content-edge-padding);padding-top:60px;padding-right:20px;padding-bottom:80px;padding-left:20px;grid-template-columns:minmax(0, 1fr);}.kb-row-layout-id8596_db00dd-d3 > .kt-row-layout-overlay{opacity:0.30;}@media all and (max-width: 1024px){.kb-row-layout-id8596_db00dd-d3 > .kt-row-column-wrap{grid-template-columns:minmax(0, 1fr);}}@media all and (max-width: 767px){.kb-row-layout-id8596_db00dd-d3 > .kt-row-column-wrap{grid-template-columns:minmax(0, 1fr);}}<\/style><div class=\"kb-row-layout-wrap kb-row-layout-id8596_db00dd-d3 alignfull wp-block-kadence-rowlayout\"><div class=\"kt-row-column-wrap kt-has-1-columns kt-row-layout-equal kt-tab-layout-inherit kt-mobile-layout-row kt-row-valign-top kb-theme-content-width\">\n<style>.kadence-column8596_afa64d-6b > .kt-inside-inner-col,.kadence-column8596_afa64d-6b > .kt-inside-inner-col:before{border-top-left-radius:0px;border-top-right-radius:0px;border-bottom-right-radius:0px;border-bottom-left-radius:0px;}.kadence-column8596_afa64d-6b > .kt-inside-inner-col{column-gap:var(--global-kb-gap-sm, 1rem);}.kadence-column8596_afa64d-6b > .kt-inside-inner-col{flex-direction:column;}.kadence-column8596_afa64d-6b > .kt-inside-inner-col > .aligncenter{width:100%;}.kadence-column8596_afa64d-6b > .kt-inside-inner-col:before{opacity:0.3;}.kadence-column8596_afa64d-6b{position:relative;}@media all and (max-width: 1024px){.kadence-column8596_afa64d-6b > .kt-inside-inner-col{flex-direction:column;justify-content:center;}}@media all and (max-width: 767px){.kadence-column8596_afa64d-6b > .kt-inside-inner-col{flex-direction:column;justify-content:center;}}<\/style>\n<div class=\"wp-block-kadence-column kadence-column8596_afa64d-6b\"><div class=\"kt-inside-inner-col\"><style>.wp-block-kadence-advancedheading.kt-adv-heading8596_986d92-59, .wp-block-kadence-advancedheading.kt-adv-heading8596_986d92-59[data-kb-block=\"kb-adv-heading8596_986d92-59\"]{font-style:normal;}.wp-block-kadence-advancedheading.kt-adv-heading8596_986d92-59 mark.kt-highlight, .wp-block-kadence-advancedheading.kt-adv-heading8596_986d92-59[data-kb-block=\"kb-adv-heading8596_986d92-59\"] mark.kt-highlight{font-style:normal;color:#f76a0c;-webkit-box-decoration-break:clone;box-decoration-break:clone;padding-top:0px;padding-right:0px;padding-bottom:0px;padding-left:0px;}.wp-block-kadence-advancedheading.kt-adv-heading8596_986d92-59 img.kb-inline-image, .wp-block-kadence-advancedheading.kt-adv-heading8596_986d92-59[data-kb-block=\"kb-adv-heading8596_986d92-59\"] img.kb-inline-image{width:150px;vertical-align:baseline;}@media all and (max-width: 1024px){.wp-block-kadence-advancedheading.kt-adv-heading8596_986d92-59, .wp-block-kadence-advancedheading.kt-adv-heading8596_986d92-59[data-kb-block=\"kb-adv-heading8596_986d92-59\"]{text-align:left!important;}}<\/style>\n<h6 class=\"kt-adv-heading8596_986d92-59 wp-block-kadence-advancedheading\" data-kb-block=\"kb-adv-heading8596_986d92-59\">F\u00fchrungen<\/h6>\n\n\n<style>.wp-block-kadence-advancedheading.kt-adv-heading8596_a811d0-7a, .wp-block-kadence-advancedheading.kt-adv-heading8596_a811d0-7a[data-kb-block=\"kb-adv-heading8596_a811d0-7a\"]{margin-bottom:30px;font-style:normal;}.wp-block-kadence-advancedheading.kt-adv-heading8596_a811d0-7a mark.kt-highlight, .wp-block-kadence-advancedheading.kt-adv-heading8596_a811d0-7a[data-kb-block=\"kb-adv-heading8596_a811d0-7a\"] mark.kt-highlight{font-style:normal;color:#f76a0c;-webkit-box-decoration-break:clone;box-decoration-break:clone;padding-top:0px;padding-right:0px;padding-bottom:0px;padding-left:0px;}.wp-block-kadence-advancedheading.kt-adv-heading8596_a811d0-7a img.kb-inline-image, .wp-block-kadence-advancedheading.kt-adv-heading8596_a811d0-7a[data-kb-block=\"kb-adv-heading8596_a811d0-7a\"] img.kb-inline-image{width:150px;vertical-align:baseline;}@media all and (max-width: 1024px){.wp-block-kadence-advancedheading.kt-adv-heading8596_a811d0-7a, .wp-block-kadence-advancedheading.kt-adv-heading8596_a811d0-7a[data-kb-block=\"kb-adv-heading8596_a811d0-7a\"]{text-align:left!important;}}@media all and (max-width: 767px){.wp-block-kadence-advancedheading.kt-adv-heading8596_a811d0-7a, .wp-block-kadence-advancedheading.kt-adv-heading8596_a811d0-7a[data-kb-block=\"kb-adv-heading8596_a811d0-7a\"]{padding-top:0px;padding-right:0px;padding-bottom:0px;padding-left:0px;}}<\/style>\n<h1 class=\"kt-adv-heading8596_a811d0-7a wp-block-kadence-advancedheading\" data-kb-block=\"kb-adv-heading8596_a811d0-7a\">Gef\u00fchrte Besichtigung der Keller von Radgonske Gorice<\/h1>\n\n\n\n<p>In den Radgonske Gorice werden seit 1852 Weine in ihren einzigartigen Kellern produziert und gelagert. Der Stolz des Hauses ist der erste und am h\u00e4ufigsten ausgezeichnete slowenische Sekt, Zlata Radgonska Penina. Wir laden Sie ein, den Keller Pod skalo zu besuchen, wo die Flaschen dieses goldenen Juwels auf speziellen Gestellen reifen. Im Keller Pod rimskim kolesom werden die wertvollen Jahrg\u00e4nge der Radgonske Gorice aufbewahrt. Hier entdecken Sie Tausende von Flaschen erstklassiger Weine und Sekte. Dieser einzigartige Keller beeindruckt die Besucher mit einem eingebauten r\u00f6mischen Rad, das zusammen mit durchdringendem Sonnenlicht die Entwicklung des Weinbaus und der Winzerei in den Radgonske Gorice symbolisiert. Der atemberaubende Keller Pod slapom verwandelt die Weinprobe in ein unvergessliches Erlebnis. Das sanfte Ger\u00e4usch eines Wasserfalls, der aus dem Felsen des Burgh\u00fcgels flie\u00dft, schafft eine magische Atmosph\u00e4re, die Sie sicherlich erneut erleben m\u00f6chten.<\/p>\n\n\n\n<p>Die Radgonske Gorice bieten F\u00fchrungen sowohl f\u00fcr Einzelbesucher an, die von Montag bis Samstag zwischen 12:00 und 16:00 Uhr alle 30 Minuten stattfinden, als auch f\u00fcr vorangemeldete Gruppen.<\/p>\n\n\n\n<p>Dauer der gef\u00fchrten Tour: 60 Minuten.<\/p>\n\n\n\n<p style=\"margin-bottom:10px\">Preis:<\/p>\n\n\n\n<ul class=\"wp-block-list\">\n<li>Gruppen bis zu 15 Personen: 15,00 \u20ac pro Person<\/li>\n\n\n\n<li>Gruppen \u00fcber 15 Personen: 13,00 \u20ac pro Person<\/li>\n<\/ul>\n\n\n\n<p>Weitere Informationen und Reservierungen:<br>T: <a href=\"tel:00386025648550\">+386 (0)2 564 85 50<\/a><br>E: <a href=\"mailto:prodajalna@radgonske-gorice.si\">prodajalna@radgonske-gorice.si<\/a><\/p>\n<\/div><\/div>\n\n<\/div><\/div>","protected":false},"excerpt":{"rendered":"<p>F\u00fchrungen Gef\u00fchrte Besichtigung der Keller von Radgonske Gorice In den Radgonske Gorice werden seit 1852 Weine in ihren einzigartigen Kellern produziert und gelagert. Der Stolz des Hauses ist der erste und am h\u00e4ufigsten ausgezeichnete slowenische Sekt, Zlata Radgonska Penina. Wir laden Sie ein, den Keller Pod skalo zu besuchen, wo die Flaschen dieses goldenen Juwels&#8230;<\/p>\n","protected":false},"author":1,"featured_media":0,"parent":8566,"menu_order":0,"comment_status":"closed","ping_status":"closed","template":"","meta":{"_acf_changed":false,"_kad_blocks_custom_css":"","_kad_blocks_head_custom_js":"","_kad_blocks_body_custom_js":"","_kad_blocks_footer_custom_js":"","_kadence_starter_templates_imported_post":true,"_kad_post_transparent":"","_kad_post_title":"hide","_kad_post_layout":"fullwidth","_kad_post_sidebar_id":"","_kad_post_content_style":"unboxed","_kad_post_vertical_padding":"hide","_kad_post_feature":"hide","_kad_post_feature_position":"","_kad_post_header":false,"_kad_post_footer":false,"_kad_post_classname":"","footnotes":""},"class_list":["post-8596","page","type-page","status-publish","hentry"],"acf":[],"aioseo_notices":[],"taxonomy_info":[],"featured_image_src_large":false,"author_info":{"display_name":"Miha Borec","author_link":"https:\/\/visitradgona.si\/de\/author\/miha-borec\/"},"comment_info":0,"_links":{"self":[{"href":"https:\/\/visitradgona.si\/de\/wp-json\/wp\/v2\/pages\/8596","targetHints":{"allow":["GET"]}}],"collection":[{"href":"https:\/\/visitradgona.si\/de\/wp-json\/wp\/v2\/pages"}],"about":[{"href":"https:\/\/visitradgona.si\/de\/wp-json\/wp\/v2\/types\/page"}],"author":[{"embeddable":true,"href":"https:\/\/visitradgona.si\/de\/wp-json\/wp\/v2\/users\/1"}],"replies":[{"embeddable":true,"href":"https:\/\/visitradgona.si\/de\/wp-json\/wp\/v2\/comments?post=8596"}],"version-history":[{"count":0,"href":"https:\/\/visitradgona.si\/de\/wp-json\/wp\/v2\/pages\/8596\/revisions"}],"up":[{"embeddable":true,"href":"https:\/\/visitradgona.si\/de\/wp-json\/wp\/v2\/pages\/8566"}],"wp:attachment":[{"href":"https:\/\/visitradgona.si\/de\/wp-json\/wp\/v2\/media?parent=8596"}],"curies":[{"name":"wp","href":"https:\/\/api.w.org\/{rel}","templated":true}]}}