{"id":8583,"date":"2024-12-05T11:02:26","date_gmt":"2024-12-05T10:02:26","guid":{"rendered":"https:\/\/visitradgona.si\/vodenja\/vodeni-ogled-spitala\/"},"modified":"2025-03-01T14:39:52","modified_gmt":"2025-03-01T13:39:52","slug":"gefuhrte-besichtigung-des-spitals","status":"publish","type":"page","link":"https:\/\/visitradgona.si\/de\/aktivitaten-und-ausfluge\/fuhrungen\/gefuhrte-besichtigung-des-spitals\/","title":{"rendered":"Gef\u00fchrte Besichtigung des \u0160pitals"},"content":{"rendered":"<style>.kb-row-layout-id8583_3a7e0f-a9 > .kt-row-column-wrap{align-content:start;}:where(.kb-row-layout-id8583_3a7e0f-a9 > .kt-row-column-wrap) > .wp-block-kadence-column{justify-content:start;}.kb-row-layout-id8583_3a7e0f-a9 > .kt-row-column-wrap{column-gap:var(--global-kb-gap-md, 2rem);row-gap:var(--global-kb-gap-md, 2rem);max-width:var( --global-content-width, 1290px );padding-left:var(--global-content-edge-padding);padding-right:var(--global-content-edge-padding);padding-right:20px;padding-bottom:120px;padding-left:20px;min-height:50vh;grid-template-columns:minmax(0, calc(52% - ((var(--global-kb-gap-md, 2rem) * 1 )\/2)))minmax(0, calc(48% - ((var(--global-kb-gap-md, 2rem) * 1 )\/2)));}.kb-row-layout-id8583_3a7e0f-a9{background-image:url('https:\/\/visitradgona.si\/wp-content\/uploads\/2024\/12\/VisitRadgona-cover-photo_0003_Vodeni-ogled-Spitala.jpg');background-size:cover;background-position:50% 15%;background-attachment:scroll;background-repeat:no-repeat;}.kb-row-layout-id8583_3a7e0f-a9 > .kt-row-layout-overlay{opacity:0.30;}@media all and (max-width: 1024px){.kb-row-layout-id8583_3a7e0f-a9 > .kt-row-column-wrap{padding-top:60px;padding-right:90px;padding-bottom:60px;padding-left:90px;grid-template-columns:minmax(0, 1fr);}}@media all and (max-width: 767px){.kb-row-layout-id8583_3a7e0f-a9 > .kt-row-column-wrap{padding-top:60px;padding-right:20px;padding-bottom:40px;padding-left:20px;grid-template-columns:minmax(0, 1fr);}}<\/style><div class=\"kb-row-layout-wrap kb-row-layout-id8583_3a7e0f-a9 alignnone kt-row-has-bg wp-block-kadence-rowlayout\"><div class=\"kt-row-column-wrap kt-has-2-columns kt-row-layout-left-golden kt-tab-layout-row kt-mobile-layout-row kt-row-valign-top kb-theme-content-width\">\n<style>.kadence-column8583_90cb9b-1e > .kt-inside-inner-col{padding-right:0px;padding-left:0px;}.kadence-column8583_90cb9b-1e > .kt-inside-inner-col,.kadence-column8583_90cb9b-1e > .kt-inside-inner-col:before{border-top-left-radius:0px;border-top-right-radius:0px;border-bottom-right-radius:0px;border-bottom-left-radius:0px;}.kadence-column8583_90cb9b-1e > .kt-inside-inner-col{column-gap:var(--global-kb-gap-sm, 1rem);}.kadence-column8583_90cb9b-1e > .kt-inside-inner-col{flex-direction:column;}.kadence-column8583_90cb9b-1e > .kt-inside-inner-col > .aligncenter{width:100%;}.kadence-column8583_90cb9b-1e > .kt-inside-inner-col:before{opacity:0.3;}.kadence-column8583_90cb9b-1e{position:relative;}.kadence-column8583_90cb9b-1e, .kt-inside-inner-col > .kadence-column8583_90cb9b-1e:not(.specificity){margin-right:90px;margin-left:10px;}@media all and (max-width: 1024px){.kadence-column8583_90cb9b-1e > .kt-inside-inner-col{padding-top:0px;padding-right:60px;padding-bottom:0px;padding-left:60px;flex-direction:column;justify-content:center;}}@media all and (max-width: 1024px){.kadence-column8583_90cb9b-1e, .kt-inside-inner-col > .kadence-column8583_90cb9b-1e:not(.specificity){margin-top:0px;margin-right:0px;margin-bottom:0px;margin-left:0px;}}@media all and (max-width: 767px){.kadence-column8583_90cb9b-1e > .kt-inside-inner-col{padding-right:0px;padding-left:0px;flex-direction:column;justify-content:center;}.kadence-column8583_90cb9b-1e, .kt-inside-inner-col > .kadence-column8583_90cb9b-1e:not(.specificity){margin-right:0px;margin-left:0px;}}<\/style>\n<div class=\"wp-block-kadence-column kadence-column8583_90cb9b-1e inner-column-1\"><div class=\"kt-inside-inner-col\"><\/div><\/div>\n\n\n<style>.kadence-column8583_9b777d-0e > .kt-inside-inner-col,.kadence-column8583_9b777d-0e > .kt-inside-inner-col:before{border-top-left-radius:0px;border-top-right-radius:0px;border-bottom-right-radius:0px;border-bottom-left-radius:0px;}.kadence-column8583_9b777d-0e > .kt-inside-inner-col{column-gap:var(--global-kb-gap-sm, 1rem);}.kadence-column8583_9b777d-0e > .kt-inside-inner-col{flex-direction:column;}.kadence-column8583_9b777d-0e > .kt-inside-inner-col > .aligncenter{width:100%;}.kadence-column8583_9b777d-0e > .kt-inside-inner-col:before{opacity:0.3;}.kadence-column8583_9b777d-0e{position:relative;}@media all and (max-width: 1024px){.kadence-column8583_9b777d-0e > .kt-inside-inner-col{flex-direction:column;justify-content:center;}}@media all and (max-width: 767px){.kadence-column8583_9b777d-0e > .kt-inside-inner-col{flex-direction:column;justify-content:center;}}<\/style>\n<div class=\"wp-block-kadence-column kadence-column8583_9b777d-0e kvs-md-false kvs-sm-false inner-column-2\"><div class=\"kt-inside-inner-col\"><\/div><\/div>\n\n<\/div><\/div>\n\n<style>.kb-row-layout-id8583_5f7dd9-00 > .kt-row-column-wrap{align-content:start;}:where(.kb-row-layout-id8583_5f7dd9-00 > .kt-row-column-wrap) > .wp-block-kadence-column{justify-content:start;}.kb-row-layout-id8583_5f7dd9-00 > .kt-row-column-wrap{column-gap:var(--global-kb-gap-md, 2rem);row-gap:var(--global-kb-gap-md, 2rem);max-width:var( --global-content-width, 1290px );padding-left:var(--global-content-edge-padding);padding-right:var(--global-content-edge-padding);padding-top:60px;padding-right:20px;padding-bottom:80px;padding-left:20px;grid-template-columns:minmax(0, 1fr);}.kb-row-layout-id8583_5f7dd9-00 > .kt-row-layout-overlay{opacity:0.30;}@media all and (max-width: 1024px){.kb-row-layout-id8583_5f7dd9-00 > .kt-row-column-wrap{grid-template-columns:minmax(0, 1fr);}}@media all and (max-width: 767px){.kb-row-layout-id8583_5f7dd9-00 > .kt-row-column-wrap{grid-template-columns:minmax(0, 1fr);}}<\/style><div class=\"kb-row-layout-wrap kb-row-layout-id8583_5f7dd9-00 alignfull wp-block-kadence-rowlayout\"><div class=\"kt-row-column-wrap kt-has-1-columns kt-row-layout-equal kt-tab-layout-inherit kt-mobile-layout-row kt-row-valign-top kb-theme-content-width\">\n<style>.kadence-column8583_5f0814-c4 > .kt-inside-inner-col,.kadence-column8583_5f0814-c4 > .kt-inside-inner-col:before{border-top-left-radius:0px;border-top-right-radius:0px;border-bottom-right-radius:0px;border-bottom-left-radius:0px;}.kadence-column8583_5f0814-c4 > .kt-inside-inner-col{column-gap:var(--global-kb-gap-sm, 1rem);}.kadence-column8583_5f0814-c4 > .kt-inside-inner-col{flex-direction:column;}.kadence-column8583_5f0814-c4 > .kt-inside-inner-col > .aligncenter{width:100%;}.kadence-column8583_5f0814-c4 > .kt-inside-inner-col:before{opacity:0.3;}.kadence-column8583_5f0814-c4{position:relative;}@media all and (max-width: 1024px){.kadence-column8583_5f0814-c4 > .kt-inside-inner-col{flex-direction:column;justify-content:center;}}@media all and (max-width: 767px){.kadence-column8583_5f0814-c4 > .kt-inside-inner-col{flex-direction:column;justify-content:center;}}<\/style>\n<div class=\"wp-block-kadence-column kadence-column8583_5f0814-c4\"><div class=\"kt-inside-inner-col\"><style>.wp-block-kadence-advancedheading.kt-adv-heading8583_23f1f2-87, .wp-block-kadence-advancedheading.kt-adv-heading8583_23f1f2-87[data-kb-block=\"kb-adv-heading8583_23f1f2-87\"]{font-style:normal;}.wp-block-kadence-advancedheading.kt-adv-heading8583_23f1f2-87 mark.kt-highlight, .wp-block-kadence-advancedheading.kt-adv-heading8583_23f1f2-87[data-kb-block=\"kb-adv-heading8583_23f1f2-87\"] mark.kt-highlight{font-style:normal;color:#f76a0c;-webkit-box-decoration-break:clone;box-decoration-break:clone;padding-top:0px;padding-right:0px;padding-bottom:0px;padding-left:0px;}.wp-block-kadence-advancedheading.kt-adv-heading8583_23f1f2-87 img.kb-inline-image, .wp-block-kadence-advancedheading.kt-adv-heading8583_23f1f2-87[data-kb-block=\"kb-adv-heading8583_23f1f2-87\"] img.kb-inline-image{width:150px;vertical-align:baseline;}@media all and (max-width: 1024px){.wp-block-kadence-advancedheading.kt-adv-heading8583_23f1f2-87, .wp-block-kadence-advancedheading.kt-adv-heading8583_23f1f2-87[data-kb-block=\"kb-adv-heading8583_23f1f2-87\"]{text-align:left!important;}}<\/style>\n<h6 class=\"kt-adv-heading8583_23f1f2-87 wp-block-kadence-advancedheading\" data-kb-block=\"kb-adv-heading8583_23f1f2-87\">F\u00fchrungen<\/h6>\n\n\n<style>.wp-block-kadence-advancedheading.kt-adv-heading8583_0996f1-95, .wp-block-kadence-advancedheading.kt-adv-heading8583_0996f1-95[data-kb-block=\"kb-adv-heading8583_0996f1-95\"]{margin-bottom:30px;font-style:normal;}.wp-block-kadence-advancedheading.kt-adv-heading8583_0996f1-95 mark.kt-highlight, .wp-block-kadence-advancedheading.kt-adv-heading8583_0996f1-95[data-kb-block=\"kb-adv-heading8583_0996f1-95\"] mark.kt-highlight{font-style:normal;color:#f76a0c;-webkit-box-decoration-break:clone;box-decoration-break:clone;padding-top:0px;padding-right:0px;padding-bottom:0px;padding-left:0px;}.wp-block-kadence-advancedheading.kt-adv-heading8583_0996f1-95 img.kb-inline-image, .wp-block-kadence-advancedheading.kt-adv-heading8583_0996f1-95[data-kb-block=\"kb-adv-heading8583_0996f1-95\"] img.kb-inline-image{width:150px;vertical-align:baseline;}@media all and (max-width: 1024px){.wp-block-kadence-advancedheading.kt-adv-heading8583_0996f1-95, .wp-block-kadence-advancedheading.kt-adv-heading8583_0996f1-95[data-kb-block=\"kb-adv-heading8583_0996f1-95\"]{text-align:left!important;}}@media all and (max-width: 767px){.wp-block-kadence-advancedheading.kt-adv-heading8583_0996f1-95, .wp-block-kadence-advancedheading.kt-adv-heading8583_0996f1-95[data-kb-block=\"kb-adv-heading8583_0996f1-95\"]{padding-top:0px;padding-right:0px;padding-bottom:0px;padding-left:0px;}}<\/style>\n<h1 class=\"kt-adv-heading8583_0996f1-95 wp-block-kadence-advancedheading\" data-kb-block=\"kb-adv-heading8583_0996f1-95\">Gef\u00fchrte Besichtigung des \u0160pitals<\/h1>\n\n\n\n<p>Bei einer F\u00fchrung durch den \u0160pital spazieren Sie mit einem F\u00fchrer durch die spannende Geschichte der Grenzstadt an der Mur. Die Erz\u00e4hlung beginnt mit den ersten bekannten Siedlungen in diesem Gebiet, ber\u00fchrt die ber\u00fchmten Helme von Negova und f\u00fchrt durch die Hoffnungen und Kriege des bewegten 20. Jahrhunderts, das die einst vereinte Stadt in zwei Teile spaltete. Diese beiden Teile, die heute in verschiedenen L\u00e4ndern liegen, sind dennoch stark miteinander verbunden. Vielleicht erz\u00e4hlt keine Geschichte ihre gemeinsame Vergangenheit und Verbundenheit besser als die des Br\u00fccke \u2014 der Freundschaftsbr\u00fccke! Diese Br\u00fccke jedoch fl\u00fcstert auch heute noch viele andere Geschichten, darunter die des Schmuggels. Wer wei\u00df, vielleicht inspiriert sie auch Sie, nach der F\u00fchrung selbst die Br\u00fccke zu \u00fcberqueren, um ein P\u00e4ckchen Kaffee zu holen \u2013 diesmal ohne es vor dem Zollbeamten verstecken zu m\u00fcssen.<\/p>\n\n\n\n<p>Schlie\u00dfen Sie sich uns an und entdecken Sie die Geschichten, die die Br\u00fccken von Zeit und Raum erz\u00e4hlen.<\/p>\n\n\n\n<p>Das Museum \u0160pital kann eigenst\u00e4ndig, eigenst\u00e4ndig mit einem Audioguide oder mit einem lokalen F\u00fchrer besichtigt werden.<\/p>\n\n\n\n<p>Dauer der F\u00fchrung: 30 Minuten.<\/p>\n\n\n\n<p style=\"margin-bottom:10px\">Preis:<\/p>\n\n\n\n<ul class=\"wp-block-list\">\n<li>Gruppen \u00fcber 15 Personen: 4,00 \u20ac pro Person<\/li>\n\n\n\n<li>Gruppen bis zu 15 Personen: 5,00 \u20ac pro Person + 20,00 \u20ac f\u00fcr F\u00fchrung<\/li>\n\n\n\n<li>Schulgruppen: 1,50 \u20ac pro Sch\u00fcler<\/li>\n<\/ul>\n\n\n\n<p>Weitere Informationen und Reservierung:<br>T: <a data-type=\"tel\" data-id=\"tel:00386025648885\" href=\"tel:00386025648885\">+386 (0)2 564 88 85<\/a><br>E: <a href=\"mailto:spital@kultprotur.si\">spital@kultprotur.si<\/a><\/p>\n<\/div><\/div>\n\n<\/div><\/div>","protected":false},"excerpt":{"rendered":"<p>F\u00fchrungen Gef\u00fchrte Besichtigung des \u0160pitals Bei einer F\u00fchrung durch den \u0160pital spazieren Sie mit einem F\u00fchrer durch die spannende Geschichte der Grenzstadt an der Mur. Die Erz\u00e4hlung beginnt mit den ersten bekannten Siedlungen in diesem Gebiet, ber\u00fchrt die ber\u00fchmten Helme von Negova und f\u00fchrt durch die Hoffnungen und Kriege des bewegten 20. Jahrhunderts, das die&#8230;<\/p>\n","protected":false},"author":1,"featured_media":0,"parent":8566,"menu_order":0,"comment_status":"closed","ping_status":"closed","template":"","meta":{"_acf_changed":false,"_kad_blocks_custom_css":"","_kad_blocks_head_custom_js":"","_kad_blocks_body_custom_js":"","_kad_blocks_footer_custom_js":"","_kadence_starter_templates_imported_post":true,"_kad_post_transparent":"","_kad_post_title":"hide","_kad_post_layout":"fullwidth","_kad_post_sidebar_id":"","_kad_post_content_style":"unboxed","_kad_post_vertical_padding":"hide","_kad_post_feature":"hide","_kad_post_feature_position":"","_kad_post_header":false,"_kad_post_footer":false,"_kad_post_classname":"","footnotes":""},"class_list":["post-8583","page","type-page","status-publish","hentry"],"acf":[],"aioseo_notices":[],"taxonomy_info":[],"featured_image_src_large":false,"author_info":{"display_name":"Miha Borec","author_link":"https:\/\/visitradgona.si\/de\/author\/miha-borec\/"},"comment_info":0,"_links":{"self":[{"href":"https:\/\/visitradgona.si\/de\/wp-json\/wp\/v2\/pages\/8583","targetHints":{"allow":["GET"]}}],"collection":[{"href":"https:\/\/visitradgona.si\/de\/wp-json\/wp\/v2\/pages"}],"about":[{"href":"https:\/\/visitradgona.si\/de\/wp-json\/wp\/v2\/types\/page"}],"author":[{"embeddable":true,"href":"https:\/\/visitradgona.si\/de\/wp-json\/wp\/v2\/users\/1"}],"replies":[{"embeddable":true,"href":"https:\/\/visitradgona.si\/de\/wp-json\/wp\/v2\/comments?post=8583"}],"version-history":[{"count":0,"href":"https:\/\/visitradgona.si\/de\/wp-json\/wp\/v2\/pages\/8583\/revisions"}],"up":[{"embeddable":true,"href":"https:\/\/visitradgona.si\/de\/wp-json\/wp\/v2\/pages\/8566"}],"wp:attachment":[{"href":"https:\/\/visitradgona.si\/de\/wp-json\/wp\/v2\/media?parent=8583"}],"curies":[{"name":"wp","href":"https:\/\/api.w.org\/{rel}","templated":true}]}}