{"id":18228,"date":"2025-12-09T10:10:06","date_gmt":"2025-12-09T09:10:06","guid":{"rendered":"https:\/\/visitradgona.si\/?page_id=18228"},"modified":"2026-02-09T15:36:56","modified_gmt":"2026-02-09T14:36:56","slug":"weg-zwischen-den-seen","status":"publish","type":"page","link":"https:\/\/visitradgona.si\/de\/aktivitaten-und-ausfluge\/themenwege\/weg-zwischen-den-seen\/","title":{"rendered":"Weg zwischen den Seen"},"content":{"rendered":"<style>.kb-row-layout-id18228_ac8e80-d3 > .kt-row-column-wrap{align-content:start;}:where(.kb-row-layout-id18228_ac8e80-d3 > .kt-row-column-wrap) > .wp-block-kadence-column{justify-content:start;}.kb-row-layout-id18228_ac8e80-d3 > .kt-row-column-wrap{column-gap:var(--global-kb-gap-md, 2rem);row-gap:var(--global-kb-gap-md, 2rem);max-width:var( --global-content-width, 1290px );padding-left:var(--global-content-edge-padding);padding-right:var(--global-content-edge-padding);padding-right:20px;padding-bottom:120px;padding-left:20px;min-height:50vh;grid-template-columns:minmax(0, calc(52% - ((var(--global-kb-gap-md, 2rem) * 1 )\/2)))minmax(0, calc(48% - ((var(--global-kb-gap-md, 2rem) * 1 )\/2)));}.kb-row-layout-id18228_ac8e80-d3{background-image:url('https:\/\/visitradgona.si\/wp-content\/uploads\/2026\/02\/VisitRadgona_cover-photo-Pot-med-jezeri.jpg');background-size:cover;background-position:50% 90%;background-attachment:scroll;background-repeat:no-repeat;}.kb-row-layout-id18228_ac8e80-d3 > .kt-row-layout-overlay{opacity:0.30;}@media all and (max-width: 1024px){.kb-row-layout-id18228_ac8e80-d3 > .kt-row-column-wrap{padding-top:60px;padding-right:90px;padding-bottom:60px;padding-left:90px;grid-template-columns:minmax(0, 1fr);}}@media all and (max-width: 767px){.kb-row-layout-id18228_ac8e80-d3 > .kt-row-column-wrap{padding-top:60px;padding-right:20px;padding-bottom:40px;padding-left:20px;grid-template-columns:minmax(0, 1fr);}}<\/style><div class=\"kb-row-layout-wrap kb-row-layout-id18228_ac8e80-d3 alignnone kt-row-has-bg wp-block-kadence-rowlayout\"><div class=\"kt-row-column-wrap kt-has-2-columns kt-row-layout-left-golden kt-tab-layout-row kt-mobile-layout-row kt-row-valign-top kb-theme-content-width\">\n<style>.kadence-column18228_82e8e4-6b > .kt-inside-inner-col{padding-right:0px;padding-left:0px;}.kadence-column18228_82e8e4-6b > .kt-inside-inner-col,.kadence-column18228_82e8e4-6b > .kt-inside-inner-col:before{border-top-left-radius:0px;border-top-right-radius:0px;border-bottom-right-radius:0px;border-bottom-left-radius:0px;}.kadence-column18228_82e8e4-6b > .kt-inside-inner-col{column-gap:var(--global-kb-gap-sm, 1rem);}.kadence-column18228_82e8e4-6b > .kt-inside-inner-col{flex-direction:column;}.kadence-column18228_82e8e4-6b > .kt-inside-inner-col > .aligncenter{width:100%;}.kadence-column18228_82e8e4-6b > .kt-inside-inner-col:before{opacity:0.3;}.kadence-column18228_82e8e4-6b{position:relative;}.kadence-column18228_82e8e4-6b, .kt-inside-inner-col > .kadence-column18228_82e8e4-6b:not(.specificity){margin-right:90px;margin-left:10px;}@media all and (max-width: 1024px){.kadence-column18228_82e8e4-6b > .kt-inside-inner-col{padding-top:0px;padding-right:60px;padding-bottom:0px;padding-left:60px;flex-direction:column;justify-content:center;}}@media all and (max-width: 1024px){.kadence-column18228_82e8e4-6b, .kt-inside-inner-col > .kadence-column18228_82e8e4-6b:not(.specificity){margin-top:0px;margin-right:0px;margin-bottom:0px;margin-left:0px;}}@media all and (max-width: 767px){.kadence-column18228_82e8e4-6b > .kt-inside-inner-col{padding-right:0px;padding-left:0px;flex-direction:column;justify-content:center;}.kadence-column18228_82e8e4-6b, .kt-inside-inner-col > .kadence-column18228_82e8e4-6b:not(.specificity){margin-right:0px;margin-left:0px;}}<\/style>\n<div class=\"wp-block-kadence-column kadence-column18228_82e8e4-6b inner-column-1\"><div class=\"kt-inside-inner-col\"><\/div><\/div>\n\n\n<style>.kadence-column18228_e01e23-09 > .kt-inside-inner-col,.kadence-column18228_e01e23-09 > .kt-inside-inner-col:before{border-top-left-radius:0px;border-top-right-radius:0px;border-bottom-right-radius:0px;border-bottom-left-radius:0px;}.kadence-column18228_e01e23-09 > .kt-inside-inner-col{column-gap:var(--global-kb-gap-sm, 1rem);}.kadence-column18228_e01e23-09 > .kt-inside-inner-col{flex-direction:column;}.kadence-column18228_e01e23-09 > .kt-inside-inner-col > .aligncenter{width:100%;}.kadence-column18228_e01e23-09 > .kt-inside-inner-col:before{opacity:0.3;}.kadence-column18228_e01e23-09{position:relative;}@media all and (max-width: 1024px){.kadence-column18228_e01e23-09 > .kt-inside-inner-col{flex-direction:column;justify-content:center;}}@media all and (max-width: 767px){.kadence-column18228_e01e23-09 > .kt-inside-inner-col{flex-direction:column;justify-content:center;}}<\/style>\n<div class=\"wp-block-kadence-column kadence-column18228_e01e23-09 kvs-md-false kvs-sm-false inner-column-2\"><div class=\"kt-inside-inner-col\"><\/div><\/div>\n\n<\/div><\/div>\n\n<style>.kb-row-layout-id18228_9cf593-f0 > .kt-row-column-wrap{align-content:start;}:where(.kb-row-layout-id18228_9cf593-f0 > .kt-row-column-wrap) > .wp-block-kadence-column{justify-content:start;}.kb-row-layout-id18228_9cf593-f0 > .kt-row-column-wrap{column-gap:var(--global-kb-gap-md, 2rem);row-gap:var(--global-kb-gap-md, 2rem);max-width:var( --global-content-width, 1290px );padding-left:var(--global-content-edge-padding);padding-right:var(--global-content-edge-padding);padding-top:60px;padding-right:20px;padding-bottom:80px;padding-left:20px;grid-template-columns:minmax(0, 1fr);}.kb-row-layout-id18228_9cf593-f0 > .kt-row-layout-overlay{opacity:0.30;}@media all and (max-width: 1024px){.kb-row-layout-id18228_9cf593-f0 > .kt-row-column-wrap{grid-template-columns:minmax(0, 1fr);}}@media all and (max-width: 767px){.kb-row-layout-id18228_9cf593-f0 > .kt-row-column-wrap{grid-template-columns:minmax(0, 1fr);}}<\/style><div class=\"kb-row-layout-wrap kb-row-layout-id18228_9cf593-f0 alignfull wp-block-kadence-rowlayout\"><div class=\"kt-row-column-wrap kt-has-1-columns kt-row-layout-equal kt-tab-layout-inherit kt-mobile-layout-row kt-row-valign-top kb-theme-content-width\">\n<style>.kadence-column18228_7b08f7-34 > .kt-inside-inner-col,.kadence-column18228_7b08f7-34 > .kt-inside-inner-col:before{border-top-left-radius:0px;border-top-right-radius:0px;border-bottom-right-radius:0px;border-bottom-left-radius:0px;}.kadence-column18228_7b08f7-34 > .kt-inside-inner-col{column-gap:var(--global-kb-gap-sm, 1rem);}.kadence-column18228_7b08f7-34 > .kt-inside-inner-col{flex-direction:column;}.kadence-column18228_7b08f7-34 > .kt-inside-inner-col > .aligncenter{width:100%;}.kadence-column18228_7b08f7-34 > .kt-inside-inner-col:before{opacity:0.3;}.kadence-column18228_7b08f7-34{position:relative;}@media all and (max-width: 1024px){.kadence-column18228_7b08f7-34 > .kt-inside-inner-col{flex-direction:column;justify-content:center;}}@media all and (max-width: 767px){.kadence-column18228_7b08f7-34 > .kt-inside-inner-col{flex-direction:column;justify-content:center;}}<\/style>\n<div class=\"wp-block-kadence-column kadence-column18228_7b08f7-34\"><div class=\"kt-inside-inner-col\"><style>.wp-block-kadence-advancedheading.kt-adv-heading18228_38913a-78, .wp-block-kadence-advancedheading.kt-adv-heading18228_38913a-78[data-kb-block=\"kb-adv-heading18228_38913a-78\"]{font-style:normal;}.wp-block-kadence-advancedheading.kt-adv-heading18228_38913a-78 mark.kt-highlight, .wp-block-kadence-advancedheading.kt-adv-heading18228_38913a-78[data-kb-block=\"kb-adv-heading18228_38913a-78\"] mark.kt-highlight{font-style:normal;color:#f76a0c;-webkit-box-decoration-break:clone;box-decoration-break:clone;padding-top:0px;padding-right:0px;padding-bottom:0px;padding-left:0px;}.wp-block-kadence-advancedheading.kt-adv-heading18228_38913a-78 img.kb-inline-image, .wp-block-kadence-advancedheading.kt-adv-heading18228_38913a-78[data-kb-block=\"kb-adv-heading18228_38913a-78\"] img.kb-inline-image{width:150px;vertical-align:baseline;}@media all and (max-width: 1024px){.wp-block-kadence-advancedheading.kt-adv-heading18228_38913a-78, .wp-block-kadence-advancedheading.kt-adv-heading18228_38913a-78[data-kb-block=\"kb-adv-heading18228_38913a-78\"]{text-align:left!important;}}<\/style>\n<h6 class=\"kt-adv-heading18228_38913a-78 wp-block-kadence-advancedheading\" data-kb-block=\"kb-adv-heading18228_38913a-78\">Themenwege<\/h6>\n\n\n<style>.wp-block-kadence-advancedheading.kt-adv-heading18228_fffc7c-9d, .wp-block-kadence-advancedheading.kt-adv-heading18228_fffc7c-9d[data-kb-block=\"kb-adv-heading18228_fffc7c-9d\"]{margin-bottom:30px;font-style:normal;}.wp-block-kadence-advancedheading.kt-adv-heading18228_fffc7c-9d mark.kt-highlight, .wp-block-kadence-advancedheading.kt-adv-heading18228_fffc7c-9d[data-kb-block=\"kb-adv-heading18228_fffc7c-9d\"] mark.kt-highlight{font-style:normal;color:#f76a0c;-webkit-box-decoration-break:clone;box-decoration-break:clone;padding-top:0px;padding-right:0px;padding-bottom:0px;padding-left:0px;}.wp-block-kadence-advancedheading.kt-adv-heading18228_fffc7c-9d img.kb-inline-image, .wp-block-kadence-advancedheading.kt-adv-heading18228_fffc7c-9d[data-kb-block=\"kb-adv-heading18228_fffc7c-9d\"] img.kb-inline-image{width:150px;vertical-align:baseline;}@media all and (max-width: 1024px){.wp-block-kadence-advancedheading.kt-adv-heading18228_fffc7c-9d, .wp-block-kadence-advancedheading.kt-adv-heading18228_fffc7c-9d[data-kb-block=\"kb-adv-heading18228_fffc7c-9d\"]{text-align:left!important;}}@media all and (max-width: 767px){.wp-block-kadence-advancedheading.kt-adv-heading18228_fffc7c-9d, .wp-block-kadence-advancedheading.kt-adv-heading18228_fffc7c-9d[data-kb-block=\"kb-adv-heading18228_fffc7c-9d\"]{padding-top:0px;padding-right:0px;padding-bottom:0px;padding-left:0px;}}<\/style>\n<h1 class=\"kt-adv-heading18228_fffc7c-9d wp-block-kadence-advancedheading\" data-kb-block=\"kb-adv-heading18228_fffc7c-9d\">Weg zwischen den Seen<\/h1>\n\n\n\n<p>Wasserquellen sind in der weiteren Umgebung von Slovenske Gorice-Region seit Jahrhunderten bekannt, und zahlreiche erhaltene Brunnen und andere Wasservorkommen belegen, dass die Gegend auch sehr reich an Trinkwasser ist. Im Laufe der Zeit hat der Mensch viele Wasserl\u00e4ufe umgeleitet und Seen als Wasserspeicher angelegt, die heute das Naturbild pr\u00e4gen. Dieses vielf\u00e4ltige Landschaftsbild l\u00e4dt geradezu dazu ein, es auf ganz besondere Weise zu entdecken und zu erleben. Begeben Sie sich auf den Weg zwischen den Seen, wo Sie Ihrer Fantasie freien Lauf lassen und zahlreiche Attraktionen und Naturwunder bewundern k\u00f6nnen.<\/p>\n\n\n\n<p>Der Weg zwischen den Seen besteht aus drei abwechslungsreichen Wanderwegen, die f\u00fcr alle Altersgruppen geeignet sind.<\/p>\n\n\n\n<p><em>Bei der Erkundung des Landschaftsparks Negova lernen Sie die reiche Flora und Fauna kennen. Der Weg f\u00fchrt weiter in die Mitte des Ortes Negova mit dem gleichnamigen, restaurierten Schloss. Besonders sehenswert sind die zahlreichen Mineralwasserquellen (Slatina-Quellen) und Mofetten entlang des Weges, die f\u00fcr diese Landschaft charakteristisch sind.<\/em><\/p>\n\n\n\n<p><em>Der Weg durch Cerkvenjak offenbart eine reiche Geschichte, von einer arch\u00e4ologischen St\u00e4tte bis hin zu einer ethnografischen Sammlung. Auf dem Weg nach Blagu\u0161 wird Ihnen das malerische Andrenci-Tal sicherlich am meisten in Erinnerung bleiben.<\/em><\/p>\n\n\n\n<p><em>Am Blagu\u0161-See werden Sie sich bestimmt nach etwas Ruhe im Schatten der B\u00e4ume sehnen und die spiegelglatte Oberfl\u00e4che des Sees bewundern. Die weitere Wanderung f\u00fchrt Sie in jedem Fall durch eine idyllische und d\u00fcnn besiedelte Landschaft, sodass Sie die l\u00e4ndliche Gebiete auf authentischste Weise kennenlernen k\u00f6nnen.<\/em><\/p>\n\n\n\n<p>Zwischen Seen, Slatina-Quellen, im Schatten der B\u00e4ume, in der Umarmung der Natur \u2026 Reisende, Wanderer, Radfahrer und Naturliebhaber werden diese Gegend besonders genie\u00dfen.<\/p>\n<\/div><\/div>\n\n<\/div><\/div>","protected":false},"excerpt":{"rendered":"<p>Themenwege Weg zwischen den Seen Wasserquellen sind in der weiteren Umgebung von Slovenske Gorice-Region seit Jahrhunderten bekannt, und zahlreiche erhaltene Brunnen und andere Wasservorkommen belegen, dass die Gegend auch sehr reich an Trinkwasser ist. Im Laufe der Zeit hat der Mensch viele Wasserl\u00e4ufe umgeleitet und Seen als Wasserspeicher angelegt, die heute das Naturbild pr\u00e4gen. Dieses&#8230;<\/p>\n","protected":false},"author":1,"featured_media":0,"parent":8616,"menu_order":0,"comment_status":"closed","ping_status":"closed","template":"","meta":{"_acf_changed":false,"_kad_blocks_custom_css":"","_kad_blocks_head_custom_js":"","_kad_blocks_body_custom_js":"","_kad_blocks_footer_custom_js":"","_kadence_starter_templates_imported_post":true,"_kad_post_transparent":"","_kad_post_title":"hide","_kad_post_layout":"fullwidth","_kad_post_sidebar_id":"","_kad_post_content_style":"unboxed","_kad_post_vertical_padding":"hide","_kad_post_feature":"hide","_kad_post_feature_position":"","_kad_post_header":false,"_kad_post_footer":false,"_kad_post_classname":"","footnotes":""},"class_list":["post-18228","page","type-page","status-publish","hentry"],"acf":[],"aioseo_notices":[],"taxonomy_info":[],"featured_image_src_large":false,"author_info":{"display_name":"Miha Borec","author_link":"https:\/\/visitradgona.si\/de\/author\/miha-borec\/"},"comment_info":0,"_links":{"self":[{"href":"https:\/\/visitradgona.si\/de\/wp-json\/wp\/v2\/pages\/18228","targetHints":{"allow":["GET"]}}],"collection":[{"href":"https:\/\/visitradgona.si\/de\/wp-json\/wp\/v2\/pages"}],"about":[{"href":"https:\/\/visitradgona.si\/de\/wp-json\/wp\/v2\/types\/page"}],"author":[{"embeddable":true,"href":"https:\/\/visitradgona.si\/de\/wp-json\/wp\/v2\/users\/1"}],"replies":[{"embeddable":true,"href":"https:\/\/visitradgona.si\/de\/wp-json\/wp\/v2\/comments?post=18228"}],"version-history":[{"count":6,"href":"https:\/\/visitradgona.si\/de\/wp-json\/wp\/v2\/pages\/18228\/revisions"}],"predecessor-version":[{"id":19212,"href":"https:\/\/visitradgona.si\/de\/wp-json\/wp\/v2\/pages\/18228\/revisions\/19212"}],"up":[{"embeddable":true,"href":"https:\/\/visitradgona.si\/de\/wp-json\/wp\/v2\/pages\/8616"}],"wp:attachment":[{"href":"https:\/\/visitradgona.si\/de\/wp-json\/wp\/v2\/media?parent=18228"}],"curies":[{"name":"wp","href":"https:\/\/api.w.org\/{rel}","templated":true}]}}